{"id":5087,"date":"2025-05-24T16:43:11","date_gmt":"2025-05-24T09:43:11","guid":{"rendered":"https:\/\/tamngocloi.com\/?page_id=5087"},"modified":"2025-05-24T18:15:12","modified_gmt":"2025-05-24T11:15:12","slug":"vacuum-filters","status":"publish","type":"page","link":"https:\/\/tamngocloi.com\/vi\/vacuum-filters\/","title":{"rendered":"B\u1ed9 l\u1ecdc ch\u00e2n kh\u00f4ng"},"content":{"rendered":"<div id=\"gap-1290788540\" class=\"gap-element clearfix\" style=\"display:block; height:auto;\">\n\t\t\n<style>\n#gap-1290788540 {\n  padding-top: 30px;\n}\n<\/style>\n\t<\/div>\n\t\n<div class=\"MainPageHeaderWrapper content-align\">\n<div>\n<h1>B\u1ed9 l\u1ecdc ch\u00e2n kh\u00f4ng<\/h1>\n<\/div>\n<\/div>\n<p class=\"category-description content-align\">B\u1ed9 l\u1ecdc ch\u00e2n kh\u00f4ng l\u00e0 y\u1ebfu t\u1ed1 quan tr\u1ecdng trong vi\u1ec7c t\u1ed1i \u01b0u h\u00f3a h\u1ec7 th\u1ed1ng x\u1eed l\u00fd v\u00e0 n\u00e2ng h\u1ea1 trong t\u1ef1 \u0111\u1ed9ng h\u00f3a c\u00f4ng nghi\u1ec7p.<br \/>\u0110\u01b0\u1ee3c thi\u1ebft k\u1ebf \u0111\u1ec3 lo\u1ea1i b\u1ecf hi\u1ec7u qu\u1ea3 c\u00e1c h\u1ea1t r\u1eafn, \u0111\u1ed9 \u1ea9m v\u00e0 ch\u1ea5t g\u00e2y \u00f4 nhi\u1ec5m kh\u1ecfi kh\u00ed n\u00e9n, c\u00e1c thi\u1ebft b\u1ecb n\u00e0y \u0111\u1ea3m b\u1ea3o hi\u1ec7u su\u1ea5t \u0111\u00e1ng tin c\u1eady v\u00e0 l\u00e2u d\u00e0i theo th\u1eddi gian.<br \/>B\u1eb1ng c\u00e1ch b\u1ea3o v\u1ec7 b\u1ed9 \u0111\u1ea9y v\u00e0 c\u00e1c th\u00e0nh ph\u1ea7n kh\u00e1c c\u1ee7a h\u1ec7 th\u1ed1ng ch\u00e2n kh\u00f4ng, b\u1ed9 l\u1ecdc gi\u00fap \u0111\u1ea3m b\u1ea3o ho\u1ea1t \u0111\u1ed9ng t\u1ed1i \u01b0u v\u00e0 t\u0103ng hi\u1ec7u qu\u1ea3 trong quy tr\u00ecnh s\u1ea3n xu\u1ea5t, gi\u1ea3m th\u1eddi gian ch\u1ebft v\u00e0 chi ph\u00ed b\u1ea3o tr\u00ec.<\/p>\n\t<div id=\"gap-310982147\" class=\"gap-element clearfix\" style=\"display:block; height:auto;\">\n\t\t\n<style>\n#gap-310982147 {\n  padding-top: 60px;\n}\n<\/style>\n\t<\/div>\n\t\n<div class=\"row\"  id=\"row-1677666790\">\n\n\t<div id=\"col-175419773\" class=\"col medium-3 small-6 large-3\"  >\n\t\t\t\t<div class=\"col-inner text-center\" style=\"background-color:rgb(229, 229, 229);\" >\n\t\t\t\n\t<div class=\"is-border\"\n\t\tstyle=\"border-color:rgb(255, 0, 0);border-width:0px 0px 0px 0px;\">\n\t<\/div>\n\t\t\t\n\t<div class=\"img has-hover x md-x lg-x y md-y lg-y\" id=\"image_1736582609\">\n\t\t\t\t\t\t\t\t<div class=\"img-inner dark\" style=\"margin:0px 0px 0px 0px;\">\n\t\t\t<img loading=\"lazy\" decoding=\"async\" width=\"300\" height=\"300\" src=\"https:\/\/tamngocloi.com\/wp-content\/uploads\/2025\/05\/Series_FVD.jpg\" class=\"attachment-large size-large\" alt=\"\" srcset=\"https:\/\/tamngocloi.com\/wp-content\/uploads\/2025\/05\/Series_FVD.jpg 300w, https:\/\/tamngocloi.com\/wp-content\/uploads\/2025\/05\/Series_FVD-280x280.jpg 280w, https:\/\/tamngocloi.com\/wp-content\/uploads\/2025\/05\/Series_FVD-12x12.jpg 12w\" sizes=\"auto, (max-width: 300px) 100vw, 300px\" \/>\t\t\t\t\t\t\n\t\t\t\t\t<\/div>\n\t\t\t\t\t\t\t\t\n<style>\n#image_1736582609 {\n  width: 90%;\n}\n<\/style>\n\t<\/div>\n\t\n\t<div id=\"text-1616237037\" class=\"text\">\n\t\t\n<p><strong>B\u1ed9 l\u1ecdc ch\u00e2n kh\u00f4ng n\u1ed9i tuy\u1ebfn<\/strong> <br \/>Series FVD<br \/>\u00a0<\/p>\n\t\t\n<style>\n#text-1616237037 {\n  text-align: center;\n}\n<\/style>\n\t<\/div>\n\t\n\t\t<\/div>\n\t\t\t\t\n<style>\n#col-175419773 > .col-inner {\n  padding: 10px 0px 0px 0px;\n  border-radius: 8px;\n}\n<\/style>\n\t<\/div>\n\n\t\n\n\t<div id=\"col-1362767049\" class=\"col medium-3 small-6 large-3\"  >\n\t\t\t\t<div class=\"col-inner text-center\" style=\"background-color:rgb(229, 229, 229);\" >\n\t\t\t\n\t<div class=\"is-border\"\n\t\tstyle=\"border-color:rgb(255, 0, 0);border-width:0px 0px 0px 0px;\">\n\t<\/div>\n\t\t\t\n\t<div class=\"img has-hover x md-x lg-x y md-y lg-y\" id=\"image_2136216399\">\n\t\t\t\t\t\t\t\t<div class=\"img-inner dark\" style=\"margin:0px 0px 0px 0px;\">\n\t\t\t<img loading=\"lazy\" decoding=\"async\" width=\"300\" height=\"300\" src=\"https:\/\/tamngocloi.com\/wp-content\/uploads\/2025\/05\/Series_FVT.jpg\" class=\"attachment-large size-large\" alt=\"\" srcset=\"https:\/\/tamngocloi.com\/wp-content\/uploads\/2025\/05\/Series_FVT.jpg 300w, https:\/\/tamngocloi.com\/wp-content\/uploads\/2025\/05\/Series_FVT-280x280.jpg 280w, https:\/\/tamngocloi.com\/wp-content\/uploads\/2025\/05\/Series_FVT-12x12.jpg 12w\" sizes=\"auto, (max-width: 300px) 100vw, 300px\" \/>\t\t\t\t\t\t\n\t\t\t\t\t<\/div>\n\t\t\t\t\t\t\t\t\n<style>\n#image_2136216399 {\n  width: 90%;\n}\n<\/style>\n\t<\/div>\n\t\n\t<div id=\"text-4106341820\" class=\"text\">\n\t\t\n<p><strong>B\u1ed9 l\u1ecdc c\u1ed1c ch\u00e2n kh\u00f4ng<\/strong> <br \/>Series FVT<br \/>\u00a0<\/p>\n\t\t\n<style>\n#text-4106341820 {\n  text-align: center;\n}\n<\/style>\n\t<\/div>\n\t\n\t\t<\/div>\n\t\t\t\t\n<style>\n#col-1362767049 > .col-inner {\n  padding: 10px 0px 0px 0px;\n  border-radius: 8px;\n}\n<\/style>\n\t<\/div>\n\n\t\n<\/div>","protected":false},"excerpt":{"rendered":"<p>Vacuum filters Vacuum filters are crucial elements in optimising handling and lifting systems in industrial automation.Designed to effectively remove solid particles, moisture, and contaminants from compressed air, these devices ensure reliable and long-lasting performance over time.By protecting ejectors and other vacuum system components, filters help guarantee optimal operation and increased efficiency in production processes, reducing [&#8230;]","protected":false},"author":1,"featured_media":0,"parent":0,"menu_order":0,"comment_status":"closed","ping_status":"closed","template":"","meta":{"footnotes":""},"class_list":["post-5087","page","type-page","status-publish","hentry"],"yoast_head":"<!-- This site is optimized with the Yoast SEO plugin v25.3 - https:\/\/yoast.com\/wordpress\/plugins\/seo\/ -->\n<title>Vacuum filters - TNL Company Limited<\/title>\n<meta name=\"robots\" content=\"index, follow, max-snippet:-1, max-image-preview:large, max-video-preview:-1\" \/>\n<link rel=\"canonical\" href=\"https:\/\/tamngocloi.com\/vi\/vacuum-filters\/\" \/>\n<meta property=\"og:locale\" content=\"vi_VN\" \/>\n<meta property=\"og:type\" content=\"article\" \/>\n<meta property=\"og:title\" content=\"Vacuum filters - TNL Company Limited\" \/>\n<meta property=\"og:description\" content=\"Vacuum filters Vacuum filters are crucial elements in optimising handling and lifting systems in industrial automation.Designed to effectively remove solid particles, moisture, and contaminants from compressed air, these devices ensure reliable and long-lasting performance over time.By protecting ejectors and other vacuum system components, filters help guarantee optimal operation and increased efficiency in production processes, reducing [...]\" \/>\n<meta property=\"og:url\" content=\"https:\/\/tamngocloi.com\/vi\/vacuum-filters\/\" \/>\n<meta property=\"og:site_name\" content=\"TNL Company Limited\" \/>\n<meta property=\"article:modified_time\" content=\"2025-05-24T11:15:12+00:00\" \/>\n<meta name=\"twitter:card\" content=\"summary_large_image\" \/>\n<script type=\"application\/ld+json\" class=\"yoast-schema-graph\">{\"@context\":\"https:\/\/schema.org\",\"@graph\":[{\"@type\":\"WebPage\",\"@id\":\"https:\/\/tamngocloi.com\/vacuum-filters\/\",\"url\":\"https:\/\/tamngocloi.com\/vacuum-filters\/\",\"name\":\"Vacuum filters - TNL Company Limited\",\"isPartOf\":{\"@id\":\"https:\/\/tamngocloi.com\/#website\"},\"datePublished\":\"2025-05-24T09:43:11+00:00\",\"dateModified\":\"2025-05-24T11:15:12+00:00\",\"breadcrumb\":{\"@id\":\"https:\/\/tamngocloi.com\/vacuum-filters\/#breadcrumb\"},\"inLanguage\":\"vi\",\"potentialAction\":[{\"@type\":\"ReadAction\",\"target\":[\"https:\/\/tamngocloi.com\/vacuum-filters\/\"]}]},{\"@type\":\"BreadcrumbList\",\"@id\":\"https:\/\/tamngocloi.com\/vacuum-filters\/#breadcrumb\",\"itemListElement\":[{\"@type\":\"ListItem\",\"position\":1,\"name\":\"Home\",\"item\":\"https:\/\/tamngocloi.com\/\"},{\"@type\":\"ListItem\",\"position\":2,\"name\":\"Vacuum filters\"}]},{\"@type\":\"WebSite\",\"@id\":\"https:\/\/tamngocloi.com\/#website\",\"url\":\"https:\/\/tamngocloi.com\/\",\"name\":\"TNL Company Limited\",\"description\":\"\",\"publisher\":{\"@id\":\"https:\/\/tamngocloi.com\/#organization\"},\"potentialAction\":[{\"@type\":\"SearchAction\",\"target\":{\"@type\":\"EntryPoint\",\"urlTemplate\":\"https:\/\/tamngocloi.com\/?s={search_term_string}\"},\"query-input\":{\"@type\":\"PropertyValueSpecification\",\"valueRequired\":true,\"valueName\":\"search_term_string\"}}],\"inLanguage\":\"vi\"},{\"@type\":\"Organization\",\"@id\":\"https:\/\/tamngocloi.com\/#organization\",\"name\":\"TNL Company Limited\",\"url\":\"https:\/\/tamngocloi.com\/\",\"logo\":{\"@type\":\"ImageObject\",\"inLanguage\":\"vi\",\"@id\":\"https:\/\/tamngocloi.com\/#\/schema\/logo\/image\/\",\"url\":\"https:\/\/tamngocloi.com\/wp-content\/uploads\/2024\/09\/download-removebg-preview.png\",\"contentUrl\":\"https:\/\/tamngocloi.com\/wp-content\/uploads\/2024\/09\/download-removebg-preview.png\",\"width\":570,\"height\":438,\"caption\":\"TNL Company Limited\"},\"image\":{\"@id\":\"https:\/\/tamngocloi.com\/#\/schema\/logo\/image\/\"}}]}<\/script>\n<!-- \/ Yoast SEO plugin. -->","yoast_head_json":{"title":"Vacuum filters - TNL Company Limited","robots":{"index":"index","follow":"follow","max-snippet":"max-snippet:-1","max-image-preview":"max-image-preview:large","max-video-preview":"max-video-preview:-1"},"canonical":"https:\/\/tamngocloi.com\/vi\/vacuum-filters\/","og_locale":"vi_VN","og_type":"article","og_title":"Vacuum filters - TNL Company Limited","og_description":"Vacuum filters Vacuum filters are crucial elements in optimising handling and lifting systems in industrial automation.Designed to effectively remove solid particles, moisture, and contaminants from compressed air, these devices ensure reliable and long-lasting performance over time.By protecting ejectors and other vacuum system components, filters help guarantee optimal operation and increased efficiency in production processes, reducing [...]","og_url":"https:\/\/tamngocloi.com\/vi\/vacuum-filters\/","og_site_name":"TNL Company Limited","article_modified_time":"2025-05-24T11:15:12+00:00","twitter_card":"summary_large_image","schema":{"@context":"https:\/\/schema.org","@graph":[{"@type":"WebPage","@id":"https:\/\/tamngocloi.com\/vacuum-filters\/","url":"https:\/\/tamngocloi.com\/vacuum-filters\/","name":"Vacuum filters - TNL Company Limited","isPartOf":{"@id":"https:\/\/tamngocloi.com\/#website"},"datePublished":"2025-05-24T09:43:11+00:00","dateModified":"2025-05-24T11:15:12+00:00","breadcrumb":{"@id":"https:\/\/tamngocloi.com\/vacuum-filters\/#breadcrumb"},"inLanguage":"vi","potentialAction":[{"@type":"ReadAction","target":["https:\/\/tamngocloi.com\/vacuum-filters\/"]}]},{"@type":"BreadcrumbList","@id":"https:\/\/tamngocloi.com\/vacuum-filters\/#breadcrumb","itemListElement":[{"@type":"ListItem","position":1,"name":"Home","item":"https:\/\/tamngocloi.com\/"},{"@type":"ListItem","position":2,"name":"Vacuum filters"}]},{"@type":"WebSite","@id":"https:\/\/tamngocloi.com\/#website","url":"https:\/\/tamngocloi.com\/","name":"TNL Company Limited","description":"","publisher":{"@id":"https:\/\/tamngocloi.com\/#organization"},"potentialAction":[{"@type":"SearchAction","target":{"@type":"EntryPoint","urlTemplate":"https:\/\/tamngocloi.com\/?s={search_term_string}"},"query-input":{"@type":"PropertyValueSpecification","valueRequired":true,"valueName":"search_term_string"}}],"inLanguage":"vi"},{"@type":"Organization","@id":"https:\/\/tamngocloi.com\/#organization","name":"TNL Company Limited","url":"https:\/\/tamngocloi.com\/","logo":{"@type":"ImageObject","inLanguage":"vi","@id":"https:\/\/tamngocloi.com\/#\/schema\/logo\/image\/","url":"https:\/\/tamngocloi.com\/wp-content\/uploads\/2024\/09\/download-removebg-preview.png","contentUrl":"https:\/\/tamngocloi.com\/wp-content\/uploads\/2024\/09\/download-removebg-preview.png","width":570,"height":438,"caption":"TNL Company Limited"},"image":{"@id":"https:\/\/tamngocloi.com\/#\/schema\/logo\/image\/"}}]}},"_links":{"self":[{"href":"https:\/\/tamngocloi.com\/vi\/wp-json\/wp\/v2\/pages\/5087","targetHints":{"allow":["GET"]}}],"collection":[{"href":"https:\/\/tamngocloi.com\/vi\/wp-json\/wp\/v2\/pages"}],"about":[{"href":"https:\/\/tamngocloi.com\/vi\/wp-json\/wp\/v2\/types\/page"}],"author":[{"embeddable":true,"href":"https:\/\/tamngocloi.com\/vi\/wp-json\/wp\/v2\/users\/1"}],"replies":[{"embeddable":true,"href":"https:\/\/tamngocloi.com\/vi\/wp-json\/wp\/v2\/comments?post=5087"}],"version-history":[{"count":2,"href":"https:\/\/tamngocloi.com\/vi\/wp-json\/wp\/v2\/pages\/5087\/revisions"}],"predecessor-version":[{"id":5166,"href":"https:\/\/tamngocloi.com\/vi\/wp-json\/wp\/v2\/pages\/5087\/revisions\/5166"}],"wp:attachment":[{"href":"https:\/\/tamngocloi.com\/vi\/wp-json\/wp\/v2\/media?parent=5087"}],"curies":[{"name":"wp","href":"https:\/\/api.w.org\/{rel}","templated":true}]}}