{"id":4651,"date":"2025-05-23T22:26:11","date_gmt":"2025-05-23T15:26:11","guid":{"rendered":"https:\/\/tamngocloi.com\/?page_id=4651"},"modified":"2025-05-24T23:35:07","modified_gmt":"2025-05-24T16:35:07","slug":"flow-control-valves","status":"publish","type":"page","link":"https:\/\/tamngocloi.com\/vi\/flow-control-valves\/","title":{"rendered":"Van \u0111i\u1ec1u khi\u1ec3n l\u01b0u l\u01b0\u1ee3ng"},"content":{"rendered":"<div id=\"gap-1215935160\" class=\"gap-element clearfix\" style=\"display:block; height:auto;\">\n\t\t\n<style>\n#gap-1215935160 {\n  padding-top: 30px;\n}\n<\/style>\n\t<\/div>\n\t\n<div class=\"MainPageHeaderWrapper content-align\">\n<div>\n<h1>Van \u0111i\u1ec1u khi\u1ec3n l\u01b0u l\u01b0\u1ee3ng<\/h1>\n<\/div>\n<\/div>\n<p class=\"category-description content-align\">Van ki\u1ec3m so\u00e1t l\u01b0u l\u01b0\u1ee3ng l\u00e0 th\u00e0nh ph\u1ea7n quan tr\u1ecdng trong h\u1ec7 th\u1ed1ng kh\u00ed n\u00e9n v\u00e0 th\u1ee7y l\u1ef1c, \u0111\u01b0\u1ee3c s\u1eed d\u1ee5ng \u0111\u1ec3 ki\u1ec3m so\u00e1t t\u1ed1c \u0111\u1ed9 ch\u1ea5t l\u1ecfng \u0111i qua h\u1ec7 th\u1ed1ng.<br \/>Ch\u00fang ho\u1ea1t \u0111\u1ed9ng b\u1eb1ng c\u00e1ch \u0111i\u1ec1u ch\u1ec9nh k\u00edch th\u01b0\u1edbc c\u1ee7a l\u1ed7 m\u1edf m\u00e0 ch\u1ea5t l\u1ecfng c\u00f3 th\u1ec3 \u0111i qua, cho ph\u00e9p ki\u1ec3m so\u00e1t t\u1ed1t t\u1ed1c \u0111\u1ed9 c\u1ee7a b\u1ed9 truy\u1ec1n \u0111\u1ed9ng v\u00e0 xi lanh. C\u00e1c van n\u00e0y c\u00f3 th\u1ec3 l\u00e0 th\u1ee7 c\u00f4ng ho\u1eb7c t\u1ef1 \u0111\u1ed9ng v\u00e0 th\u01b0\u1eddng \u0111\u01b0\u1ee3c thi\u1ebft k\u1ebf \u0111\u1ec3 cung c\u1ea5p ph\u1ea3n \u1ee9ng ch\u00ednh x\u00e1c ngay c\u1ea3 trong \u0111i\u1ec1u ki\u1ec7n \u00e1p su\u1ea5t thay \u0111\u1ed5i, \u0111\u1ea3m b\u1ea3o \u0111\u1ed9 tin c\u1eady v\u00e0 \u0111\u1ed9 ch\u00ednh x\u00e1c trong vi\u1ec7c ki\u1ec3m so\u00e1t l\u01b0u l\u01b0\u1ee3ng trong m\u1ea1ch.<\/p>\n\t<div id=\"gap-1026911168\" class=\"gap-element clearfix\" style=\"display:block; height:auto;\">\n\t\t\n<style>\n#gap-1026911168 {\n  padding-top: 60px;\n}\n<\/style>\n\t<\/div>\n\t\n<div class=\"row\"  id=\"row-656708012\">\n\n\t<div id=\"col-295765918\" class=\"col medium-3 small-6 large-3\"  >\n\t\t\t\t<div class=\"col-inner text-center\" style=\"background-color:rgb(229, 229, 229);\" >\n\t\t\t\n\t<div class=\"is-border\"\n\t\tstyle=\"border-color:rgb(255, 0, 0);border-width:0px 0px 0px 0px;\">\n\t<\/div>\n\t\t\t\n\t<div class=\"img has-hover x md-x lg-x y md-y lg-y\" id=\"image_1299050155\">\n\t\t\t\t\t\t\t\t<div class=\"img-inner dark\" style=\"margin:0px 0px 0px 0px;\">\n\t\t\t<img loading=\"lazy\" decoding=\"async\" width=\"300\" height=\"300\" src=\"https:\/\/tamngocloi.com\/wp-content\/uploads\/2025\/05\/Series_SCU_MCU_SVU_MVU_SCO_MCO.jpg\" class=\"attachment-large size-large\" alt=\"\" srcset=\"https:\/\/tamngocloi.com\/wp-content\/uploads\/2025\/05\/Series_SCU_MCU_SVU_MVU_SCO_MCO.jpg 300w, https:\/\/tamngocloi.com\/wp-content\/uploads\/2025\/05\/Series_SCU_MCU_SVU_MVU_SCO_MCO-280x280.jpg 280w, https:\/\/tamngocloi.com\/wp-content\/uploads\/2025\/05\/Series_SCU_MCU_SVU_MVU_SCO_MCO-12x12.jpg 12w\" sizes=\"auto, (max-width: 300px) 100vw, 300px\" \/>\t\t\t\t\t\t\n\t\t\t\t\t<\/div>\n\t\t\t\t\t\t\t\t\n<style>\n#image_1299050155 {\n  width: 90%;\n}\n<\/style>\n\t<\/div>\n\t\n\t<div id=\"text-608747686\" class=\"text\">\n\t\t\n<p><strong>Van \u0111i\u1ec1u khi\u1ec3n l\u01b0u l\u01b0\u1ee3ng<\/strong> <br \/>Series SCU, MCU, SVU, MVU, SCO, MCO<br \/>\u00a0<\/p>\n\t\t\n<style>\n#text-608747686 {\n  text-align: center;\n}\n<\/style>\n\t<\/div>\n\t\n\t\t<\/div>\n\t\t\t\t\n<style>\n#col-295765918 > .col-inner {\n  padding: 10px 0px 0px 0px;\n  border-radius: 8px;\n}\n<\/style>\n\t<\/div>\n\n\t\n\n\t<div id=\"col-371050143\" class=\"col medium-3 small-6 large-3\"  >\n\t\t\t\t<div class=\"col-inner text-center\" style=\"background-color:rgb(229, 229, 229);\" >\n\t\t\t\n\t<div class=\"is-border\"\n\t\tstyle=\"border-color:rgb(255, 0, 0);border-width:0px 0px 0px 0px;\">\n\t<\/div>\n\t\t\t\n\t<div class=\"img has-hover x md-x lg-x y md-y lg-y\" id=\"image_1226996075\">\n\t\t\t\t\t\t\t\t<div class=\"img-inner dark\" style=\"margin:0px 0px 0px 0px;\">\n\t\t\t<img loading=\"lazy\" decoding=\"async\" width=\"300\" height=\"300\" src=\"https:\/\/tamngocloi.com\/wp-content\/uploads\/2025\/05\/Series_PSCU_PMCU_PSVU_PMVU_PSCO_PMCO.jpg\" class=\"attachment-large size-large\" alt=\"\" srcset=\"https:\/\/tamngocloi.com\/wp-content\/uploads\/2025\/05\/Series_PSCU_PMCU_PSVU_PMVU_PSCO_PMCO.jpg 300w, https:\/\/tamngocloi.com\/wp-content\/uploads\/2025\/05\/Series_PSCU_PMCU_PSVU_PMVU_PSCO_PMCO-280x280.jpg 280w, https:\/\/tamngocloi.com\/wp-content\/uploads\/2025\/05\/Series_PSCU_PMCU_PSVU_PMVU_PSCO_PMCO-12x12.jpg 12w\" sizes=\"auto, (max-width: 300px) 100vw, 300px\" \/>\t\t\t\t\t\t\n\t\t\t\t\t<\/div>\n\t\t\t\t\t\t\t\t\n<style>\n#image_1226996075 {\n  width: 90%;\n}\n<\/style>\n\t<\/div>\n\t\n\t<div id=\"text-3358102304\" class=\"text\">\n\t\t\n<p><strong>Van \u0111i\u1ec1u khi\u1ec3n l\u01b0u l\u01b0\u1ee3ng<\/strong> <br \/>Series PSCU, PMCU, PSVU, PMVU, PSCO, PMCO<br \/>\u00a0<\/p>\n\t\t\n<style>\n#text-3358102304 {\n  text-align: center;\n}\n<\/style>\n\t<\/div>\n\t\n\t\t<\/div>\n\t\t\t\t\n<style>\n#col-371050143 > .col-inner {\n  padding: 10px 0px 0px 0px;\n  border-radius: 8px;\n}\n<\/style>\n\t<\/div>\n\n\t\n\n\t<div id=\"col-470907785\" class=\"col medium-3 small-6 large-3\"  >\n\t\t\t\t<div class=\"col-inner text-center\" style=\"background-color:rgb(229, 229, 229);\" >\n\t\t\t\n\t<div class=\"is-border\"\n\t\tstyle=\"border-color:rgb(255, 0, 0);border-width:0px 0px 0px 0px;\">\n\t<\/div>\n\t\t\t\n\t<div class=\"img has-hover x md-x lg-x y md-y lg-y\" id=\"image_1034853128\">\n\t\t\t\t\t\t\t\t<div class=\"img-inner dark\" style=\"margin:0px 0px 0px 0px;\">\n\t\t\t<img loading=\"lazy\" decoding=\"async\" width=\"300\" height=\"300\" src=\"https:\/\/tamngocloi.com\/wp-content\/uploads\/2025\/05\/Series-TMCU-TMVU-TMCO.jpg\" class=\"attachment-large size-large\" alt=\"\" srcset=\"https:\/\/tamngocloi.com\/wp-content\/uploads\/2025\/05\/Series-TMCU-TMVU-TMCO.jpg 300w, https:\/\/tamngocloi.com\/wp-content\/uploads\/2025\/05\/Series-TMCU-TMVU-TMCO-280x280.jpg 280w, https:\/\/tamngocloi.com\/wp-content\/uploads\/2025\/05\/Series-TMCU-TMVU-TMCO-12x12.jpg 12w\" sizes=\"auto, (max-width: 300px) 100vw, 300px\" \/>\t\t\t\t\t\t\n\t\t\t\t\t<\/div>\n\t\t\t\t\t\t\t\t\n<style>\n#image_1034853128 {\n  width: 90%;\n}\n<\/style>\n\t<\/div>\n\t\n\t<div id=\"text-3520056825\" class=\"text\">\n\t\t\n<p><strong>Van \u0111i\u1ec1u khi\u1ec3n l\u01b0u l\u01b0\u1ee3ng<\/strong><br \/>Series TMCU, TMVU, TMCO<br \/>\u00a0<br \/>\u00a0<\/p>\n\t\t\n<style>\n#text-3520056825 {\n  text-align: center;\n}\n<\/style>\n\t<\/div>\n\t\n\t\t<\/div>\n\t\t\t\t\n<style>\n#col-470907785 > .col-inner {\n  padding: 10px 0px 0px 0px;\n  border-radius: 8px;\n}\n<\/style>\n\t<\/div>\n\n\t\n\n\t<div id=\"col-910449192\" class=\"col medium-3 small-6 large-3\"  >\n\t\t\t\t<div class=\"col-inner text-center\" style=\"background-color:rgb(229, 229, 229);\" >\n\t\t\t\n\t<div class=\"is-border\"\n\t\tstyle=\"border-color:rgb(255, 0, 0);border-width:0px 0px 0px 0px;\">\n\t<\/div>\n\t\t\t\n\t<div class=\"img has-hover x md-x lg-x y md-y lg-y\" id=\"image_1674334413\">\n\t\t\t\t\t\t\t\t<div class=\"img-inner dark\" style=\"margin:0px 0px 0px 0px;\">\n\t\t\t<img loading=\"lazy\" decoding=\"async\" width=\"300\" height=\"300\" src=\"https:\/\/tamngocloi.com\/wp-content\/uploads\/2025\/05\/Series_GSCU_GMCU_GSVU_GMVU_GSCO_GMCO.jpg\" class=\"attachment-large size-large\" alt=\"\" srcset=\"https:\/\/tamngocloi.com\/wp-content\/uploads\/2025\/05\/Series_GSCU_GMCU_GSVU_GMVU_GSCO_GMCO.jpg 300w, https:\/\/tamngocloi.com\/wp-content\/uploads\/2025\/05\/Series_GSCU_GMCU_GSVU_GMVU_GSCO_GMCO-280x280.jpg 280w, https:\/\/tamngocloi.com\/wp-content\/uploads\/2025\/05\/Series_GSCU_GMCU_GSVU_GMVU_GSCO_GMCO-12x12.jpg 12w\" sizes=\"auto, (max-width: 300px) 100vw, 300px\" \/>\t\t\t\t\t\t\n\t\t\t\t\t<\/div>\n\t\t\t\t\t\t\t\t\n<style>\n#image_1674334413 {\n  width: 90%;\n}\n<\/style>\n\t<\/div>\n\t\n\t<div id=\"text-889597594\" class=\"text\">\n\t\t\n<p><strong>Van \u0111i\u1ec1u khi\u1ec3n l\u01b0u l\u01b0\u1ee3ng<\/strong> <br \/>Series GSCU, GMCU, GSVU, GMVU, GSCO, GMCO<br \/>\u00a0<\/p>\n\t\t\n<style>\n#text-889597594 {\n  text-align: center;\n}\n<\/style>\n\t<\/div>\n\t\n\t\t<\/div>\n\t\t\t\t\n<style>\n#col-910449192 > .col-inner {\n  padding: 10px 0px 0px 0px;\n  border-radius: 8px;\n}\n<\/style>\n\t<\/div>\n\n\t\n<\/div>\n\t<div id=\"gap-921014877\" class=\"gap-element clearfix\" style=\"display:block; height:auto;\">\n\t\t\n<style>\n#gap-921014877 {\n  padding-top: 30px;\n}\n<\/style>\n\t<\/div>\n\t\n<div class=\"row\"  id=\"row-89296974\">\n\n\t<div id=\"col-476119797\" class=\"col medium-3 small-6 large-3\"  >\n\t\t\t\t<div class=\"col-inner text-center\" style=\"background-color:rgb(229, 229, 229);\" >\n\t\t\t\n\t<div class=\"is-border\"\n\t\tstyle=\"border-color:rgb(255, 0, 0);border-width:0px 0px 0px 0px;\">\n\t<\/div>\n\t\t\t\n\t<div class=\"img has-hover x md-x lg-x y md-y lg-y\" id=\"image_2091872052\">\n\t\t\t\t\t\t\t\t<div class=\"img-inner dark\" style=\"margin:0px 0px 0px 0px;\">\n\t\t\t<img loading=\"lazy\" decoding=\"async\" width=\"300\" height=\"300\" src=\"https:\/\/tamngocloi.com\/wp-content\/uploads\/2025\/05\/Series_RFU_RFO.jpg\" class=\"attachment-large size-large\" alt=\"\" srcset=\"https:\/\/tamngocloi.com\/wp-content\/uploads\/2025\/05\/Series_RFU_RFO.jpg 300w, https:\/\/tamngocloi.com\/wp-content\/uploads\/2025\/05\/Series_RFU_RFO-280x280.jpg 280w, https:\/\/tamngocloi.com\/wp-content\/uploads\/2025\/05\/Series_RFU_RFO-12x12.jpg 12w\" sizes=\"auto, (max-width: 300px) 100vw, 300px\" \/>\t\t\t\t\t\t\n\t\t\t\t\t<\/div>\n\t\t\t\t\t\t\t\t\n<style>\n#image_2091872052 {\n  width: 90%;\n}\n<\/style>\n\t<\/div>\n\t\n\t<div id=\"text-4039116714\" class=\"text\">\n\t\t\n<p><strong>Van \u0111i\u1ec1u khi\u1ec3n l\u01b0u l\u01b0\u1ee3ng<\/strong> <br \/>Series RFU and RFO<br \/>\u00a0<br \/>\u00a0<br \/>\u00a0<\/p>\n\t\t\n<style>\n#text-4039116714 {\n  text-align: center;\n}\n<\/style>\n\t<\/div>\n\t\n\t\t<\/div>\n\t\t\t\t\n<style>\n#col-476119797 > .col-inner {\n  padding: 10px 0px 0px 0px;\n  border-radius: 8px;\n}\n<\/style>\n\t<\/div>\n\n\t\n\n\t<div id=\"col-1443365309\" class=\"col medium-3 small-6 large-3\"  >\n\t\t\t\t<div class=\"col-inner text-center\" style=\"background-color:rgb(229, 229, 229);\" >\n\t\t\t\n\t<div class=\"is-border\"\n\t\tstyle=\"border-color:rgb(255, 0, 0);border-width:0px 0px 0px 0px;\">\n\t<\/div>\n\t\t\t\n\t<div class=\"img has-hover x md-x lg-x y md-y lg-y\" id=\"image_1934959933\">\n\t\t\t\t\t\t\t\t<div class=\"img-inner dark\" style=\"margin:0px 0px 0px 0px;\">\n\t\t\t<img loading=\"lazy\" decoding=\"async\" width=\"300\" height=\"300\" src=\"https:\/\/tamngocloi.com\/wp-content\/uploads\/2025\/05\/Series_28.jpg\" class=\"attachment-large size-large\" alt=\"\" srcset=\"https:\/\/tamngocloi.com\/wp-content\/uploads\/2025\/05\/Series_28.jpg 300w, https:\/\/tamngocloi.com\/wp-content\/uploads\/2025\/05\/Series_28-280x280.jpg 280w, https:\/\/tamngocloi.com\/wp-content\/uploads\/2025\/05\/Series_28-12x12.jpg 12w\" sizes=\"auto, (max-width: 300px) 100vw, 300px\" \/>\t\t\t\t\t\t\n\t\t\t\t\t<\/div>\n\t\t\t\t\t\t\t\t\n<style>\n#image_1934959933 {\n  width: 90%;\n}\n<\/style>\n\t<\/div>\n\t\n\t<div id=\"text-982182902\" class=\"text\">\n\t\t\n<p><strong>Van \u0111i\u1ec1u khi\u1ec3n l\u01b0u l\u01b0\u1ee3ng<\/strong> <br \/>Series 28<br \/>\u00a0<br \/>\u00a0<br \/>\u00a0<\/p>\n\t\t\n<style>\n#text-982182902 {\n  text-align: center;\n}\n<\/style>\n\t<\/div>\n\t\n\t\t<\/div>\n\t\t\t\t\n<style>\n#col-1443365309 > .col-inner {\n  padding: 10px 0px 0px 0px;\n  border-radius: 8px;\n}\n<\/style>\n\t<\/div>\n\n\t\n\n\t<div id=\"col-949357841\" class=\"col medium-3 small-6 large-3\"  >\n\t\t\t\t<div class=\"col-inner text-center\" style=\"background-color:rgb(229, 229, 229);\" >\n\t\t\t\n\t<div class=\"is-border\"\n\t\tstyle=\"border-color:rgb(255, 0, 0);border-width:0px 0px 0px 0px;\">\n\t<\/div>\n\t\t\t\n\t<div class=\"img has-hover x md-x lg-x y md-y lg-y\" id=\"image_1095087818\">\n\t\t\t\t\t\t\t\t<div class=\"img-inner dark\" style=\"margin:0px 0px 0px 0px;\">\n\t\t\t<img loading=\"lazy\" decoding=\"async\" width=\"300\" height=\"300\" src=\"https:\/\/tamngocloi.com\/wp-content\/uploads\/2025\/05\/Series_XSCU_XSCO_XMFU_XMFO.jpg\" class=\"attachment-large size-large\" alt=\"\" srcset=\"https:\/\/tamngocloi.com\/wp-content\/uploads\/2025\/05\/Series_XSCU_XSCO_XMFU_XMFO.jpg 300w, https:\/\/tamngocloi.com\/wp-content\/uploads\/2025\/05\/Series_XSCU_XSCO_XMFU_XMFO-280x280.jpg 280w, https:\/\/tamngocloi.com\/wp-content\/uploads\/2025\/05\/Series_XSCU_XSCO_XMFU_XMFO-12x12.jpg 12w\" sizes=\"auto, (max-width: 300px) 100vw, 300px\" \/>\t\t\t\t\t\t\n\t\t\t\t\t<\/div>\n\t\t\t\t\t\t\t\t\n<style>\n#image_1095087818 {\n  width: 90%;\n}\n<\/style>\n\t<\/div>\n\t\n\t<div id=\"text-2502794344\" class=\"text\">\n\t\t\n<p><strong>B\u1ed9 \u0111i\u1ec1u ch\u1ec9nh l\u01b0u l\u01b0\u1ee3ng b\u1eb1ng th\u00e9p kh\u00f4ng g\u1ec9 316L<\/strong> <br \/>Series XSCU, XSCO, XMFU and XMFO<br \/>\u00a0<\/p>\n\t\t\n<style>\n#text-2502794344 {\n  text-align: center;\n}\n<\/style>\n\t<\/div>\n\t\n\t\t<\/div>\n\t\t\t\t\n<style>\n#col-949357841 > .col-inner {\n  padding: 10px 0px 0px 0px;\n  border-radius: 8px;\n}\n<\/style>\n\t<\/div>\n\n\t\n\n\t<div id=\"col-992397688\" class=\"col medium-3 small-6 large-3\"  >\n\t\t\t\t<div class=\"col-inner text-center\" style=\"background-color:rgb(229, 229, 229);\" >\n\t\t\t\n\t<div class=\"is-border\"\n\t\tstyle=\"border-color:rgb(255, 0, 0);border-width:0px 0px 0px 0px;\">\n\t<\/div>\n\t\t\t\n\t<div class=\"img has-hover x md-x lg-x y md-y lg-y\" id=\"image_1636364663\">\n\t\t\t\t\t\t\t\t<div class=\"img-inner dark\" style=\"margin:0px 0px 0px 0px;\">\n\t\t\t<img loading=\"lazy\" decoding=\"async\" width=\"300\" height=\"300\" src=\"https:\/\/tamngocloi.com\/wp-content\/uploads\/2025\/05\/Series_XRFU_XRFO.jpg\" class=\"attachment-large size-large\" alt=\"\" srcset=\"https:\/\/tamngocloi.com\/wp-content\/uploads\/2025\/05\/Series_XRFU_XRFO.jpg 300w, https:\/\/tamngocloi.com\/wp-content\/uploads\/2025\/05\/Series_XRFU_XRFO-280x280.jpg 280w, https:\/\/tamngocloi.com\/wp-content\/uploads\/2025\/05\/Series_XRFU_XRFO-12x12.jpg 12w\" sizes=\"auto, (max-width: 300px) 100vw, 300px\" \/>\t\t\t\t\t\t\n\t\t\t\t\t<\/div>\n\t\t\t\t\t\t\t\t\n<style>\n#image_1636364663 {\n  width: 90%;\n}\n<\/style>\n\t<\/div>\n\t\n\t<div id=\"text-560992507\" class=\"text\">\n\t\t\n<p><strong>Van \u0111i\u1ec1u khi\u1ec3n l\u01b0u l\u01b0\u1ee3ng b\u1eb1ng th\u00e9p kh\u00f4ng g\u1ec9 316L<\/strong> <br \/>Series XRFU and XRFO<br \/>\u00a0<br \/>\u00a0<\/p>\n\t\t\n<style>\n#text-560992507 {\n  text-align: center;\n}\n<\/style>\n\t<\/div>\n\t\n\t\t<\/div>\n\t\t\t\t\n<style>\n#col-992397688 > .col-inner {\n  padding: 10px 0px 0px 0px;\n  border-radius: 8px;\n}\n<\/style>\n\t<\/div>\n\n\t\n<\/div>\n\t<div id=\"gap-1050001982\" class=\"gap-element clearfix\" style=\"display:block; height:auto;\">\n\t\t\n<style>\n#gap-1050001982 {\n  padding-top: 30px;\n}\n<\/style>\n\t<\/div>\n\t\n<div class=\"row\"  id=\"row-486445348\">\n\n\t<div id=\"col-1323054842\" class=\"col medium-3 small-6 large-3\"  >\n\t\t\t\t<div class=\"col-inner text-center\" style=\"background-color:rgb(229, 229, 229);\" >\n\t\t\t\n\t<div class=\"is-border\"\n\t\tstyle=\"border-color:rgb(255, 0, 0);border-width:0px 0px 0px 0px;\">\n\t<\/div>\n\t\t\t\n\t<div class=\"img has-hover x md-x lg-x y md-y lg-y\" id=\"image_1216767401\">\n\t\t\t\t\t\t\t\t<div class=\"img-inner dark\" style=\"margin:0px 0px 0px 0px;\">\n\t\t\t<img loading=\"lazy\" decoding=\"async\" width=\"300\" height=\"300\" src=\"https:\/\/tamngocloi.com\/wp-content\/uploads\/2025\/05\/XVNR.jpg\" class=\"attachment-large size-large\" alt=\"\" srcset=\"https:\/\/tamngocloi.com\/wp-content\/uploads\/2025\/05\/XVNR.jpg 300w, https:\/\/tamngocloi.com\/wp-content\/uploads\/2025\/05\/XVNR-280x280.jpg 280w, https:\/\/tamngocloi.com\/wp-content\/uploads\/2025\/05\/XVNR-12x12.jpg 12w\" sizes=\"auto, (max-width: 300px) 100vw, 300px\" \/>\t\t\t\t\t\t\n\t\t\t\t\t<\/div>\n\t\t\t\t\t\t\t\t\n<style>\n#image_1216767401 {\n  width: 90%;\n}\n<\/style>\n\t<\/div>\n\t\n\t<div id=\"text-3213686496\" class=\"text\">\n\t\t\n<p><strong>Van m\u1ed9t chi\u1ec1u b\u1eb1ng th\u00e9p kh\u00f4ng g\u1ec9 316L<\/strong> <br \/>Series XVNR<br \/>\u00a0<\/p>\n\t\t\n<style>\n#text-3213686496 {\n  text-align: center;\n}\n<\/style>\n\t<\/div>\n\t\n\t\t<\/div>\n\t\t\t\t\n<style>\n#col-1323054842 > .col-inner {\n  padding: 10px 0px 0px 0px;\n  border-radius: 8px;\n}\n<\/style>\n\t<\/div>\n\n\t\n<\/div>","protected":false},"excerpt":{"rendered":"<p>Flow control valves Flow control valves are crucial components in pneumatic and hydraulic systems, used to control the speed of fluid passing through the system.They operate by regulating the size of the opening through which the fluid can pass, allowing fine control over the speed of actuators and cylinders. These valves can be manual or [&#8230;]","protected":false},"author":1,"featured_media":0,"parent":0,"menu_order":0,"comment_status":"closed","ping_status":"closed","template":"","meta":{"footnotes":""},"class_list":["post-4651","page","type-page","status-publish","hentry"],"yoast_head":"<!-- This site is optimized with the Yoast SEO plugin v25.3 - https:\/\/yoast.com\/wordpress\/plugins\/seo\/ -->\n<title>Flow control valves - TNL Company Limited<\/title>\n<meta name=\"robots\" content=\"index, follow, max-snippet:-1, max-image-preview:large, max-video-preview:-1\" \/>\n<link rel=\"canonical\" href=\"https:\/\/tamngocloi.com\/vi\/flow-control-valves\/\" \/>\n<meta property=\"og:locale\" content=\"vi_VN\" \/>\n<meta property=\"og:type\" content=\"article\" \/>\n<meta property=\"og:title\" content=\"Flow control valves - TNL Company Limited\" \/>\n<meta property=\"og:description\" content=\"Flow control valves Flow control valves are crucial components in pneumatic and hydraulic systems, used to control the speed of fluid passing through the system.They operate by regulating the size of the opening through which the fluid can pass, allowing fine control over the speed of actuators and cylinders. These valves can be manual or [...]\" \/>\n<meta property=\"og:url\" content=\"https:\/\/tamngocloi.com\/vi\/flow-control-valves\/\" \/>\n<meta property=\"og:site_name\" content=\"TNL Company Limited\" \/>\n<meta property=\"article:modified_time\" content=\"2025-05-24T16:35:07+00:00\" \/>\n<meta name=\"twitter:card\" content=\"summary_large_image\" \/>\n<script type=\"application\/ld+json\" class=\"yoast-schema-graph\">{\"@context\":\"https:\/\/schema.org\",\"@graph\":[{\"@type\":\"WebPage\",\"@id\":\"https:\/\/tamngocloi.com\/flow-control-valves\/\",\"url\":\"https:\/\/tamngocloi.com\/flow-control-valves\/\",\"name\":\"Flow control valves - TNL Company Limited\",\"isPartOf\":{\"@id\":\"https:\/\/tamngocloi.com\/#website\"},\"datePublished\":\"2025-05-23T15:26:11+00:00\",\"dateModified\":\"2025-05-24T16:35:07+00:00\",\"breadcrumb\":{\"@id\":\"https:\/\/tamngocloi.com\/flow-control-valves\/#breadcrumb\"},\"inLanguage\":\"vi\",\"potentialAction\":[{\"@type\":\"ReadAction\",\"target\":[\"https:\/\/tamngocloi.com\/flow-control-valves\/\"]}]},{\"@type\":\"BreadcrumbList\",\"@id\":\"https:\/\/tamngocloi.com\/flow-control-valves\/#breadcrumb\",\"itemListElement\":[{\"@type\":\"ListItem\",\"position\":1,\"name\":\"Home\",\"item\":\"https:\/\/tamngocloi.com\/\"},{\"@type\":\"ListItem\",\"position\":2,\"name\":\"Flow control valves\"}]},{\"@type\":\"WebSite\",\"@id\":\"https:\/\/tamngocloi.com\/#website\",\"url\":\"https:\/\/tamngocloi.com\/\",\"name\":\"TNL Company Limited\",\"description\":\"\",\"publisher\":{\"@id\":\"https:\/\/tamngocloi.com\/#organization\"},\"potentialAction\":[{\"@type\":\"SearchAction\",\"target\":{\"@type\":\"EntryPoint\",\"urlTemplate\":\"https:\/\/tamngocloi.com\/?s={search_term_string}\"},\"query-input\":{\"@type\":\"PropertyValueSpecification\",\"valueRequired\":true,\"valueName\":\"search_term_string\"}}],\"inLanguage\":\"vi\"},{\"@type\":\"Organization\",\"@id\":\"https:\/\/tamngocloi.com\/#organization\",\"name\":\"TNL Company Limited\",\"url\":\"https:\/\/tamngocloi.com\/\",\"logo\":{\"@type\":\"ImageObject\",\"inLanguage\":\"vi\",\"@id\":\"https:\/\/tamngocloi.com\/#\/schema\/logo\/image\/\",\"url\":\"https:\/\/tamngocloi.com\/wp-content\/uploads\/2024\/09\/download-removebg-preview.png\",\"contentUrl\":\"https:\/\/tamngocloi.com\/wp-content\/uploads\/2024\/09\/download-removebg-preview.png\",\"width\":570,\"height\":438,\"caption\":\"TNL Company Limited\"},\"image\":{\"@id\":\"https:\/\/tamngocloi.com\/#\/schema\/logo\/image\/\"}}]}<\/script>\n<!-- \/ Yoast SEO plugin. -->","yoast_head_json":{"title":"Flow control valves - TNL Company Limited","robots":{"index":"index","follow":"follow","max-snippet":"max-snippet:-1","max-image-preview":"max-image-preview:large","max-video-preview":"max-video-preview:-1"},"canonical":"https:\/\/tamngocloi.com\/vi\/flow-control-valves\/","og_locale":"vi_VN","og_type":"article","og_title":"Flow control valves - TNL Company Limited","og_description":"Flow control valves Flow control valves are crucial components in pneumatic and hydraulic systems, used to control the speed of fluid passing through the system.They operate by regulating the size of the opening through which the fluid can pass, allowing fine control over the speed of actuators and cylinders. These valves can be manual or [...]","og_url":"https:\/\/tamngocloi.com\/vi\/flow-control-valves\/","og_site_name":"TNL Company Limited","article_modified_time":"2025-05-24T16:35:07+00:00","twitter_card":"summary_large_image","schema":{"@context":"https:\/\/schema.org","@graph":[{"@type":"WebPage","@id":"https:\/\/tamngocloi.com\/flow-control-valves\/","url":"https:\/\/tamngocloi.com\/flow-control-valves\/","name":"Flow control valves - TNL Company Limited","isPartOf":{"@id":"https:\/\/tamngocloi.com\/#website"},"datePublished":"2025-05-23T15:26:11+00:00","dateModified":"2025-05-24T16:35:07+00:00","breadcrumb":{"@id":"https:\/\/tamngocloi.com\/flow-control-valves\/#breadcrumb"},"inLanguage":"vi","potentialAction":[{"@type":"ReadAction","target":["https:\/\/tamngocloi.com\/flow-control-valves\/"]}]},{"@type":"BreadcrumbList","@id":"https:\/\/tamngocloi.com\/flow-control-valves\/#breadcrumb","itemListElement":[{"@type":"ListItem","position":1,"name":"Home","item":"https:\/\/tamngocloi.com\/"},{"@type":"ListItem","position":2,"name":"Flow control valves"}]},{"@type":"WebSite","@id":"https:\/\/tamngocloi.com\/#website","url":"https:\/\/tamngocloi.com\/","name":"TNL Company Limited","description":"","publisher":{"@id":"https:\/\/tamngocloi.com\/#organization"},"potentialAction":[{"@type":"SearchAction","target":{"@type":"EntryPoint","urlTemplate":"https:\/\/tamngocloi.com\/?s={search_term_string}"},"query-input":{"@type":"PropertyValueSpecification","valueRequired":true,"valueName":"search_term_string"}}],"inLanguage":"vi"},{"@type":"Organization","@id":"https:\/\/tamngocloi.com\/#organization","name":"TNL Company Limited","url":"https:\/\/tamngocloi.com\/","logo":{"@type":"ImageObject","inLanguage":"vi","@id":"https:\/\/tamngocloi.com\/#\/schema\/logo\/image\/","url":"https:\/\/tamngocloi.com\/wp-content\/uploads\/2024\/09\/download-removebg-preview.png","contentUrl":"https:\/\/tamngocloi.com\/wp-content\/uploads\/2024\/09\/download-removebg-preview.png","width":570,"height":438,"caption":"TNL Company Limited"},"image":{"@id":"https:\/\/tamngocloi.com\/#\/schema\/logo\/image\/"}}]}},"_links":{"self":[{"href":"https:\/\/tamngocloi.com\/vi\/wp-json\/wp\/v2\/pages\/4651","targetHints":{"allow":["GET"]}}],"collection":[{"href":"https:\/\/tamngocloi.com\/vi\/wp-json\/wp\/v2\/pages"}],"about":[{"href":"https:\/\/tamngocloi.com\/vi\/wp-json\/wp\/v2\/types\/page"}],"author":[{"embeddable":true,"href":"https:\/\/tamngocloi.com\/vi\/wp-json\/wp\/v2\/users\/1"}],"replies":[{"embeddable":true,"href":"https:\/\/tamngocloi.com\/vi\/wp-json\/wp\/v2\/comments?post=4651"}],"version-history":[{"count":11,"href":"https:\/\/tamngocloi.com\/vi\/wp-json\/wp\/v2\/pages\/4651\/revisions"}],"predecessor-version":[{"id":5204,"href":"https:\/\/tamngocloi.com\/vi\/wp-json\/wp\/v2\/pages\/4651\/revisions\/5204"}],"wp:attachment":[{"href":"https:\/\/tamngocloi.com\/vi\/wp-json\/wp\/v2\/media?parent=4651"}],"curies":[{"name":"wp","href":"https:\/\/api.w.org\/{rel}","templated":true}]}}