{"id":4637,"date":"2025-05-23T22:21:52","date_gmt":"2025-05-23T15:21:52","guid":{"rendered":"https:\/\/tamngocloi.com\/?page_id=4637"},"modified":"2025-05-23T23:37:48","modified_gmt":"2025-05-23T16:37:48","slug":"gearboxes-and-coupling","status":"publish","type":"page","link":"https:\/\/tamngocloi.com\/vi\/gearboxes-and-coupling\/","title":{"rendered":"H\u1ed9p s\u1ed1 v\u00e0 kh\u1edbp n\u1ed1i"},"content":{"rendered":"<div id=\"gap-35697420\" class=\"gap-element clearfix\" style=\"display:block; height:auto;\">\n\t\t\n<style>\n#gap-35697420 {\n  padding-top: 30px;\n}\n<\/style>\n\t<\/div>\n\t\n<div class=\"MainPageHeaderWrapper content-align\">\n<div>\n<h1>H\u1ed9p s\u1ed1 v\u00e0 kh\u1edbp n\u1ed1i<\/h1>\n<\/div>\n<\/div>\n<p class=\"category-description content-align\">H\u1ed9p s\u1ed1 h\u00e0nh tinh l\u00e0 c\u01a1 ch\u1ebf truy\u1ec1n \u0111\u1ed9ng ti\u00ean ti\u1ebfn s\u1eed d\u1ee5ng h\u1ec7 th\u1ed1ng b\u00e1nh r\u0103ng \u0111\u01b0\u1ee3c b\u1ed1 tr\u00ed \u0111\u1ed3ng t\u00e2m xung quanh m\u1ed9t b\u00e1nh r\u0103ng trung t\u00e2m.<br \/>Ch\u00fang \u0111\u01b0\u1ee3c \u0111\u00e1nh gi\u00e1 cao v\u00ec kh\u1ea3 n\u0103ng cung c\u1ea5p t\u1ef7 l\u1ec7 gi\u1ea3m cao trong kh\u00f4ng gian nh\u1ecf g\u1ecdn, \u0111\u1ea3m b\u1ea3o \u0111\u1ed9 ch\u00ednh x\u00e1c v\u00e0 kh\u1ea3 n\u0103ng ch\u1ecbu t\u1ea3i cao.<br \/>C\u00e1c h\u1ed9p s\u1ed1 n\u00e0y \u0111\u1eb7c bi\u1ec7t hi\u1ec7u qu\u1ea3 trong c\u00e1c \u1ee9ng d\u1ee5ng y\u00eau c\u1ea7u k\u00edch th\u01b0\u1edbc nh\u1ecf v\u00e0 hi\u1ec7u su\u1ea5t cao, ch\u1eb3ng h\u1ea1n nh\u01b0 h\u1ec7 th\u1ed1ng t\u1ef1 \u0111\u1ed9ng h\u00f3a v\u00e0 thi\u1ebft b\u1ecb x\u1eed l\u00fd ch\u00ednh x\u00e1c.<\/p>\n\t<div id=\"gap-895394093\" class=\"gap-element clearfix\" style=\"display:block; height:auto;\">\n\t\t\n<style>\n#gap-895394093 {\n  padding-top: 60px;\n}\n<\/style>\n\t<\/div>\n\t\n<div class=\"row\"  id=\"row-1533389918\">\n\n\t<div id=\"col-1738509874\" class=\"col medium-3 small-6 large-3\"  >\n\t\t\t\t<div class=\"col-inner text-center\" style=\"background-color:rgb(229, 229, 229);\" >\n\t\t\t\n\t<div class=\"is-border\"\n\t\tstyle=\"border-color:rgb(255, 0, 0);border-width:0px 0px 0px 0px;\">\n\t<\/div>\n\t\t\t\n\t<div class=\"img has-hover x md-x lg-x y md-y lg-y\" id=\"image_1198137688\">\n\t\t\t\t\t\t\t\t<div class=\"img-inner dark\" style=\"margin:0px 0px 0px 0px;\">\n\t\t\t<img loading=\"lazy\" decoding=\"async\" width=\"300\" height=\"300\" src=\"https:\/\/tamngocloi.com\/wp-content\/uploads\/2025\/05\/Series_GB.jpg\" class=\"attachment-large size-large\" alt=\"\" srcset=\"https:\/\/tamngocloi.com\/wp-content\/uploads\/2025\/05\/Series_GB.jpg 300w, https:\/\/tamngocloi.com\/wp-content\/uploads\/2025\/05\/Series_GB-280x280.jpg 280w, https:\/\/tamngocloi.com\/wp-content\/uploads\/2025\/05\/Series_GB-12x12.jpg 12w\" sizes=\"auto, (max-width: 300px) 100vw, 300px\" \/>\t\t\t\t\t\t\n\t\t\t\t\t<\/div>\n\t\t\t\t\t\t\t\t\n<style>\n#image_1198137688 {\n  width: 90%;\n}\n<\/style>\n\t<\/div>\n\t\n\t<div id=\"text-1122632108\" class=\"text\">\n\t\t\n<p><span style=\"font-size: 110%;\"><strong>H\u1ed9p s\u1ed1 h\u00e0nh tinh<\/strong><\/span> <br \/>Series GB<br \/>\u00a0<\/p>\n\t\t\n<style>\n#text-1122632108 {\n  text-align: center;\n}\n<\/style>\n\t<\/div>\n\t\n\t\t<\/div>\n\t\t\t\t\n<style>\n#col-1738509874 > .col-inner {\n  padding: 10px 0px 0px 0px;\n  border-radius: 8px;\n}\n<\/style>\n\t<\/div>\n\n\t\n\n\t<div id=\"col-1642102699\" class=\"col medium-3 small-6 large-3\"  >\n\t\t\t\t<div class=\"col-inner text-center\" style=\"background-color:rgb(229, 229, 229);\" >\n\t\t\t\n\t<div class=\"is-border\"\n\t\tstyle=\"border-color:rgb(255, 0, 0);border-width:0px 0px 0px 0px;\">\n\t<\/div>\n\t\t\t\n\t<div class=\"img has-hover x md-x lg-x y md-y lg-y\" id=\"image_1983059558\">\n\t\t\t\t\t\t\t\t<div class=\"img-inner dark\" style=\"margin:0px 0px 0px 0px;\">\n\t\t\t<img loading=\"lazy\" decoding=\"async\" width=\"300\" height=\"300\" src=\"https:\/\/tamngocloi.com\/wp-content\/uploads\/2025\/05\/Series_CO.jpg\" class=\"attachment-large size-large\" alt=\"\" srcset=\"https:\/\/tamngocloi.com\/wp-content\/uploads\/2025\/05\/Series_CO.jpg 300w, https:\/\/tamngocloi.com\/wp-content\/uploads\/2025\/05\/Series_CO-280x280.jpg 280w, https:\/\/tamngocloi.com\/wp-content\/uploads\/2025\/05\/Series_CO-12x12.jpg 12w\" sizes=\"auto, (max-width: 300px) 100vw, 300px\" \/>\t\t\t\t\t\t\n\t\t\t\t\t<\/div>\n\t\t\t\t\t\t\t\t\n<style>\n#image_1983059558 {\n  width: 90%;\n}\n<\/style>\n\t<\/div>\n\t\n\t<div id=\"text-2266991796\" class=\"text\">\n\t\t\n<p class=\"SubFamilyName\"><span style=\"font-size: 110%;\"><strong>Thi\u1ebft b\u1ecb truy\u1ec1n chuy\u1ec3n \u0111\u1ed9ng<\/strong><\/span> <br \/>Series CO<br \/>\u00a0<\/p>\n\t\t\n<style>\n#text-2266991796 {\n  text-align: center;\n}\n<\/style>\n\t<\/div>\n\t\n\t\t<\/div>\n\t\t\t\t\n<style>\n#col-1642102699 > .col-inner {\n  padding: 10px 0px 0px 0px;\n  border-radius: 8px;\n}\n<\/style>\n\t<\/div>\n\n\t\n<\/div>\n\t<div id=\"gap-811860599\" class=\"gap-element clearfix\" style=\"display:block; height:auto;\">\n\t\t\n<style>\n#gap-811860599 {\n  padding-top: 30px;\n}\n<\/style>\n\t<\/div>","protected":false},"excerpt":{"rendered":"<p>Gearboxes and Coupling Planetary gearboxes are advanced motion transmission mechanisms that use a system of gears arranged concentrically around a central gear.They are valued for their ability to offer high reduction ratios in compact spaces, ensuring high precision and load capacity.These gearboxes are particularly effective in applications requiring reduced dimensions and high performance, such as [&#8230;]","protected":false},"author":1,"featured_media":0,"parent":0,"menu_order":0,"comment_status":"closed","ping_status":"closed","template":"","meta":{"footnotes":""},"class_list":["post-4637","page","type-page","status-publish","hentry"],"yoast_head":"<!-- This site is optimized with the Yoast SEO plugin v25.3 - https:\/\/yoast.com\/wordpress\/plugins\/seo\/ -->\n<title>Gearboxes and Coupling - TNL Company Limited<\/title>\n<meta name=\"robots\" content=\"index, follow, max-snippet:-1, max-image-preview:large, max-video-preview:-1\" \/>\n<link rel=\"canonical\" href=\"https:\/\/tamngocloi.com\/vi\/gearboxes-and-coupling\/\" \/>\n<meta property=\"og:locale\" content=\"vi_VN\" \/>\n<meta property=\"og:type\" content=\"article\" \/>\n<meta property=\"og:title\" content=\"Gearboxes and Coupling - TNL Company Limited\" \/>\n<meta property=\"og:description\" content=\"Gearboxes and Coupling Planetary gearboxes are advanced motion transmission mechanisms that use a system of gears arranged concentrically around a central gear.They are valued for their ability to offer high reduction ratios in compact spaces, ensuring high precision and load capacity.These gearboxes are particularly effective in applications requiring reduced dimensions and high performance, such as [...]\" \/>\n<meta property=\"og:url\" content=\"https:\/\/tamngocloi.com\/vi\/gearboxes-and-coupling\/\" \/>\n<meta property=\"og:site_name\" content=\"TNL Company Limited\" \/>\n<meta property=\"article:modified_time\" content=\"2025-05-23T16:37:48+00:00\" \/>\n<meta name=\"twitter:card\" content=\"summary_large_image\" \/>\n<script type=\"application\/ld+json\" class=\"yoast-schema-graph\">{\"@context\":\"https:\/\/schema.org\",\"@graph\":[{\"@type\":\"WebPage\",\"@id\":\"https:\/\/tamngocloi.com\/gearboxes-and-coupling\/\",\"url\":\"https:\/\/tamngocloi.com\/gearboxes-and-coupling\/\",\"name\":\"Gearboxes and Coupling - TNL Company Limited\",\"isPartOf\":{\"@id\":\"https:\/\/tamngocloi.com\/#website\"},\"datePublished\":\"2025-05-23T15:21:52+00:00\",\"dateModified\":\"2025-05-23T16:37:48+00:00\",\"breadcrumb\":{\"@id\":\"https:\/\/tamngocloi.com\/gearboxes-and-coupling\/#breadcrumb\"},\"inLanguage\":\"vi\",\"potentialAction\":[{\"@type\":\"ReadAction\",\"target\":[\"https:\/\/tamngocloi.com\/gearboxes-and-coupling\/\"]}]},{\"@type\":\"BreadcrumbList\",\"@id\":\"https:\/\/tamngocloi.com\/gearboxes-and-coupling\/#breadcrumb\",\"itemListElement\":[{\"@type\":\"ListItem\",\"position\":1,\"name\":\"Home\",\"item\":\"https:\/\/tamngocloi.com\/\"},{\"@type\":\"ListItem\",\"position\":2,\"name\":\"Gearboxes and Coupling\"}]},{\"@type\":\"WebSite\",\"@id\":\"https:\/\/tamngocloi.com\/#website\",\"url\":\"https:\/\/tamngocloi.com\/\",\"name\":\"TNL Company Limited\",\"description\":\"\",\"publisher\":{\"@id\":\"https:\/\/tamngocloi.com\/#organization\"},\"potentialAction\":[{\"@type\":\"SearchAction\",\"target\":{\"@type\":\"EntryPoint\",\"urlTemplate\":\"https:\/\/tamngocloi.com\/?s={search_term_string}\"},\"query-input\":{\"@type\":\"PropertyValueSpecification\",\"valueRequired\":true,\"valueName\":\"search_term_string\"}}],\"inLanguage\":\"vi\"},{\"@type\":\"Organization\",\"@id\":\"https:\/\/tamngocloi.com\/#organization\",\"name\":\"TNL Company Limited\",\"url\":\"https:\/\/tamngocloi.com\/\",\"logo\":{\"@type\":\"ImageObject\",\"inLanguage\":\"vi\",\"@id\":\"https:\/\/tamngocloi.com\/#\/schema\/logo\/image\/\",\"url\":\"https:\/\/tamngocloi.com\/wp-content\/uploads\/2024\/09\/download-removebg-preview.png\",\"contentUrl\":\"https:\/\/tamngocloi.com\/wp-content\/uploads\/2024\/09\/download-removebg-preview.png\",\"width\":570,\"height\":438,\"caption\":\"TNL Company Limited\"},\"image\":{\"@id\":\"https:\/\/tamngocloi.com\/#\/schema\/logo\/image\/\"}}]}<\/script>\n<!-- \/ Yoast SEO plugin. -->","yoast_head_json":{"title":"Gearboxes and Coupling - TNL Company Limited","robots":{"index":"index","follow":"follow","max-snippet":"max-snippet:-1","max-image-preview":"max-image-preview:large","max-video-preview":"max-video-preview:-1"},"canonical":"https:\/\/tamngocloi.com\/vi\/gearboxes-and-coupling\/","og_locale":"vi_VN","og_type":"article","og_title":"Gearboxes and Coupling - TNL Company Limited","og_description":"Gearboxes and Coupling Planetary gearboxes are advanced motion transmission mechanisms that use a system of gears arranged concentrically around a central gear.They are valued for their ability to offer high reduction ratios in compact spaces, ensuring high precision and load capacity.These gearboxes are particularly effective in applications requiring reduced dimensions and high performance, such as [...]","og_url":"https:\/\/tamngocloi.com\/vi\/gearboxes-and-coupling\/","og_site_name":"TNL Company Limited","article_modified_time":"2025-05-23T16:37:48+00:00","twitter_card":"summary_large_image","schema":{"@context":"https:\/\/schema.org","@graph":[{"@type":"WebPage","@id":"https:\/\/tamngocloi.com\/gearboxes-and-coupling\/","url":"https:\/\/tamngocloi.com\/gearboxes-and-coupling\/","name":"Gearboxes and Coupling - TNL Company Limited","isPartOf":{"@id":"https:\/\/tamngocloi.com\/#website"},"datePublished":"2025-05-23T15:21:52+00:00","dateModified":"2025-05-23T16:37:48+00:00","breadcrumb":{"@id":"https:\/\/tamngocloi.com\/gearboxes-and-coupling\/#breadcrumb"},"inLanguage":"vi","potentialAction":[{"@type":"ReadAction","target":["https:\/\/tamngocloi.com\/gearboxes-and-coupling\/"]}]},{"@type":"BreadcrumbList","@id":"https:\/\/tamngocloi.com\/gearboxes-and-coupling\/#breadcrumb","itemListElement":[{"@type":"ListItem","position":1,"name":"Home","item":"https:\/\/tamngocloi.com\/"},{"@type":"ListItem","position":2,"name":"Gearboxes and Coupling"}]},{"@type":"WebSite","@id":"https:\/\/tamngocloi.com\/#website","url":"https:\/\/tamngocloi.com\/","name":"TNL Company Limited","description":"","publisher":{"@id":"https:\/\/tamngocloi.com\/#organization"},"potentialAction":[{"@type":"SearchAction","target":{"@type":"EntryPoint","urlTemplate":"https:\/\/tamngocloi.com\/?s={search_term_string}"},"query-input":{"@type":"PropertyValueSpecification","valueRequired":true,"valueName":"search_term_string"}}],"inLanguage":"vi"},{"@type":"Organization","@id":"https:\/\/tamngocloi.com\/#organization","name":"TNL Company Limited","url":"https:\/\/tamngocloi.com\/","logo":{"@type":"ImageObject","inLanguage":"vi","@id":"https:\/\/tamngocloi.com\/#\/schema\/logo\/image\/","url":"https:\/\/tamngocloi.com\/wp-content\/uploads\/2024\/09\/download-removebg-preview.png","contentUrl":"https:\/\/tamngocloi.com\/wp-content\/uploads\/2024\/09\/download-removebg-preview.png","width":570,"height":438,"caption":"TNL Company Limited"},"image":{"@id":"https:\/\/tamngocloi.com\/#\/schema\/logo\/image\/"}}]}},"_links":{"self":[{"href":"https:\/\/tamngocloi.com\/vi\/wp-json\/wp\/v2\/pages\/4637","targetHints":{"allow":["GET"]}}],"collection":[{"href":"https:\/\/tamngocloi.com\/vi\/wp-json\/wp\/v2\/pages"}],"about":[{"href":"https:\/\/tamngocloi.com\/vi\/wp-json\/wp\/v2\/types\/page"}],"author":[{"embeddable":true,"href":"https:\/\/tamngocloi.com\/vi\/wp-json\/wp\/v2\/users\/1"}],"replies":[{"embeddable":true,"href":"https:\/\/tamngocloi.com\/vi\/wp-json\/wp\/v2\/comments?post=4637"}],"version-history":[{"count":4,"href":"https:\/\/tamngocloi.com\/vi\/wp-json\/wp\/v2\/pages\/4637\/revisions"}],"predecessor-version":[{"id":4738,"href":"https:\/\/tamngocloi.com\/vi\/wp-json\/wp\/v2\/pages\/4637\/revisions\/4738"}],"wp:attachment":[{"href":"https:\/\/tamngocloi.com\/vi\/wp-json\/wp\/v2\/media?parent=4637"}],"curies":[{"name":"wp","href":"https:\/\/api.w.org\/{rel}","templated":true}]}}