{"id":4635,"date":"2025-05-23T22:21:26","date_gmt":"2025-05-23T15:21:26","guid":{"rendered":"https:\/\/tamngocloi.com\/?page_id=4635"},"modified":"2025-05-23T23:33:27","modified_gmt":"2025-05-23T16:33:27","slug":"motors","status":"publish","type":"page","link":"https:\/\/tamngocloi.com\/vi\/motors\/","title":{"rendered":"\u0110\u1ed9ng c\u01a1"},"content":{"rendered":"<div id=\"gap-757482302\" class=\"gap-element clearfix\" style=\"display:block; height:auto;\">\n\t\t\n<style>\n#gap-757482302 {\n  padding-top: 30px;\n}\n<\/style>\n\t<\/div>\n\t\n<div class=\"MainPageHeaderWrapper content-align\">\n<div>\n<h1>\u0110\u1ed9ng c\u01a1<\/h1>\n<\/div>\n<\/div>\n<p class=\"category-description content-align\">\u0110\u1ed9ng c\u01a1 \u0111i\u1ec7n l\u00e0 thi\u1ebft b\u1ecb chuy\u1ec3n \u0111\u1ed5i n\u0103ng l\u01b0\u1ee3ng \u0111i\u1ec7n th\u00e0nh n\u0103ng l\u01b0\u1ee3ng c\u01a1 h\u1ecdc, s\u1eed d\u1ee5ng nguy\u00ean l\u00fd \u0111i\u1ec7n t\u1eeb.<br \/>C\u00f3 nhi\u1ec1u lo\u1ea1i \u0111\u1ed9ng c\u01a1 \u0111i\u1ec7n, bao g\u1ed3m \u0111\u1ed9ng c\u01a1 \u0111\u1ed3ng b\u1ed9 v\u00e0 kh\u00f4ng \u0111\u1ed3ng b\u1ed9, m\u1ed7i lo\u1ea1i c\u00f3 nh\u1eefng \u0111\u1eb7c \u0111i\u1ec3m ri\u00eang ph\u00f9 h\u1ee3p v\u1edbi nhi\u1ec1u \u1ee9ng d\u1ee5ng c\u00f4ng nghi\u1ec7p v\u00e0 th\u01b0\u01a1ng m\u1ea1i kh\u00e1c nhau.<br \/>\u0110\u1ed9ng c\u01a1 \u0111\u1ed3ng b\u1ed9 s\u1eed d\u1ee5ng nam ch\u00e2m v\u0129nh c\u1eedu ho\u1eb7c nam ch\u00e2m \u0111i\u1ec7n \u0111\u1ec3 \u0111\u1ed3ng b\u1ed9 t\u1ed1c \u0111\u1ed9 quay v\u1edbi t\u1ea7n s\u1ed1 d\u00f2ng \u0111i\u1ec7n cung c\u1ea5p. Tuy nhi\u00ean, \u0111\u1ed9ng c\u01a1 kh\u00f4ng \u0111\u1ed3ng b\u1ed9 d\u1ef1a v\u00e0o t\u1eeb tr\u01b0\u1eddng quay t\u1ea1o ra chuy\u1ec3n \u0111\u1ed9ng m\u00e0 kh\u00f4ng c\u1ea7n nam ch\u00e2m v\u0129nh c\u1eedu, khi\u1ebfn ch\u00fang m\u1ea1nh m\u1ebd h\u01a1n v\u00e0 ph\u00f9 h\u1ee3p v\u1edbi \u0111i\u1ec1u ki\u1ec7n l\u00e0m vi\u1ec7c n\u1eb7ng nh\u1ecdc.<\/p>\n\t<div id=\"gap-1033935262\" class=\"gap-element clearfix\" style=\"display:block; height:auto;\">\n\t\t\n<style>\n#gap-1033935262 {\n  padding-top: 60px;\n}\n<\/style>\n\t<\/div>\n\t\n<div class=\"row\"  id=\"row-1395920590\">\n\n\t<div id=\"col-1801154217\" class=\"col medium-3 small-6 large-3\"  >\n\t\t\t\t<div class=\"col-inner text-center\" style=\"background-color:rgb(229, 229, 229);\" >\n\t\t\t\n\t<div class=\"is-border\"\n\t\tstyle=\"border-color:rgb(255, 0, 0);border-width:0px 0px 0px 0px;\">\n\t<\/div>\n\t\t\t\n\t<div class=\"img has-hover x md-x lg-x y md-y lg-y\" id=\"image_1332860024\">\n\t\t\t\t\t\t\t\t<div class=\"img-inner dark\" style=\"margin:0px 0px 0px 0px;\">\n\t\t\t<img loading=\"lazy\" decoding=\"async\" width=\"300\" height=\"300\" src=\"https:\/\/tamngocloi.com\/wp-content\/uploads\/2025\/05\/Series_MTS.jpg\" class=\"attachment-large size-large\" alt=\"\" srcset=\"https:\/\/tamngocloi.com\/wp-content\/uploads\/2025\/05\/Series_MTS.jpg 300w, https:\/\/tamngocloi.com\/wp-content\/uploads\/2025\/05\/Series_MTS-280x280.jpg 280w, https:\/\/tamngocloi.com\/wp-content\/uploads\/2025\/05\/Series_MTS-12x12.jpg 12w\" sizes=\"auto, (max-width: 300px) 100vw, 300px\" \/>\t\t\t\t\t\t\n\t\t\t\t\t<\/div>\n\t\t\t\t\t\t\t\t\n<style>\n#image_1332860024 {\n  width: 90%;\n}\n<\/style>\n\t<\/div>\n\t\n\t<div id=\"text-1345314073\" class=\"text\">\n\t\t\n<p><span style=\"font-size: 110%;\"><strong>\u0110\u1ed9ng c\u01a1 cho ho\u1ea1t \u0111\u1ed9ng \u0111i\u1ec7n<\/strong><\/span><br \/>Series MTS<br \/>\u00a0<\/p>\n\t\t\n<style>\n#text-1345314073 {\n  text-align: center;\n}\n<\/style>\n\t<\/div>\n\t\n\t\t<\/div>\n\t\t\t\t\n<style>\n#col-1801154217 > .col-inner {\n  padding: 10px 0px 0px 0px;\n  border-radius: 8px;\n}\n<\/style>\n\t<\/div>\n\n\t\n<\/div>\n\t<div id=\"gap-1399073533\" class=\"gap-element clearfix\" style=\"display:block; height:auto;\">\n\t\t\n<style>\n#gap-1399073533 {\n  padding-top: 30px;\n}\n<\/style>\n\t<\/div>","protected":false},"excerpt":{"rendered":"<p>Motors Electric motors are devices that convert electrical energy into mechanical energy, utilising the principle of electromagnetism.There are various types of electric motors, including synchronous and asynchronous motors, each with specific characteristics suited to various industrial and commercial applications.Synchronous motors use permanent magnets or electromagnets to synchronise the rotation speed with the frequency of the [&#8230;]","protected":false},"author":1,"featured_media":0,"parent":0,"menu_order":0,"comment_status":"closed","ping_status":"closed","template":"","meta":{"footnotes":""},"class_list":["post-4635","page","type-page","status-publish","hentry"],"yoast_head":"<!-- This site is optimized with the Yoast SEO plugin v25.3 - https:\/\/yoast.com\/wordpress\/plugins\/seo\/ -->\n<title>Motors - TNL Company Limited<\/title>\n<meta name=\"robots\" content=\"index, follow, max-snippet:-1, max-image-preview:large, max-video-preview:-1\" \/>\n<link rel=\"canonical\" href=\"https:\/\/tamngocloi.com\/vi\/motors\/\" \/>\n<meta property=\"og:locale\" content=\"vi_VN\" \/>\n<meta property=\"og:type\" content=\"article\" \/>\n<meta property=\"og:title\" content=\"Motors - TNL Company Limited\" \/>\n<meta property=\"og:description\" content=\"Motors Electric motors are devices that convert electrical energy into mechanical energy, utilising the principle of electromagnetism.There are various types of electric motors, including synchronous and asynchronous motors, each with specific characteristics suited to various industrial and commercial applications.Synchronous motors use permanent magnets or electromagnets to synchronise the rotation speed with the frequency of the [...]\" \/>\n<meta property=\"og:url\" content=\"https:\/\/tamngocloi.com\/vi\/motors\/\" \/>\n<meta property=\"og:site_name\" content=\"TNL Company Limited\" \/>\n<meta property=\"article:modified_time\" content=\"2025-05-23T16:33:27+00:00\" \/>\n<meta name=\"twitter:card\" content=\"summary_large_image\" \/>\n<script type=\"application\/ld+json\" class=\"yoast-schema-graph\">{\"@context\":\"https:\/\/schema.org\",\"@graph\":[{\"@type\":\"WebPage\",\"@id\":\"https:\/\/tamngocloi.com\/motors\/\",\"url\":\"https:\/\/tamngocloi.com\/motors\/\",\"name\":\"Motors - TNL Company Limited\",\"isPartOf\":{\"@id\":\"https:\/\/tamngocloi.com\/#website\"},\"datePublished\":\"2025-05-23T15:21:26+00:00\",\"dateModified\":\"2025-05-23T16:33:27+00:00\",\"breadcrumb\":{\"@id\":\"https:\/\/tamngocloi.com\/motors\/#breadcrumb\"},\"inLanguage\":\"vi\",\"potentialAction\":[{\"@type\":\"ReadAction\",\"target\":[\"https:\/\/tamngocloi.com\/motors\/\"]}]},{\"@type\":\"BreadcrumbList\",\"@id\":\"https:\/\/tamngocloi.com\/motors\/#breadcrumb\",\"itemListElement\":[{\"@type\":\"ListItem\",\"position\":1,\"name\":\"Home\",\"item\":\"https:\/\/tamngocloi.com\/\"},{\"@type\":\"ListItem\",\"position\":2,\"name\":\"Motors\"}]},{\"@type\":\"WebSite\",\"@id\":\"https:\/\/tamngocloi.com\/#website\",\"url\":\"https:\/\/tamngocloi.com\/\",\"name\":\"TNL Company Limited\",\"description\":\"\",\"publisher\":{\"@id\":\"https:\/\/tamngocloi.com\/#organization\"},\"potentialAction\":[{\"@type\":\"SearchAction\",\"target\":{\"@type\":\"EntryPoint\",\"urlTemplate\":\"https:\/\/tamngocloi.com\/?s={search_term_string}\"},\"query-input\":{\"@type\":\"PropertyValueSpecification\",\"valueRequired\":true,\"valueName\":\"search_term_string\"}}],\"inLanguage\":\"vi\"},{\"@type\":\"Organization\",\"@id\":\"https:\/\/tamngocloi.com\/#organization\",\"name\":\"TNL Company Limited\",\"url\":\"https:\/\/tamngocloi.com\/\",\"logo\":{\"@type\":\"ImageObject\",\"inLanguage\":\"vi\",\"@id\":\"https:\/\/tamngocloi.com\/#\/schema\/logo\/image\/\",\"url\":\"https:\/\/tamngocloi.com\/wp-content\/uploads\/2024\/09\/download-removebg-preview.png\",\"contentUrl\":\"https:\/\/tamngocloi.com\/wp-content\/uploads\/2024\/09\/download-removebg-preview.png\",\"width\":570,\"height\":438,\"caption\":\"TNL Company Limited\"},\"image\":{\"@id\":\"https:\/\/tamngocloi.com\/#\/schema\/logo\/image\/\"}}]}<\/script>\n<!-- \/ Yoast SEO plugin. -->","yoast_head_json":{"title":"Motors - TNL Company Limited","robots":{"index":"index","follow":"follow","max-snippet":"max-snippet:-1","max-image-preview":"max-image-preview:large","max-video-preview":"max-video-preview:-1"},"canonical":"https:\/\/tamngocloi.com\/vi\/motors\/","og_locale":"vi_VN","og_type":"article","og_title":"Motors - TNL Company Limited","og_description":"Motors Electric motors are devices that convert electrical energy into mechanical energy, utilising the principle of electromagnetism.There are various types of electric motors, including synchronous and asynchronous motors, each with specific characteristics suited to various industrial and commercial applications.Synchronous motors use permanent magnets or electromagnets to synchronise the rotation speed with the frequency of the [...]","og_url":"https:\/\/tamngocloi.com\/vi\/motors\/","og_site_name":"TNL Company Limited","article_modified_time":"2025-05-23T16:33:27+00:00","twitter_card":"summary_large_image","schema":{"@context":"https:\/\/schema.org","@graph":[{"@type":"WebPage","@id":"https:\/\/tamngocloi.com\/motors\/","url":"https:\/\/tamngocloi.com\/motors\/","name":"Motors - TNL Company Limited","isPartOf":{"@id":"https:\/\/tamngocloi.com\/#website"},"datePublished":"2025-05-23T15:21:26+00:00","dateModified":"2025-05-23T16:33:27+00:00","breadcrumb":{"@id":"https:\/\/tamngocloi.com\/motors\/#breadcrumb"},"inLanguage":"vi","potentialAction":[{"@type":"ReadAction","target":["https:\/\/tamngocloi.com\/motors\/"]}]},{"@type":"BreadcrumbList","@id":"https:\/\/tamngocloi.com\/motors\/#breadcrumb","itemListElement":[{"@type":"ListItem","position":1,"name":"Home","item":"https:\/\/tamngocloi.com\/"},{"@type":"ListItem","position":2,"name":"Motors"}]},{"@type":"WebSite","@id":"https:\/\/tamngocloi.com\/#website","url":"https:\/\/tamngocloi.com\/","name":"TNL Company Limited","description":"","publisher":{"@id":"https:\/\/tamngocloi.com\/#organization"},"potentialAction":[{"@type":"SearchAction","target":{"@type":"EntryPoint","urlTemplate":"https:\/\/tamngocloi.com\/?s={search_term_string}"},"query-input":{"@type":"PropertyValueSpecification","valueRequired":true,"valueName":"search_term_string"}}],"inLanguage":"vi"},{"@type":"Organization","@id":"https:\/\/tamngocloi.com\/#organization","name":"TNL Company Limited","url":"https:\/\/tamngocloi.com\/","logo":{"@type":"ImageObject","inLanguage":"vi","@id":"https:\/\/tamngocloi.com\/#\/schema\/logo\/image\/","url":"https:\/\/tamngocloi.com\/wp-content\/uploads\/2024\/09\/download-removebg-preview.png","contentUrl":"https:\/\/tamngocloi.com\/wp-content\/uploads\/2024\/09\/download-removebg-preview.png","width":570,"height":438,"caption":"TNL Company Limited"},"image":{"@id":"https:\/\/tamngocloi.com\/#\/schema\/logo\/image\/"}}]}},"_links":{"self":[{"href":"https:\/\/tamngocloi.com\/vi\/wp-json\/wp\/v2\/pages\/4635","targetHints":{"allow":["GET"]}}],"collection":[{"href":"https:\/\/tamngocloi.com\/vi\/wp-json\/wp\/v2\/pages"}],"about":[{"href":"https:\/\/tamngocloi.com\/vi\/wp-json\/wp\/v2\/types\/page"}],"author":[{"embeddable":true,"href":"https:\/\/tamngocloi.com\/vi\/wp-json\/wp\/v2\/users\/1"}],"replies":[{"embeddable":true,"href":"https:\/\/tamngocloi.com\/vi\/wp-json\/wp\/v2\/comments?post=4635"}],"version-history":[{"count":2,"href":"https:\/\/tamngocloi.com\/vi\/wp-json\/wp\/v2\/pages\/4635\/revisions"}],"predecessor-version":[{"id":4735,"href":"https:\/\/tamngocloi.com\/vi\/wp-json\/wp\/v2\/pages\/4635\/revisions\/4735"}],"wp:attachment":[{"href":"https:\/\/tamngocloi.com\/vi\/wp-json\/wp\/v2\/media?parent=4635"}],"curies":[{"name":"wp","href":"https:\/\/api.w.org\/{rel}","templated":true}]}}