{"id":4633,"date":"2025-05-23T22:21:00","date_gmt":"2025-05-23T15:21:00","guid":{"rendered":"https:\/\/tamngocloi.com\/?page_id=4633"},"modified":"2025-05-23T23:29:55","modified_gmt":"2025-05-23T16:29:55","slug":"drives","status":"publish","type":"page","link":"https:\/\/tamngocloi.com\/vi\/drives\/","title":{"rendered":"\u1ed4 \u0111\u0129a"},"content":{"rendered":"<div id=\"gap-373210302\" class=\"gap-element clearfix\" style=\"display:block; height:auto;\">\n\t\t\n<style>\n#gap-373210302 {\n  padding-top: 30px;\n}\n<\/style>\n\t<\/div>\n\t\n<div class=\"MainPageHeaderWrapper content-align\">\n<div>\n<h1>\u1ed4 \u0111\u0129a<\/h1>\n<\/div>\n<\/div>\n<p class=\"category-description content-align\">Truy\u1ec1n \u0111\u1ed9ng \u0111i\u1ec7n l\u00e0 thi\u1ebft b\u1ecb \u0111\u01b0\u1ee3c s\u1eed d\u1ee5ng \u0111\u1ec3 \u0111i\u1ec1u khi\u1ec3n t\u1ed1c \u0111\u1ed9, h\u01b0\u1edbng v\u00e0 h\u00e0nh vi c\u1ee7a \u0111\u1ed9ng c\u01a1 \u0111i\u1ec7n trong c\u00e1c \u1ee9ng d\u1ee5ng c\u00f4ng nghi\u1ec7p.<br \/>C\u00e1c h\u1ec7 th\u1ed1ng n\u00e0y \u0111\u00f3ng vai tr\u00f2 c\u01a1 b\u1ea3n trong t\u1ef1 \u0111\u1ed9ng h\u00f3a c\u00f4ng nghi\u1ec7p, n\u01a1i \u0111i\u1ec1u khi\u1ec3n chuy\u1ec3n \u0111\u1ed9ng ch\u00ednh x\u00e1c l\u00e0 \u0111i\u1ec1u c\u1ea7n thi\u1ebft \u0111\u1ec3 t\u1ed1i \u01b0u h\u00f3a quy tr\u00ecnh s\u1ea3n xu\u1ea5t v\u00e0 gi\u1ea3m m\u1ee9c ti\u00eau th\u1ee5 n\u0103ng l\u01b0\u1ee3ng.<br \/>B\u1ed9 truy\u1ec1n \u0111\u1ed9ng \u0111i\u1ec1u ch\u1ec9nh c\u00f4ng su\u1ea5t cung c\u1ea5p cho \u0111\u1ed9ng c\u01a1 d\u1ef1a tr\u00ean ph\u1ea3n h\u1ed3i th\u1eddi gian th\u1ef1c v\u1ec1 \u0111i\u1ec1u ki\u1ec7n l\u00e0m vi\u1ec7c, cho ph\u00e9p ki\u1ec3m so\u00e1t ch\u00ednh x\u00e1c v\u00e0 n\u0103ng \u0111\u1ed9ng hi\u1ec7u su\u1ea5t c\u1ee7a \u0111\u1ed9ng c\u01a1.<br \/>V\u1edbi s\u1ef1 ti\u1ebfn b\u1ed9 c\u1ee7a c\u00f4ng ngh\u1ec7, c\u00e1c \u1ed5 \u0111\u0129a \u0111\u00e3 tr\u1edf n\u00ean hi\u1ec7u qu\u1ea3 h\u01a1n, t\u00edch h\u1ee3p c\u00e1c t\u00ednh n\u0103ng ti\u00ean ti\u1ebfn v\u00e0 ch\u1ee9c n\u0103ng an to\u00e0n.<\/p>\n\t<div id=\"gap-1666870017\" class=\"gap-element clearfix\" style=\"display:block; height:auto;\">\n\t\t\n<style>\n#gap-1666870017 {\n  padding-top: 60px;\n}\n<\/style>\n\t<\/div>\n\t\n<div class=\"row\"  id=\"row-460348620\">\n\n\t<div id=\"col-685488727\" class=\"col medium-3 small-6 large-3\"  >\n\t\t\t\t<div class=\"col-inner text-center\" style=\"background-color:rgb(229, 229, 229);\" >\n\t\t\t\n\t<div class=\"is-border\"\n\t\tstyle=\"border-color:rgb(255, 0, 0);border-width:0px 0px 0px 0px;\">\n\t<\/div>\n\t\t\t\n\t<div class=\"img has-hover x md-x lg-x y md-y lg-y\" id=\"image_804879206\">\n\t\t\t\t\t\t\t\t<div class=\"img-inner dark\" style=\"margin:0px 0px 0px 0px;\">\n\t\t\t<img loading=\"lazy\" decoding=\"async\" width=\"300\" height=\"300\" src=\"https:\/\/tamngocloi.com\/wp-content\/uploads\/2025\/05\/Series_DRCS.jpg\" class=\"attachment-large size-large\" alt=\"\" srcset=\"https:\/\/tamngocloi.com\/wp-content\/uploads\/2025\/05\/Series_DRCS.jpg 300w, https:\/\/tamngocloi.com\/wp-content\/uploads\/2025\/05\/Series_DRCS-280x280.jpg 280w, https:\/\/tamngocloi.com\/wp-content\/uploads\/2025\/05\/Series_DRCS-12x12.jpg 12w\" sizes=\"auto, (max-width: 300px) 100vw, 300px\" \/>\t\t\t\t\t\t\n\t\t\t\t\t<\/div>\n\t\t\t\t\t\t\t\t\n<style>\n#image_804879206 {\n  width: 90%;\n}\n<\/style>\n\t<\/div>\n\t\n\t<div id=\"text-1644867871\" class=\"text\">\n\t\t\n<p><span style=\"font-size: 110%;\"><strong>\u1ed4 \u0111\u0129a cho \u0111\u1ed9ng c\u01a1 b\u01b0\u1edbc<\/strong><\/span><br \/>Series DRCS<br \/>\u00a0<br \/>\u00a0<\/p>\n\t\t\n<style>\n#text-1644867871 {\n  text-align: center;\n}\n<\/style>\n\t<\/div>\n\t\n\t\t<\/div>\n\t\t\t\t\n<style>\n#col-685488727 > .col-inner {\n  padding: 10px 0px 0px 0px;\n  border-radius: 8px;\n}\n<\/style>\n\t<\/div>\n\n\t\n\n\t<div id=\"col-114152999\" class=\"col medium-3 small-6 large-3\"  >\n\t\t\t\t<div class=\"col-inner text-center\" style=\"background-color:rgb(229, 229, 229);\" >\n\t\t\t\n\t<div class=\"is-border\"\n\t\tstyle=\"border-color:rgb(255, 0, 0);border-width:0px 0px 0px 0px;\">\n\t<\/div>\n\t\t\t\n\t<div class=\"img has-hover x md-x lg-x y md-y lg-y\" id=\"image_497814670\">\n\t\t\t\t\t\t\t\t<div class=\"img-inner dark\" style=\"margin:0px 0px 0px 0px;\">\n\t\t\t<img loading=\"lazy\" decoding=\"async\" width=\"704\" height=\"704\" src=\"https:\/\/tamngocloi.com\/wp-content\/uploads\/2025\/05\/DRVI.jpg\" class=\"attachment-large size-large\" alt=\"\" srcset=\"https:\/\/tamngocloi.com\/wp-content\/uploads\/2025\/05\/DRVI.jpg 704w, https:\/\/tamngocloi.com\/wp-content\/uploads\/2025\/05\/DRVI-400x400.jpg 400w, https:\/\/tamngocloi.com\/wp-content\/uploads\/2025\/05\/DRVI-280x280.jpg 280w, https:\/\/tamngocloi.com\/wp-content\/uploads\/2025\/05\/DRVI-12x12.jpg 12w\" sizes=\"auto, (max-width: 704px) 100vw, 704px\" \/>\t\t\t\t\t\t\n\t\t\t\t\t<\/div>\n\t\t\t\t\t\t\t\t\n<style>\n#image_497814670 {\n  width: 90%;\n}\n<\/style>\n\t<\/div>\n\t\n\t<div id=\"text-1296325321\" class=\"text\">\n\t\t\n<p><span style=\"font-size: 110%;\"><strong>B\u1ed9 \u0111i\u1ec1u khi\u1ec3n h\u01b0\u1edbng tr\u01b0\u1eddng t\u00edch h\u1ee3p<\/strong><\/span><br \/>Series DRVI<br \/>\u00a0<\/p>\n\t\t\n<style>\n#text-1296325321 {\n  text-align: center;\n}\n<\/style>\n\t<\/div>\n\t\n\t\t<\/div>\n\t\t\t\t\n<style>\n#col-114152999 > .col-inner {\n  padding: 10px 0px 0px 0px;\n  border-radius: 8px;\n}\n<\/style>\n\t<\/div>\n\n\t\n<\/div>\n\t<div id=\"gap-2059841136\" class=\"gap-element clearfix\" style=\"display:block; height:auto;\">\n\t\t\n<style>\n#gap-2059841136 {\n  padding-top: 30px;\n}\n<\/style>\n\t<\/div>","protected":false},"excerpt":{"rendered":"<p>Drives Electric drives are devices used to control the speed, direction, and behaviour of electric motors in industrial applications.These systems are fundamental in industrial automation, where precise motion control is essential for optimising production processes and reducing energy consumption.Drives modulate the power supplied to motors based on real-time feedback on working conditions, allowing fine and [&#8230;]","protected":false},"author":1,"featured_media":0,"parent":0,"menu_order":0,"comment_status":"closed","ping_status":"closed","template":"","meta":{"footnotes":""},"class_list":["post-4633","page","type-page","status-publish","hentry"],"yoast_head":"<!-- This site is optimized with the Yoast SEO plugin v25.3 - https:\/\/yoast.com\/wordpress\/plugins\/seo\/ -->\n<title>Drives - TNL Company Limited<\/title>\n<meta name=\"robots\" content=\"index, follow, max-snippet:-1, max-image-preview:large, max-video-preview:-1\" \/>\n<link rel=\"canonical\" href=\"https:\/\/tamngocloi.com\/vi\/drives\/\" \/>\n<meta property=\"og:locale\" content=\"vi_VN\" \/>\n<meta property=\"og:type\" content=\"article\" \/>\n<meta property=\"og:title\" content=\"Drives - TNL Company Limited\" \/>\n<meta property=\"og:description\" content=\"Drives Electric drives are devices used to control the speed, direction, and behaviour of electric motors in industrial applications.These systems are fundamental in industrial automation, where precise motion control is essential for optimising production processes and reducing energy consumption.Drives modulate the power supplied to motors based on real-time feedback on working conditions, allowing fine and [...]\" \/>\n<meta property=\"og:url\" content=\"https:\/\/tamngocloi.com\/vi\/drives\/\" \/>\n<meta property=\"og:site_name\" content=\"TNL Company Limited\" \/>\n<meta property=\"article:modified_time\" content=\"2025-05-23T16:29:55+00:00\" \/>\n<meta name=\"twitter:card\" content=\"summary_large_image\" \/>\n<script type=\"application\/ld+json\" class=\"yoast-schema-graph\">{\"@context\":\"https:\/\/schema.org\",\"@graph\":[{\"@type\":\"WebPage\",\"@id\":\"https:\/\/tamngocloi.com\/drives\/\",\"url\":\"https:\/\/tamngocloi.com\/drives\/\",\"name\":\"Drives - TNL Company Limited\",\"isPartOf\":{\"@id\":\"https:\/\/tamngocloi.com\/#website\"},\"datePublished\":\"2025-05-23T15:21:00+00:00\",\"dateModified\":\"2025-05-23T16:29:55+00:00\",\"breadcrumb\":{\"@id\":\"https:\/\/tamngocloi.com\/drives\/#breadcrumb\"},\"inLanguage\":\"vi\",\"potentialAction\":[{\"@type\":\"ReadAction\",\"target\":[\"https:\/\/tamngocloi.com\/drives\/\"]}]},{\"@type\":\"BreadcrumbList\",\"@id\":\"https:\/\/tamngocloi.com\/drives\/#breadcrumb\",\"itemListElement\":[{\"@type\":\"ListItem\",\"position\":1,\"name\":\"Home\",\"item\":\"https:\/\/tamngocloi.com\/\"},{\"@type\":\"ListItem\",\"position\":2,\"name\":\"Drives\"}]},{\"@type\":\"WebSite\",\"@id\":\"https:\/\/tamngocloi.com\/#website\",\"url\":\"https:\/\/tamngocloi.com\/\",\"name\":\"TNL Company Limited\",\"description\":\"\",\"publisher\":{\"@id\":\"https:\/\/tamngocloi.com\/#organization\"},\"potentialAction\":[{\"@type\":\"SearchAction\",\"target\":{\"@type\":\"EntryPoint\",\"urlTemplate\":\"https:\/\/tamngocloi.com\/?s={search_term_string}\"},\"query-input\":{\"@type\":\"PropertyValueSpecification\",\"valueRequired\":true,\"valueName\":\"search_term_string\"}}],\"inLanguage\":\"vi\"},{\"@type\":\"Organization\",\"@id\":\"https:\/\/tamngocloi.com\/#organization\",\"name\":\"TNL Company Limited\",\"url\":\"https:\/\/tamngocloi.com\/\",\"logo\":{\"@type\":\"ImageObject\",\"inLanguage\":\"vi\",\"@id\":\"https:\/\/tamngocloi.com\/#\/schema\/logo\/image\/\",\"url\":\"https:\/\/tamngocloi.com\/wp-content\/uploads\/2024\/09\/download-removebg-preview.png\",\"contentUrl\":\"https:\/\/tamngocloi.com\/wp-content\/uploads\/2024\/09\/download-removebg-preview.png\",\"width\":570,\"height\":438,\"caption\":\"TNL Company Limited\"},\"image\":{\"@id\":\"https:\/\/tamngocloi.com\/#\/schema\/logo\/image\/\"}}]}<\/script>\n<!-- \/ Yoast SEO plugin. -->","yoast_head_json":{"title":"Drives - TNL Company Limited","robots":{"index":"index","follow":"follow","max-snippet":"max-snippet:-1","max-image-preview":"max-image-preview:large","max-video-preview":"max-video-preview:-1"},"canonical":"https:\/\/tamngocloi.com\/vi\/drives\/","og_locale":"vi_VN","og_type":"article","og_title":"Drives - TNL Company Limited","og_description":"Drives Electric drives are devices used to control the speed, direction, and behaviour of electric motors in industrial applications.These systems are fundamental in industrial automation, where precise motion control is essential for optimising production processes and reducing energy consumption.Drives modulate the power supplied to motors based on real-time feedback on working conditions, allowing fine and [...]","og_url":"https:\/\/tamngocloi.com\/vi\/drives\/","og_site_name":"TNL Company Limited","article_modified_time":"2025-05-23T16:29:55+00:00","twitter_card":"summary_large_image","schema":{"@context":"https:\/\/schema.org","@graph":[{"@type":"WebPage","@id":"https:\/\/tamngocloi.com\/drives\/","url":"https:\/\/tamngocloi.com\/drives\/","name":"Drives - TNL Company Limited","isPartOf":{"@id":"https:\/\/tamngocloi.com\/#website"},"datePublished":"2025-05-23T15:21:00+00:00","dateModified":"2025-05-23T16:29:55+00:00","breadcrumb":{"@id":"https:\/\/tamngocloi.com\/drives\/#breadcrumb"},"inLanguage":"vi","potentialAction":[{"@type":"ReadAction","target":["https:\/\/tamngocloi.com\/drives\/"]}]},{"@type":"BreadcrumbList","@id":"https:\/\/tamngocloi.com\/drives\/#breadcrumb","itemListElement":[{"@type":"ListItem","position":1,"name":"Home","item":"https:\/\/tamngocloi.com\/"},{"@type":"ListItem","position":2,"name":"Drives"}]},{"@type":"WebSite","@id":"https:\/\/tamngocloi.com\/#website","url":"https:\/\/tamngocloi.com\/","name":"TNL Company Limited","description":"","publisher":{"@id":"https:\/\/tamngocloi.com\/#organization"},"potentialAction":[{"@type":"SearchAction","target":{"@type":"EntryPoint","urlTemplate":"https:\/\/tamngocloi.com\/?s={search_term_string}"},"query-input":{"@type":"PropertyValueSpecification","valueRequired":true,"valueName":"search_term_string"}}],"inLanguage":"vi"},{"@type":"Organization","@id":"https:\/\/tamngocloi.com\/#organization","name":"TNL Company Limited","url":"https:\/\/tamngocloi.com\/","logo":{"@type":"ImageObject","inLanguage":"vi","@id":"https:\/\/tamngocloi.com\/#\/schema\/logo\/image\/","url":"https:\/\/tamngocloi.com\/wp-content\/uploads\/2024\/09\/download-removebg-preview.png","contentUrl":"https:\/\/tamngocloi.com\/wp-content\/uploads\/2024\/09\/download-removebg-preview.png","width":570,"height":438,"caption":"TNL Company Limited"},"image":{"@id":"https:\/\/tamngocloi.com\/#\/schema\/logo\/image\/"}}]}},"_links":{"self":[{"href":"https:\/\/tamngocloi.com\/vi\/wp-json\/wp\/v2\/pages\/4633","targetHints":{"allow":["GET"]}}],"collection":[{"href":"https:\/\/tamngocloi.com\/vi\/wp-json\/wp\/v2\/pages"}],"about":[{"href":"https:\/\/tamngocloi.com\/vi\/wp-json\/wp\/v2\/types\/page"}],"author":[{"embeddable":true,"href":"https:\/\/tamngocloi.com\/vi\/wp-json\/wp\/v2\/users\/1"}],"replies":[{"embeddable":true,"href":"https:\/\/tamngocloi.com\/vi\/wp-json\/wp\/v2\/comments?post=4633"}],"version-history":[{"count":6,"href":"https:\/\/tamngocloi.com\/vi\/wp-json\/wp\/v2\/pages\/4633\/revisions"}],"predecessor-version":[{"id":4734,"href":"https:\/\/tamngocloi.com\/vi\/wp-json\/wp\/v2\/pages\/4633\/revisions\/4734"}],"wp:attachment":[{"href":"https:\/\/tamngocloi.com\/vi\/wp-json\/wp\/v2\/media?parent=4633"}],"curies":[{"name":"wp","href":"https:\/\/api.w.org\/{rel}","templated":true}]}}