{"id":4631,"date":"2025-05-23T22:20:37","date_gmt":"2025-05-23T15:20:37","guid":{"rendered":"https:\/\/tamngocloi.com\/?page_id=4631"},"modified":"2025-05-23T23:24:41","modified_gmt":"2025-05-23T16:24:41","slug":"electromechanical-axes","status":"publish","type":"page","link":"https:\/\/tamngocloi.com\/vi\/electromechanical-axes\/","title":{"rendered":"Tr\u1ee5c c\u01a1 \u0111i\u1ec7n"},"content":{"rendered":"<div id=\"gap-1208484269\" class=\"gap-element clearfix\" style=\"display:block; height:auto;\">\n\t\t\n<style>\n#gap-1208484269 {\n  padding-top: 30px;\n}\n<\/style>\n\t<\/div>\n\t\n<div class=\"MainPageHeaderWrapper content-align\">\n<h1>Tr\u1ee5c c\u01a1 \u0111i\u1ec7n<\/h1>\n<\/div>\n<p class=\"category-description content-align\">Tr\u1ee5c \u0111i\u1ec7n l\u00e0 th\u00e0nh ph\u1ea7n quan tr\u1ecdng trong h\u1ec7 th\u1ed1ng t\u1ef1 \u0111\u1ed9ng h\u00f3a gi\u00fap t\u1ea1o \u0111i\u1ec1u ki\u1ec7n cho c\u00e1c chuy\u1ec3n \u0111\u1ed9ng ch\u00ednh x\u00e1c v\u00e0 c\u00f3 ki\u1ec3m so\u00e1t theo c\u00e1c h\u01b0\u1edbng c\u1ee5 th\u1ec3.<br \/>C\u00e1c thi\u1ebft b\u1ecb n\u00e0y s\u1eed d\u1ee5ng \u0111\u1ed9ng c\u01a1 \u0111i\u1ec7n \u0111\u1ec3 chuy\u1ec3n \u0111\u1ed5i n\u0103ng l\u01b0\u1ee3ng \u0111i\u1ec7n th\u00e0nh chuy\u1ec3n \u0111\u1ed9ng c\u01a1 h\u1ecdc, cho ph\u00e9p ki\u1ec3m so\u00e1t ch\u00ednh x\u00e1c t\u1ed1c \u0111\u1ed9, v\u1ecb tr\u00ed v\u00e0 gia t\u1ed1c.<br \/>Ch\u00fang r\u1ea5t c\u1ea7n thi\u1ebft cho c\u00e1c \u1ee9ng d\u1ee5ng \u0111\u00f2i h\u1ecfi \u0111\u1ed9 ch\u00ednh x\u00e1c v\u00e0 kh\u1ea3 n\u0103ng l\u1eb7p l\u1ea1i cao, ch\u1eb3ng h\u1ea1n nh\u01b0 \u0111\u1ecbnh v\u1ecb trong d\u00e2y chuy\u1ec1n s\u1ea3n xu\u1ea5t t\u1ef1 \u0111\u1ed9ng v\u00e0 x\u1eed l\u00fd c\u00e1c v\u1eadt li\u1ec7u m\u1ecfng manh.<br \/>Vi\u1ec7c t\u00edch h\u1ee3p ch\u00fang v\u1edbi ph\u1ea7n m\u1ec1m ti\u00ean ti\u1ebfn cho ph\u00e9p l\u1eadp tr\u00ecnh v\u00e0 qu\u1ea3n l\u00fd \u0111\u01a1n gi\u1ea3n h\u01a1n, n\u00e2ng cao hi\u1ec7u qu\u1ea3 ho\u1ea1t \u0111\u1ed9ng.<br \/>H\u01a1n n\u1eefa, tr\u1ee5c \u0111i\u1ec7n cung c\u1ea5p gi\u1ea3i ph\u00e1p b\u1ec1n v\u1eefng v\u00e0 ti\u1ebft ki\u1ec7m n\u0103ng l\u01b0\u1ee3ng so v\u1edbi h\u1ec7 th\u1ed1ng kh\u00ed n\u00e9n ho\u1eb7c th\u1ee7y l\u1ef1c truy\u1ec1n th\u1ed1ng.<\/p>\n\t<div id=\"gap-2131446681\" class=\"gap-element clearfix\" style=\"display:block; height:auto;\">\n\t\t\n<style>\n#gap-2131446681 {\n  padding-top: 60px;\n}\n<\/style>\n\t<\/div>\n\t\n<div class=\"row\"  id=\"row-1600815389\">\n\n\t<div id=\"col-434927379\" class=\"col medium-3 small-6 large-3\"  >\n\t\t\t\t<div class=\"col-inner text-center\" style=\"background-color:rgb(229, 229, 229);\" >\n\t\t\t\n\t<div class=\"is-border\"\n\t\tstyle=\"border-color:rgb(255, 0, 0);border-width:0px 0px 0px 0px;\">\n\t<\/div>\n\t\t\t\n\t<div class=\"img has-hover x md-x lg-x y md-y lg-y\" id=\"image_1214273514\">\n\t\t\t\t\t\t\t\t<div class=\"img-inner dark\" style=\"margin:0px 0px 0px 0px;\">\n\t\t\t<img loading=\"lazy\" decoding=\"async\" width=\"300\" height=\"300\" src=\"https:\/\/tamngocloi.com\/wp-content\/uploads\/2025\/05\/Series_5ES_TBL.jpg\" class=\"attachment-large size-large\" alt=\"\" srcset=\"https:\/\/tamngocloi.com\/wp-content\/uploads\/2025\/05\/Series_5ES_TBL.jpg 300w, https:\/\/tamngocloi.com\/wp-content\/uploads\/2025\/05\/Series_5ES_TBL-280x280.jpg 280w, https:\/\/tamngocloi.com\/wp-content\/uploads\/2025\/05\/Series_5ES_TBL-12x12.jpg 12w\" sizes=\"auto, (max-width: 300px) 100vw, 300px\" \/>\t\t\t\t\t\t\n\t\t\t\t\t<\/div>\n\t\t\t\t\t\t\t\t\n<style>\n#image_1214273514 {\n  width: 90%;\n}\n<\/style>\n\t<\/div>\n\t\n\t<div id=\"text-303811816\" class=\"text\">\n\t\t\n<p><span style=\"font-size: 110%;\"><strong>Tr\u1ee5c c\u01a1 \u0111i\u1ec7n<\/strong><\/span><br \/>Series 5ES&#8230;TBL<br \/>\u00a0<\/p>\n\t\t\n<style>\n#text-303811816 {\n  text-align: center;\n}\n<\/style>\n\t<\/div>\n\t\n\t\t<\/div>\n\t\t\t\t\n<style>\n#col-434927379 > .col-inner {\n  padding: 10px 0px 0px 0px;\n  border-radius: 8px;\n}\n<\/style>\n\t<\/div>\n\n\t\n\n\t<div id=\"col-1662641821\" class=\"col medium-3 small-6 large-3\"  >\n\t\t\t\t<div class=\"col-inner text-center\" style=\"background-color:rgb(229, 229, 229);\" >\n\t\t\t\n\t<div class=\"is-border\"\n\t\tstyle=\"border-color:rgb(255, 0, 0);border-width:0px 0px 0px 0px;\">\n\t<\/div>\n\t\t\t\n\t<div class=\"img has-hover x md-x lg-x y md-y lg-y\" id=\"image_1142781158\">\n\t\t\t\t\t\t\t\t<div class=\"img-inner dark\" style=\"margin:0px 0px 0px 0px;\">\n\t\t\t<img loading=\"lazy\" decoding=\"async\" width=\"300\" height=\"300\" src=\"https:\/\/tamngocloi.com\/wp-content\/uploads\/2025\/05\/Series_5ES_BS.jpg\" class=\"attachment-large size-large\" alt=\"\" srcset=\"https:\/\/tamngocloi.com\/wp-content\/uploads\/2025\/05\/Series_5ES_BS.jpg 300w, https:\/\/tamngocloi.com\/wp-content\/uploads\/2025\/05\/Series_5ES_BS-280x280.jpg 280w, https:\/\/tamngocloi.com\/wp-content\/uploads\/2025\/05\/Series_5ES_BS-12x12.jpg 12w\" sizes=\"auto, (max-width: 300px) 100vw, 300px\" \/>\t\t\t\t\t\t\n\t\t\t\t\t<\/div>\n\t\t\t\t\t\t\t\t\n<style>\n#image_1142781158 {\n  width: 90%;\n}\n<\/style>\n\t<\/div>\n\t\n\t<div id=\"text-3218146996\" class=\"text\">\n\t\t\n<p><span style=\"font-size: 110%;\"><strong>Tr\u1ee5c c\u01a1 \u0111i\u1ec7n<\/strong><\/span><br \/>Series 5ES&#8230;BS<br \/>\u00a0<\/p>\n\t\t\n<style>\n#text-3218146996 {\n  text-align: center;\n}\n<\/style>\n\t<\/div>\n\t\n\t\t<\/div>\n\t\t\t\t\n<style>\n#col-1662641821 > .col-inner {\n  padding: 10px 0px 0px 0px;\n  border-radius: 8px;\n}\n<\/style>\n\t<\/div>\n\n\t\n\n\t<div id=\"col-972538633\" class=\"col medium-3 small-6 large-3\"  >\n\t\t\t\t<div class=\"col-inner text-center\" style=\"background-color:rgb(229, 229, 229);\" >\n\t\t\t\n\t<div class=\"is-border\"\n\t\tstyle=\"border-color:rgb(255, 0, 0);border-width:0px 0px 0px 0px;\">\n\t<\/div>\n\t\t\t\n\t<div class=\"img has-hover x md-x lg-x y md-y lg-y\" id=\"image_1315471568\">\n\t\t\t\t\t\t\t\t<div class=\"img-inner dark\" style=\"margin:0px 0px 0px 0px;\">\n\t\t\t<img loading=\"lazy\" decoding=\"async\" width=\"300\" height=\"300\" src=\"https:\/\/tamngocloi.com\/wp-content\/uploads\/2025\/05\/Series_5V.jpg\" class=\"attachment-large size-large\" alt=\"\" srcset=\"https:\/\/tamngocloi.com\/wp-content\/uploads\/2025\/05\/Series_5V.jpg 300w, https:\/\/tamngocloi.com\/wp-content\/uploads\/2025\/05\/Series_5V-280x280.jpg 280w, https:\/\/tamngocloi.com\/wp-content\/uploads\/2025\/05\/Series_5V-12x12.jpg 12w\" sizes=\"auto, (max-width: 300px) 100vw, 300px\" \/>\t\t\t\t\t\t\n\t\t\t\t\t<\/div>\n\t\t\t\t\t\t\t\t\n<style>\n#image_1315471568 {\n  width: 90%;\n}\n<\/style>\n\t<\/div>\n\t\n\t<div id=\"text-1864366937\" class=\"text\">\n\t\t\n<p><strong><span style=\"font-size: 110%;\">Tr\u1ee5c c\u01a1 \u0111i\u1ec7n th\u1eb3ng \u0111\u1ee9ng<\/span><br \/><\/strong> Series 5V<br \/>\u00a0<\/p>\n\t\t\n<style>\n#text-1864366937 {\n  text-align: center;\n}\n<\/style>\n\t<\/div>\n\t\n\t\t<\/div>\n\t\t\t\t\n<style>\n#col-972538633 > .col-inner {\n  padding: 10px 0px 0px 0px;\n  border-radius: 8px;\n}\n<\/style>\n\t<\/div>\n\n\t\n<\/div>\n\t<div id=\"gap-1588776961\" class=\"gap-element clearfix\" style=\"display:block; height:auto;\">\n\t\t\n<style>\n#gap-1588776961 {\n  padding-top: 30px;\n}\n<\/style>\n\t<\/div>","protected":false},"excerpt":{"rendered":"<p>Electromechanical axes Electric axes are critical components in automation systems that facilitate precise and controlled movements in specific directions.These devices use electric motors to convert electrical energy into mechanical motion, allowing accurate control of speed, position, and acceleration.They are essential for applications requiring high repeatability and precision, such as positioning in automated production lines and [&#8230;]","protected":false},"author":1,"featured_media":0,"parent":0,"menu_order":0,"comment_status":"closed","ping_status":"closed","template":"","meta":{"footnotes":""},"class_list":["post-4631","page","type-page","status-publish","hentry"],"yoast_head":"<!-- This site is optimized with the Yoast SEO plugin v25.3 - https:\/\/yoast.com\/wordpress\/plugins\/seo\/ -->\n<title>Electromechanical axes - TNL Company Limited<\/title>\n<meta name=\"robots\" content=\"index, follow, max-snippet:-1, max-image-preview:large, max-video-preview:-1\" \/>\n<link rel=\"canonical\" href=\"https:\/\/tamngocloi.com\/vi\/electromechanical-axes\/\" \/>\n<meta property=\"og:locale\" content=\"vi_VN\" \/>\n<meta property=\"og:type\" content=\"article\" \/>\n<meta property=\"og:title\" content=\"Electromechanical axes - TNL Company Limited\" \/>\n<meta property=\"og:description\" content=\"Electromechanical axes Electric axes are critical components in automation systems that facilitate precise and controlled movements in specific directions.These devices use electric motors to convert electrical energy into mechanical motion, allowing accurate control of speed, position, and acceleration.They are essential for applications requiring high repeatability and precision, such as positioning in automated production lines and [...]\" \/>\n<meta property=\"og:url\" content=\"https:\/\/tamngocloi.com\/vi\/electromechanical-axes\/\" \/>\n<meta property=\"og:site_name\" content=\"TNL Company Limited\" \/>\n<meta property=\"article:modified_time\" content=\"2025-05-23T16:24:41+00:00\" \/>\n<meta name=\"twitter:card\" content=\"summary_large_image\" \/>\n<script type=\"application\/ld+json\" class=\"yoast-schema-graph\">{\"@context\":\"https:\/\/schema.org\",\"@graph\":[{\"@type\":\"WebPage\",\"@id\":\"https:\/\/tamngocloi.com\/electromechanical-axes\/\",\"url\":\"https:\/\/tamngocloi.com\/electromechanical-axes\/\",\"name\":\"Electromechanical axes - TNL Company Limited\",\"isPartOf\":{\"@id\":\"https:\/\/tamngocloi.com\/#website\"},\"datePublished\":\"2025-05-23T15:20:37+00:00\",\"dateModified\":\"2025-05-23T16:24:41+00:00\",\"breadcrumb\":{\"@id\":\"https:\/\/tamngocloi.com\/electromechanical-axes\/#breadcrumb\"},\"inLanguage\":\"vi\",\"potentialAction\":[{\"@type\":\"ReadAction\",\"target\":[\"https:\/\/tamngocloi.com\/electromechanical-axes\/\"]}]},{\"@type\":\"BreadcrumbList\",\"@id\":\"https:\/\/tamngocloi.com\/electromechanical-axes\/#breadcrumb\",\"itemListElement\":[{\"@type\":\"ListItem\",\"position\":1,\"name\":\"Home\",\"item\":\"https:\/\/tamngocloi.com\/\"},{\"@type\":\"ListItem\",\"position\":2,\"name\":\"Electromechanical axes\"}]},{\"@type\":\"WebSite\",\"@id\":\"https:\/\/tamngocloi.com\/#website\",\"url\":\"https:\/\/tamngocloi.com\/\",\"name\":\"TNL Company Limited\",\"description\":\"\",\"publisher\":{\"@id\":\"https:\/\/tamngocloi.com\/#organization\"},\"potentialAction\":[{\"@type\":\"SearchAction\",\"target\":{\"@type\":\"EntryPoint\",\"urlTemplate\":\"https:\/\/tamngocloi.com\/?s={search_term_string}\"},\"query-input\":{\"@type\":\"PropertyValueSpecification\",\"valueRequired\":true,\"valueName\":\"search_term_string\"}}],\"inLanguage\":\"vi\"},{\"@type\":\"Organization\",\"@id\":\"https:\/\/tamngocloi.com\/#organization\",\"name\":\"TNL Company Limited\",\"url\":\"https:\/\/tamngocloi.com\/\",\"logo\":{\"@type\":\"ImageObject\",\"inLanguage\":\"vi\",\"@id\":\"https:\/\/tamngocloi.com\/#\/schema\/logo\/image\/\",\"url\":\"https:\/\/tamngocloi.com\/wp-content\/uploads\/2024\/09\/download-removebg-preview.png\",\"contentUrl\":\"https:\/\/tamngocloi.com\/wp-content\/uploads\/2024\/09\/download-removebg-preview.png\",\"width\":570,\"height\":438,\"caption\":\"TNL Company Limited\"},\"image\":{\"@id\":\"https:\/\/tamngocloi.com\/#\/schema\/logo\/image\/\"}}]}<\/script>\n<!-- \/ Yoast SEO plugin. -->","yoast_head_json":{"title":"Electromechanical axes - TNL Company Limited","robots":{"index":"index","follow":"follow","max-snippet":"max-snippet:-1","max-image-preview":"max-image-preview:large","max-video-preview":"max-video-preview:-1"},"canonical":"https:\/\/tamngocloi.com\/vi\/electromechanical-axes\/","og_locale":"vi_VN","og_type":"article","og_title":"Electromechanical axes - TNL Company Limited","og_description":"Electromechanical axes Electric axes are critical components in automation systems that facilitate precise and controlled movements in specific directions.These devices use electric motors to convert electrical energy into mechanical motion, allowing accurate control of speed, position, and acceleration.They are essential for applications requiring high repeatability and precision, such as positioning in automated production lines and [...]","og_url":"https:\/\/tamngocloi.com\/vi\/electromechanical-axes\/","og_site_name":"TNL Company Limited","article_modified_time":"2025-05-23T16:24:41+00:00","twitter_card":"summary_large_image","schema":{"@context":"https:\/\/schema.org","@graph":[{"@type":"WebPage","@id":"https:\/\/tamngocloi.com\/electromechanical-axes\/","url":"https:\/\/tamngocloi.com\/electromechanical-axes\/","name":"Electromechanical axes - TNL Company Limited","isPartOf":{"@id":"https:\/\/tamngocloi.com\/#website"},"datePublished":"2025-05-23T15:20:37+00:00","dateModified":"2025-05-23T16:24:41+00:00","breadcrumb":{"@id":"https:\/\/tamngocloi.com\/electromechanical-axes\/#breadcrumb"},"inLanguage":"vi","potentialAction":[{"@type":"ReadAction","target":["https:\/\/tamngocloi.com\/electromechanical-axes\/"]}]},{"@type":"BreadcrumbList","@id":"https:\/\/tamngocloi.com\/electromechanical-axes\/#breadcrumb","itemListElement":[{"@type":"ListItem","position":1,"name":"Home","item":"https:\/\/tamngocloi.com\/"},{"@type":"ListItem","position":2,"name":"Electromechanical axes"}]},{"@type":"WebSite","@id":"https:\/\/tamngocloi.com\/#website","url":"https:\/\/tamngocloi.com\/","name":"TNL Company Limited","description":"","publisher":{"@id":"https:\/\/tamngocloi.com\/#organization"},"potentialAction":[{"@type":"SearchAction","target":{"@type":"EntryPoint","urlTemplate":"https:\/\/tamngocloi.com\/?s={search_term_string}"},"query-input":{"@type":"PropertyValueSpecification","valueRequired":true,"valueName":"search_term_string"}}],"inLanguage":"vi"},{"@type":"Organization","@id":"https:\/\/tamngocloi.com\/#organization","name":"TNL Company Limited","url":"https:\/\/tamngocloi.com\/","logo":{"@type":"ImageObject","inLanguage":"vi","@id":"https:\/\/tamngocloi.com\/#\/schema\/logo\/image\/","url":"https:\/\/tamngocloi.com\/wp-content\/uploads\/2024\/09\/download-removebg-preview.png","contentUrl":"https:\/\/tamngocloi.com\/wp-content\/uploads\/2024\/09\/download-removebg-preview.png","width":570,"height":438,"caption":"TNL Company Limited"},"image":{"@id":"https:\/\/tamngocloi.com\/#\/schema\/logo\/image\/"}}]}},"_links":{"self":[{"href":"https:\/\/tamngocloi.com\/vi\/wp-json\/wp\/v2\/pages\/4631","targetHints":{"allow":["GET"]}}],"collection":[{"href":"https:\/\/tamngocloi.com\/vi\/wp-json\/wp\/v2\/pages"}],"about":[{"href":"https:\/\/tamngocloi.com\/vi\/wp-json\/wp\/v2\/types\/page"}],"author":[{"embeddable":true,"href":"https:\/\/tamngocloi.com\/vi\/wp-json\/wp\/v2\/users\/1"}],"replies":[{"embeddable":true,"href":"https:\/\/tamngocloi.com\/vi\/wp-json\/wp\/v2\/comments?post=4631"}],"version-history":[{"count":4,"href":"https:\/\/tamngocloi.com\/vi\/wp-json\/wp\/v2\/pages\/4631\/revisions"}],"predecessor-version":[{"id":4729,"href":"https:\/\/tamngocloi.com\/vi\/wp-json\/wp\/v2\/pages\/4631\/revisions\/4729"}],"wp:attachment":[{"href":"https:\/\/tamngocloi.com\/vi\/wp-json\/wp\/v2\/media?parent=4631"}],"curies":[{"name":"wp","href":"https:\/\/api.w.org\/{rel}","templated":true}]}}