{"id":4629,"date":"2025-05-23T22:20:06","date_gmt":"2025-05-23T15:20:06","guid":{"rendered":"https:\/\/tamngocloi.com\/?page_id=4629"},"modified":"2025-05-24T23:29:03","modified_gmt":"2025-05-24T16:29:03","slug":"electromechanical-cylinders","status":"publish","type":"page","link":"https:\/\/tamngocloi.com\/vi\/electromechanical-cylinders\/","title":{"rendered":"Xi lanh c\u01a1 \u0111i\u1ec7n"},"content":{"rendered":"<div id=\"gap-1227062713\" class=\"gap-element clearfix\" style=\"display:block; height:auto;\">\n\t\t\n<style>\n#gap-1227062713 {\n  padding-top: 30px;\n}\n<\/style>\n\t<\/div>\n\t\n<div class=\"MainPageHeaderWrapper content-align\">\n<div>\n<h1>Xi lanh c\u01a1 \u0111i\u1ec7n<\/h1>\n<p class=\"category-description content-align\">C\u00e1c xi lanh n\u00e0y \u0111\u01b0\u1ee3c s\u1eed d\u1ee5ng trong nhi\u1ec1u \u1ee9ng d\u1ee5ng c\u00f4ng nghi\u1ec7p \u0111\u00f2i h\u1ecfi kh\u1ea3 n\u0103ng \u0111i\u1ec1u khi\u1ec3n chuy\u1ec3n \u0111\u1ed9ng ch\u00ednh x\u00e1c, ch\u1eb3ng h\u1ea1n nh\u01b0 trong l\u1eafp r\u00e1p t\u1ef1 \u0111\u1ed9ng, r\u00f4 b\u1ed1t v\u00e0 h\u1ec7 th\u1ed1ng \u0111\u00f3ng g\u00f3i.<br \/>Nh\u1edd kh\u1ea3 n\u0103ng \u0111i\u1ec1u ch\u1ec9nh ch\u00ednh x\u00e1c v\u1ecb tr\u00ed, t\u1ed1c \u0111\u1ed9 v\u00e0 l\u1ef1c, xi lanh c\u01a1 \u0111i\u1ec7n l\u00e0 gi\u1ea3i ph\u00e1p hi\u1ec7u qu\u1ea3 v\u00e0 linh ho\u1ea1t h\u01a1n so v\u1edbi xi lanh kh\u00ed n\u00e9n ho\u1eb7c th\u1ee7y l\u1ef1c truy\u1ec1n th\u1ed1ng.<br \/>Ch\u00fang c\u0169ng \u0111\u01b0\u1ee3c trang b\u1ecb c\u00e1c c\u1ea3m bi\u1ebfn t\u00edch h\u1ee3p cung c\u1ea5p ph\u1ea3n h\u1ed3i th\u1eddi gian th\u1ef1c v\u1ec1 \u0111i\u1ec1u ki\u1ec7n v\u1eadn h\u00e0nh, do \u0111\u00f3 c\u1ea3i thi\u1ec7n hi\u1ec7u qu\u1ea3 v\u00e0 \u0111\u1ed9 an to\u00e0n c\u1ee7a quy tr\u00ecnh.<\/p>\n<\/div>\n<\/div>\n\t<div id=\"gap-1978785524\" class=\"gap-element clearfix\" style=\"display:block; height:auto;\">\n\t\t\n<style>\n#gap-1978785524 {\n  padding-top: 60px;\n}\n<\/style>\n\t<\/div>\n\t\n<div class=\"row\"  id=\"row-161022834\">\n\n\t<div id=\"col-1380592171\" class=\"col medium-3 small-6 large-3\"  >\n\t\t\t\t<div class=\"col-inner text-center\" style=\"background-color:rgb(229, 229, 229);\" >\n\t\t\t\n\t<div class=\"is-border\"\n\t\tstyle=\"border-color:rgb(255, 0, 0);border-width:0px 0px 0px 0px;\">\n\t<\/div>\n\t\t\t\n\t<div class=\"img has-hover x md-x lg-x y md-y lg-y\" id=\"image_561237278\">\n\t\t\t\t\t\t\t\t<div class=\"img-inner dark\" style=\"margin:0px 0px 0px 0px;\">\n\t\t\t<img loading=\"lazy\" decoding=\"async\" width=\"300\" height=\"300\" src=\"https:\/\/tamngocloi.com\/wp-content\/uploads\/2025\/05\/Series-3E.jpg\" class=\"attachment-large size-large\" alt=\"\" srcset=\"https:\/\/tamngocloi.com\/wp-content\/uploads\/2025\/05\/Series-3E.jpg 300w, https:\/\/tamngocloi.com\/wp-content\/uploads\/2025\/05\/Series-3E-280x280.jpg 280w, https:\/\/tamngocloi.com\/wp-content\/uploads\/2025\/05\/Series-3E-12x12.jpg 12w\" sizes=\"auto, (max-width: 300px) 100vw, 300px\" \/>\t\t\t\t\t\t\n\t\t\t\t\t<\/div>\n\t\t\t\t\t\t\t\t\n<style>\n#image_561237278 {\n  width: 90%;\n}\n<\/style>\n\t<\/div>\n\t\n\t<div id=\"text-285774863\" class=\"text\">\n\t\t\n<p><strong>Xi lanh c\u01a1 \u0111i\u1ec7n nh\u1ecf g\u1ecdn<\/strong><br \/>Series 3E<br \/>\u00a0<\/p>\n\t\t\n<style>\n#text-285774863 {\n  text-align: center;\n}\n<\/style>\n\t<\/div>\n\t\n\t\t<\/div>\n\t\t\t\t\n<style>\n#col-1380592171 > .col-inner {\n  padding: 10px 0px 0px 0px;\n  border-radius: 8px;\n}\n<\/style>\n\t<\/div>\n\n\t\n\n\t<div id=\"col-1302015385\" class=\"col medium-3 small-6 large-3\"  >\n\t\t\t\t<div class=\"col-inner text-center\" style=\"background-color:rgb(229, 229, 229);\" >\n\t\t\t\n\t<div class=\"is-border\"\n\t\tstyle=\"border-color:rgb(255, 0, 0);border-width:0px 0px 0px 0px;\">\n\t<\/div>\n\t\t\t\n\t<div class=\"img has-hover x md-x lg-x y md-y lg-y\" id=\"image_2097689671\">\n\t\t\t\t\t\t\t\t<div class=\"img-inner dark\" style=\"margin:0px 0px 0px 0px;\">\n\t\t\t<img loading=\"lazy\" decoding=\"async\" width=\"300\" height=\"300\" src=\"https:\/\/tamngocloi.com\/wp-content\/uploads\/2025\/05\/Series_6E.jpg\" class=\"attachment-large size-large\" alt=\"\" srcset=\"https:\/\/tamngocloi.com\/wp-content\/uploads\/2025\/05\/Series_6E.jpg 300w, https:\/\/tamngocloi.com\/wp-content\/uploads\/2025\/05\/Series_6E-280x280.jpg 280w, https:\/\/tamngocloi.com\/wp-content\/uploads\/2025\/05\/Series_6E-12x12.jpg 12w\" sizes=\"auto, (max-width: 300px) 100vw, 300px\" \/>\t\t\t\t\t\t\n\t\t\t\t\t<\/div>\n\t\t\t\t\t\t\t\t\n<style>\n#image_2097689671 {\n  width: 90%;\n}\n<\/style>\n\t<\/div>\n\t\n\t<div id=\"text-3906760713\" class=\"text\">\n\t\t\n<p class=\"SubFamilyName\"><strong>Xi lanh c\u01a1 \u0111i\u1ec7n<\/strong><br \/>Series 6E<br \/>\u00a0<br \/>\u00a0<\/p>\n\t\t\n<style>\n#text-3906760713 {\n  text-align: center;\n}\n<\/style>\n\t<\/div>\n\t\n\t\t<\/div>\n\t\t\t\t\n<style>\n#col-1302015385 > .col-inner {\n  padding: 10px 0px 0px 0px;\n  border-radius: 8px;\n}\n<\/style>\n\t<\/div>\n\n\t\n<\/div>\n\t<div id=\"gap-1897848425\" class=\"gap-element clearfix\" style=\"display:block; height:auto;\">\n\t\t\n<style>\n#gap-1897848425 {\n  padding-top: 30px;\n}\n<\/style>\n\t<\/div>","protected":false},"excerpt":{"rendered":"<p>Electromechanical cylinders These cylinders are used in a wide range of industrial applications where precise motion control is necessary, such as in automated assembly, robotics, and packaging systems.Thanks to their ability to offer fine adjustments in position, speed, and force, electromechanical cylinders represent a more efficient and versatile solution compared to traditional pneumatic or hydraulic [&#8230;]","protected":false},"author":1,"featured_media":0,"parent":0,"menu_order":0,"comment_status":"closed","ping_status":"closed","template":"","meta":{"footnotes":""},"class_list":["post-4629","page","type-page","status-publish","hentry"],"yoast_head":"<!-- This site is optimized with the Yoast SEO plugin v25.3 - https:\/\/yoast.com\/wordpress\/plugins\/seo\/ -->\n<title>Electromechanical cylinders - TNL Company Limited<\/title>\n<meta name=\"robots\" content=\"index, follow, max-snippet:-1, max-image-preview:large, max-video-preview:-1\" \/>\n<link rel=\"canonical\" href=\"https:\/\/tamngocloi.com\/vi\/electromechanical-cylinders\/\" \/>\n<meta property=\"og:locale\" content=\"vi_VN\" \/>\n<meta property=\"og:type\" content=\"article\" \/>\n<meta property=\"og:title\" content=\"Electromechanical cylinders - TNL Company Limited\" \/>\n<meta property=\"og:description\" content=\"Electromechanical cylinders These cylinders are used in a wide range of industrial applications where precise motion control is necessary, such as in automated assembly, robotics, and packaging systems.Thanks to their ability to offer fine adjustments in position, speed, and force, electromechanical cylinders represent a more efficient and versatile solution compared to traditional pneumatic or hydraulic [...]\" \/>\n<meta property=\"og:url\" content=\"https:\/\/tamngocloi.com\/vi\/electromechanical-cylinders\/\" \/>\n<meta property=\"og:site_name\" content=\"TNL Company Limited\" \/>\n<meta property=\"article:modified_time\" content=\"2025-05-24T16:29:03+00:00\" \/>\n<meta name=\"twitter:card\" content=\"summary_large_image\" \/>\n<script type=\"application\/ld+json\" class=\"yoast-schema-graph\">{\"@context\":\"https:\/\/schema.org\",\"@graph\":[{\"@type\":\"WebPage\",\"@id\":\"https:\/\/tamngocloi.com\/electromechanical-cylinders\/\",\"url\":\"https:\/\/tamngocloi.com\/electromechanical-cylinders\/\",\"name\":\"Electromechanical cylinders - TNL Company Limited\",\"isPartOf\":{\"@id\":\"https:\/\/tamngocloi.com\/#website\"},\"datePublished\":\"2025-05-23T15:20:06+00:00\",\"dateModified\":\"2025-05-24T16:29:03+00:00\",\"breadcrumb\":{\"@id\":\"https:\/\/tamngocloi.com\/electromechanical-cylinders\/#breadcrumb\"},\"inLanguage\":\"vi\",\"potentialAction\":[{\"@type\":\"ReadAction\",\"target\":[\"https:\/\/tamngocloi.com\/electromechanical-cylinders\/\"]}]},{\"@type\":\"BreadcrumbList\",\"@id\":\"https:\/\/tamngocloi.com\/electromechanical-cylinders\/#breadcrumb\",\"itemListElement\":[{\"@type\":\"ListItem\",\"position\":1,\"name\":\"Home\",\"item\":\"https:\/\/tamngocloi.com\/\"},{\"@type\":\"ListItem\",\"position\":2,\"name\":\"Electromechanical cylinders\"}]},{\"@type\":\"WebSite\",\"@id\":\"https:\/\/tamngocloi.com\/#website\",\"url\":\"https:\/\/tamngocloi.com\/\",\"name\":\"TNL Company Limited\",\"description\":\"\",\"publisher\":{\"@id\":\"https:\/\/tamngocloi.com\/#organization\"},\"potentialAction\":[{\"@type\":\"SearchAction\",\"target\":{\"@type\":\"EntryPoint\",\"urlTemplate\":\"https:\/\/tamngocloi.com\/?s={search_term_string}\"},\"query-input\":{\"@type\":\"PropertyValueSpecification\",\"valueRequired\":true,\"valueName\":\"search_term_string\"}}],\"inLanguage\":\"vi\"},{\"@type\":\"Organization\",\"@id\":\"https:\/\/tamngocloi.com\/#organization\",\"name\":\"TNL Company Limited\",\"url\":\"https:\/\/tamngocloi.com\/\",\"logo\":{\"@type\":\"ImageObject\",\"inLanguage\":\"vi\",\"@id\":\"https:\/\/tamngocloi.com\/#\/schema\/logo\/image\/\",\"url\":\"https:\/\/tamngocloi.com\/wp-content\/uploads\/2024\/09\/download-removebg-preview.png\",\"contentUrl\":\"https:\/\/tamngocloi.com\/wp-content\/uploads\/2024\/09\/download-removebg-preview.png\",\"width\":570,\"height\":438,\"caption\":\"TNL Company Limited\"},\"image\":{\"@id\":\"https:\/\/tamngocloi.com\/#\/schema\/logo\/image\/\"}}]}<\/script>\n<!-- \/ Yoast SEO plugin. -->","yoast_head_json":{"title":"Electromechanical cylinders - TNL Company Limited","robots":{"index":"index","follow":"follow","max-snippet":"max-snippet:-1","max-image-preview":"max-image-preview:large","max-video-preview":"max-video-preview:-1"},"canonical":"https:\/\/tamngocloi.com\/vi\/electromechanical-cylinders\/","og_locale":"vi_VN","og_type":"article","og_title":"Electromechanical cylinders - TNL Company Limited","og_description":"Electromechanical cylinders These cylinders are used in a wide range of industrial applications where precise motion control is necessary, such as in automated assembly, robotics, and packaging systems.Thanks to their ability to offer fine adjustments in position, speed, and force, electromechanical cylinders represent a more efficient and versatile solution compared to traditional pneumatic or hydraulic [...]","og_url":"https:\/\/tamngocloi.com\/vi\/electromechanical-cylinders\/","og_site_name":"TNL Company Limited","article_modified_time":"2025-05-24T16:29:03+00:00","twitter_card":"summary_large_image","schema":{"@context":"https:\/\/schema.org","@graph":[{"@type":"WebPage","@id":"https:\/\/tamngocloi.com\/electromechanical-cylinders\/","url":"https:\/\/tamngocloi.com\/electromechanical-cylinders\/","name":"Electromechanical cylinders - TNL Company Limited","isPartOf":{"@id":"https:\/\/tamngocloi.com\/#website"},"datePublished":"2025-05-23T15:20:06+00:00","dateModified":"2025-05-24T16:29:03+00:00","breadcrumb":{"@id":"https:\/\/tamngocloi.com\/electromechanical-cylinders\/#breadcrumb"},"inLanguage":"vi","potentialAction":[{"@type":"ReadAction","target":["https:\/\/tamngocloi.com\/electromechanical-cylinders\/"]}]},{"@type":"BreadcrumbList","@id":"https:\/\/tamngocloi.com\/electromechanical-cylinders\/#breadcrumb","itemListElement":[{"@type":"ListItem","position":1,"name":"Home","item":"https:\/\/tamngocloi.com\/"},{"@type":"ListItem","position":2,"name":"Electromechanical cylinders"}]},{"@type":"WebSite","@id":"https:\/\/tamngocloi.com\/#website","url":"https:\/\/tamngocloi.com\/","name":"TNL Company Limited","description":"","publisher":{"@id":"https:\/\/tamngocloi.com\/#organization"},"potentialAction":[{"@type":"SearchAction","target":{"@type":"EntryPoint","urlTemplate":"https:\/\/tamngocloi.com\/?s={search_term_string}"},"query-input":{"@type":"PropertyValueSpecification","valueRequired":true,"valueName":"search_term_string"}}],"inLanguage":"vi"},{"@type":"Organization","@id":"https:\/\/tamngocloi.com\/#organization","name":"TNL Company Limited","url":"https:\/\/tamngocloi.com\/","logo":{"@type":"ImageObject","inLanguage":"vi","@id":"https:\/\/tamngocloi.com\/#\/schema\/logo\/image\/","url":"https:\/\/tamngocloi.com\/wp-content\/uploads\/2024\/09\/download-removebg-preview.png","contentUrl":"https:\/\/tamngocloi.com\/wp-content\/uploads\/2024\/09\/download-removebg-preview.png","width":570,"height":438,"caption":"TNL Company Limited"},"image":{"@id":"https:\/\/tamngocloi.com\/#\/schema\/logo\/image\/"}}]}},"_links":{"self":[{"href":"https:\/\/tamngocloi.com\/vi\/wp-json\/wp\/v2\/pages\/4629","targetHints":{"allow":["GET"]}}],"collection":[{"href":"https:\/\/tamngocloi.com\/vi\/wp-json\/wp\/v2\/pages"}],"about":[{"href":"https:\/\/tamngocloi.com\/vi\/wp-json\/wp\/v2\/types\/page"}],"author":[{"embeddable":true,"href":"https:\/\/tamngocloi.com\/vi\/wp-json\/wp\/v2\/users\/1"}],"replies":[{"embeddable":true,"href":"https:\/\/tamngocloi.com\/vi\/wp-json\/wp\/v2\/comments?post=4629"}],"version-history":[{"count":5,"href":"https:\/\/tamngocloi.com\/vi\/wp-json\/wp\/v2\/pages\/4629\/revisions"}],"predecessor-version":[{"id":5201,"href":"https:\/\/tamngocloi.com\/vi\/wp-json\/wp\/v2\/pages\/4629\/revisions\/5201"}],"wp:attachment":[{"href":"https:\/\/tamngocloi.com\/vi\/wp-json\/wp\/v2\/media?parent=4629"}],"curies":[{"name":"wp","href":"https:\/\/api.w.org\/{rel}","templated":true}]}}