{"id":4523,"date":"2025-05-18T15:43:07","date_gmt":"2025-05-18T08:43:07","guid":{"rendered":"https:\/\/tamngocloi.com\/?page_id=4523"},"modified":"2025-05-18T15:47:36","modified_gmt":"2025-05-18T08:47:36","slug":"rotary-cylinders","status":"publish","type":"page","link":"https:\/\/tamngocloi.com\/vi\/rotary-cylinders\/","title":{"rendered":"Xi lanh quay"},"content":{"rendered":"<div id=\"gap-1175259098\" class=\"gap-element clearfix\" style=\"display:block; height:auto;\">\n\t\t\n<style>\n#gap-1175259098 {\n  padding-top: 30px;\n}\n<\/style>\n\t<\/div>\n\t\n<h1>Xi lanh quay<\/h1>\n<p class=\"category-description content-align\">S\u1ef1 ph\u00e1t tri\u1ec3n v\u1ec1 m\u1eb7t c\u00f4ng ngh\u1ec7 trong l\u0129nh v\u1ef1c kh\u00ed n\u00e9n \u0111\u00e3 d\u1eabn \u0111\u1ebfn m\u1ed9t lo\u1ea1t c\u00e1c gi\u1ea3i ph\u00e1p s\u00e1ng t\u1ea1o, trong \u0111\u00f3 n\u1ed5i b\u1eadt nh\u1ea5t l\u00e0 xi lanh quay.<br \/>C\u00e1c thi\u1ebft b\u1ecb n\u00e0y \u0111\u01b0\u1ee3c ph\u00e2n bi\u1ec7t b\u1edfi kh\u1ea3 n\u0103ng k\u1ebft h\u1ee3p chuy\u1ec3n \u0111\u1ed9ng tuy\u1ebfn t\u00ednh v\u00e0 chuy\u1ec3n \u0111\u1ed9ng quay, mang l\u1ea1i ph\u1ea3n \u1ee9ng hi\u1ec7u qu\u1ea3 cho nhu c\u1ea7u t\u1ef1 \u0111\u1ed9ng h\u00f3a c\u00f4ng nghi\u1ec7p.<\/p>\n\t<div id=\"gap-1649265394\" class=\"gap-element clearfix\" style=\"display:block; height:auto;\">\n\t\t\n<style>\n#gap-1649265394 {\n  padding-top: 60px;\n}\n<\/style>\n\t<\/div>\n\t\n<div class=\"row\"  id=\"row-1632085002\">\n\n\t<div id=\"col-2098264962\" class=\"col medium-3 small-6 large-3\"  >\n\t\t\t\t<div class=\"col-inner text-center\" style=\"background-color:rgb(229, 229, 229);\" >\n\t\t\t\n\t<div class=\"is-border\"\n\t\tstyle=\"border-color:rgb(255, 0, 0);border-width:0px 0px 0px 0px;\">\n\t<\/div>\n\t\t\t\n\t<div class=\"img has-hover x md-x lg-x y md-y lg-y\" id=\"image_1011380423\">\n\t\t\t\t\t\t\t\t<div class=\"img-inner dark\" style=\"margin:0px 0px 0px 0px;\">\n\t\t\t<img loading=\"lazy\" decoding=\"async\" width=\"300\" height=\"300\" src=\"https:\/\/tamngocloi.com\/wp-content\/uploads\/2025\/05\/Series_QC.jpg\" class=\"attachment-large size-large\" alt=\"\" srcset=\"https:\/\/tamngocloi.com\/wp-content\/uploads\/2025\/05\/Series_QC.jpg 300w, https:\/\/tamngocloi.com\/wp-content\/uploads\/2025\/05\/Series_QC-280x280.jpg 280w, https:\/\/tamngocloi.com\/wp-content\/uploads\/2025\/05\/Series_QC-12x12.jpg 12w\" sizes=\"auto, (max-width: 300px) 100vw, 300px\" \/>\t\t\t\t\t\t\n\t\t\t\t\t<\/div>\n\t\t\t\t\t\t\t\t\n<style>\n#image_1011380423 {\n  width: 90%;\n}\n<\/style>\n\t<\/div>\n\t\n\t<div id=\"text-1665758769\" class=\"text\">\n\t\t\n<div class=\"worldwideName third-text bold black tooltip-enabled\"><strong>Xi lanh quay<\/strong><\/div>\n<div class=\"camozziName fourth-text\">Series 69<\/div>\n<div>\u00a0<\/div>\n<div>\u00a0<\/div>\n\t\t\n<style>\n#text-1665758769 {\n  text-align: center;\n}\n<\/style>\n\t<\/div>\n\t\n\t\t<\/div>\n\t\t\t\t\n<style>\n#col-2098264962 > .col-inner {\n  padding: 10px 0px 0px 0px;\n  border-radius: 8px;\n}\n<\/style>\n\t<\/div>\n\n\t\n\n\t<div id=\"col-1369816701\" class=\"col medium-3 small-6 large-3\"  >\n\t\t\t\t<div class=\"col-inner text-center\" style=\"background-color:rgb(229, 229, 229);\" >\n\t\t\t\n\t<div class=\"is-border\"\n\t\tstyle=\"border-color:rgb(255, 0, 0);border-width:0px 0px 0px 0px;\">\n\t<\/div>\n\t\t\t\n\t<div class=\"img has-hover x md-x lg-x y md-y lg-y\" id=\"image_1644839537\">\n\t\t\t\t\t\t\t\t<div class=\"img-inner dark\" style=\"margin:0px 0px 0px 0px;\">\n\t\t\t<img loading=\"lazy\" decoding=\"async\" width=\"300\" height=\"300\" src=\"https:\/\/tamngocloi.com\/wp-content\/uploads\/2025\/05\/Series_QCTF_QCBF.jpg\" class=\"attachment-large size-large\" alt=\"\" srcset=\"https:\/\/tamngocloi.com\/wp-content\/uploads\/2025\/05\/Series_QCTF_QCBF.jpg 300w, https:\/\/tamngocloi.com\/wp-content\/uploads\/2025\/05\/Series_QCTF_QCBF-280x280.jpg 280w, https:\/\/tamngocloi.com\/wp-content\/uploads\/2025\/05\/Series_QCTF_QCBF-12x12.jpg 12w\" sizes=\"auto, (max-width: 300px) 100vw, 300px\" \/>\t\t\t\t\t\t\n\t\t\t\t\t<\/div>\n\t\t\t\t\t\t\t\t\n<style>\n#image_1644839537 {\n  width: 90%;\n}\n<\/style>\n\t<\/div>\n\t\n\t<div id=\"text-991229058\" class=\"text\">\n\t\t\n<div class=\"worldwideName third-text bold black tooltip-enabled\"><strong>Xi lanh quay<\/strong><\/div>\n<div class=\"camozziName fourth-text\">Series 30<\/div>\n<div>\u00a0<\/div>\n<div>\u00a0<\/div>\n\t\t\n<style>\n#text-991229058 {\n  text-align: center;\n}\n<\/style>\n\t<\/div>\n\t\n\t\t<\/div>\n\t\t\t\t\n<style>\n#col-1369816701 > .col-inner {\n  padding: 10px 0px 0px 0px;\n  border-radius: 8px;\n}\n<\/style>\n\t<\/div>\n\n\t\n\n\t<div id=\"col-820136933\" class=\"col medium-3 small-6 large-3\"  >\n\t\t\t\t<div class=\"col-inner text-center\" style=\"background-color:rgb(229, 229, 229);\" >\n\t\t\t\n\t<div class=\"is-border\"\n\t\tstyle=\"border-color:rgb(255, 0, 0);border-width:0px 0px 0px 0px;\">\n\t<\/div>\n\t\t\t\n\t<div class=\"img has-hover x md-x lg-x y md-y lg-y\" id=\"image_205820356\">\n\t\t\t\t\t\t\t\t<div class=\"img-inner dark\" style=\"margin:0px 0px 0px 0px;\">\n\t\t\t<img loading=\"lazy\" decoding=\"async\" width=\"300\" height=\"300\" src=\"https:\/\/tamngocloi.com\/wp-content\/uploads\/2025\/05\/Series_QX.jpg\" class=\"attachment-large size-large\" alt=\"\" srcset=\"https:\/\/tamngocloi.com\/wp-content\/uploads\/2025\/05\/Series_QX.jpg 300w, https:\/\/tamngocloi.com\/wp-content\/uploads\/2025\/05\/Series_QX-280x280.jpg 280w, https:\/\/tamngocloi.com\/wp-content\/uploads\/2025\/05\/Series_QX-12x12.jpg 12w\" sizes=\"auto, (max-width: 300px) 100vw, 300px\" \/>\t\t\t\t\t\t\n\t\t\t\t\t<\/div>\n\t\t\t\t\t\t\t\t\n<style>\n#image_205820356 {\n  width: 90%;\n}\n<\/style>\n\t<\/div>\n\t\n\t<div id=\"text-2942408216\" class=\"text\">\n\t\t\n<div class=\"worldwideName third-text bold black tooltip-enabled\"><strong>B\u1ed9 truy\u1ec1n \u0111\u1ed9ng quay<\/strong><\/div>\n<div class=\"camozziName fourth-text\">Series ARP<\/div>\n<div>\u00a0<\/div>\n<div>\u00a0<\/div>\n\t\t\n<style>\n#text-2942408216 {\n  text-align: center;\n}\n<\/style>\n\t<\/div>\n\t\n\t\t<\/div>\n\t\t\t\t\n<style>\n#col-820136933 > .col-inner {\n  padding: 10px 0px 0px 0px;\n  border-radius: 8px;\n}\n<\/style>\n\t<\/div>\n\n\t\n\n\t<div id=\"col-655625140\" class=\"col medium-3 small-6 large-3\"  >\n\t\t\t\t<div class=\"col-inner text-center\" style=\"background-color:rgb(229, 229, 229);\" >\n\t\t\t\n\t<div class=\"is-border\"\n\t\tstyle=\"border-color:rgb(255, 0, 0);border-width:0px 0px 0px 0px;\">\n\t<\/div>\n\t\t\t\n\t<div class=\"img has-hover x md-x lg-x y md-y lg-y\" id=\"image_2097322600\">\n\t\t\t\t\t\t\t\t<div class=\"img-inner dark\" style=\"margin:0px 0px 0px 0px;\">\n\t\t\t<img loading=\"lazy\" decoding=\"async\" width=\"419\" height=\"419\" src=\"https:\/\/tamngocloi.com\/wp-content\/uploads\/2025\/05\/MST.jpg\" class=\"attachment-large size-large\" alt=\"\" srcset=\"https:\/\/tamngocloi.com\/wp-content\/uploads\/2025\/05\/MST.jpg 419w, https:\/\/tamngocloi.com\/wp-content\/uploads\/2025\/05\/MST-400x400.jpg 400w, https:\/\/tamngocloi.com\/wp-content\/uploads\/2025\/05\/MST-280x280.jpg 280w, https:\/\/tamngocloi.com\/wp-content\/uploads\/2025\/05\/MST-12x12.jpg 12w\" sizes=\"auto, (max-width: 419px) 100vw, 419px\" \/>\t\t\t\t\t\t\n\t\t\t\t\t<\/div>\n\t\t\t\t\t\t\t\t\n<style>\n#image_2097322600 {\n  width: 90%;\n}\n<\/style>\n\t<\/div>\n\t\n\t<div id=\"text-2721400514\" class=\"text\">\n\t\t\n<div class=\"worldwideName third-text bold black tooltip-enabled\"><strong>B\u1ed9 truy\u1ec1n \u0111\u1ed9ng quay v\u1edbi h\u1ec7 th\u1ed1ng thanh r\u0103ng v\u00e0 b\u00e1nh r\u0103ng<\/strong><\/div>\n<div class=\"camozziName fourth-text\">Series QR<\/div>\n<\/div>\n<div>\u00a0<\/div>\n\t\t\n<style>\n#text-2721400514 {\n  font-size: 0.88rem;\n  line-height: 1.5;\n  text-align: center;\n}\n@media (min-width:550px) {\n  #text-2721400514 {\n    font-size: 0.94rem;\n  }\n}\n<\/style>\n\t<\/div>\n\t\n\t\t<\/div>\n\t\t\t\t\n<style>\n#col-655625140 > .col-inner {\n  padding: 10px 0px 0px 0px;\n  border-radius: 8px;\n}\n<\/style>\n\t<\/div>\n\n\t\n<\/div>","protected":false},"excerpt":{"rendered":"<p>Rotary cylinders Technological evolution in the field of pneumatics has led to a range of innovative solutions, among which rotary cylinders stand out.These devices are distinguished by their ability to combine linear and rotational motion, offering an effective response to industrial automation needs.<\/p>","protected":false},"author":1,"featured_media":0,"parent":0,"menu_order":0,"comment_status":"closed","ping_status":"closed","template":"","meta":{"footnotes":""},"class_list":["post-4523","page","type-page","status-publish","hentry"],"yoast_head":"<!-- This site is optimized with the Yoast SEO plugin v25.3 - https:\/\/yoast.com\/wordpress\/plugins\/seo\/ -->\n<title>Rotary cylinders - TNL Company Limited<\/title>\n<meta name=\"robots\" content=\"index, follow, max-snippet:-1, max-image-preview:large, max-video-preview:-1\" \/>\n<link rel=\"canonical\" href=\"https:\/\/tamngocloi.com\/vi\/rotary-cylinders\/\" \/>\n<meta property=\"og:locale\" content=\"vi_VN\" \/>\n<meta property=\"og:type\" content=\"article\" \/>\n<meta property=\"og:title\" content=\"Rotary cylinders - TNL Company Limited\" \/>\n<meta property=\"og:description\" content=\"Rotary cylinders Technological evolution in the field of pneumatics has led to a range of innovative solutions, among which rotary cylinders stand out.These devices are distinguished by their ability to combine linear and rotational motion, offering an effective response to industrial automation needs.\" \/>\n<meta property=\"og:url\" content=\"https:\/\/tamngocloi.com\/vi\/rotary-cylinders\/\" \/>\n<meta property=\"og:site_name\" content=\"TNL Company Limited\" \/>\n<meta property=\"article:modified_time\" content=\"2025-05-18T08:47:36+00:00\" \/>\n<meta name=\"twitter:card\" content=\"summary_large_image\" \/>\n<script type=\"application\/ld+json\" class=\"yoast-schema-graph\">{\"@context\":\"https:\/\/schema.org\",\"@graph\":[{\"@type\":\"WebPage\",\"@id\":\"https:\/\/tamngocloi.com\/rotary-cylinders\/\",\"url\":\"https:\/\/tamngocloi.com\/rotary-cylinders\/\",\"name\":\"Rotary cylinders - TNL Company Limited\",\"isPartOf\":{\"@id\":\"https:\/\/tamngocloi.com\/#website\"},\"datePublished\":\"2025-05-18T08:43:07+00:00\",\"dateModified\":\"2025-05-18T08:47:36+00:00\",\"breadcrumb\":{\"@id\":\"https:\/\/tamngocloi.com\/rotary-cylinders\/#breadcrumb\"},\"inLanguage\":\"vi\",\"potentialAction\":[{\"@type\":\"ReadAction\",\"target\":[\"https:\/\/tamngocloi.com\/rotary-cylinders\/\"]}]},{\"@type\":\"BreadcrumbList\",\"@id\":\"https:\/\/tamngocloi.com\/rotary-cylinders\/#breadcrumb\",\"itemListElement\":[{\"@type\":\"ListItem\",\"position\":1,\"name\":\"Home\",\"item\":\"https:\/\/tamngocloi.com\/\"},{\"@type\":\"ListItem\",\"position\":2,\"name\":\"Rotary cylinders\"}]},{\"@type\":\"WebSite\",\"@id\":\"https:\/\/tamngocloi.com\/#website\",\"url\":\"https:\/\/tamngocloi.com\/\",\"name\":\"TNL Company Limited\",\"description\":\"\",\"publisher\":{\"@id\":\"https:\/\/tamngocloi.com\/#organization\"},\"potentialAction\":[{\"@type\":\"SearchAction\",\"target\":{\"@type\":\"EntryPoint\",\"urlTemplate\":\"https:\/\/tamngocloi.com\/?s={search_term_string}\"},\"query-input\":{\"@type\":\"PropertyValueSpecification\",\"valueRequired\":true,\"valueName\":\"search_term_string\"}}],\"inLanguage\":\"vi\"},{\"@type\":\"Organization\",\"@id\":\"https:\/\/tamngocloi.com\/#organization\",\"name\":\"TNL Company Limited\",\"url\":\"https:\/\/tamngocloi.com\/\",\"logo\":{\"@type\":\"ImageObject\",\"inLanguage\":\"vi\",\"@id\":\"https:\/\/tamngocloi.com\/#\/schema\/logo\/image\/\",\"url\":\"https:\/\/tamngocloi.com\/wp-content\/uploads\/2024\/09\/download-removebg-preview.png\",\"contentUrl\":\"https:\/\/tamngocloi.com\/wp-content\/uploads\/2024\/09\/download-removebg-preview.png\",\"width\":570,\"height\":438,\"caption\":\"TNL Company Limited\"},\"image\":{\"@id\":\"https:\/\/tamngocloi.com\/#\/schema\/logo\/image\/\"}}]}<\/script>\n<!-- \/ Yoast SEO plugin. -->","yoast_head_json":{"title":"Rotary cylinders - TNL Company Limited","robots":{"index":"index","follow":"follow","max-snippet":"max-snippet:-1","max-image-preview":"max-image-preview:large","max-video-preview":"max-video-preview:-1"},"canonical":"https:\/\/tamngocloi.com\/vi\/rotary-cylinders\/","og_locale":"vi_VN","og_type":"article","og_title":"Rotary cylinders - TNL Company Limited","og_description":"Rotary cylinders Technological evolution in the field of pneumatics has led to a range of innovative solutions, among which rotary cylinders stand out.These devices are distinguished by their ability to combine linear and rotational motion, offering an effective response to industrial automation needs.","og_url":"https:\/\/tamngocloi.com\/vi\/rotary-cylinders\/","og_site_name":"TNL Company Limited","article_modified_time":"2025-05-18T08:47:36+00:00","twitter_card":"summary_large_image","schema":{"@context":"https:\/\/schema.org","@graph":[{"@type":"WebPage","@id":"https:\/\/tamngocloi.com\/rotary-cylinders\/","url":"https:\/\/tamngocloi.com\/rotary-cylinders\/","name":"Rotary cylinders - TNL Company Limited","isPartOf":{"@id":"https:\/\/tamngocloi.com\/#website"},"datePublished":"2025-05-18T08:43:07+00:00","dateModified":"2025-05-18T08:47:36+00:00","breadcrumb":{"@id":"https:\/\/tamngocloi.com\/rotary-cylinders\/#breadcrumb"},"inLanguage":"vi","potentialAction":[{"@type":"ReadAction","target":["https:\/\/tamngocloi.com\/rotary-cylinders\/"]}]},{"@type":"BreadcrumbList","@id":"https:\/\/tamngocloi.com\/rotary-cylinders\/#breadcrumb","itemListElement":[{"@type":"ListItem","position":1,"name":"Home","item":"https:\/\/tamngocloi.com\/"},{"@type":"ListItem","position":2,"name":"Rotary cylinders"}]},{"@type":"WebSite","@id":"https:\/\/tamngocloi.com\/#website","url":"https:\/\/tamngocloi.com\/","name":"TNL Company Limited","description":"","publisher":{"@id":"https:\/\/tamngocloi.com\/#organization"},"potentialAction":[{"@type":"SearchAction","target":{"@type":"EntryPoint","urlTemplate":"https:\/\/tamngocloi.com\/?s={search_term_string}"},"query-input":{"@type":"PropertyValueSpecification","valueRequired":true,"valueName":"search_term_string"}}],"inLanguage":"vi"},{"@type":"Organization","@id":"https:\/\/tamngocloi.com\/#organization","name":"TNL Company Limited","url":"https:\/\/tamngocloi.com\/","logo":{"@type":"ImageObject","inLanguage":"vi","@id":"https:\/\/tamngocloi.com\/#\/schema\/logo\/image\/","url":"https:\/\/tamngocloi.com\/wp-content\/uploads\/2024\/09\/download-removebg-preview.png","contentUrl":"https:\/\/tamngocloi.com\/wp-content\/uploads\/2024\/09\/download-removebg-preview.png","width":570,"height":438,"caption":"TNL Company Limited"},"image":{"@id":"https:\/\/tamngocloi.com\/#\/schema\/logo\/image\/"}}]}},"_links":{"self":[{"href":"https:\/\/tamngocloi.com\/vi\/wp-json\/wp\/v2\/pages\/4523","targetHints":{"allow":["GET"]}}],"collection":[{"href":"https:\/\/tamngocloi.com\/vi\/wp-json\/wp\/v2\/pages"}],"about":[{"href":"https:\/\/tamngocloi.com\/vi\/wp-json\/wp\/v2\/types\/page"}],"author":[{"embeddable":true,"href":"https:\/\/tamngocloi.com\/vi\/wp-json\/wp\/v2\/users\/1"}],"replies":[{"embeddable":true,"href":"https:\/\/tamngocloi.com\/vi\/wp-json\/wp\/v2\/comments?post=4523"}],"version-history":[{"count":5,"href":"https:\/\/tamngocloi.com\/vi\/wp-json\/wp\/v2\/pages\/4523\/revisions"}],"predecessor-version":[{"id":4528,"href":"https:\/\/tamngocloi.com\/vi\/wp-json\/wp\/v2\/pages\/4523\/revisions\/4528"}],"wp:attachment":[{"href":"https:\/\/tamngocloi.com\/vi\/wp-json\/wp\/v2\/media?parent=4523"}],"curies":[{"name":"wp","href":"https:\/\/api.w.org\/{rel}","templated":true}]}}