{"id":4518,"date":"2025-05-18T15:36:13","date_gmt":"2025-05-18T08:36:13","guid":{"rendered":"https:\/\/tamngocloi.com\/?page_id=4518"},"modified":"2025-05-18T17:46:06","modified_gmt":"2025-05-18T10:46:06","slug":"cylinders-not-according-standards","status":"publish","type":"page","link":"https:\/\/tamngocloi.com\/vi\/cylinders-not-according-standards\/","title":{"rendered":"Xi lanh kh\u00f4ng theo ti\u00eau chu\u1ea9n"},"content":{"rendered":"<div id=\"gap-727604204\" class=\"gap-element clearfix\" style=\"display:block; height:auto;\">\n\t\t\n<style>\n#gap-727604204 {\n  padding-top: 30px;\n}\n<\/style>\n\t<\/div>\n\t\n<h1>Xi lanh kh\u00f4ng theo ti\u00eau chu\u1ea9n<\/h1>\n<p class=\"category-description content-align\">Trong b\u1ed1i c\u1ea3nh c\u00f4ng nghi\u1ec7p ng\u00e0y c\u00e0ng \u0111a d\u1ea1ng, n\u01a1i c\u00e1i g\u1ecdi l\u00e0 \u201ct\u00f9y ch\u1ec9nh h\u00e0ng lo\u1ea1t\u201d \u0111\u00e3 tr\u1edf th\u00e0nh \u0111\u00f2n b\u1ea9y thi\u1ebft y\u1ebfu, nhu c\u1ea7u v\u1ec1 c\u00e1c th\u00e0nh ph\u1ea7n t\u00f9y ch\u1ec9nh nh\u01b0 xi lanh \u0111\u1eb7c bi\u1ec7t \u0111ang kh\u00f4ng ng\u1eebng t\u0103ng l\u00ean.<br \/>Nh\u1eefng xi lanh n\u00e0y \u0111\u1ea1i di\u1ec7n cho ranh gi\u1edbi ti\u00ean ti\u1ebfn c\u1ee7a kh\u00ed n\u00e9n, \u0111\u00e1p \u1ee9ng nh\u1eefng nhu c\u1ea7u c\u1ee5 th\u1ec3 m\u00e0 xi lanh ti\u00eau chu\u1ea9n kh\u00f4ng th\u1ec3 \u0111\u00e1p \u1ee9ng \u0111\u01b0\u1ee3c.<\/p>\n\t<div id=\"gap-2092021993\" class=\"gap-element clearfix\" style=\"display:block; height:auto;\">\n\t\t\n<style>\n#gap-2092021993 {\n  padding-top: 60px;\n}\n<\/style>\n\t<\/div>\n\t\n<div class=\"row\"  id=\"row-1404006374\">\n\n\t<div id=\"col-1722551168\" class=\"col medium-3 small-6 large-3\"  >\n\t\t\t\t<div class=\"col-inner text-center\" style=\"background-color:rgb(229, 229, 229);\" >\n\t\t\t\n\t<div class=\"is-border\"\n\t\tstyle=\"border-color:rgb(255, 0, 0);border-width:0px 0px 0px 0px;\">\n\t<\/div>\n\t\t\t\n\t<div class=\"img has-hover x md-x lg-x y md-y lg-y\" id=\"image_830264235\">\n\t\t\t\t\t\t\t\t<div class=\"img-inner dark\" style=\"margin:0px 0px 0px 0px;\">\n\t\t\t<img loading=\"lazy\" decoding=\"async\" width=\"300\" height=\"300\" src=\"https:\/\/tamngocloi.com\/wp-content\/uploads\/2025\/05\/Series_14.jpg\" class=\"attachment-large size-large\" alt=\"\" srcset=\"https:\/\/tamngocloi.com\/wp-content\/uploads\/2025\/05\/Series_14.jpg 300w, https:\/\/tamngocloi.com\/wp-content\/uploads\/2025\/05\/Series_14-280x280.jpg 280w, https:\/\/tamngocloi.com\/wp-content\/uploads\/2025\/05\/Series_14-12x12.jpg 12w\" sizes=\"auto, (max-width: 300px) 100vw, 300px\" \/>\t\t\t\t\t\t\n\t\t\t\t\t<\/div>\n\t\t\t\t\t\t\t\t\n<style>\n#image_830264235 {\n  width: 90%;\n}\n<\/style>\n\t<\/div>\n\t\n\t<div id=\"text-1938350450\" class=\"text\">\n\t\t\n<p><strong>Xi lanh mini nh\u1ecf g\u1ecdn<\/strong> <br \/>Series 14<br \/>\u00a0<\/p>\n\t\t\n<style>\n#text-1938350450 {\n  text-align: center;\n}\n<\/style>\n\t<\/div>\n\t\n\t\t<\/div>\n\t\t\t\t\n<style>\n#col-1722551168 > .col-inner {\n  padding: 10px 0px 0px 0px;\n  border-radius: 8px;\n}\n<\/style>\n\t<\/div>\n\n\t\n\n\t<div id=\"col-1317316434\" class=\"col medium-3 small-6 large-3\"  >\n\t\t\t\t<div class=\"col-inner text-center\" style=\"background-color:rgb(229, 229, 229);\" >\n\t\t\t\n\t<div class=\"is-border\"\n\t\tstyle=\"border-color:rgb(255, 0, 0);border-width:0px 0px 0px 0px;\">\n\t<\/div>\n\t\t\t\n\t<div class=\"img has-hover x md-x lg-x y md-y lg-y\" id=\"image_1114485809\">\n\t\t\t\t\t\t\t\t<div class=\"img-inner dark\" style=\"margin:0px 0px 0px 0px;\">\n\t\t\t<img loading=\"lazy\" decoding=\"async\" width=\"300\" height=\"300\" src=\"https:\/\/tamngocloi.com\/wp-content\/uploads\/2025\/05\/Series_27.jpg\" class=\"attachment-large size-large\" alt=\"\" srcset=\"https:\/\/tamngocloi.com\/wp-content\/uploads\/2025\/05\/Series_27.jpg 300w, https:\/\/tamngocloi.com\/wp-content\/uploads\/2025\/05\/Series_27-280x280.jpg 280w, https:\/\/tamngocloi.com\/wp-content\/uploads\/2025\/05\/Series_27-12x12.jpg 12w\" sizes=\"auto, (max-width: 300px) 100vw, 300px\" \/>\t\t\t\t\t\t\n\t\t\t\t\t<\/div>\n\t\t\t\t\t\t\t\t\n<style>\n#image_1114485809 {\n  width: 90%;\n}\n<\/style>\n\t<\/div>\n\t\n\t<div id=\"text-3794660819\" class=\"text\">\n\t\t\n<p><strong>Xi lanh tr\u00f2n<\/strong> <br \/>Series 27<br \/>\u00a0<\/p>\n\t\t\n<style>\n#text-3794660819 {\n  text-align: center;\n}\n<\/style>\n\t<\/div>\n\t\n\t\t<\/div>\n\t\t\t\t\n<style>\n#col-1317316434 > .col-inner {\n  padding: 10px 0px 0px 0px;\n  border-radius: 8px;\n}\n<\/style>\n\t<\/div>\n\n\t\n\n\t<div id=\"col-350933643\" class=\"col medium-3 small-6 large-3\"  >\n\t\t\t\t<div class=\"col-inner text-center\" style=\"background-color:rgb(229, 229, 229);\" >\n\t\t\t\n\t<div class=\"is-border\"\n\t\tstyle=\"border-color:rgb(255, 0, 0);border-width:0px 0px 0px 0px;\">\n\t<\/div>\n\t\t\t\n\t<div class=\"img has-hover x md-x lg-x y md-y lg-y\" id=\"image_350701772\">\n\t\t\t\t\t\t\t\t<div class=\"img-inner dark\" style=\"margin:0px 0px 0px 0px;\">\n\t\t\t<img loading=\"lazy\" decoding=\"async\" width=\"300\" height=\"300\" src=\"https:\/\/tamngocloi.com\/wp-content\/uploads\/2025\/05\/Series_42.jpg\" class=\"attachment-large size-large\" alt=\"\" srcset=\"https:\/\/tamngocloi.com\/wp-content\/uploads\/2025\/05\/Series_42.jpg 300w, https:\/\/tamngocloi.com\/wp-content\/uploads\/2025\/05\/Series_42-280x280.jpg 280w, https:\/\/tamngocloi.com\/wp-content\/uploads\/2025\/05\/Series_42-12x12.jpg 12w\" sizes=\"auto, (max-width: 300px) 100vw, 300px\" \/>\t\t\t\t\t\t\n\t\t\t\t\t<\/div>\n\t\t\t\t\t\t\t\t\n<style>\n#image_350701772 {\n  width: 90%;\n}\n<\/style>\n\t<\/div>\n\t\n\t<div id=\"text-3518269138\" class=\"text\">\n\t\t\n<div class=\"worldwideName third-text bold black tooltip-enabled\"><strong>Xi lanh<\/strong><\/div>\n<div class=\"camozziName fourth-text\">Series 42<\/div>\n<\/div>\n<div>\u00a0<\/div>\n\t\t\n<style>\n#text-3518269138 {\n  text-align: center;\n}\n<\/style>\n\t<\/div>\n\t\n\t\t<\/div>\n\t\t\t\t\n<style>\n#col-350933643 > .col-inner {\n  padding: 10px 0px 0px 0px;\n  border-radius: 8px;\n}\n<\/style>\n\t<\/div>\n\n\t\n<\/div>","protected":false},"excerpt":{"rendered":"<p>Cylinders not according standards In an increasingly diversified industrial landscape where so-called &#8220;mass customisation&#8221; has become an essential lever, the need for customised components like special cylinders is constantly growing.These cylinders represent the advanced frontier of pneumatics, addressing specific needs that standard cylinders cannot meet.<\/p>","protected":false},"author":1,"featured_media":0,"parent":0,"menu_order":0,"comment_status":"closed","ping_status":"closed","template":"","meta":{"footnotes":""},"class_list":["post-4518","page","type-page","status-publish","hentry"],"yoast_head":"<!-- This site is optimized with the Yoast SEO plugin v25.3 - https:\/\/yoast.com\/wordpress\/plugins\/seo\/ -->\n<title>Cylinders not according standards - TNL Company Limited<\/title>\n<meta name=\"robots\" content=\"index, follow, max-snippet:-1, max-image-preview:large, max-video-preview:-1\" \/>\n<link rel=\"canonical\" href=\"https:\/\/tamngocloi.com\/vi\/cylinders-not-according-standards\/\" \/>\n<meta property=\"og:locale\" content=\"vi_VN\" \/>\n<meta property=\"og:type\" content=\"article\" \/>\n<meta property=\"og:title\" content=\"Cylinders not according standards - TNL Company Limited\" \/>\n<meta property=\"og:description\" content=\"Cylinders not according standards In an increasingly diversified industrial landscape where so-called &#8220;mass customisation&#8221; has become an essential lever, the need for customised components like special cylinders is constantly growing.These cylinders represent the advanced frontier of pneumatics, addressing specific needs that standard cylinders cannot meet.\" \/>\n<meta property=\"og:url\" content=\"https:\/\/tamngocloi.com\/vi\/cylinders-not-according-standards\/\" \/>\n<meta property=\"og:site_name\" content=\"TNL Company Limited\" \/>\n<meta property=\"article:modified_time\" content=\"2025-05-18T10:46:06+00:00\" \/>\n<meta name=\"twitter:card\" content=\"summary_large_image\" \/>\n<script type=\"application\/ld+json\" class=\"yoast-schema-graph\">{\"@context\":\"https:\/\/schema.org\",\"@graph\":[{\"@type\":\"WebPage\",\"@id\":\"https:\/\/tamngocloi.com\/cylinders-not-according-standards\/\",\"url\":\"https:\/\/tamngocloi.com\/cylinders-not-according-standards\/\",\"name\":\"Cylinders not according standards - TNL Company Limited\",\"isPartOf\":{\"@id\":\"https:\/\/tamngocloi.com\/#website\"},\"datePublished\":\"2025-05-18T08:36:13+00:00\",\"dateModified\":\"2025-05-18T10:46:06+00:00\",\"breadcrumb\":{\"@id\":\"https:\/\/tamngocloi.com\/cylinders-not-according-standards\/#breadcrumb\"},\"inLanguage\":\"vi\",\"potentialAction\":[{\"@type\":\"ReadAction\",\"target\":[\"https:\/\/tamngocloi.com\/cylinders-not-according-standards\/\"]}]},{\"@type\":\"BreadcrumbList\",\"@id\":\"https:\/\/tamngocloi.com\/cylinders-not-according-standards\/#breadcrumb\",\"itemListElement\":[{\"@type\":\"ListItem\",\"position\":1,\"name\":\"Home\",\"item\":\"https:\/\/tamngocloi.com\/\"},{\"@type\":\"ListItem\",\"position\":2,\"name\":\"Cylinders not according standards\"}]},{\"@type\":\"WebSite\",\"@id\":\"https:\/\/tamngocloi.com\/#website\",\"url\":\"https:\/\/tamngocloi.com\/\",\"name\":\"TNL Company Limited\",\"description\":\"\",\"publisher\":{\"@id\":\"https:\/\/tamngocloi.com\/#organization\"},\"potentialAction\":[{\"@type\":\"SearchAction\",\"target\":{\"@type\":\"EntryPoint\",\"urlTemplate\":\"https:\/\/tamngocloi.com\/?s={search_term_string}\"},\"query-input\":{\"@type\":\"PropertyValueSpecification\",\"valueRequired\":true,\"valueName\":\"search_term_string\"}}],\"inLanguage\":\"vi\"},{\"@type\":\"Organization\",\"@id\":\"https:\/\/tamngocloi.com\/#organization\",\"name\":\"TNL Company Limited\",\"url\":\"https:\/\/tamngocloi.com\/\",\"logo\":{\"@type\":\"ImageObject\",\"inLanguage\":\"vi\",\"@id\":\"https:\/\/tamngocloi.com\/#\/schema\/logo\/image\/\",\"url\":\"https:\/\/tamngocloi.com\/wp-content\/uploads\/2024\/09\/download-removebg-preview.png\",\"contentUrl\":\"https:\/\/tamngocloi.com\/wp-content\/uploads\/2024\/09\/download-removebg-preview.png\",\"width\":570,\"height\":438,\"caption\":\"TNL Company Limited\"},\"image\":{\"@id\":\"https:\/\/tamngocloi.com\/#\/schema\/logo\/image\/\"}}]}<\/script>\n<!-- \/ Yoast SEO plugin. -->","yoast_head_json":{"title":"Cylinders not according standards - TNL Company Limited","robots":{"index":"index","follow":"follow","max-snippet":"max-snippet:-1","max-image-preview":"max-image-preview:large","max-video-preview":"max-video-preview:-1"},"canonical":"https:\/\/tamngocloi.com\/vi\/cylinders-not-according-standards\/","og_locale":"vi_VN","og_type":"article","og_title":"Cylinders not according standards - TNL Company Limited","og_description":"Cylinders not according standards In an increasingly diversified industrial landscape where so-called &#8220;mass customisation&#8221; has become an essential lever, the need for customised components like special cylinders is constantly growing.These cylinders represent the advanced frontier of pneumatics, addressing specific needs that standard cylinders cannot meet.","og_url":"https:\/\/tamngocloi.com\/vi\/cylinders-not-according-standards\/","og_site_name":"TNL Company Limited","article_modified_time":"2025-05-18T10:46:06+00:00","twitter_card":"summary_large_image","schema":{"@context":"https:\/\/schema.org","@graph":[{"@type":"WebPage","@id":"https:\/\/tamngocloi.com\/cylinders-not-according-standards\/","url":"https:\/\/tamngocloi.com\/cylinders-not-according-standards\/","name":"Cylinders not according standards - TNL Company Limited","isPartOf":{"@id":"https:\/\/tamngocloi.com\/#website"},"datePublished":"2025-05-18T08:36:13+00:00","dateModified":"2025-05-18T10:46:06+00:00","breadcrumb":{"@id":"https:\/\/tamngocloi.com\/cylinders-not-according-standards\/#breadcrumb"},"inLanguage":"vi","potentialAction":[{"@type":"ReadAction","target":["https:\/\/tamngocloi.com\/cylinders-not-according-standards\/"]}]},{"@type":"BreadcrumbList","@id":"https:\/\/tamngocloi.com\/cylinders-not-according-standards\/#breadcrumb","itemListElement":[{"@type":"ListItem","position":1,"name":"Home","item":"https:\/\/tamngocloi.com\/"},{"@type":"ListItem","position":2,"name":"Cylinders not according standards"}]},{"@type":"WebSite","@id":"https:\/\/tamngocloi.com\/#website","url":"https:\/\/tamngocloi.com\/","name":"TNL Company Limited","description":"","publisher":{"@id":"https:\/\/tamngocloi.com\/#organization"},"potentialAction":[{"@type":"SearchAction","target":{"@type":"EntryPoint","urlTemplate":"https:\/\/tamngocloi.com\/?s={search_term_string}"},"query-input":{"@type":"PropertyValueSpecification","valueRequired":true,"valueName":"search_term_string"}}],"inLanguage":"vi"},{"@type":"Organization","@id":"https:\/\/tamngocloi.com\/#organization","name":"TNL Company Limited","url":"https:\/\/tamngocloi.com\/","logo":{"@type":"ImageObject","inLanguage":"vi","@id":"https:\/\/tamngocloi.com\/#\/schema\/logo\/image\/","url":"https:\/\/tamngocloi.com\/wp-content\/uploads\/2024\/09\/download-removebg-preview.png","contentUrl":"https:\/\/tamngocloi.com\/wp-content\/uploads\/2024\/09\/download-removebg-preview.png","width":570,"height":438,"caption":"TNL Company Limited"},"image":{"@id":"https:\/\/tamngocloi.com\/#\/schema\/logo\/image\/"}}]}},"_links":{"self":[{"href":"https:\/\/tamngocloi.com\/vi\/wp-json\/wp\/v2\/pages\/4518","targetHints":{"allow":["GET"]}}],"collection":[{"href":"https:\/\/tamngocloi.com\/vi\/wp-json\/wp\/v2\/pages"}],"about":[{"href":"https:\/\/tamngocloi.com\/vi\/wp-json\/wp\/v2\/types\/page"}],"author":[{"embeddable":true,"href":"https:\/\/tamngocloi.com\/vi\/wp-json\/wp\/v2\/users\/1"}],"replies":[{"embeddable":true,"href":"https:\/\/tamngocloi.com\/vi\/wp-json\/wp\/v2\/comments?post=4518"}],"version-history":[{"count":6,"href":"https:\/\/tamngocloi.com\/vi\/wp-json\/wp\/v2\/pages\/4518\/revisions"}],"predecessor-version":[{"id":4618,"href":"https:\/\/tamngocloi.com\/vi\/wp-json\/wp\/v2\/pages\/4518\/revisions\/4618"}],"wp:attachment":[{"href":"https:\/\/tamngocloi.com\/vi\/wp-json\/wp\/v2\/media?parent=4518"}],"curies":[{"name":"wp","href":"https:\/\/api.w.org\/{rel}","templated":true}]}}