{"id":4424,"date":"2025-05-18T11:15:21","date_gmt":"2025-05-18T04:15:21","guid":{"rendered":"https:\/\/tamngocloi.com\/?page_id=4424"},"modified":"2025-05-24T19:51:03","modified_gmt":"2025-05-24T12:51:03","slug":"vacuum-technology","status":"publish","type":"page","link":"https:\/\/tamngocloi.com\/vi\/vacuum-technology\/","title":{"rendered":"C\u00f4ng ngh\u1ec7 ch\u00e2n kh\u00f4ng"},"content":{"rendered":"<div id=\"gap-998423460\" class=\"gap-element clearfix\" style=\"display:block; height:auto;\">\n\t\t\n<style>\n#gap-998423460 {\n  padding-top: 30px;\n}\n<\/style>\n\t<\/div>\n\t\n<h1>C\u00f4ng ngh\u1ec7 ch\u00e2n kh\u00f4ng<\/h1>\n<p class=\"category-description content-align\">C\u00f4ng ngh\u1ec7 ch\u00e2n kh\u00f4ng l\u00e0 tr\u1ee5 c\u1ed9t c\u01a1 b\u1ea3n trong t\u1ef1 \u0111\u1ed9ng h\u00f3a c\u00f4ng nghi\u1ec7p, cung c\u1ea5p c\u00e1c gi\u1ea3i ph\u00e1p ti\u00ean ti\u1ebfn cho nhi\u1ec1u \u1ee9ng d\u1ee5ng \u0111\u00f2i h\u1ecfi ph\u1ea3i x\u1eed l\u00fd an to\u00e0n v\u00e0 ch\u00ednh x\u00e1c c\u00e1c v\u1eadt th\u1ec3 c\u00f3 nhi\u1ec1u h\u00ecnh d\u1ea1ng v\u00e0 k\u00edch th\u01b0\u1edbc kh\u00e1c nhau.<\/p>\n\t<div id=\"gap-535991297\" class=\"gap-element clearfix\" style=\"display:block; height:auto;\">\n\t\t\n<style>\n#gap-535991297 {\n  padding-top: 60px;\n}\n<\/style>\n\t<\/div>\n\t\n<div class=\"row\"  id=\"row-150163442\">\n\n\t<div id=\"col-1630219192\" class=\"col medium-3 small-6 large-3\"  >\n\t\t\t\t<div class=\"col-inner text-center\" style=\"background-color:rgb(229, 229, 229);\" >\n\t\t\t\n\t<div class=\"is-border\"\n\t\tstyle=\"border-color:rgb(255, 0, 0);border-width:0px 0px 0px 0px;\">\n\t<\/div>\n\t\t\t\n\t<div class=\"img has-hover x md-x lg-x y md-y lg-y\" id=\"image_1207313169\">\n\t\t<a class=\"\" href=\"https:\/\/tamngocloi.com\/vi\/suction-pads\/\" >\t\t\t\t\t\t<div class=\"img-inner dark\" style=\"margin:0px 0px 0px 0px;\">\n\t\t\t<img loading=\"lazy\" decoding=\"async\" width=\"800\" height=\"800\" src=\"https:\/\/tamngocloi.com\/wp-content\/uploads\/2025\/05\/Suction_pads-800x800.jpg\" class=\"attachment-large size-large\" alt=\"\" srcset=\"https:\/\/tamngocloi.com\/wp-content\/uploads\/2025\/05\/Suction_pads-800x800.jpg 800w, https:\/\/tamngocloi.com\/wp-content\/uploads\/2025\/05\/Suction_pads-400x400.jpg 400w, https:\/\/tamngocloi.com\/wp-content\/uploads\/2025\/05\/Suction_pads-280x280.jpg 280w, https:\/\/tamngocloi.com\/wp-content\/uploads\/2025\/05\/Suction_pads-768x768.jpg 768w, https:\/\/tamngocloi.com\/wp-content\/uploads\/2025\/05\/Suction_pads-12x12.jpg 12w, https:\/\/tamngocloi.com\/wp-content\/uploads\/2025\/05\/Suction_pads.jpg 1200w\" sizes=\"auto, (max-width: 800px) 100vw, 800px\" \/>\t\t\t\t\t\t\n\t\t\t\t\t<\/div>\n\t\t\t\t\t\t<\/a>\t\t\n<style>\n#image_1207313169 {\n  width: 90%;\n}\n<\/style>\n\t<\/div>\n\t\n\t<div id=\"text-2702994444\" class=\"text\">\n\t\t\n<p><span style=\"font-size: 120%;\"><strong><a href=\"https:\/\/tamngocloi.com\/vi\/suction-pads\/\">Mi\u1ebfng h\u00fat<\/a><br \/>\u00a0<\/strong><\/span><\/p>\n\t\t\n<style>\n#text-2702994444 {\n  text-align: center;\n}\n<\/style>\n\t<\/div>\n\t\n\t\t<\/div>\n\t\t\t\t\n<style>\n#col-1630219192 > .col-inner {\n  padding: 10px 0px 0px 0px;\n  border-radius: 8px;\n}\n<\/style>\n\t<\/div>\n\n\t\n\n\t<div id=\"col-1669132249\" class=\"col medium-3 small-6 large-3\"  >\n\t\t\t\t<div class=\"col-inner text-center\" style=\"background-color:rgb(229, 229, 229);\" >\n\t\t\t\n\t<div class=\"is-border\"\n\t\tstyle=\"border-color:rgb(255, 0, 0);border-width:0px 0px 0px 0px;\">\n\t<\/div>\n\t\t\t\n\t<div class=\"img has-hover x md-x lg-x y md-y lg-y\" id=\"image_292976616\">\n\t\t<a class=\"\" href=\"https:\/\/tamngocloi.com\/vi\/ejectors\/\" >\t\t\t\t\t\t<div class=\"img-inner dark\" style=\"margin:0px 0px 0px 0px;\">\n\t\t\t<img loading=\"lazy\" decoding=\"async\" width=\"800\" height=\"800\" src=\"https:\/\/tamngocloi.com\/wp-content\/uploads\/2025\/05\/Ejectors-800x800.jpg\" class=\"attachment-large size-large\" alt=\"\" srcset=\"https:\/\/tamngocloi.com\/wp-content\/uploads\/2025\/05\/Ejectors-800x800.jpg 800w, https:\/\/tamngocloi.com\/wp-content\/uploads\/2025\/05\/Ejectors-400x400.jpg 400w, https:\/\/tamngocloi.com\/wp-content\/uploads\/2025\/05\/Ejectors-280x280.jpg 280w, https:\/\/tamngocloi.com\/wp-content\/uploads\/2025\/05\/Ejectors-768x768.jpg 768w, https:\/\/tamngocloi.com\/wp-content\/uploads\/2025\/05\/Ejectors-12x12.jpg 12w, https:\/\/tamngocloi.com\/wp-content\/uploads\/2025\/05\/Ejectors.jpg 1200w\" sizes=\"auto, (max-width: 800px) 100vw, 800px\" \/>\t\t\t\t\t\t\n\t\t\t\t\t<\/div>\n\t\t\t\t\t\t<\/a>\t\t\n<style>\n#image_292976616 {\n  width: 90%;\n}\n<\/style>\n\t<\/div>\n\t\n\t<div id=\"text-4175641149\" class=\"text\">\n\t\t\n<p class=\"SubFamilyName\"><strong><span style=\"font-size: 120%;\"><a href=\"https:\/\/tamngocloi.com\/vi\/ejectors\/\">M\u00e1y phun<\/a><br \/>\u00a0<\/span><\/strong><\/p>\n\t\t\n<style>\n#text-4175641149 {\n  text-align: center;\n}\n<\/style>\n\t<\/div>\n\t\n\t\t<\/div>\n\t\t\t\t\n<style>\n#col-1669132249 > .col-inner {\n  padding: 10px 0px 0px 0px;\n  border-radius: 8px;\n}\n<\/style>\n\t<\/div>\n\n\t\n\n\t<div id=\"col-512000794\" class=\"col medium-3 small-6 large-3\"  >\n\t\t\t\t<div class=\"col-inner text-center\" style=\"background-color:rgb(229, 229, 229);\" >\n\t\t\t\n\t<div class=\"is-border\"\n\t\tstyle=\"border-color:rgb(255, 0, 0);border-width:0px 0px 0px 0px;\">\n\t<\/div>\n\t\t\t\n\t<div class=\"img has-hover x md-x lg-x y md-y lg-y\" id=\"image_317203766\">\n\t\t<a class=\"\" href=\"https:\/\/tamngocloi.com\/vi\/vacuum-accessories\/\" >\t\t\t\t\t\t<div class=\"img-inner dark\" style=\"margin:0px 0px 0px 0px;\">\n\t\t\t<img loading=\"lazy\" decoding=\"async\" width=\"800\" height=\"800\" src=\"https:\/\/tamngocloi.com\/wp-content\/uploads\/2025\/05\/Vacuum_accessories-800x800.jpg\" class=\"attachment-large size-large\" alt=\"\" srcset=\"https:\/\/tamngocloi.com\/wp-content\/uploads\/2025\/05\/Vacuum_accessories-800x800.jpg 800w, https:\/\/tamngocloi.com\/wp-content\/uploads\/2025\/05\/Vacuum_accessories-400x400.jpg 400w, https:\/\/tamngocloi.com\/wp-content\/uploads\/2025\/05\/Vacuum_accessories-280x280.jpg 280w, https:\/\/tamngocloi.com\/wp-content\/uploads\/2025\/05\/Vacuum_accessories-768x768.jpg 768w, https:\/\/tamngocloi.com\/wp-content\/uploads\/2025\/05\/Vacuum_accessories-12x12.jpg 12w, https:\/\/tamngocloi.com\/wp-content\/uploads\/2025\/05\/Vacuum_accessories.jpg 1200w\" sizes=\"auto, (max-width: 800px) 100vw, 800px\" \/>\t\t\t\t\t\t\n\t\t\t\t\t<\/div>\n\t\t\t\t\t\t<\/a>\t\t\n<style>\n#image_317203766 {\n  width: 90%;\n}\n<\/style>\n\t<\/div>\n\t\n\t<div id=\"text-1428568888\" class=\"text\">\n\t\t\n<p class=\"SubFamilyName\"><strong><span style=\"font-size: 120%;\"><a href=\"https:\/\/tamngocloi.com\/vi\/vacuum-accessories\/\">Ph\u1ee5 ki\u1ec7n m\u00e1y h\u00fat b\u1ee5i<\/a><br \/>\u00a0<\/span><\/strong><\/p>\n\t\t\n<style>\n#text-1428568888 {\n  text-align: center;\n}\n<\/style>\n\t<\/div>\n\t\n\t\t<\/div>\n\t\t\t\t\n<style>\n#col-512000794 > .col-inner {\n  padding: 10px 0px 0px 0px;\n  border-radius: 8px;\n}\n<\/style>\n\t<\/div>\n\n\t\n\n\t<div id=\"col-636665222\" class=\"col medium-3 small-6 large-3\"  >\n\t\t\t\t<div class=\"col-inner text-center\" style=\"background-color:rgb(229, 229, 229);\" >\n\t\t\t\n\t<div class=\"is-border\"\n\t\tstyle=\"border-color:rgb(255, 0, 0);border-width:0px 0px 0px 0px;\">\n\t<\/div>\n\t\t\t\n\t<div class=\"img has-hover x md-x lg-x y md-y lg-y\" id=\"image_897082592\">\n\t\t<a class=\"\" href=\"https:\/\/tamngocloi.com\/vi\/vacuum-filters\/\" >\t\t\t\t\t\t<div class=\"img-inner dark\" style=\"margin:0px 0px 0px 0px;\">\n\t\t\t<img loading=\"lazy\" decoding=\"async\" width=\"800\" height=\"800\" src=\"https:\/\/tamngocloi.com\/wp-content\/uploads\/2025\/05\/Vacuum_filters-800x800.jpg\" class=\"attachment-large size-large\" alt=\"\" srcset=\"https:\/\/tamngocloi.com\/wp-content\/uploads\/2025\/05\/Vacuum_filters-800x800.jpg 800w, https:\/\/tamngocloi.com\/wp-content\/uploads\/2025\/05\/Vacuum_filters-400x400.jpg 400w, https:\/\/tamngocloi.com\/wp-content\/uploads\/2025\/05\/Vacuum_filters-280x280.jpg 280w, https:\/\/tamngocloi.com\/wp-content\/uploads\/2025\/05\/Vacuum_filters-768x768.jpg 768w, https:\/\/tamngocloi.com\/wp-content\/uploads\/2025\/05\/Vacuum_filters-12x12.jpg 12w, https:\/\/tamngocloi.com\/wp-content\/uploads\/2025\/05\/Vacuum_filters.jpg 1200w\" sizes=\"auto, (max-width: 800px) 100vw, 800px\" \/>\t\t\t\t\t\t\n\t\t\t\t\t<\/div>\n\t\t\t\t\t\t<\/a>\t\t\n<style>\n#image_897082592 {\n  width: 90%;\n}\n<\/style>\n\t<\/div>\n\t\n\t<div id=\"text-3481112027\" class=\"text\">\n\t\t\n<p><span style=\"font-size: 120%;\"><strong><a href=\"https:\/\/tamngocloi.com\/vi\/vacuum-filters\/\">B\u1ed9 l\u1ecdc ch\u00e2n kh\u00f4ng<\/a><br \/>\u00a0<\/strong><\/span><\/p>\n\t\t\n<style>\n#text-3481112027 {\n  text-align: center;\n}\n<\/style>\n\t<\/div>\n\t\n\t\t<\/div>\n\t\t\t\t\n<style>\n#col-636665222 > .col-inner {\n  padding: 10px 0px 0px 0px;\n  border-radius: 8px;\n}\n<\/style>\n\t<\/div>\n\n\t\n<\/div>\n\t<div id=\"gap-826346266\" class=\"gap-element clearfix\" style=\"display:block; height:auto;\">\n\t\t\n<style>\n#gap-826346266 {\n  padding-top: 30px;\n}\n<\/style>\n\t<\/div>","protected":false},"excerpt":{"rendered":"<p>Vacuum Technology Vacuum technology is a fundamental pillar in industrial automation, offering advanced solutions for a wide range of applications that require the safe and precise handling of objects of various shapes and sizes.<\/p>","protected":false},"author":1,"featured_media":0,"parent":0,"menu_order":0,"comment_status":"closed","ping_status":"closed","template":"","meta":{"footnotes":""},"class_list":["post-4424","page","type-page","status-publish","hentry"],"yoast_head":"<!-- This site is optimized with the Yoast SEO plugin v25.3 - https:\/\/yoast.com\/wordpress\/plugins\/seo\/ -->\n<title>Vacuum Technology - TNL Company Limited<\/title>\n<meta name=\"robots\" content=\"index, follow, max-snippet:-1, max-image-preview:large, max-video-preview:-1\" \/>\n<link rel=\"canonical\" href=\"https:\/\/tamngocloi.com\/vi\/vacuum-technology\/\" \/>\n<meta property=\"og:locale\" content=\"vi_VN\" \/>\n<meta property=\"og:type\" content=\"article\" \/>\n<meta property=\"og:title\" content=\"Vacuum Technology - TNL Company Limited\" \/>\n<meta property=\"og:description\" content=\"Vacuum Technology Vacuum technology is a fundamental pillar in industrial automation, offering advanced solutions for a wide range of applications that require the safe and precise handling of objects of various shapes and sizes.\" \/>\n<meta property=\"og:url\" content=\"https:\/\/tamngocloi.com\/vi\/vacuum-technology\/\" \/>\n<meta property=\"og:site_name\" content=\"TNL Company Limited\" \/>\n<meta property=\"article:modified_time\" content=\"2025-05-24T12:51:03+00:00\" \/>\n<meta name=\"twitter:card\" content=\"summary_large_image\" \/>\n<script type=\"application\/ld+json\" class=\"yoast-schema-graph\">{\"@context\":\"https:\/\/schema.org\",\"@graph\":[{\"@type\":\"WebPage\",\"@id\":\"https:\/\/tamngocloi.com\/vacuum-technology\/\",\"url\":\"https:\/\/tamngocloi.com\/vacuum-technology\/\",\"name\":\"Vacuum Technology - TNL Company Limited\",\"isPartOf\":{\"@id\":\"https:\/\/tamngocloi.com\/#website\"},\"datePublished\":\"2025-05-18T04:15:21+00:00\",\"dateModified\":\"2025-05-24T12:51:03+00:00\",\"breadcrumb\":{\"@id\":\"https:\/\/tamngocloi.com\/vacuum-technology\/#breadcrumb\"},\"inLanguage\":\"vi\",\"potentialAction\":[{\"@type\":\"ReadAction\",\"target\":[\"https:\/\/tamngocloi.com\/vacuum-technology\/\"]}]},{\"@type\":\"BreadcrumbList\",\"@id\":\"https:\/\/tamngocloi.com\/vacuum-technology\/#breadcrumb\",\"itemListElement\":[{\"@type\":\"ListItem\",\"position\":1,\"name\":\"Home\",\"item\":\"https:\/\/tamngocloi.com\/\"},{\"@type\":\"ListItem\",\"position\":2,\"name\":\"Vacuum Technology\"}]},{\"@type\":\"WebSite\",\"@id\":\"https:\/\/tamngocloi.com\/#website\",\"url\":\"https:\/\/tamngocloi.com\/\",\"name\":\"TNL Company Limited\",\"description\":\"\",\"publisher\":{\"@id\":\"https:\/\/tamngocloi.com\/#organization\"},\"potentialAction\":[{\"@type\":\"SearchAction\",\"target\":{\"@type\":\"EntryPoint\",\"urlTemplate\":\"https:\/\/tamngocloi.com\/?s={search_term_string}\"},\"query-input\":{\"@type\":\"PropertyValueSpecification\",\"valueRequired\":true,\"valueName\":\"search_term_string\"}}],\"inLanguage\":\"vi\"},{\"@type\":\"Organization\",\"@id\":\"https:\/\/tamngocloi.com\/#organization\",\"name\":\"TNL Company Limited\",\"url\":\"https:\/\/tamngocloi.com\/\",\"logo\":{\"@type\":\"ImageObject\",\"inLanguage\":\"vi\",\"@id\":\"https:\/\/tamngocloi.com\/#\/schema\/logo\/image\/\",\"url\":\"https:\/\/tamngocloi.com\/wp-content\/uploads\/2024\/09\/download-removebg-preview.png\",\"contentUrl\":\"https:\/\/tamngocloi.com\/wp-content\/uploads\/2024\/09\/download-removebg-preview.png\",\"width\":570,\"height\":438,\"caption\":\"TNL Company Limited\"},\"image\":{\"@id\":\"https:\/\/tamngocloi.com\/#\/schema\/logo\/image\/\"}}]}<\/script>\n<!-- \/ Yoast SEO plugin. -->","yoast_head_json":{"title":"Vacuum Technology - TNL Company Limited","robots":{"index":"index","follow":"follow","max-snippet":"max-snippet:-1","max-image-preview":"max-image-preview:large","max-video-preview":"max-video-preview:-1"},"canonical":"https:\/\/tamngocloi.com\/vi\/vacuum-technology\/","og_locale":"vi_VN","og_type":"article","og_title":"Vacuum Technology - TNL Company Limited","og_description":"Vacuum Technology Vacuum technology is a fundamental pillar in industrial automation, offering advanced solutions for a wide range of applications that require the safe and precise handling of objects of various shapes and sizes.","og_url":"https:\/\/tamngocloi.com\/vi\/vacuum-technology\/","og_site_name":"TNL Company Limited","article_modified_time":"2025-05-24T12:51:03+00:00","twitter_card":"summary_large_image","schema":{"@context":"https:\/\/schema.org","@graph":[{"@type":"WebPage","@id":"https:\/\/tamngocloi.com\/vacuum-technology\/","url":"https:\/\/tamngocloi.com\/vacuum-technology\/","name":"Vacuum Technology - TNL Company Limited","isPartOf":{"@id":"https:\/\/tamngocloi.com\/#website"},"datePublished":"2025-05-18T04:15:21+00:00","dateModified":"2025-05-24T12:51:03+00:00","breadcrumb":{"@id":"https:\/\/tamngocloi.com\/vacuum-technology\/#breadcrumb"},"inLanguage":"vi","potentialAction":[{"@type":"ReadAction","target":["https:\/\/tamngocloi.com\/vacuum-technology\/"]}]},{"@type":"BreadcrumbList","@id":"https:\/\/tamngocloi.com\/vacuum-technology\/#breadcrumb","itemListElement":[{"@type":"ListItem","position":1,"name":"Home","item":"https:\/\/tamngocloi.com\/"},{"@type":"ListItem","position":2,"name":"Vacuum Technology"}]},{"@type":"WebSite","@id":"https:\/\/tamngocloi.com\/#website","url":"https:\/\/tamngocloi.com\/","name":"TNL Company Limited","description":"","publisher":{"@id":"https:\/\/tamngocloi.com\/#organization"},"potentialAction":[{"@type":"SearchAction","target":{"@type":"EntryPoint","urlTemplate":"https:\/\/tamngocloi.com\/?s={search_term_string}"},"query-input":{"@type":"PropertyValueSpecification","valueRequired":true,"valueName":"search_term_string"}}],"inLanguage":"vi"},{"@type":"Organization","@id":"https:\/\/tamngocloi.com\/#organization","name":"TNL Company Limited","url":"https:\/\/tamngocloi.com\/","logo":{"@type":"ImageObject","inLanguage":"vi","@id":"https:\/\/tamngocloi.com\/#\/schema\/logo\/image\/","url":"https:\/\/tamngocloi.com\/wp-content\/uploads\/2024\/09\/download-removebg-preview.png","contentUrl":"https:\/\/tamngocloi.com\/wp-content\/uploads\/2024\/09\/download-removebg-preview.png","width":570,"height":438,"caption":"TNL Company Limited"},"image":{"@id":"https:\/\/tamngocloi.com\/#\/schema\/logo\/image\/"}}]}},"_links":{"self":[{"href":"https:\/\/tamngocloi.com\/vi\/wp-json\/wp\/v2\/pages\/4424","targetHints":{"allow":["GET"]}}],"collection":[{"href":"https:\/\/tamngocloi.com\/vi\/wp-json\/wp\/v2\/pages"}],"about":[{"href":"https:\/\/tamngocloi.com\/vi\/wp-json\/wp\/v2\/types\/page"}],"author":[{"embeddable":true,"href":"https:\/\/tamngocloi.com\/vi\/wp-json\/wp\/v2\/users\/1"}],"replies":[{"embeddable":true,"href":"https:\/\/tamngocloi.com\/vi\/wp-json\/wp\/v2\/comments?post=4424"}],"version-history":[{"count":13,"href":"https:\/\/tamngocloi.com\/vi\/wp-json\/wp\/v2\/pages\/4424\/revisions"}],"predecessor-version":[{"id":5189,"href":"https:\/\/tamngocloi.com\/vi\/wp-json\/wp\/v2\/pages\/4424\/revisions\/5189"}],"wp:attachment":[{"href":"https:\/\/tamngocloi.com\/vi\/wp-json\/wp\/v2\/media?parent=4424"}],"curies":[{"name":"wp","href":"https:\/\/api.w.org\/{rel}","templated":true}]}}