{"id":4406,"date":"2025-05-18T10:58:59","date_gmt":"2025-05-18T03:58:59","guid":{"rendered":"https:\/\/tamngocloi.com\/?page_id=4406"},"modified":"2025-05-24T19:46:13","modified_gmt":"2025-05-24T12:46:13","slug":"fittings-connectors-and-tubes","status":"publish","type":"page","link":"https:\/\/tamngocloi.com\/vi\/fittings-connectors-and-tubes\/","title":{"rendered":"Ph\u1ee5 ki\u1ec7n, \u0111\u1ea7u n\u1ed1i v\u00e0 \u1ed1ng"},"content":{"rendered":"<div id=\"gap-329605129\" class=\"gap-element clearfix\" style=\"display:block; height:auto;\">\n\t\t\n<style>\n#gap-329605129 {\n  padding-top: 30px;\n}\n<\/style>\n\t<\/div>\n\t\n<h1>Ph\u1ee5 ki\u1ec7n, \u0111\u1ea7u n\u1ed1i v\u00e0 \u1ed1ng<\/h1>\n<p class=\"category-description content-align\">C\u00e1c ph\u1ee5 ki\u1ec7n v\u00e0 \u0111\u1ea7u n\u1ed1i \u0111\u00f3ng vai tr\u00f2 quan tr\u1ecdng trong t\u1ef1 \u0111\u1ed9ng h\u00f3a c\u00f4ng nghi\u1ec7p v\u00e0 h\u1ec7 th\u1ed1ng kh\u00ed n\u00e9n. Ch\u00fang l\u00e0 c\u00e1c th\u00e0nh ph\u1ea7n thi\u1ebft y\u1ebfu \u0111\u1ec3 k\u1ebft n\u1ed1i c\u00e1c \u1ed1ng, \u1ed1ng m\u1ec1m v\u00e0 c\u00e1c th\u00e0nh ph\u1ea7n kh\u00e1c trong m\u1ea1ch v\u00e0 h\u1ec7 th\u1ed1ng kh\u00ed n\u00e9n, \u0111\u1ea3m b\u1ea3o l\u01b0u th\u00f4ng li\u00ean t\u1ee5c v\u00e0 an to\u00e0n c\u1ee7a ch\u1ea5t l\u1ecfng, c\u1ea3 d\u1ea1ng kh\u00ed v\u00e0 d\u1ea1ng l\u1ecfng.<\/p>\n<p>C\u00f3 nhi\u1ec1u lo\u1ea1i ph\u1ee5 ki\u1ec7n v\u00e0 \u0111\u1ea7u n\u1ed1i kh\u00e1c nhau, m\u1ed7i lo\u1ea1i c\u00f3 \u0111\u1eb7c \u0111i\u1ec3m v\u00e0 \u1ee9ng d\u1ee5ng ri\u00eang. Sau \u0111\u00e2y l\u00e0 th\u00f4ng s\u1ed1 k\u1ef9 thu\u1eadt c\u1ee7a c\u00e1c th\u00e0nh ph\u1ea7n ph\u1ed5 bi\u1ebfn nh\u1ea5t trong nh\u00f3m s\u1ea3n ph\u1ea9m n\u00e0y.<\/p>\n\t<div id=\"gap-1049211626\" class=\"gap-element clearfix\" style=\"display:block; height:auto;\">\n\t\t\n<style>\n#gap-1049211626 {\n  padding-top: 60px;\n}\n<\/style>\n\t<\/div>\n\t\n<div class=\"row\"  id=\"row-863504240\">\n\n\t<div id=\"col-1136006102\" class=\"col medium-3 small-6 large-3\"  >\n\t\t\t\t<div class=\"col-inner text-center\" style=\"background-color:rgb(229, 229, 229);\" >\n\t\t\t\n\t<div class=\"is-border\"\n\t\tstyle=\"border-color:rgb(255, 0, 0);border-width:0px 0px 0px 0px;\">\n\t<\/div>\n\t\t\t\n\t<div class=\"img has-hover x md-x lg-x y md-y lg-y\" id=\"image_1043829390\">\n\t\t<a class=\"\" href=\"https:\/\/tamngocloi.com\/vi\/super-rapid-push-in-fittings\/\" >\t\t\t\t\t\t<div class=\"img-inner dark\" style=\"margin:0px 0px 0px 0px;\">\n\t\t\t<img loading=\"lazy\" decoding=\"async\" width=\"800\" height=\"800\" src=\"https:\/\/tamngocloi.com\/wp-content\/uploads\/2025\/05\/Super_rapid_fittings-800x800.jpg\" class=\"attachment-large size-large\" alt=\"\" srcset=\"https:\/\/tamngocloi.com\/wp-content\/uploads\/2025\/05\/Super_rapid_fittings-800x800.jpg 800w, https:\/\/tamngocloi.com\/wp-content\/uploads\/2025\/05\/Super_rapid_fittings-400x400.jpg 400w, https:\/\/tamngocloi.com\/wp-content\/uploads\/2025\/05\/Super_rapid_fittings-280x280.jpg 280w, https:\/\/tamngocloi.com\/wp-content\/uploads\/2025\/05\/Super_rapid_fittings-768x768.jpg 768w, https:\/\/tamngocloi.com\/wp-content\/uploads\/2025\/05\/Super_rapid_fittings-12x12.jpg 12w, https:\/\/tamngocloi.com\/wp-content\/uploads\/2025\/05\/Super_rapid_fittings.jpg 1200w\" sizes=\"auto, (max-width: 800px) 100vw, 800px\" \/>\t\t\t\t\t\t\n\t\t\t\t\t<\/div>\n\t\t\t\t\t\t<\/a>\t\t\n<style>\n#image_1043829390 {\n  width: 90%;\n}\n<\/style>\n\t<\/div>\n\t\n\t<div id=\"text-832988447\" class=\"text\">\n\t\t\n<p><span style=\"font-size: 120%;\"><strong><a href=\"https:\/\/tamngocloi.com\/vi\/super-rapid-push-in-fittings\/\">Ph\u1ee5 ki\u1ec7n \u0111\u1ea9y v\u00e0o  <br> si\u00eau nhanh<\/a><br \/>\u00a0<\/strong><\/span><\/p>\n\t\t\n<style>\n#text-832988447 {\n  text-align: center;\n}\n<\/style>\n\t<\/div>\n\t\n\t\t<\/div>\n\t\t\t\t\n<style>\n#col-1136006102 > .col-inner {\n  padding: 10px 0px 0px 0px;\n  border-radius: 8px;\n}\n<\/style>\n\t<\/div>\n\n\t\n\n\t<div id=\"col-302953983\" class=\"col medium-3 small-6 large-3\"  >\n\t\t\t\t<div class=\"col-inner text-center\" style=\"background-color:rgb(229, 229, 229);\" >\n\t\t\t\n\t<div class=\"is-border\"\n\t\tstyle=\"border-color:rgb(255, 0, 0);border-width:0px 0px 0px 0px;\">\n\t<\/div>\n\t\t\t\n\t<div class=\"img has-hover x md-x lg-x y md-y lg-y\" id=\"image_1555824382\">\n\t\t<a class=\"\" href=\"https:\/\/tamngocloi.com\/vi\/rapid-push-on-fittings\/\" >\t\t\t\t\t\t<div class=\"img-inner dark\" style=\"margin:0px 0px 0px 0px;\">\n\t\t\t<img loading=\"lazy\" decoding=\"async\" width=\"800\" height=\"800\" src=\"https:\/\/tamngocloi.com\/wp-content\/uploads\/2025\/05\/Rapid_fittings-800x800.jpg\" class=\"attachment-large size-large\" alt=\"\" srcset=\"https:\/\/tamngocloi.com\/wp-content\/uploads\/2025\/05\/Rapid_fittings-800x800.jpg 800w, https:\/\/tamngocloi.com\/wp-content\/uploads\/2025\/05\/Rapid_fittings-400x400.jpg 400w, https:\/\/tamngocloi.com\/wp-content\/uploads\/2025\/05\/Rapid_fittings-280x280.jpg 280w, https:\/\/tamngocloi.com\/wp-content\/uploads\/2025\/05\/Rapid_fittings-768x768.jpg 768w, https:\/\/tamngocloi.com\/wp-content\/uploads\/2025\/05\/Rapid_fittings-12x12.jpg 12w, https:\/\/tamngocloi.com\/wp-content\/uploads\/2025\/05\/Rapid_fittings.jpg 1200w\" sizes=\"auto, (max-width: 800px) 100vw, 800px\" \/>\t\t\t\t\t\t\n\t\t\t\t\t<\/div>\n\t\t\t\t\t\t<\/a>\t\t\n<style>\n#image_1555824382 {\n  width: 90%;\n}\n<\/style>\n\t<\/div>\n\t\n\t<div id=\"text-502010339\" class=\"text\">\n\t\t\n<p class=\"SubFamilyName\"><strong><span style=\"font-size: 120%;\"><a href=\"https:\/\/tamngocloi.com\/vi\/rapid-push-on-fittings\/\">Ph\u1ee5 ki\u1ec7n \u0111\u1ea9y nhanh<\/a><br \/>\u00a0<br \/>\u00a0<\/span><\/strong><\/p>\n\t\t\n<style>\n#text-502010339 {\n  text-align: center;\n}\n<\/style>\n\t<\/div>\n\t\n\t\t<\/div>\n\t\t\t\t\n<style>\n#col-302953983 > .col-inner {\n  padding: 10px 0px 0px 0px;\n  border-radius: 8px;\n}\n<\/style>\n\t<\/div>\n\n\t\n\n\t<div id=\"col-111120441\" class=\"col medium-3 small-6 large-3\"  >\n\t\t\t\t<div class=\"col-inner text-center\" style=\"background-color:rgb(229, 229, 229);\" >\n\t\t\t\n\t<div class=\"is-border\"\n\t\tstyle=\"border-color:rgb(255, 0, 0);border-width:0px 0px 0px 0px;\">\n\t<\/div>\n\t\t\t\n\t<div class=\"img has-hover x md-x lg-x y md-y lg-y\" id=\"image_677376189\">\n\t\t<a class=\"\" href=\"https:\/\/tamngocloi.com\/vi\/universal-olives-fittings\/\" >\t\t\t\t\t\t<div class=\"img-inner dark\" style=\"margin:0px 0px 0px 0px;\">\n\t\t\t<img loading=\"lazy\" decoding=\"async\" width=\"800\" height=\"800\" src=\"https:\/\/tamngocloi.com\/wp-content\/uploads\/2025\/05\/Universal_fittings-800x800.jpg\" class=\"attachment-large size-large\" alt=\"\" srcset=\"https:\/\/tamngocloi.com\/wp-content\/uploads\/2025\/05\/Universal_fittings-800x800.jpg 800w, https:\/\/tamngocloi.com\/wp-content\/uploads\/2025\/05\/Universal_fittings-400x400.jpg 400w, https:\/\/tamngocloi.com\/wp-content\/uploads\/2025\/05\/Universal_fittings-280x280.jpg 280w, https:\/\/tamngocloi.com\/wp-content\/uploads\/2025\/05\/Universal_fittings-768x768.jpg 768w, https:\/\/tamngocloi.com\/wp-content\/uploads\/2025\/05\/Universal_fittings-12x12.jpg 12w, https:\/\/tamngocloi.com\/wp-content\/uploads\/2025\/05\/Universal_fittings.jpg 1200w\" sizes=\"auto, (max-width: 800px) 100vw, 800px\" \/>\t\t\t\t\t\t\n\t\t\t\t\t<\/div>\n\t\t\t\t\t\t<\/a>\t\t\n<style>\n#image_677376189 {\n  width: 90%;\n}\n<\/style>\n\t<\/div>\n\t\n\t<div id=\"text-2110102271\" class=\"text\">\n\t\t\n<p class=\"SubFamilyName\"><strong><span style=\"font-size: 120%;\"><a href=\"https:\/\/tamngocloi.com\/vi\/universal-olives-fittings\/\">Ph\u1ee5 ki\u1ec7n \u00f4 liu ph\u1ed5 th\u00f4ng<\/a><br \/>\u00a0<br \/>\u00a0<\/span><\/strong><\/p>\n\t\t\n<style>\n#text-2110102271 {\n  text-align: center;\n}\n<\/style>\n\t<\/div>\n\t\n\t\t<\/div>\n\t\t\t\t\n<style>\n#col-111120441 > .col-inner {\n  padding: 10px 0px 0px 0px;\n  border-radius: 8px;\n}\n<\/style>\n\t<\/div>\n\n\t\n\n\t<div id=\"col-169734199\" class=\"col medium-3 small-6 large-3\"  >\n\t\t\t\t<div class=\"col-inner text-center\" style=\"background-color:rgb(229, 229, 229);\" >\n\t\t\t\n\t<div class=\"is-border\"\n\t\tstyle=\"border-color:rgb(255, 0, 0);border-width:0px 0px 0px 0px;\">\n\t<\/div>\n\t\t\t\n\t<div class=\"img has-hover x md-x lg-x y md-y lg-y\" id=\"image_1865745693\">\n\t\t<a class=\"\" href=\"https:\/\/tamngocloi.com\/vi\/fittings-accessories\/\" >\t\t\t\t\t\t<div class=\"img-inner dark\" style=\"margin:0px 0px 0px 0px;\">\n\t\t\t<img loading=\"lazy\" decoding=\"async\" width=\"800\" height=\"800\" src=\"https:\/\/tamngocloi.com\/wp-content\/uploads\/2025\/05\/Fittings_accessories-800x800.jpg\" class=\"attachment-large size-large\" alt=\"\" srcset=\"https:\/\/tamngocloi.com\/wp-content\/uploads\/2025\/05\/Fittings_accessories-800x800.jpg 800w, https:\/\/tamngocloi.com\/wp-content\/uploads\/2025\/05\/Fittings_accessories-400x400.jpg 400w, https:\/\/tamngocloi.com\/wp-content\/uploads\/2025\/05\/Fittings_accessories-280x280.jpg 280w, https:\/\/tamngocloi.com\/wp-content\/uploads\/2025\/05\/Fittings_accessories-768x768.jpg 768w, https:\/\/tamngocloi.com\/wp-content\/uploads\/2025\/05\/Fittings_accessories-12x12.jpg 12w, https:\/\/tamngocloi.com\/wp-content\/uploads\/2025\/05\/Fittings_accessories.jpg 1200w\" sizes=\"auto, (max-width: 800px) 100vw, 800px\" \/>\t\t\t\t\t\t\n\t\t\t\t\t<\/div>\n\t\t\t\t\t\t<\/a>\t\t\n<style>\n#image_1865745693 {\n  width: 90%;\n}\n<\/style>\n\t<\/div>\n\t\n\t<div id=\"text-2048357251\" class=\"text\">\n\t\t\n<p><span style=\"font-size: 120%;\"><strong><a href=\"https:\/\/tamngocloi.com\/vi\/fittings-accessories\/\">Ph\u1ee5 ki\u1ec7n l\u1eafp \u0111\u1eb7t<\/a><br \/>\u00a0<br \/>\u00a0<\/strong><\/span><\/p>\n\t\t\n<style>\n#text-2048357251 {\n  text-align: center;\n}\n<\/style>\n\t<\/div>\n\t\n\t\t<\/div>\n\t\t\t\t\n<style>\n#col-169734199 > .col-inner {\n  padding: 10px 0px 0px 0px;\n  border-radius: 8px;\n}\n<\/style>\n\t<\/div>\n\n\t\n<\/div>\n\t<div id=\"gap-1359536738\" class=\"gap-element clearfix\" style=\"display:block; height:auto;\">\n\t\t\n<style>\n#gap-1359536738 {\n  padding-top: 30px;\n}\n<\/style>\n\t<\/div>\n\t\n<div class=\"row\"  id=\"row-639242304\">\n\n\t<div id=\"col-895779415\" class=\"col medium-3 small-6 large-3\"  >\n\t\t\t\t<div class=\"col-inner text-center\" style=\"background-color:rgb(229, 229, 229);\" >\n\t\t\t\n\t<div class=\"is-border\"\n\t\tstyle=\"border-color:rgb(255, 0, 0);border-width:0px 0px 0px 0px;\">\n\t<\/div>\n\t\t\t\n\t<div class=\"img has-hover x md-x lg-x y md-y lg-y\" id=\"image_1957743070\">\n\t\t<a class=\"\" href=\"https:\/\/tamngocloi.com\/vi\/quick-release-couplings\/\" >\t\t\t\t\t\t<div class=\"img-inner dark\" style=\"margin:0px 0px 0px 0px;\">\n\t\t\t<img loading=\"lazy\" decoding=\"async\" width=\"800\" height=\"800\" src=\"https:\/\/tamngocloi.com\/wp-content\/uploads\/2025\/05\/Quick_release_couplings-800x800.jpg\" class=\"attachment-large size-large\" alt=\"\" srcset=\"https:\/\/tamngocloi.com\/wp-content\/uploads\/2025\/05\/Quick_release_couplings-800x800.jpg 800w, https:\/\/tamngocloi.com\/wp-content\/uploads\/2025\/05\/Quick_release_couplings-400x400.jpg 400w, https:\/\/tamngocloi.com\/wp-content\/uploads\/2025\/05\/Quick_release_couplings-280x280.jpg 280w, https:\/\/tamngocloi.com\/wp-content\/uploads\/2025\/05\/Quick_release_couplings-768x768.jpg 768w, https:\/\/tamngocloi.com\/wp-content\/uploads\/2025\/05\/Quick_release_couplings-12x12.jpg 12w, https:\/\/tamngocloi.com\/wp-content\/uploads\/2025\/05\/Quick_release_couplings.jpg 1200w\" sizes=\"auto, (max-width: 800px) 100vw, 800px\" \/>\t\t\t\t\t\t\n\t\t\t\t\t<\/div>\n\t\t\t\t\t\t<\/a>\t\t\n<style>\n#image_1957743070 {\n  width: 90%;\n}\n<\/style>\n\t<\/div>\n\t\n\t<div id=\"text-742888443\" class=\"text\">\n\t\t\n<p><span style=\"font-size: 120%;\"><strong><a href=\"https:\/\/tamngocloi.com\/vi\/quick-release-couplings\/\">Kh\u1edbp n\u1ed1i th\u00e1o l\u1eafp nhanh<\/a><br \/>\u00a0<br \/>\u00a0<\/strong><\/span><\/p>\n\t\t\n<style>\n#text-742888443 {\n  text-align: center;\n}\n<\/style>\n\t<\/div>\n\t\n\t\t<\/div>\n\t\t\t\t\n<style>\n#col-895779415 > .col-inner {\n  padding: 10px 0px 0px 0px;\n  border-radius: 8px;\n}\n<\/style>\n\t<\/div>\n\n\t\n\n\t<div id=\"col-511353406\" class=\"col medium-3 small-6 large-3\"  >\n\t\t\t\t<div class=\"col-inner text-center\" style=\"background-color:rgb(229, 229, 229);\" >\n\t\t\t\n\t<div class=\"is-border\"\n\t\tstyle=\"border-color:rgb(255, 0, 0);border-width:0px 0px 0px 0px;\">\n\t<\/div>\n\t\t\t\n\t<div class=\"img has-hover x md-x lg-x y md-y lg-y\" id=\"image_831642144\">\n\t\t<a class=\"\" href=\"https:\/\/tamngocloi.com\/vi\/tubing-spirals-and-accessoriess\/\" >\t\t\t\t\t\t<div class=\"img-inner dark\" style=\"margin:0px 0px 0px 0px;\">\n\t\t\t<img loading=\"lazy\" decoding=\"async\" width=\"800\" height=\"800\" src=\"https:\/\/tamngocloi.com\/wp-content\/uploads\/2025\/05\/Tubing_spirals_accessories-800x800.jpg\" class=\"attachment-large size-large\" alt=\"\" srcset=\"https:\/\/tamngocloi.com\/wp-content\/uploads\/2025\/05\/Tubing_spirals_accessories-800x800.jpg 800w, https:\/\/tamngocloi.com\/wp-content\/uploads\/2025\/05\/Tubing_spirals_accessories-400x400.jpg 400w, https:\/\/tamngocloi.com\/wp-content\/uploads\/2025\/05\/Tubing_spirals_accessories-280x280.jpg 280w, https:\/\/tamngocloi.com\/wp-content\/uploads\/2025\/05\/Tubing_spirals_accessories-768x768.jpg 768w, https:\/\/tamngocloi.com\/wp-content\/uploads\/2025\/05\/Tubing_spirals_accessories-12x12.jpg 12w, https:\/\/tamngocloi.com\/wp-content\/uploads\/2025\/05\/Tubing_spirals_accessories.jpg 1200w\" sizes=\"auto, (max-width: 800px) 100vw, 800px\" \/>\t\t\t\t\t\t\n\t\t\t\t\t<\/div>\n\t\t\t\t\t\t<\/a>\t\t\n<style>\n#image_831642144 {\n  width: 90%;\n}\n<\/style>\n\t<\/div>\n\t\n\t<div id=\"text-689670431\" class=\"text\">\n\t\t\n<p class=\"SubFamilyName\"><strong><span style=\"font-size: 120%;\"><a href=\"https:\/\/tamngocloi.com\/vi\/tubing-spirals-and-accessoriess\/\">\u1ed0ng, \u1ed1ng xo\u1eafn v\u00e0  <br> ph\u1ee5 ki\u1ec7n<\/a><br \/>\u00a0<\/span><\/strong><\/p>\n\t\t\n<style>\n#text-689670431 {\n  text-align: center;\n}\n<\/style>\n\t<\/div>\n\t\n\t\t<\/div>\n\t\t\t\t\n<style>\n#col-511353406 > .col-inner {\n  padding: 10px 0px 0px 0px;\n  border-radius: 8px;\n}\n<\/style>\n\t<\/div>\n\n\t\n<\/div>\n\t<div id=\"gap-1802532390\" class=\"gap-element clearfix\" style=\"display:block; height:auto;\">\n\t\t\n<style>\n#gap-1802532390 {\n  padding-top: 30px;\n}\n<\/style>\n\t<\/div>","protected":false},"excerpt":{"rendered":"<p>Fittings, Connectors and tubes Fittings and connectors play a crucial role in industrial automation and pneumatic systems. They are essential components for connecting tubes, hoses and other elements within pneumatic circuits and systems, ensuring a continuous and safe flow of fluids, both gaseous and liquid. There are different types of fittings and connectors, each with [&#8230;]","protected":false},"author":1,"featured_media":0,"parent":0,"menu_order":0,"comment_status":"closed","ping_status":"closed","template":"","meta":{"footnotes":""},"class_list":["post-4406","page","type-page","status-publish","hentry"],"yoast_head":"<!-- This site is optimized with the Yoast SEO plugin v25.3 - https:\/\/yoast.com\/wordpress\/plugins\/seo\/ -->\n<title>Fittings, Connectors and tubes - TNL Company Limited<\/title>\n<meta name=\"robots\" content=\"index, follow, max-snippet:-1, max-image-preview:large, max-video-preview:-1\" \/>\n<link rel=\"canonical\" href=\"https:\/\/tamngocloi.com\/vi\/fittings-connectors-and-tubes\/\" \/>\n<meta property=\"og:locale\" content=\"vi_VN\" \/>\n<meta property=\"og:type\" content=\"article\" \/>\n<meta property=\"og:title\" content=\"Fittings, Connectors and tubes - TNL Company Limited\" \/>\n<meta property=\"og:description\" content=\"Fittings, Connectors and tubes Fittings and connectors play a crucial role in industrial automation and pneumatic systems. They are essential components for connecting tubes, hoses and other elements within pneumatic circuits and systems, ensuring a continuous and safe flow of fluids, both gaseous and liquid. There are different types of fittings and connectors, each with [...]\" \/>\n<meta property=\"og:url\" content=\"https:\/\/tamngocloi.com\/vi\/fittings-connectors-and-tubes\/\" \/>\n<meta property=\"og:site_name\" content=\"TNL Company Limited\" \/>\n<meta property=\"article:modified_time\" content=\"2025-05-24T12:46:13+00:00\" \/>\n<meta name=\"twitter:card\" content=\"summary_large_image\" \/>\n<script type=\"application\/ld+json\" class=\"yoast-schema-graph\">{\"@context\":\"https:\/\/schema.org\",\"@graph\":[{\"@type\":\"WebPage\",\"@id\":\"https:\/\/tamngocloi.com\/fittings-connectors-and-tubes\/\",\"url\":\"https:\/\/tamngocloi.com\/fittings-connectors-and-tubes\/\",\"name\":\"Fittings, Connectors and tubes - TNL Company Limited\",\"isPartOf\":{\"@id\":\"https:\/\/tamngocloi.com\/#website\"},\"datePublished\":\"2025-05-18T03:58:59+00:00\",\"dateModified\":\"2025-05-24T12:46:13+00:00\",\"breadcrumb\":{\"@id\":\"https:\/\/tamngocloi.com\/fittings-connectors-and-tubes\/#breadcrumb\"},\"inLanguage\":\"vi\",\"potentialAction\":[{\"@type\":\"ReadAction\",\"target\":[\"https:\/\/tamngocloi.com\/fittings-connectors-and-tubes\/\"]}]},{\"@type\":\"BreadcrumbList\",\"@id\":\"https:\/\/tamngocloi.com\/fittings-connectors-and-tubes\/#breadcrumb\",\"itemListElement\":[{\"@type\":\"ListItem\",\"position\":1,\"name\":\"Home\",\"item\":\"https:\/\/tamngocloi.com\/\"},{\"@type\":\"ListItem\",\"position\":2,\"name\":\"Fittings, Connectors and tubes\"}]},{\"@type\":\"WebSite\",\"@id\":\"https:\/\/tamngocloi.com\/#website\",\"url\":\"https:\/\/tamngocloi.com\/\",\"name\":\"TNL Company Limited\",\"description\":\"\",\"publisher\":{\"@id\":\"https:\/\/tamngocloi.com\/#organization\"},\"potentialAction\":[{\"@type\":\"SearchAction\",\"target\":{\"@type\":\"EntryPoint\",\"urlTemplate\":\"https:\/\/tamngocloi.com\/?s={search_term_string}\"},\"query-input\":{\"@type\":\"PropertyValueSpecification\",\"valueRequired\":true,\"valueName\":\"search_term_string\"}}],\"inLanguage\":\"vi\"},{\"@type\":\"Organization\",\"@id\":\"https:\/\/tamngocloi.com\/#organization\",\"name\":\"TNL Company Limited\",\"url\":\"https:\/\/tamngocloi.com\/\",\"logo\":{\"@type\":\"ImageObject\",\"inLanguage\":\"vi\",\"@id\":\"https:\/\/tamngocloi.com\/#\/schema\/logo\/image\/\",\"url\":\"https:\/\/tamngocloi.com\/wp-content\/uploads\/2024\/09\/download-removebg-preview.png\",\"contentUrl\":\"https:\/\/tamngocloi.com\/wp-content\/uploads\/2024\/09\/download-removebg-preview.png\",\"width\":570,\"height\":438,\"caption\":\"TNL Company Limited\"},\"image\":{\"@id\":\"https:\/\/tamngocloi.com\/#\/schema\/logo\/image\/\"}}]}<\/script>\n<!-- \/ Yoast SEO plugin. -->","yoast_head_json":{"title":"Fittings, Connectors and tubes - TNL Company Limited","robots":{"index":"index","follow":"follow","max-snippet":"max-snippet:-1","max-image-preview":"max-image-preview:large","max-video-preview":"max-video-preview:-1"},"canonical":"https:\/\/tamngocloi.com\/vi\/fittings-connectors-and-tubes\/","og_locale":"vi_VN","og_type":"article","og_title":"Fittings, Connectors and tubes - TNL Company Limited","og_description":"Fittings, Connectors and tubes Fittings and connectors play a crucial role in industrial automation and pneumatic systems. They are essential components for connecting tubes, hoses and other elements within pneumatic circuits and systems, ensuring a continuous and safe flow of fluids, both gaseous and liquid. There are different types of fittings and connectors, each with [...]","og_url":"https:\/\/tamngocloi.com\/vi\/fittings-connectors-and-tubes\/","og_site_name":"TNL Company Limited","article_modified_time":"2025-05-24T12:46:13+00:00","twitter_card":"summary_large_image","schema":{"@context":"https:\/\/schema.org","@graph":[{"@type":"WebPage","@id":"https:\/\/tamngocloi.com\/fittings-connectors-and-tubes\/","url":"https:\/\/tamngocloi.com\/fittings-connectors-and-tubes\/","name":"Fittings, Connectors and tubes - TNL Company Limited","isPartOf":{"@id":"https:\/\/tamngocloi.com\/#website"},"datePublished":"2025-05-18T03:58:59+00:00","dateModified":"2025-05-24T12:46:13+00:00","breadcrumb":{"@id":"https:\/\/tamngocloi.com\/fittings-connectors-and-tubes\/#breadcrumb"},"inLanguage":"vi","potentialAction":[{"@type":"ReadAction","target":["https:\/\/tamngocloi.com\/fittings-connectors-and-tubes\/"]}]},{"@type":"BreadcrumbList","@id":"https:\/\/tamngocloi.com\/fittings-connectors-and-tubes\/#breadcrumb","itemListElement":[{"@type":"ListItem","position":1,"name":"Home","item":"https:\/\/tamngocloi.com\/"},{"@type":"ListItem","position":2,"name":"Fittings, Connectors and tubes"}]},{"@type":"WebSite","@id":"https:\/\/tamngocloi.com\/#website","url":"https:\/\/tamngocloi.com\/","name":"TNL Company Limited","description":"","publisher":{"@id":"https:\/\/tamngocloi.com\/#organization"},"potentialAction":[{"@type":"SearchAction","target":{"@type":"EntryPoint","urlTemplate":"https:\/\/tamngocloi.com\/?s={search_term_string}"},"query-input":{"@type":"PropertyValueSpecification","valueRequired":true,"valueName":"search_term_string"}}],"inLanguage":"vi"},{"@type":"Organization","@id":"https:\/\/tamngocloi.com\/#organization","name":"TNL Company Limited","url":"https:\/\/tamngocloi.com\/","logo":{"@type":"ImageObject","inLanguage":"vi","@id":"https:\/\/tamngocloi.com\/#\/schema\/logo\/image\/","url":"https:\/\/tamngocloi.com\/wp-content\/uploads\/2024\/09\/download-removebg-preview.png","contentUrl":"https:\/\/tamngocloi.com\/wp-content\/uploads\/2024\/09\/download-removebg-preview.png","width":570,"height":438,"caption":"TNL Company Limited"},"image":{"@id":"https:\/\/tamngocloi.com\/#\/schema\/logo\/image\/"}}]}},"_links":{"self":[{"href":"https:\/\/tamngocloi.com\/vi\/wp-json\/wp\/v2\/pages\/4406","targetHints":{"allow":["GET"]}}],"collection":[{"href":"https:\/\/tamngocloi.com\/vi\/wp-json\/wp\/v2\/pages"}],"about":[{"href":"https:\/\/tamngocloi.com\/vi\/wp-json\/wp\/v2\/types\/page"}],"author":[{"embeddable":true,"href":"https:\/\/tamngocloi.com\/vi\/wp-json\/wp\/v2\/users\/1"}],"replies":[{"embeddable":true,"href":"https:\/\/tamngocloi.com\/vi\/wp-json\/wp\/v2\/comments?post=4406"}],"version-history":[{"count":11,"href":"https:\/\/tamngocloi.com\/vi\/wp-json\/wp\/v2\/pages\/4406\/revisions"}],"predecessor-version":[{"id":5183,"href":"https:\/\/tamngocloi.com\/vi\/wp-json\/wp\/v2\/pages\/4406\/revisions\/5183"}],"wp:attachment":[{"href":"https:\/\/tamngocloi.com\/vi\/wp-json\/wp\/v2\/media?parent=4406"}],"curies":[{"name":"wp","href":"https:\/\/api.w.org\/{rel}","templated":true}]}}