{"id":4356,"date":"2025-05-18T00:21:03","date_gmt":"2025-05-17T17:21:03","guid":{"rendered":"https:\/\/tamngocloi.com\/?page_id=4356"},"modified":"2025-05-24T19:34:53","modified_gmt":"2025-05-24T12:34:53","slug":"grippers","status":"publish","type":"page","link":"https:\/\/tamngocloi.com\/vi\/grippers\/","title":{"rendered":"Grippers"},"content":{"rendered":"<div id=\"gap-1139831534\" class=\"gap-element clearfix\" style=\"display:block; height:auto;\">\n\t\t\n<style>\n#gap-1139831534 {\n  padding-top: 30px;\n}\n<\/style>\n\t<\/div>\n\t\n<h1>Grippers<\/h1>\n<p class=\"category-description content-align\">K\u1eb9p kh\u00ed n\u00e9n l\u00e0 thi\u1ebft b\u1ecb ch\u1ee7 y\u1ebfu \u0111\u01b0\u1ee3c s\u1eed d\u1ee5ng trong c\u00f4ng nghi\u1ec7p \u0111\u1ec3 x\u1eed l\u00fd v\u00e0 di chuy\u1ec3n c\u00e1c v\u1eadt th\u1ec3 c\u00f3 nhi\u1ec1u h\u00ecnh d\u1ea1ng v\u00e0 k\u00edch th\u01b0\u1edbc kh\u00e1c nhau b\u1eb1ng kh\u00ed n\u00e9n.<br \/>Nh\u1eefng d\u1ee5ng c\u1ee5 k\u1eb9p n\u00e0y cung c\u1ea5p gi\u1ea3i ph\u00e1p \u0111a n\u0103ng \u0111\u1ec3 k\u1eb9p, gi\u1eef ho\u1eb7c di chuy\u1ec3n c\u00e1c th\u00e0nh ph\u1ea7n trong qu\u00e1 tr\u00ecnh s\u1ea3n xu\u1ea5t v\u00e0 l\u1eafp r\u00e1p.<br \/>Ch\u00fang \u0111\u01b0\u1ee3c \u0111\u1eb7c tr\u01b0ng b\u1edfi kh\u1ea3 n\u0103ng \u0111\u1ea3m b\u1ea3o \u0111\u1ed9 b\u00e1m ch\u1eafc ch\u1eafn v\u00e0 ch\u00ednh x\u00e1c, ngay c\u1ea3 trong \u0111i\u1ec1u ki\u1ec7n v\u1eadn h\u00e0nh kh\u00f3 kh\u0103n.<\/p>\n\t<div id=\"gap-1590697450\" class=\"gap-element clearfix\" style=\"display:block; height:auto;\">\n\t\t\n<style>\n#gap-1590697450 {\n  padding-top: 60px;\n}\n<\/style>\n\t<\/div>\n\t\n<div class=\"row\"  id=\"row-1011009131\">\n\n\t<div id=\"col-1268413668\" class=\"col medium-3 small-6 large-3\"  >\n\t\t\t\t<div class=\"col-inner text-center\" style=\"background-color:rgb(229, 229, 229);\" >\n\t\t\t\n\t<div class=\"is-border\"\n\t\tstyle=\"border-color:rgb(255, 0, 0);border-width:0px 0px 0px 0px;\">\n\t<\/div>\n\t\t\t\n\t<div class=\"img has-hover x md-x lg-x y md-y lg-y\" id=\"image_1625808683\">\n\t\t<a class=\"\" href=\"https:\/\/tamngocloi.com\/vi\/angular-grippers\/\" >\t\t\t\t\t\t<div class=\"img-inner dark\" style=\"margin:0px 0px 0px 0px;\">\n\t\t\t<img loading=\"lazy\" decoding=\"async\" width=\"800\" height=\"800\" src=\"https:\/\/tamngocloi.com\/wp-content\/uploads\/2025\/05\/Angular_grippers-800x800.jpg\" class=\"attachment-large size-large\" alt=\"\" srcset=\"https:\/\/tamngocloi.com\/wp-content\/uploads\/2025\/05\/Angular_grippers-800x800.jpg 800w, https:\/\/tamngocloi.com\/wp-content\/uploads\/2025\/05\/Angular_grippers-400x400.jpg 400w, https:\/\/tamngocloi.com\/wp-content\/uploads\/2025\/05\/Angular_grippers-280x280.jpg 280w, https:\/\/tamngocloi.com\/wp-content\/uploads\/2025\/05\/Angular_grippers-768x768.jpg 768w, https:\/\/tamngocloi.com\/wp-content\/uploads\/2025\/05\/Angular_grippers-12x12.jpg 12w, https:\/\/tamngocloi.com\/wp-content\/uploads\/2025\/05\/Angular_grippers.jpg 1200w\" sizes=\"auto, (max-width: 800px) 100vw, 800px\" \/>\t\t\t\t\t\t\n\t\t\t\t\t<\/div>\n\t\t\t\t\t\t<\/a>\t\t\n<style>\n#image_1625808683 {\n  width: 90%;\n}\n<\/style>\n\t<\/div>\n\t\n\t<div id=\"text-3055933582\" class=\"text\">\n\t\t\n<p><span style=\"font-size: 120%;\"><strong><a href=\"https:\/\/tamngocloi.com\/vi\/angular-grippers\/\">K\u1eb9p g\u00f3c<\/a><br \/>\u00a0<\/strong><\/span><\/p>\n\t\t\n<style>\n#text-3055933582 {\n  text-align: center;\n}\n<\/style>\n\t<\/div>\n\t\n\t\t<\/div>\n\t\t\t\t\n<style>\n#col-1268413668 > .col-inner {\n  padding: 10px 0px 0px 0px;\n  border-radius: 8px;\n}\n<\/style>\n\t<\/div>\n\n\t\n\n\t<div id=\"col-1670963884\" class=\"col medium-3 small-6 large-3\"  >\n\t\t\t\t<div class=\"col-inner text-center\" style=\"background-color:rgb(229, 229, 229);\" >\n\t\t\t\n\t<div class=\"is-border\"\n\t\tstyle=\"border-color:rgb(255, 0, 0);border-width:0px 0px 0px 0px;\">\n\t<\/div>\n\t\t\t\n\t<div class=\"img has-hover x md-x lg-x y md-y lg-y\" id=\"image_1108044388\">\n\t\t<a class=\"\" href=\"https:\/\/tamngocloi.com\/vi\/parallel-grippers\/\" >\t\t\t\t\t\t<div class=\"img-inner dark\" style=\"margin:0px 0px 0px 0px;\">\n\t\t\t<img loading=\"lazy\" decoding=\"async\" width=\"800\" height=\"800\" src=\"https:\/\/tamngocloi.com\/wp-content\/uploads\/2025\/05\/Parallel_grippers-800x800.jpg\" class=\"attachment-large size-large\" alt=\"\" srcset=\"https:\/\/tamngocloi.com\/wp-content\/uploads\/2025\/05\/Parallel_grippers-800x800.jpg 800w, https:\/\/tamngocloi.com\/wp-content\/uploads\/2025\/05\/Parallel_grippers-400x400.jpg 400w, https:\/\/tamngocloi.com\/wp-content\/uploads\/2025\/05\/Parallel_grippers-280x280.jpg 280w, https:\/\/tamngocloi.com\/wp-content\/uploads\/2025\/05\/Parallel_grippers-768x768.jpg 768w, https:\/\/tamngocloi.com\/wp-content\/uploads\/2025\/05\/Parallel_grippers-12x12.jpg 12w, https:\/\/tamngocloi.com\/wp-content\/uploads\/2025\/05\/Parallel_grippers.jpg 1200w\" sizes=\"auto, (max-width: 800px) 100vw, 800px\" \/>\t\t\t\t\t\t\n\t\t\t\t\t<\/div>\n\t\t\t\t\t\t<\/a>\t\t\n<style>\n#image_1108044388 {\n  width: 90%;\n}\n<\/style>\n\t<\/div>\n\t\n\t<div id=\"text-2329942800\" class=\"text\">\n\t\t\n<p class=\"SubFamilyName\"><strong><span style=\"font-size: 120%;\"><a href=\"https:\/\/tamngocloi.com\/vi\/parallel-grippers\/\">K\u1eb9p song song<\/a><br \/>\u00a0<\/span><\/strong><\/p>\n\t\t\n<style>\n#text-2329942800 {\n  text-align: center;\n}\n<\/style>\n\t<\/div>\n\t\n\t\t<\/div>\n\t\t\t\t\n<style>\n#col-1670963884 > .col-inner {\n  padding: 10px 0px 0px 0px;\n  border-radius: 8px;\n}\n<\/style>\n\t<\/div>\n\n\t\n\n\t<div id=\"col-1379501079\" class=\"col medium-3 small-6 large-3\"  >\n\t\t\t\t<div class=\"col-inner text-center\" style=\"background-color:rgb(229, 229, 229);\" >\n\t\t\t\n\t<div class=\"is-border\"\n\t\tstyle=\"border-color:rgb(255, 0, 0);border-width:0px 0px 0px 0px;\">\n\t<\/div>\n\t\t\t\n\t<div class=\"img has-hover x md-x lg-x y md-y lg-y\" id=\"image_553427732\">\n\t\t<a class=\"\" href=\"https:\/\/tamngocloi.com\/vi\/radial-grippers\/\" >\t\t\t\t\t\t<div class=\"img-inner dark\" style=\"margin:0px 0px 0px 0px;\">\n\t\t\t<img loading=\"lazy\" decoding=\"async\" width=\"800\" height=\"800\" src=\"https:\/\/tamngocloi.com\/wp-content\/uploads\/2025\/05\/Radial_grippers-800x800.jpg\" class=\"attachment-large size-large\" alt=\"\" srcset=\"https:\/\/tamngocloi.com\/wp-content\/uploads\/2025\/05\/Radial_grippers-800x800.jpg 800w, https:\/\/tamngocloi.com\/wp-content\/uploads\/2025\/05\/Radial_grippers-400x400.jpg 400w, https:\/\/tamngocloi.com\/wp-content\/uploads\/2025\/05\/Radial_grippers-280x280.jpg 280w, https:\/\/tamngocloi.com\/wp-content\/uploads\/2025\/05\/Radial_grippers-768x768.jpg 768w, https:\/\/tamngocloi.com\/wp-content\/uploads\/2025\/05\/Radial_grippers-12x12.jpg 12w, https:\/\/tamngocloi.com\/wp-content\/uploads\/2025\/05\/Radial_grippers.jpg 1200w\" sizes=\"auto, (max-width: 800px) 100vw, 800px\" \/>\t\t\t\t\t\t\n\t\t\t\t\t<\/div>\n\t\t\t\t\t\t<\/a>\t\t\n<style>\n#image_553427732 {\n  width: 90%;\n}\n<\/style>\n\t<\/div>\n\t\n\t<div id=\"text-3944830418\" class=\"text\">\n\t\t\n<p><span style=\"font-size: 120%;\"><strong><a href=\"https:\/\/tamngocloi.com\/vi\/radial-grippers\/\">K\u1eb9p h\u01b0\u1edbng t\u00e2m<\/a><br \/>\u00a0<\/strong><\/span><\/p>\n\t\t\n<style>\n#text-3944830418 {\n  text-align: center;\n}\n<\/style>\n\t<\/div>\n\t\n\t\t<\/div>\n\t\t\t\t\n<style>\n#col-1379501079 > .col-inner {\n  padding: 10px 0px 0px 0px;\n  border-radius: 8px;\n}\n<\/style>\n\t<\/div>\n\n\t\n\n\t<div id=\"col-1169824368\" class=\"col medium-3 small-6 large-3\"  >\n\t\t\t\t<div class=\"col-inner text-center\" style=\"background-color:rgb(229, 229, 229);\" >\n\t\t\t\n\t<div class=\"is-border\"\n\t\tstyle=\"border-color:rgb(255, 0, 0);border-width:0px 0px 0px 0px;\">\n\t<\/div>\n\t\t\t\n\t<div class=\"img has-hover x md-x lg-x y md-y lg-y\" id=\"image_682699069\">\n\t\t<a class=\"\" href=\"https:\/\/tamngocloi.com\/vi\/sprue-grippers\/\" >\t\t\t\t\t\t<div class=\"img-inner dark\" style=\"margin:0px 0px 0px 0px;\">\n\t\t\t<img loading=\"lazy\" decoding=\"async\" width=\"800\" height=\"800\" src=\"https:\/\/tamngocloi.com\/wp-content\/uploads\/2025\/05\/Spure_grippers-800x800.jpg\" class=\"attachment-large size-large\" alt=\"\" srcset=\"https:\/\/tamngocloi.com\/wp-content\/uploads\/2025\/05\/Spure_grippers-800x800.jpg 800w, https:\/\/tamngocloi.com\/wp-content\/uploads\/2025\/05\/Spure_grippers-400x400.jpg 400w, https:\/\/tamngocloi.com\/wp-content\/uploads\/2025\/05\/Spure_grippers-280x280.jpg 280w, https:\/\/tamngocloi.com\/wp-content\/uploads\/2025\/05\/Spure_grippers-768x768.jpg 768w, https:\/\/tamngocloi.com\/wp-content\/uploads\/2025\/05\/Spure_grippers-12x12.jpg 12w, https:\/\/tamngocloi.com\/wp-content\/uploads\/2025\/05\/Spure_grippers.jpg 1200w\" sizes=\"auto, (max-width: 800px) 100vw, 800px\" \/>\t\t\t\t\t\t\n\t\t\t\t\t<\/div>\n\t\t\t\t\t\t<\/a>\t\t\n<style>\n#image_682699069 {\n  width: 90%;\n}\n<\/style>\n\t<\/div>\n\t\n\t<div id=\"text-3789227382\" class=\"text\">\n\t\t\n<p><span style=\"font-size: 120%;\"><strong><a href=\"https:\/\/tamngocloi.com\/vi\/sprue-grippers\/\">K\u1eb9p phun<\/a><br \/>\u00a0<\/strong><\/span><\/p>\n\t\t\n<style>\n#text-3789227382 {\n  text-align: center;\n}\n<\/style>\n\t<\/div>\n\t\n\t\t<\/div>\n\t\t\t\t\n<style>\n#col-1169824368 > .col-inner {\n  padding: 10px 0px 0px 0px;\n  border-radius: 8px;\n}\n<\/style>\n\t<\/div>\n\n\t\n<\/div>\n\t<div id=\"gap-2063258751\" class=\"gap-element clearfix\" style=\"display:block; height:auto;\">\n\t\t\n<style>\n#gap-2063258751 {\n  padding-top: 30px;\n}\n<\/style>\n\t<\/div>\n\t\n<div class=\"row\"  id=\"row-1106823122\">\n\n\t<div id=\"col-1883095072\" class=\"col medium-3 small-6 large-3\"  >\n\t\t\t\t<div class=\"col-inner text-center\" style=\"background-color:rgb(229, 229, 229);\" >\n\t\t\t\n\t<div class=\"is-border\"\n\t\tstyle=\"border-color:rgb(255, 0, 0);border-width:0px 0px 0px 0px;\">\n\t<\/div>\n\t\t\t\n\t<div class=\"img has-hover x md-x lg-x y md-y lg-y\" id=\"image_521179834\">\n\t\t<a class=\"\" href=\"https:\/\/tamngocloi.com\/vi\/three-jaw-grippers\/\" >\t\t\t\t\t\t<div class=\"img-inner dark\" style=\"margin:0px 0px 0px 0px;\">\n\t\t\t<img loading=\"lazy\" decoding=\"async\" width=\"800\" height=\"800\" src=\"https:\/\/tamngocloi.com\/wp-content\/uploads\/2025\/05\/Three_jaw_grippers-800x800.jpg\" class=\"attachment-large size-large\" alt=\"\" srcset=\"https:\/\/tamngocloi.com\/wp-content\/uploads\/2025\/05\/Three_jaw_grippers-800x800.jpg 800w, https:\/\/tamngocloi.com\/wp-content\/uploads\/2025\/05\/Three_jaw_grippers-400x400.jpg 400w, https:\/\/tamngocloi.com\/wp-content\/uploads\/2025\/05\/Three_jaw_grippers-280x280.jpg 280w, https:\/\/tamngocloi.com\/wp-content\/uploads\/2025\/05\/Three_jaw_grippers-768x768.jpg 768w, https:\/\/tamngocloi.com\/wp-content\/uploads\/2025\/05\/Three_jaw_grippers-12x12.jpg 12w, https:\/\/tamngocloi.com\/wp-content\/uploads\/2025\/05\/Three_jaw_grippers.jpg 1200w\" sizes=\"auto, (max-width: 800px) 100vw, 800px\" \/>\t\t\t\t\t\t\n\t\t\t\t\t<\/div>\n\t\t\t\t\t\t<\/a>\t\t\n<style>\n#image_521179834 {\n  width: 90%;\n}\n<\/style>\n\t<\/div>\n\t\n\t<div id=\"text-1548934837\" class=\"text\">\n\t\t\n<p><span style=\"font-size: 120%;\"><strong><a href=\"https:\/\/tamngocloi.com\/vi\/three-jaw-grippers\/\">Ba h\u00e0m k\u1eb9p<\/a><br \/>\u00a0<\/strong><\/span><\/p>\n\t\t\n<style>\n#text-1548934837 {\n  text-align: center;\n}\n<\/style>\n\t<\/div>\n\t\n\t\t<\/div>\n\t\t\t\t\n<style>\n#col-1883095072 > .col-inner {\n  padding: 10px 0px 0px 0px;\n  border-radius: 8px;\n}\n<\/style>\n\t<\/div>\n\n\t\n\n\t<div id=\"col-1588325025\" class=\"col medium-3 small-6 large-3\"  >\n\t\t\t\t<div class=\"col-inner text-center\" style=\"background-color:rgb(229, 229, 229);\" >\n\t\t\t\n\t<div class=\"is-border\"\n\t\tstyle=\"border-color:rgb(255, 0, 0);border-width:0px 0px 0px 0px;\">\n\t<\/div>\n\t\t\t\n\t<div class=\"img has-hover x md-x lg-x y md-y lg-y\" id=\"image_1253437206\">\n\t\t<a class=\"\" href=\"https:\/\/tamngocloi.com\/vi\/collaborative-grippers\/\" >\t\t\t\t\t\t<div class=\"img-inner dark\" style=\"margin:0px 0px 0px 0px;\">\n\t\t\t<img loading=\"lazy\" decoding=\"async\" width=\"800\" height=\"800\" src=\"https:\/\/tamngocloi.com\/wp-content\/uploads\/2025\/05\/pinze_collaborative-800x800.jpg\" class=\"attachment-large size-large\" alt=\"\" srcset=\"https:\/\/tamngocloi.com\/wp-content\/uploads\/2025\/05\/pinze_collaborative-800x800.jpg 800w, https:\/\/tamngocloi.com\/wp-content\/uploads\/2025\/05\/pinze_collaborative-400x400.jpg 400w, https:\/\/tamngocloi.com\/wp-content\/uploads\/2025\/05\/pinze_collaborative-280x280.jpg 280w, https:\/\/tamngocloi.com\/wp-content\/uploads\/2025\/05\/pinze_collaborative-768x768.jpg 768w, https:\/\/tamngocloi.com\/wp-content\/uploads\/2025\/05\/pinze_collaborative-1536x1536.jpg 1536w, https:\/\/tamngocloi.com\/wp-content\/uploads\/2025\/05\/pinze_collaborative-2048x2048.jpg 2048w, https:\/\/tamngocloi.com\/wp-content\/uploads\/2025\/05\/pinze_collaborative-12x12.jpg 12w\" sizes=\"auto, (max-width: 800px) 100vw, 800px\" \/>\t\t\t\t\t\t\n\t\t\t\t\t<\/div>\n\t\t\t\t\t\t<\/a>\t\t\n<style>\n#image_1253437206 {\n  width: 90%;\n}\n<\/style>\n\t<\/div>\n\t\n\t<div id=\"text-3790529632\" class=\"text\">\n\t\t\n<p class=\"SubFamilyName\"><strong><span style=\"font-size: 120%;\"><a href=\"https:\/\/tamngocloi.com\/vi\/collaborative-grippers\/\">K\u1eb9p c\u1ed9ng t\u00e1c<\/a><br \/>\u00a0<\/span><\/strong><\/p>\n\t\t\n<style>\n#text-3790529632 {\n  text-align: center;\n}\n<\/style>\n\t<\/div>\n\t\n\t\t<\/div>\n\t\t\t\t\n<style>\n#col-1588325025 > .col-inner {\n  padding: 10px 0px 0px 0px;\n  border-radius: 8px;\n}\n<\/style>\n\t<\/div>\n\n\t\n\n\t<div id=\"col-1302925168\" class=\"col medium-3 small-6 large-3\"  >\n\t\t\t\t<div class=\"col-inner text-center\" style=\"background-color:rgb(229, 229, 229);\" >\n\t\t\t\n\t<div class=\"is-border\"\n\t\tstyle=\"border-color:rgb(255, 0, 0);border-width:0px 0px 0px 0px;\">\n\t<\/div>\n\t\t\t\n\t<div class=\"img has-hover x md-x lg-x y md-y lg-y\" id=\"image_1043249188\">\n\t\t<a class=\"\" href=\"https:\/\/tamngocloi.com\/vi\/tools-changer\/\" >\t\t\t\t\t\t<div class=\"img-inner dark\" style=\"margin:0px 0px 0px 0px;\">\n\t\t\t<img loading=\"lazy\" decoding=\"async\" width=\"753\" height=\"753\" src=\"https:\/\/tamngocloi.com\/wp-content\/uploads\/2025\/05\/RTC_150.jpg\" class=\"attachment-large size-large\" alt=\"\" srcset=\"https:\/\/tamngocloi.com\/wp-content\/uploads\/2025\/05\/RTC_150.jpg 753w, https:\/\/tamngocloi.com\/wp-content\/uploads\/2025\/05\/RTC_150-400x400.jpg 400w, https:\/\/tamngocloi.com\/wp-content\/uploads\/2025\/05\/RTC_150-280x280.jpg 280w, https:\/\/tamngocloi.com\/wp-content\/uploads\/2025\/05\/RTC_150-12x12.jpg 12w\" sizes=\"auto, (max-width: 753px) 100vw, 753px\" \/>\t\t\t\t\t\t\n\t\t\t\t\t<\/div>\n\t\t\t\t\t\t<\/a>\t\t\n<style>\n#image_1043249188 {\n  width: 90%;\n}\n<\/style>\n\t<\/div>\n\t\n\t<div id=\"text-4166993312\" class=\"text\">\n\t\t\n<p><span style=\"font-size: 120%;\"><strong><a href=\"https:\/\/tamngocloi.com\/vi\/tools-changer\/\">C\u00f4ng c\u1ee5 thay \u0111\u1ed5i<\/a><br \/>\u00a0<\/strong><\/span><\/p>\n\t\t\n<style>\n#text-4166993312 {\n  text-align: center;\n}\n<\/style>\n\t<\/div>\n\t\n\t\t<\/div>\n\t\t\t\t\n<style>\n#col-1302925168 > .col-inner {\n  padding: 10px 0px 0px 0px;\n  border-radius: 8px;\n}\n<\/style>\n\t<\/div>\n\n\t\n<\/div>\n\t<div id=\"gap-360177898\" class=\"gap-element clearfix\" style=\"display:block; height:auto;\">\n\t\t\n<style>\n#gap-360177898 {\n  padding-top: 30px;\n}\n<\/style>\n\t<\/div>","protected":false},"excerpt":{"rendered":"<p>Grippers Pneumatic grippers are devices primarily used in industrial settings for handling and moving objects of various shapes and sizes using compressed air.These grippers offer a versatile solution for gripping, holding, or moving components during production and assembly processes.They are characterised by their ability to ensure a secure and precise grip, even under challenging operating [&#8230;]","protected":false},"author":1,"featured_media":0,"parent":0,"menu_order":0,"comment_status":"closed","ping_status":"closed","template":"","meta":{"footnotes":""},"class_list":["post-4356","page","type-page","status-publish","hentry"],"yoast_head":"<!-- This site is optimized with the Yoast SEO plugin v25.3 - https:\/\/yoast.com\/wordpress\/plugins\/seo\/ -->\n<title>Grippers - TNL Company Limited<\/title>\n<meta name=\"robots\" content=\"index, follow, max-snippet:-1, max-image-preview:large, max-video-preview:-1\" \/>\n<link rel=\"canonical\" href=\"https:\/\/tamngocloi.com\/vi\/grippers\/\" \/>\n<meta property=\"og:locale\" content=\"vi_VN\" \/>\n<meta property=\"og:type\" content=\"article\" \/>\n<meta property=\"og:title\" content=\"Grippers - TNL Company Limited\" \/>\n<meta property=\"og:description\" content=\"Grippers Pneumatic grippers are devices primarily used in industrial settings for handling and moving objects of various shapes and sizes using compressed air.These grippers offer a versatile solution for gripping, holding, or moving components during production and assembly processes.They are characterised by their ability to ensure a secure and precise grip, even under challenging operating [...]\" \/>\n<meta property=\"og:url\" content=\"https:\/\/tamngocloi.com\/vi\/grippers\/\" \/>\n<meta property=\"og:site_name\" content=\"TNL Company Limited\" \/>\n<meta property=\"article:modified_time\" content=\"2025-05-24T12:34:53+00:00\" \/>\n<meta name=\"twitter:card\" content=\"summary_large_image\" \/>\n<script type=\"application\/ld+json\" class=\"yoast-schema-graph\">{\"@context\":\"https:\/\/schema.org\",\"@graph\":[{\"@type\":\"WebPage\",\"@id\":\"https:\/\/tamngocloi.com\/grippers\/\",\"url\":\"https:\/\/tamngocloi.com\/grippers\/\",\"name\":\"Grippers - TNL Company Limited\",\"isPartOf\":{\"@id\":\"https:\/\/tamngocloi.com\/#website\"},\"datePublished\":\"2025-05-17T17:21:03+00:00\",\"dateModified\":\"2025-05-24T12:34:53+00:00\",\"breadcrumb\":{\"@id\":\"https:\/\/tamngocloi.com\/grippers\/#breadcrumb\"},\"inLanguage\":\"vi\",\"potentialAction\":[{\"@type\":\"ReadAction\",\"target\":[\"https:\/\/tamngocloi.com\/grippers\/\"]}]},{\"@type\":\"BreadcrumbList\",\"@id\":\"https:\/\/tamngocloi.com\/grippers\/#breadcrumb\",\"itemListElement\":[{\"@type\":\"ListItem\",\"position\":1,\"name\":\"Home\",\"item\":\"https:\/\/tamngocloi.com\/\"},{\"@type\":\"ListItem\",\"position\":2,\"name\":\"Grippers\"}]},{\"@type\":\"WebSite\",\"@id\":\"https:\/\/tamngocloi.com\/#website\",\"url\":\"https:\/\/tamngocloi.com\/\",\"name\":\"TNL Company Limited\",\"description\":\"\",\"publisher\":{\"@id\":\"https:\/\/tamngocloi.com\/#organization\"},\"potentialAction\":[{\"@type\":\"SearchAction\",\"target\":{\"@type\":\"EntryPoint\",\"urlTemplate\":\"https:\/\/tamngocloi.com\/?s={search_term_string}\"},\"query-input\":{\"@type\":\"PropertyValueSpecification\",\"valueRequired\":true,\"valueName\":\"search_term_string\"}}],\"inLanguage\":\"vi\"},{\"@type\":\"Organization\",\"@id\":\"https:\/\/tamngocloi.com\/#organization\",\"name\":\"TNL Company Limited\",\"url\":\"https:\/\/tamngocloi.com\/\",\"logo\":{\"@type\":\"ImageObject\",\"inLanguage\":\"vi\",\"@id\":\"https:\/\/tamngocloi.com\/#\/schema\/logo\/image\/\",\"url\":\"https:\/\/tamngocloi.com\/wp-content\/uploads\/2024\/09\/download-removebg-preview.png\",\"contentUrl\":\"https:\/\/tamngocloi.com\/wp-content\/uploads\/2024\/09\/download-removebg-preview.png\",\"width\":570,\"height\":438,\"caption\":\"TNL Company Limited\"},\"image\":{\"@id\":\"https:\/\/tamngocloi.com\/#\/schema\/logo\/image\/\"}}]}<\/script>\n<!-- \/ Yoast SEO plugin. -->","yoast_head_json":{"title":"Grippers - TNL Company Limited","robots":{"index":"index","follow":"follow","max-snippet":"max-snippet:-1","max-image-preview":"max-image-preview:large","max-video-preview":"max-video-preview:-1"},"canonical":"https:\/\/tamngocloi.com\/vi\/grippers\/","og_locale":"vi_VN","og_type":"article","og_title":"Grippers - TNL Company Limited","og_description":"Grippers Pneumatic grippers are devices primarily used in industrial settings for handling and moving objects of various shapes and sizes using compressed air.These grippers offer a versatile solution for gripping, holding, or moving components during production and assembly processes.They are characterised by their ability to ensure a secure and precise grip, even under challenging operating [...]","og_url":"https:\/\/tamngocloi.com\/vi\/grippers\/","og_site_name":"TNL Company Limited","article_modified_time":"2025-05-24T12:34:53+00:00","twitter_card":"summary_large_image","schema":{"@context":"https:\/\/schema.org","@graph":[{"@type":"WebPage","@id":"https:\/\/tamngocloi.com\/grippers\/","url":"https:\/\/tamngocloi.com\/grippers\/","name":"Grippers - TNL Company Limited","isPartOf":{"@id":"https:\/\/tamngocloi.com\/#website"},"datePublished":"2025-05-17T17:21:03+00:00","dateModified":"2025-05-24T12:34:53+00:00","breadcrumb":{"@id":"https:\/\/tamngocloi.com\/grippers\/#breadcrumb"},"inLanguage":"vi","potentialAction":[{"@type":"ReadAction","target":["https:\/\/tamngocloi.com\/grippers\/"]}]},{"@type":"BreadcrumbList","@id":"https:\/\/tamngocloi.com\/grippers\/#breadcrumb","itemListElement":[{"@type":"ListItem","position":1,"name":"Home","item":"https:\/\/tamngocloi.com\/"},{"@type":"ListItem","position":2,"name":"Grippers"}]},{"@type":"WebSite","@id":"https:\/\/tamngocloi.com\/#website","url":"https:\/\/tamngocloi.com\/","name":"TNL Company Limited","description":"","publisher":{"@id":"https:\/\/tamngocloi.com\/#organization"},"potentialAction":[{"@type":"SearchAction","target":{"@type":"EntryPoint","urlTemplate":"https:\/\/tamngocloi.com\/?s={search_term_string}"},"query-input":{"@type":"PropertyValueSpecification","valueRequired":true,"valueName":"search_term_string"}}],"inLanguage":"vi"},{"@type":"Organization","@id":"https:\/\/tamngocloi.com\/#organization","name":"TNL Company Limited","url":"https:\/\/tamngocloi.com\/","logo":{"@type":"ImageObject","inLanguage":"vi","@id":"https:\/\/tamngocloi.com\/#\/schema\/logo\/image\/","url":"https:\/\/tamngocloi.com\/wp-content\/uploads\/2024\/09\/download-removebg-preview.png","contentUrl":"https:\/\/tamngocloi.com\/wp-content\/uploads\/2024\/09\/download-removebg-preview.png","width":570,"height":438,"caption":"TNL Company Limited"},"image":{"@id":"https:\/\/tamngocloi.com\/#\/schema\/logo\/image\/"}}]}},"_links":{"self":[{"href":"https:\/\/tamngocloi.com\/vi\/wp-json\/wp\/v2\/pages\/4356","targetHints":{"allow":["GET"]}}],"collection":[{"href":"https:\/\/tamngocloi.com\/vi\/wp-json\/wp\/v2\/pages"}],"about":[{"href":"https:\/\/tamngocloi.com\/vi\/wp-json\/wp\/v2\/types\/page"}],"author":[{"embeddable":true,"href":"https:\/\/tamngocloi.com\/vi\/wp-json\/wp\/v2\/users\/1"}],"replies":[{"embeddable":true,"href":"https:\/\/tamngocloi.com\/vi\/wp-json\/wp\/v2\/comments?post=4356"}],"version-history":[{"count":10,"href":"https:\/\/tamngocloi.com\/vi\/wp-json\/wp\/v2\/pages\/4356\/revisions"}],"predecessor-version":[{"id":5171,"href":"https:\/\/tamngocloi.com\/vi\/wp-json\/wp\/v2\/pages\/4356\/revisions\/5171"}],"wp:attachment":[{"href":"https:\/\/tamngocloi.com\/vi\/wp-json\/wp\/v2\/media?parent=4356"}],"curies":[{"name":"wp","href":"https:\/\/api.w.org\/{rel}","templated":true}]}}