{"id":4342,"date":"2025-05-18T00:04:34","date_gmt":"2025-05-17T17:04:34","guid":{"rendered":"https:\/\/tamngocloi.com\/?page_id=4342"},"modified":"2025-05-24T22:11:53","modified_gmt":"2025-05-24T15:11:53","slug":"valves-and-solenoid-valves","status":"publish","type":"page","link":"https:\/\/tamngocloi.com\/vi\/valves-and-solenoid-valves\/","title":{"rendered":"Van v\u00e0 van \u0111i\u1ec7n t\u1eeb"},"content":{"rendered":"<div id=\"gap-1464646580\" class=\"gap-element clearfix\" style=\"display:block; height:auto;\">\n\t\t\n<style>\n#gap-1464646580 {\n  padding-top: 30px;\n}\n<\/style>\n\t<\/div>\n\t\n<div class=\"MainPageHeaderWrapper content-align\">\n<div class=\"\">\n<h1>Van v\u00e0 van \u0111i\u1ec7n t\u1eeb<\/h1>\n<p class=\"category-description content-align\">Van \u0111i\u1ec7n t\u1eeb l\u00e0 th\u00e0nh ph\u1ea7n c\u01a1 b\u1ea3n trong c\u00e1c h\u1ec7 th\u1ed1ng t\u1ef1 \u0111\u1ed9ng h\u00f3a c\u00f4ng nghi\u1ec7p, cho ph\u00e9p ki\u1ec3m so\u00e1t ch\u00ednh x\u00e1c d\u00f2ng ch\u1ea5t l\u1ecfng nh\u01b0 kh\u00f4ng kh\u00ed, n\u01b0\u1edbc, kh\u00ed v\u00e0 c\u00e1c ch\u1ea5t l\u1ecfng kh\u00e1c.<br \/>C\u00e1c thi\u1ebft b\u1ecb n\u00e0y ho\u1ea1t \u0111\u1ed9ng b\u1eb1ng c\u00e1ch k\u00edch ho\u1ea1t tr\u01b0\u1eddng \u0111i\u1ec7n t\u1eeb \u0111\u00f3ng ho\u1eb7c m\u1edf \u0111\u01b0\u1eddng d\u1eabn ch\u1ea5t l\u1ecfng d\u1ef1a tr\u00ean c\u00e1c t\u00edn hi\u1ec7u \u0111i\u1ec7n nh\u1eadn \u0111\u01b0\u1ee3c.<br \/>Do t\u00ednh linh ho\u1ea1t c\u1ee7a m\u00ecnh, van \u0111i\u1ec7n t\u1eeb \u0111\u01b0\u1ee3c s\u1eed d\u1ee5ng trong nhi\u1ec1u \u1ee9ng d\u1ee5ng c\u00f4ng nghi\u1ec7p, bao g\u1ed3m ki\u1ec3m so\u00e1t quy tr\u00ecnh, t\u1ef1 \u0111\u1ed9ng h\u00f3a nh\u00e0 m\u00e1y, ki\u1ec3m so\u00e1t l\u01b0u l\u01b0\u1ee3ng trong h\u1ec7 th\u1ed1ng kh\u00ed n\u00e9n v\u00e0 th\u1ee7y l\u1ef1c, v.v.<br \/>\u0110\u1ed9 tin c\u1eady, \u0111\u1ed9 ch\u00ednh x\u00e1c v\u00e0 kh\u1ea3 n\u0103ng th\u00edch \u1ee9ng c\u1ee7a ch\u00fang khi\u1ebfn ch\u00fang tr\u1edf th\u00e0nh y\u1ebfu t\u1ed1 kh\u00f4ng th\u1ec3 thi\u1ebfu \u0111\u1ec3 t\u1ed1i \u01b0u h\u00f3a quy tr\u00ecnh s\u1ea3n xu\u1ea5t v\u00e0 c\u1ea3i thi\u1ec7n hi\u1ec7u qu\u1ea3 t\u1ed5ng th\u1ec3 trong ng\u00e0nh c\u00f4ng nghi\u1ec7p.<\/p>\n<\/div>\n<\/div>\n\t<div id=\"gap-1645138484\" class=\"gap-element clearfix\" style=\"display:block; height:auto;\">\n\t\t\n<style>\n#gap-1645138484 {\n  padding-top: 60px;\n}\n<\/style>\n\t<\/div>\n\t\n<div class=\"row\"  id=\"row-1976846772\">\n\n\t<div id=\"col-662341804\" class=\"col medium-3 small-6 large-3\"  >\n\t\t\t\t<div class=\"col-inner text-center\" style=\"background-color:rgb(229, 229, 229);\" >\n\t\t\t\n\t<div class=\"is-border\"\n\t\tstyle=\"border-color:rgb(255, 0, 0);border-width:0px 0px 0px 0px;\">\n\t<\/div>\n\t\t\t\n\t<div class=\"img has-hover x md-x lg-x y md-y lg-y\" id=\"image_392866143\">\n\t\t<a class=\"\" href=\"https:\/\/tamngocloi.com\/vi\/direct-and-indirect-acting-2-2-3-2-way-solenoid-valves\/\" >\t\t\t\t\t\t<div class=\"img-inner dark\" style=\"margin:0px 0px 0px 0px;\">\n\t\t\t<img loading=\"lazy\" decoding=\"async\" width=\"800\" height=\"800\" src=\"https:\/\/tamngocloi.com\/wp-content\/uploads\/2025\/05\/Directly_indirectly_solenoid_valves-800x800.jpg\" class=\"attachment-large size-large\" alt=\"\" srcset=\"https:\/\/tamngocloi.com\/wp-content\/uploads\/2025\/05\/Directly_indirectly_solenoid_valves-800x800.jpg 800w, https:\/\/tamngocloi.com\/wp-content\/uploads\/2025\/05\/Directly_indirectly_solenoid_valves-400x400.jpg 400w, https:\/\/tamngocloi.com\/wp-content\/uploads\/2025\/05\/Directly_indirectly_solenoid_valves-280x280.jpg 280w, https:\/\/tamngocloi.com\/wp-content\/uploads\/2025\/05\/Directly_indirectly_solenoid_valves-768x768.jpg 768w, https:\/\/tamngocloi.com\/wp-content\/uploads\/2025\/05\/Directly_indirectly_solenoid_valves-12x12.jpg 12w, https:\/\/tamngocloi.com\/wp-content\/uploads\/2025\/05\/Directly_indirectly_solenoid_valves.jpg 1200w\" sizes=\"auto, (max-width: 800px) 100vw, 800px\" \/>\t\t\t\t\t\t\n\t\t\t\t\t<\/div>\n\t\t\t\t\t\t<\/a>\t\t\n<style>\n#image_392866143 {\n  width: 90%;\n}\n<\/style>\n\t<\/div>\n\t\n\t<div id=\"text-2834740835\" class=\"text\">\n\t\t\n<p><span style=\"font-size: 120%;\"><strong><a href=\"https:\/\/tamngocloi.com\/vi\/direct-and-indirect-acting-2-2-3-2-way-solenoid-valves\/\">Van \u0111i\u1ec7n t\u1eeb 2\/2 \u2013 3\/2 chi\u1ec1u t\u00e1c \u0111\u1ed9ng tr\u1ef1c ti\u1ebfp v\u00e0 gi\u00e1n ti\u1ebfp<\/a><br \/>\u00a0<\/strong><\/span><\/p>\n\t\t\n<style>\n#text-2834740835 {\n  text-align: center;\n}\n<\/style>\n\t<\/div>\n\t\n\t\t<\/div>\n\t\t\t\t\n<style>\n#col-662341804 > .col-inner {\n  padding: 10px 0px 0px 0px;\n  border-radius: 8px;\n}\n<\/style>\n\t<\/div>\n\n\t\n\n\t<div id=\"col-1671926603\" class=\"col medium-3 small-6 large-3\"  >\n\t\t\t\t<div class=\"col-inner text-center\" style=\"background-color:rgb(229, 229, 229);\" >\n\t\t\t\n\t<div class=\"is-border\"\n\t\tstyle=\"border-color:rgb(255, 0, 0);border-width:0px 0px 0px 0px;\">\n\t<\/div>\n\t\t\t\n\t<div class=\"img has-hover x md-x lg-x y md-y lg-y\" id=\"image_246594252\">\n\t\t<a class=\"\" href=\"https:\/\/tamngocloi.com\/vi\/solenoid-pneumatic-and-manifold-valves\/\" >\t\t\t\t\t\t<div class=\"img-inner dark\" style=\"margin:0px 0px 0px 0px;\">\n\t\t\t<img loading=\"lazy\" decoding=\"async\" width=\"800\" height=\"800\" src=\"https:\/\/tamngocloi.com\/wp-content\/uploads\/2025\/05\/Solenoid_pneumatic_manifold_valves-800x800.jpg\" class=\"attachment-large size-large\" alt=\"\" srcset=\"https:\/\/tamngocloi.com\/wp-content\/uploads\/2025\/05\/Solenoid_pneumatic_manifold_valves-800x800.jpg 800w, https:\/\/tamngocloi.com\/wp-content\/uploads\/2025\/05\/Solenoid_pneumatic_manifold_valves-400x400.jpg 400w, https:\/\/tamngocloi.com\/wp-content\/uploads\/2025\/05\/Solenoid_pneumatic_manifold_valves-280x280.jpg 280w, https:\/\/tamngocloi.com\/wp-content\/uploads\/2025\/05\/Solenoid_pneumatic_manifold_valves-768x768.jpg 768w, https:\/\/tamngocloi.com\/wp-content\/uploads\/2025\/05\/Solenoid_pneumatic_manifold_valves-12x12.jpg 12w, https:\/\/tamngocloi.com\/wp-content\/uploads\/2025\/05\/Solenoid_pneumatic_manifold_valves.jpg 1200w\" sizes=\"auto, (max-width: 800px) 100vw, 800px\" \/>\t\t\t\t\t\t\n\t\t\t\t\t<\/div>\n\t\t\t\t\t\t<\/a>\t\t\n<style>\n#image_246594252 {\n  width: 90%;\n}\n<\/style>\n\t<\/div>\n\t\n\t<div id=\"text-1685960015\" class=\"text\">\n\t\t\n<p class=\"SubFamilyName\"><strong><span style=\"font-size: 120%;\"><a href=\"https:\/\/tamngocloi.com\/vi\/solenoid-pneumatic-and-manifold-valves\/\">Van \u0111i\u1ec7n t\u1eeb, van kh\u00ed n\u00e9n v\u00e0 van ph\u00e2n ph\u1ed1i<\/a><br \/><\/span><\/strong><span style=\"font-size: 120%;\"><strong>\u00a0<br \/>\u00a0<\/strong><\/span><\/p>\n\t\t\n<style>\n#text-1685960015 {\n  text-align: center;\n}\n<\/style>\n\t<\/div>\n\t\n\t\t<\/div>\n\t\t\t\t\n<style>\n#col-1671926603 > .col-inner {\n  padding: 10px 0px 0px 0px;\n  border-radius: 8px;\n}\n<\/style>\n\t<\/div>\n\n\t\n\n\t<div id=\"col-1374877176\" class=\"col medium-3 small-6 large-3\"  >\n\t\t\t\t<div class=\"col-inner text-center\" style=\"background-color:rgb(229, 229, 229);\" >\n\t\t\t\n\t<div class=\"is-border\"\n\t\tstyle=\"border-color:rgb(255, 0, 0);border-width:0px 0px 0px 0px;\">\n\t<\/div>\n\t\t\t\n\t<div class=\"img has-hover x md-x lg-x y md-y lg-y\" id=\"image_1642813201\">\n\t\t<a class=\"\" href=\"https:\/\/tamngocloi.com\/vi\/mechanical-and-manual-valves\/\" >\t\t\t\t\t\t<div class=\"img-inner dark\" style=\"margin:0px 0px 0px 0px;\">\n\t\t\t<img loading=\"lazy\" decoding=\"async\" width=\"800\" height=\"800\" src=\"https:\/\/tamngocloi.com\/wp-content\/uploads\/2025\/05\/Mechanical_manual_valves-800x800.jpg\" class=\"attachment-large size-large\" alt=\"\" srcset=\"https:\/\/tamngocloi.com\/wp-content\/uploads\/2025\/05\/Mechanical_manual_valves-800x800.jpg 800w, https:\/\/tamngocloi.com\/wp-content\/uploads\/2025\/05\/Mechanical_manual_valves-400x400.jpg 400w, https:\/\/tamngocloi.com\/wp-content\/uploads\/2025\/05\/Mechanical_manual_valves-280x280.jpg 280w, https:\/\/tamngocloi.com\/wp-content\/uploads\/2025\/05\/Mechanical_manual_valves-768x768.jpg 768w, https:\/\/tamngocloi.com\/wp-content\/uploads\/2025\/05\/Mechanical_manual_valves-12x12.jpg 12w, https:\/\/tamngocloi.com\/wp-content\/uploads\/2025\/05\/Mechanical_manual_valves.jpg 1200w\" sizes=\"auto, (max-width: 800px) 100vw, 800px\" \/>\t\t\t\t\t\t\n\t\t\t\t\t<\/div>\n\t\t\t\t\t\t<\/a>\t\t\n<style>\n#image_1642813201 {\n  width: 90%;\n}\n<\/style>\n\t<\/div>\n\t\n\t<div id=\"text-266201441\" class=\"text\">\n\t\t\n<p><span style=\"font-size: 120%;\"><strong><a href=\"https:\/\/tamngocloi.com\/vi\/mechanical-and-manual-valves\/\">Van c\u01a1 v\u00e0 van th\u1ee7 c\u00f4ng<\/a><br \/>\u00a0<br \/>\u00a0<\/strong><\/span><\/p>\n\t\t\n<style>\n#text-266201441 {\n  text-align: center;\n}\n<\/style>\n\t<\/div>\n\t\n\t\t<\/div>\n\t\t\t\t\n<style>\n#col-1374877176 > .col-inner {\n  padding: 10px 0px 0px 0px;\n  border-radius: 8px;\n}\n<\/style>\n\t<\/div>\n\n\t\n\n\t<div id=\"col-843139765\" class=\"col medium-3 small-6 large-3\"  >\n\t\t\t\t<div class=\"col-inner text-center\" style=\"background-color:rgb(229, 229, 229);\" >\n\t\t\t\n\t<div class=\"is-border\"\n\t\tstyle=\"border-color:rgb(255, 0, 0);border-width:0px 0px 0px 0px;\">\n\t<\/div>\n\t\t\t\n\t<div class=\"img has-hover x md-x lg-x y md-y lg-y\" id=\"image_1723659505\">\n\t\t<a class=\"\" href=\"https:\/\/tamngocloi.com\/vi\/logic-valves\/\" >\t\t\t\t\t\t<div class=\"img-inner dark\" style=\"margin:0px 0px 0px 0px;\">\n\t\t\t<img loading=\"lazy\" decoding=\"async\" width=\"800\" height=\"800\" src=\"https:\/\/tamngocloi.com\/wp-content\/uploads\/2025\/05\/Logic_valves-800x800.jpg\" class=\"attachment-large size-large\" alt=\"\" srcset=\"https:\/\/tamngocloi.com\/wp-content\/uploads\/2025\/05\/Logic_valves-800x800.jpg 800w, https:\/\/tamngocloi.com\/wp-content\/uploads\/2025\/05\/Logic_valves-400x400.jpg 400w, https:\/\/tamngocloi.com\/wp-content\/uploads\/2025\/05\/Logic_valves-280x280.jpg 280w, https:\/\/tamngocloi.com\/wp-content\/uploads\/2025\/05\/Logic_valves-768x768.jpg 768w, https:\/\/tamngocloi.com\/wp-content\/uploads\/2025\/05\/Logic_valves-12x12.jpg 12w, https:\/\/tamngocloi.com\/wp-content\/uploads\/2025\/05\/Logic_valves.jpg 1200w\" sizes=\"auto, (max-width: 800px) 100vw, 800px\" \/>\t\t\t\t\t\t\n\t\t\t\t\t<\/div>\n\t\t\t\t\t\t<\/a>\t\t\n<style>\n#image_1723659505 {\n  width: 90%;\n}\n<\/style>\n\t<\/div>\n\t\n\t<div id=\"text-3261966885\" class=\"text\">\n\t\t\n<p><a href=\"https:\/\/tamngocloi.com\/vi\/logic-valves\/\"><span style=\"font-size: 120%;\"><strong>Van logic<\/strong><\/span><\/a><\/p>\n<p>\u00a0<br \/>\u00a0<\/p>\n\t\t\n<style>\n#text-3261966885 {\n  line-height: 2;\n  text-align: center;\n}\n<\/style>\n\t<\/div>\n\t\n\t\t<\/div>\n\t\t\t\t\n<style>\n#col-843139765 > .col-inner {\n  padding: 10px 0px 0px 0px;\n  border-radius: 8px;\n}\n<\/style>\n\t<\/div>\n\n\t\n<\/div>\n\t<div id=\"gap-1318463862\" class=\"gap-element clearfix\" style=\"display:block; height:auto;\">\n\t\t\n<style>\n#gap-1318463862 {\n  padding-top: 30px;\n}\n<\/style>\n\t<\/div>\n\t\n<div class=\"row\"  id=\"row-166389625\">\n\n\t<div id=\"col-2059255905\" class=\"col medium-3 small-6 large-3\"  >\n\t\t\t\t<div class=\"col-inner text-center\" style=\"background-color:rgb(229, 229, 229);\" >\n\t\t\t\n\t<div class=\"is-border\"\n\t\tstyle=\"border-color:rgb(255, 0, 0);border-width:0px 0px 0px 0px;\">\n\t<\/div>\n\t\t\t\n\t<div class=\"img has-hover x md-x lg-x y md-y lg-y\" id=\"image_147317782\">\n\t\t<a class=\"\" href=\"https:\/\/tamngocloi.com\/vi\/automatic-valves\/\" >\t\t\t\t\t\t<div class=\"img-inner dark\" style=\"margin:0px 0px 0px 0px;\">\n\t\t\t<img loading=\"lazy\" decoding=\"async\" width=\"800\" height=\"800\" src=\"https:\/\/tamngocloi.com\/wp-content\/uploads\/2025\/05\/Automatic_valves-800x800.jpg\" class=\"attachment-large size-large\" alt=\"\" srcset=\"https:\/\/tamngocloi.com\/wp-content\/uploads\/2025\/05\/Automatic_valves-800x800.jpg 800w, https:\/\/tamngocloi.com\/wp-content\/uploads\/2025\/05\/Automatic_valves-400x400.jpg 400w, https:\/\/tamngocloi.com\/wp-content\/uploads\/2025\/05\/Automatic_valves-280x280.jpg 280w, https:\/\/tamngocloi.com\/wp-content\/uploads\/2025\/05\/Automatic_valves-768x768.jpg 768w, https:\/\/tamngocloi.com\/wp-content\/uploads\/2025\/05\/Automatic_valves-12x12.jpg 12w, https:\/\/tamngocloi.com\/wp-content\/uploads\/2025\/05\/Automatic_valves.jpg 1200w\" sizes=\"auto, (max-width: 800px) 100vw, 800px\" \/>\t\t\t\t\t\t\n\t\t\t\t\t<\/div>\n\t\t\t\t\t\t<\/a>\t\t\n<style>\n#image_147317782 {\n  width: 90%;\n}\n<\/style>\n\t<\/div>\n\t\n\t<div id=\"text-2053995151\" class=\"text\">\n\t\t\n<p><span style=\"font-size: 120%;\"><strong><a href=\"https:\/\/tamngocloi.com\/vi\/automatic-valves\/\">Van t\u1ef1 \u0111\u1ed9ng<\/a><br \/>\u00a0<\/strong><\/span><\/p>\n\t\t\n<style>\n#text-2053995151 {\n  text-align: center;\n}\n<\/style>\n\t<\/div>\n\t\n\t\t<\/div>\n\t\t\t\t\n<style>\n#col-2059255905 > .col-inner {\n  padding: 10px 0px 0px 0px;\n  border-radius: 8px;\n}\n<\/style>\n\t<\/div>\n\n\t\n\n\t<div id=\"col-619552969\" class=\"col medium-3 small-6 large-3\"  >\n\t\t\t\t<div class=\"col-inner text-center\" style=\"background-color:rgb(229, 229, 229);\" >\n\t\t\t\n\t<div class=\"is-border\"\n\t\tstyle=\"border-color:rgb(255, 0, 0);border-width:0px 0px 0px 0px;\">\n\t<\/div>\n\t\t\t\n\t<div class=\"img has-hover x md-x lg-x y md-y lg-y\" id=\"image_1658439651\">\n\t\t<a class=\"\" href=\"https:\/\/tamngocloi.com\/vi\/flow-control-valves\/\" >\t\t\t\t\t\t<div class=\"img-inner dark\" style=\"margin:0px 0px 0px 0px;\">\n\t\t\t<img loading=\"lazy\" decoding=\"async\" width=\"800\" height=\"800\" src=\"https:\/\/tamngocloi.com\/wp-content\/uploads\/2025\/05\/Flow_control_valves-800x800.jpg\" class=\"attachment-large size-large\" alt=\"\" srcset=\"https:\/\/tamngocloi.com\/wp-content\/uploads\/2025\/05\/Flow_control_valves-800x800.jpg 800w, https:\/\/tamngocloi.com\/wp-content\/uploads\/2025\/05\/Flow_control_valves-400x400.jpg 400w, https:\/\/tamngocloi.com\/wp-content\/uploads\/2025\/05\/Flow_control_valves-280x280.jpg 280w, https:\/\/tamngocloi.com\/wp-content\/uploads\/2025\/05\/Flow_control_valves-768x768.jpg 768w, https:\/\/tamngocloi.com\/wp-content\/uploads\/2025\/05\/Flow_control_valves-12x12.jpg 12w, https:\/\/tamngocloi.com\/wp-content\/uploads\/2025\/05\/Flow_control_valves.jpg 1200w\" sizes=\"auto, (max-width: 800px) 100vw, 800px\" \/>\t\t\t\t\t\t\n\t\t\t\t\t<\/div>\n\t\t\t\t\t\t<\/a>\t\t\n<style>\n#image_1658439651 {\n  width: 90%;\n}\n<\/style>\n\t<\/div>\n\t\n\t<div id=\"text-133021824\" class=\"text\">\n\t\t\n<p class=\"SubFamilyName\"><strong><span style=\"font-size: 120%;\"><a href=\"https:\/\/tamngocloi.com\/vi\/flow-control-valves\/\">Van \u0111i\u1ec1u khi\u1ec3n l\u01b0u l\u01b0\u1ee3ng<\/a><br \/><\/span><\/strong><span style=\"font-size: 120%;\"><strong>\u00a0<\/strong><\/span><\/p>\n\t\t\n<style>\n#text-133021824 {\n  text-align: center;\n}\n<\/style>\n\t<\/div>\n\t\n\t\t<\/div>\n\t\t\t\t\n<style>\n#col-619552969 > .col-inner {\n  padding: 10px 0px 0px 0px;\n  border-radius: 8px;\n}\n<\/style>\n\t<\/div>\n\n\t\n\n\t<div id=\"col-944811017\" class=\"col medium-3 small-6 large-3\"  >\n\t\t\t\t<div class=\"col-inner text-center\" style=\"background-color:rgb(229, 229, 229);\" >\n\t\t\t\n\t<div class=\"is-border\"\n\t\tstyle=\"border-color:rgb(255, 0, 0);border-width:0px 0px 0px 0px;\">\n\t<\/div>\n\t\t\t\n\t<div class=\"img has-hover x md-x lg-x y md-y lg-y\" id=\"image_1736313256\">\n\t\t<a class=\"\" href=\"https:\/\/tamngocloi.com\/vi\/silencers\/\" >\t\t\t\t\t\t<div class=\"img-inner dark\" style=\"margin:0px 0px 0px 0px;\">\n\t\t\t<img loading=\"lazy\" decoding=\"async\" width=\"800\" height=\"800\" src=\"https:\/\/tamngocloi.com\/wp-content\/uploads\/2025\/05\/Serie_silencers-800x800.jpg\" class=\"attachment-large size-large\" alt=\"\" srcset=\"https:\/\/tamngocloi.com\/wp-content\/uploads\/2025\/05\/Serie_silencers-800x800.jpg 800w, https:\/\/tamngocloi.com\/wp-content\/uploads\/2025\/05\/Serie_silencers-400x400.jpg 400w, https:\/\/tamngocloi.com\/wp-content\/uploads\/2025\/05\/Serie_silencers-280x280.jpg 280w, https:\/\/tamngocloi.com\/wp-content\/uploads\/2025\/05\/Serie_silencers-768x768.jpg 768w, https:\/\/tamngocloi.com\/wp-content\/uploads\/2025\/05\/Serie_silencers-12x12.jpg 12w, https:\/\/tamngocloi.com\/wp-content\/uploads\/2025\/05\/Serie_silencers.jpg 1200w\" sizes=\"auto, (max-width: 800px) 100vw, 800px\" \/>\t\t\t\t\t\t\n\t\t\t\t\t<\/div>\n\t\t\t\t\t\t<\/a>\t\t\n<style>\n#image_1736313256 {\n  width: 90%;\n}\n<\/style>\n\t<\/div>\n\t\n\t<div id=\"text-2997135847\" class=\"text\">\n\t\t\n<p><span style=\"font-size: 120%;\"><strong><a href=\"https:\/\/tamngocloi.com\/vi\/silencers\/\">B\u1ed9 ph\u1eadn gi\u1ea3m thanh<\/a><br \/>\u00a0<\/strong><\/span><\/p>\n\t\t\n<style>\n#text-2997135847 {\n  text-align: center;\n}\n<\/style>\n\t<\/div>\n\t\n\t\t<\/div>\n\t\t\t\t\n<style>\n#col-944811017 > .col-inner {\n  padding: 10px 0px 0px 0px;\n  border-radius: 8px;\n}\n<\/style>\n\t<\/div>\n\n\t\n<\/div>\n\t<div id=\"gap-1216384858\" class=\"gap-element clearfix\" style=\"display:block; height:auto;\">\n\t\t\n<style>\n#gap-1216384858 {\n  padding-top: 30px;\n}\n<\/style>\n\t<\/div>","protected":false},"excerpt":{"rendered":"<p>Valves and Solenoid valves Solenoid valves are a fundamental component in industrial automation systems, enabling precise control of fluid flow such as air, water, gas, and other liquids.These devices operate by activating an electromagnetic field that opens or closes the fluid passage based on the electrical signals received.Due to their versatility, solenoid valves are used [&#8230;]","protected":false},"author":1,"featured_media":0,"parent":0,"menu_order":0,"comment_status":"closed","ping_status":"closed","template":"","meta":{"footnotes":""},"class_list":["post-4342","page","type-page","status-publish","hentry"],"yoast_head":"<!-- This site is optimized with the Yoast SEO plugin v25.3 - https:\/\/yoast.com\/wordpress\/plugins\/seo\/ -->\n<title>Valves and Solenoid valves - TNL Company Limited<\/title>\n<meta name=\"robots\" content=\"index, follow, max-snippet:-1, max-image-preview:large, max-video-preview:-1\" \/>\n<link rel=\"canonical\" href=\"https:\/\/tamngocloi.com\/vi\/valves-and-solenoid-valves\/\" \/>\n<meta property=\"og:locale\" content=\"vi_VN\" \/>\n<meta property=\"og:type\" content=\"article\" \/>\n<meta property=\"og:title\" content=\"Valves and Solenoid valves - TNL Company Limited\" \/>\n<meta property=\"og:description\" content=\"Valves and Solenoid valves Solenoid valves are a fundamental component in industrial automation systems, enabling precise control of fluid flow such as air, water, gas, and other liquids.These devices operate by activating an electromagnetic field that opens or closes the fluid passage based on the electrical signals received.Due to their versatility, solenoid valves are used [...]\" \/>\n<meta property=\"og:url\" content=\"https:\/\/tamngocloi.com\/vi\/valves-and-solenoid-valves\/\" \/>\n<meta property=\"og:site_name\" content=\"TNL Company Limited\" \/>\n<meta property=\"article:modified_time\" content=\"2025-05-24T15:11:53+00:00\" \/>\n<meta name=\"twitter:card\" content=\"summary_large_image\" \/>\n<script type=\"application\/ld+json\" class=\"yoast-schema-graph\">{\"@context\":\"https:\/\/schema.org\",\"@graph\":[{\"@type\":\"WebPage\",\"@id\":\"https:\/\/tamngocloi.com\/valves-and-solenoid-valves\/\",\"url\":\"https:\/\/tamngocloi.com\/valves-and-solenoid-valves\/\",\"name\":\"Valves and Solenoid valves - TNL Company Limited\",\"isPartOf\":{\"@id\":\"https:\/\/tamngocloi.com\/#website\"},\"datePublished\":\"2025-05-17T17:04:34+00:00\",\"dateModified\":\"2025-05-24T15:11:53+00:00\",\"breadcrumb\":{\"@id\":\"https:\/\/tamngocloi.com\/valves-and-solenoid-valves\/#breadcrumb\"},\"inLanguage\":\"vi\",\"potentialAction\":[{\"@type\":\"ReadAction\",\"target\":[\"https:\/\/tamngocloi.com\/valves-and-solenoid-valves\/\"]}]},{\"@type\":\"BreadcrumbList\",\"@id\":\"https:\/\/tamngocloi.com\/valves-and-solenoid-valves\/#breadcrumb\",\"itemListElement\":[{\"@type\":\"ListItem\",\"position\":1,\"name\":\"Home\",\"item\":\"https:\/\/tamngocloi.com\/\"},{\"@type\":\"ListItem\",\"position\":2,\"name\":\"Valves and Solenoid valves\"}]},{\"@type\":\"WebSite\",\"@id\":\"https:\/\/tamngocloi.com\/#website\",\"url\":\"https:\/\/tamngocloi.com\/\",\"name\":\"TNL Company Limited\",\"description\":\"\",\"publisher\":{\"@id\":\"https:\/\/tamngocloi.com\/#organization\"},\"potentialAction\":[{\"@type\":\"SearchAction\",\"target\":{\"@type\":\"EntryPoint\",\"urlTemplate\":\"https:\/\/tamngocloi.com\/?s={search_term_string}\"},\"query-input\":{\"@type\":\"PropertyValueSpecification\",\"valueRequired\":true,\"valueName\":\"search_term_string\"}}],\"inLanguage\":\"vi\"},{\"@type\":\"Organization\",\"@id\":\"https:\/\/tamngocloi.com\/#organization\",\"name\":\"TNL Company Limited\",\"url\":\"https:\/\/tamngocloi.com\/\",\"logo\":{\"@type\":\"ImageObject\",\"inLanguage\":\"vi\",\"@id\":\"https:\/\/tamngocloi.com\/#\/schema\/logo\/image\/\",\"url\":\"https:\/\/tamngocloi.com\/wp-content\/uploads\/2024\/09\/download-removebg-preview.png\",\"contentUrl\":\"https:\/\/tamngocloi.com\/wp-content\/uploads\/2024\/09\/download-removebg-preview.png\",\"width\":570,\"height\":438,\"caption\":\"TNL Company Limited\"},\"image\":{\"@id\":\"https:\/\/tamngocloi.com\/#\/schema\/logo\/image\/\"}}]}<\/script>\n<!-- \/ Yoast SEO plugin. -->","yoast_head_json":{"title":"Valves and Solenoid valves - TNL Company Limited","robots":{"index":"index","follow":"follow","max-snippet":"max-snippet:-1","max-image-preview":"max-image-preview:large","max-video-preview":"max-video-preview:-1"},"canonical":"https:\/\/tamngocloi.com\/vi\/valves-and-solenoid-valves\/","og_locale":"vi_VN","og_type":"article","og_title":"Valves and Solenoid valves - TNL Company Limited","og_description":"Valves and Solenoid valves Solenoid valves are a fundamental component in industrial automation systems, enabling precise control of fluid flow such as air, water, gas, and other liquids.These devices operate by activating an electromagnetic field that opens or closes the fluid passage based on the electrical signals received.Due to their versatility, solenoid valves are used [...]","og_url":"https:\/\/tamngocloi.com\/vi\/valves-and-solenoid-valves\/","og_site_name":"TNL Company Limited","article_modified_time":"2025-05-24T15:11:53+00:00","twitter_card":"summary_large_image","schema":{"@context":"https:\/\/schema.org","@graph":[{"@type":"WebPage","@id":"https:\/\/tamngocloi.com\/valves-and-solenoid-valves\/","url":"https:\/\/tamngocloi.com\/valves-and-solenoid-valves\/","name":"Valves and Solenoid valves - TNL Company Limited","isPartOf":{"@id":"https:\/\/tamngocloi.com\/#website"},"datePublished":"2025-05-17T17:04:34+00:00","dateModified":"2025-05-24T15:11:53+00:00","breadcrumb":{"@id":"https:\/\/tamngocloi.com\/valves-and-solenoid-valves\/#breadcrumb"},"inLanguage":"vi","potentialAction":[{"@type":"ReadAction","target":["https:\/\/tamngocloi.com\/valves-and-solenoid-valves\/"]}]},{"@type":"BreadcrumbList","@id":"https:\/\/tamngocloi.com\/valves-and-solenoid-valves\/#breadcrumb","itemListElement":[{"@type":"ListItem","position":1,"name":"Home","item":"https:\/\/tamngocloi.com\/"},{"@type":"ListItem","position":2,"name":"Valves and Solenoid valves"}]},{"@type":"WebSite","@id":"https:\/\/tamngocloi.com\/#website","url":"https:\/\/tamngocloi.com\/","name":"TNL Company Limited","description":"","publisher":{"@id":"https:\/\/tamngocloi.com\/#organization"},"potentialAction":[{"@type":"SearchAction","target":{"@type":"EntryPoint","urlTemplate":"https:\/\/tamngocloi.com\/?s={search_term_string}"},"query-input":{"@type":"PropertyValueSpecification","valueRequired":true,"valueName":"search_term_string"}}],"inLanguage":"vi"},{"@type":"Organization","@id":"https:\/\/tamngocloi.com\/#organization","name":"TNL Company Limited","url":"https:\/\/tamngocloi.com\/","logo":{"@type":"ImageObject","inLanguage":"vi","@id":"https:\/\/tamngocloi.com\/#\/schema\/logo\/image\/","url":"https:\/\/tamngocloi.com\/wp-content\/uploads\/2024\/09\/download-removebg-preview.png","contentUrl":"https:\/\/tamngocloi.com\/wp-content\/uploads\/2024\/09\/download-removebg-preview.png","width":570,"height":438,"caption":"TNL Company Limited"},"image":{"@id":"https:\/\/tamngocloi.com\/#\/schema\/logo\/image\/"}}]}},"_links":{"self":[{"href":"https:\/\/tamngocloi.com\/vi\/wp-json\/wp\/v2\/pages\/4342","targetHints":{"allow":["GET"]}}],"collection":[{"href":"https:\/\/tamngocloi.com\/vi\/wp-json\/wp\/v2\/pages"}],"about":[{"href":"https:\/\/tamngocloi.com\/vi\/wp-json\/wp\/v2\/types\/page"}],"author":[{"embeddable":true,"href":"https:\/\/tamngocloi.com\/vi\/wp-json\/wp\/v2\/users\/1"}],"replies":[{"embeddable":true,"href":"https:\/\/tamngocloi.com\/vi\/wp-json\/wp\/v2\/comments?post=4342"}],"version-history":[{"count":14,"href":"https:\/\/tamngocloi.com\/vi\/wp-json\/wp\/v2\/pages\/4342\/revisions"}],"predecessor-version":[{"id":5200,"href":"https:\/\/tamngocloi.com\/vi\/wp-json\/wp\/v2\/pages\/4342\/revisions\/5200"}],"wp:attachment":[{"href":"https:\/\/tamngocloi.com\/vi\/wp-json\/wp\/v2\/media?parent=4342"}],"curies":[{"name":"wp","href":"https:\/\/api.w.org\/{rel}","templated":true}]}}