{"id":4326,"date":"2025-05-17T23:44:47","date_gmt":"2025-05-17T16:44:47","guid":{"rendered":"https:\/\/tamngocloi.com\/?page_id=4326"},"modified":"2025-05-24T21:54:39","modified_gmt":"2025-05-24T14:54:39","slug":"electric-actuation","status":"publish","type":"page","link":"https:\/\/tamngocloi.com\/vi\/electric-actuation\/","title":{"rendered":"Truy\u1ec1n \u0111\u1ed9ng \u0111i\u1ec7n"},"content":{"rendered":"<div id=\"gap-2083367695\" class=\"gap-element clearfix\" style=\"display:block; height:auto;\">\n\t\t\n<style>\n#gap-2083367695 {\n  padding-top: 30px;\n}\n<\/style>\n\t<\/div>\n\t\n<div class=\"MainPageHeaderWrapper content-align\">\n<div class=\"\">\n<h1>Truy\u1ec1n \u0111\u1ed9ng \u0111i\u1ec7n<\/h1>\n<p class=\"category-description content-align\">C\u00f4ng ngh\u1ec7 n\u00e0y \u0111\u1ec1 c\u1eadp \u0111\u1ebfn chuy\u1ec3n \u0111\u1ed9ng c\u00f3 ki\u1ec3m so\u00e1t c\u1ee7a t\u1ea3i tr\u1ecdng th\u00f4ng qua c\u00e1c thi\u1ebft b\u1ecb c\u01a1 \u0111i\u1ec7n, \u0111\u01b0\u1ee3c g\u1ecdi l\u00e0 b\u1ed9 truy\u1ec1n \u0111\u1ed9ng \u0111i\u1ec7n, c\u00f3 ch\u1ee9c n\u0103ng chuy\u1ec3n \u0111\u1ed5i n\u0103ng l\u01b0\u1ee3ng \u0111i\u1ec7n th\u00e0nh n\u0103ng l\u01b0\u1ee3ng c\u01a1 h\u1ecdc.<br \/>Ch\u00fang bao g\u1ed3m m\u1ed9t \u0111\u1ed9ng c\u01a1 \u0111i\u1ec7n l\u00e0m quay h\u1ec7 th\u1ed1ng c\u01a1 h\u1ecdc, th\u01b0\u1eddng l\u00e0 tr\u1ee5c v\u00edt me bi, tr\u1ee5c v\u00edt tr\u01b0\u1ee3t, d\u00e2y \u0111ai ho\u1eb7c b\u00e1nh r\u0103ng.<br \/>T\u00f9y thu\u1ed9c v\u00e0o s\u1ed1 v\u00f2ng quay v\u00e0 t\u1ed1c \u0111\u1ed9 c\u1ee7a \u0111\u1ed9ng c\u01a1, b\u1ed9 truy\u1ec1n \u0111\u1ed9ng \u0111i\u1ec7n s\u1ebd di chuy\u1ec3n theo chu k\u1ef3 mong mu\u1ed1n.<br \/>B\u1ed9 truy\u1ec1n \u0111\u1ed9ng \u0111i\u1ec7n c\u00f3 th\u1ec3 \u0111\u01b0\u1ee3c ph\u00e2n lo\u1ea1i th\u00e0nh hai lo\u1ea1i: xi lanh \u0111i\u1ec7n c\u00f3 thanh truy\u1ec1n v\u00e0 b\u1ed9 d\u1eabn h\u01b0\u1edbng tuy\u1ebfn t\u00ednh \u0111i\u1ec7n kh\u00f4ng c\u00f3 thanh truy\u1ec1n.<br \/>Vi\u1ec7c s\u1eed d\u1ee5ng b\u1ed9 truy\u1ec1n \u0111\u1ed9ng \u0111i\u1ec7n ng\u00e0y c\u00e0ng ph\u1ed5 bi\u1ebfn trong nhi\u1ec1u ng\u00e0nh c\u00f4ng nghi\u1ec7p do nh\u1eefng ti\u1ebfn b\u1ed9 \u0111\u00e1ng k\u1ec3 trong kh\u1ea3 n\u0103ng ki\u1ec3m so\u00e1t chuy\u1ec3n \u0111\u1ed9ng v\u00e0 \u0111\u1ed9 ch\u00ednh x\u00e1c, khi\u1ebfn ch\u00fang tr\u1edf n\u00ean l\u00fd t\u01b0\u1edfng cho c\u00e1c \u1ee9ng d\u1ee5ng \u0111\u00f2i h\u1ecfi \u0111\u1ed9 ch\u00ednh x\u00e1c cao v\u00e0 kh\u1ea3 n\u0103ng l\u1eb7p l\u1ea1i chuy\u1ec3n \u0111\u1ed9ng, ch\u1eb3ng h\u1ea1n nh\u01b0 trong ng\u00e0nh th\u1ef1c ph\u1ea9m &amp; \u0111\u1ed3 u\u1ed1ng, \u0111\u00f3ng g\u00f3i v\u00e0 l\u1eafp r\u00e1p.<br \/>C\u00e1c b\u1ed9 truy\u1ec1n \u0111\u1ed9ng n\u00e0y cung c\u1ea5p t\u00ednh linh ho\u1ea1t v\u1eadn h\u00e0nh cao h\u01a1n v\u00e0 t\u00edch h\u1ee3p d\u1ec5 d\u00e0ng h\u01a1n v\u1edbi c\u00e1c h\u1ec7 th\u1ed1ng k\u1ef9 thu\u1eadt s\u1ed1, \u0111i\u1ec1u c\u1ea7n thi\u1ebft \u0111\u1ec3 tri\u1ec3n khai Internet v\u1ea1n v\u1eadt c\u00f4ng nghi\u1ec7p (IIoT), gi\u00fap t\u0103ng c\u01b0\u1eddng kh\u1ea3 n\u0103ng gi\u00e1m s\u00e1t v\u00e0 ph\u00e2n t\u00edch hi\u1ec7u su\u1ea5t m\u00e1y.<br \/>H\u01a1n n\u1eefa, h\u1ec7 th\u1ed1ng truy\u1ec1n \u0111\u1ed9ng \u0111i\u1ec7n h\u1ed7 tr\u1ee3 t\u00ednh b\u1ec1n v\u1eefng trong v\u1eadn h\u00e0nh b\u1eb1ng c\u00e1ch gi\u1ea3m m\u1ee9c ti\u00eau th\u1ee5 n\u0103ng l\u01b0\u1ee3ng v\u00e0 ti\u1ebfng \u1ed3n, do \u0111\u00f3 g\u00f3p ph\u1ea7n t\u1ea1o ra m\u00f4i tr\u01b0\u1eddng l\u00e0m vi\u1ec7c s\u1ea1ch h\u01a1n v\u00e0 y\u00ean t\u0129nh h\u01a1n.<\/p>\n<\/div>\n<\/div>\n\t<div id=\"gap-1391687513\" class=\"gap-element clearfix\" style=\"display:block; height:auto;\">\n\t\t\n<style>\n#gap-1391687513 {\n  padding-top: 60px;\n}\n<\/style>\n\t<\/div>\n\t\n<div class=\"row\"  id=\"row-439601118\">\n\n\t<div id=\"col-323301403\" class=\"col medium-4 small-6 large-4\"  >\n\t\t\t\t<div class=\"col-inner text-center\" style=\"background-color:rgb(229, 229, 229);\" >\n\t\t\t\n\t<div class=\"is-border\"\n\t\tstyle=\"border-color:rgb(255, 0, 0);border-width:0px 0px 0px 0px;\">\n\t<\/div>\n\t\t\t\n\t<div class=\"img has-hover x md-x lg-x y md-y lg-y\" id=\"image_700790489\">\n\t\t<a class=\"\" href=\"https:\/\/tamngocloi.com\/vi\/electromechanical-cylinders\/\" >\t\t\t\t\t\t<div class=\"img-inner dark\" style=\"margin:0px 0px 0px 0px;\">\n\t\t\t<img loading=\"lazy\" decoding=\"async\" width=\"800\" height=\"800\" src=\"https:\/\/tamngocloi.com\/wp-content\/uploads\/2025\/05\/Electromechanical_cylinders-800x800.jpg\" class=\"attachment-large size-large\" alt=\"\" srcset=\"https:\/\/tamngocloi.com\/wp-content\/uploads\/2025\/05\/Electromechanical_cylinders-800x800.jpg 800w, https:\/\/tamngocloi.com\/wp-content\/uploads\/2025\/05\/Electromechanical_cylinders-400x400.jpg 400w, https:\/\/tamngocloi.com\/wp-content\/uploads\/2025\/05\/Electromechanical_cylinders-280x280.jpg 280w, https:\/\/tamngocloi.com\/wp-content\/uploads\/2025\/05\/Electromechanical_cylinders-768x768.jpg 768w, https:\/\/tamngocloi.com\/wp-content\/uploads\/2025\/05\/Electromechanical_cylinders-12x12.jpg 12w, https:\/\/tamngocloi.com\/wp-content\/uploads\/2025\/05\/Electromechanical_cylinders.jpg 1200w\" sizes=\"auto, (max-width: 800px) 100vw, 800px\" \/>\t\t\t\t\t\t\n\t\t\t\t\t<\/div>\n\t\t\t\t\t\t<\/a>\t\t\n<style>\n#image_700790489 {\n  width: 90%;\n}\n<\/style>\n\t<\/div>\n\t\n\t<div id=\"text-360888868\" class=\"text\">\n\t\t\n<p><span style=\"font-size: 120%;\"><strong><a href=\"https:\/\/tamngocloi.com\/vi\/electromechanical-cylinders\/\">Xi lanh c\u01a1 \u0111i\u1ec7n<\/a><br \/>\u00a0<\/strong><\/span><\/p>\n\t\t\n<style>\n#text-360888868 {\n  text-align: center;\n}\n<\/style>\n\t<\/div>\n\t\n\t\t<\/div>\n\t\t\t\t\n<style>\n#col-323301403 > .col-inner {\n  padding: 10px 0px 0px 0px;\n  border-radius: 8px;\n}\n<\/style>\n\t<\/div>\n\n\t\n\n\t<div id=\"col-35302332\" class=\"col medium-4 small-6 large-4\"  >\n\t\t\t\t<div class=\"col-inner text-center\" style=\"background-color:rgb(229, 229, 229);\" >\n\t\t\t\n\t<div class=\"is-border\"\n\t\tstyle=\"border-color:rgb(255, 0, 0);border-width:0px 0px 0px 0px;\">\n\t<\/div>\n\t\t\t\n\t<div class=\"img has-hover x md-x lg-x y md-y lg-y\" id=\"image_1762256550\">\n\t\t<a class=\"\" href=\"https:\/\/tamngocloi.com\/vi\/electromechanical-axes\/\" >\t\t\t\t\t\t<div class=\"img-inner dark\" style=\"margin:0px 0px 0px 0px;\">\n\t\t\t<img loading=\"lazy\" decoding=\"async\" width=\"800\" height=\"800\" src=\"https:\/\/tamngocloi.com\/wp-content\/uploads\/2025\/05\/Electromechanical_axes-800x800.jpg\" class=\"attachment-large size-large\" alt=\"\" srcset=\"https:\/\/tamngocloi.com\/wp-content\/uploads\/2025\/05\/Electromechanical_axes-800x800.jpg 800w, https:\/\/tamngocloi.com\/wp-content\/uploads\/2025\/05\/Electromechanical_axes-400x400.jpg 400w, https:\/\/tamngocloi.com\/wp-content\/uploads\/2025\/05\/Electromechanical_axes-280x280.jpg 280w, https:\/\/tamngocloi.com\/wp-content\/uploads\/2025\/05\/Electromechanical_axes-768x768.jpg 768w, https:\/\/tamngocloi.com\/wp-content\/uploads\/2025\/05\/Electromechanical_axes-12x12.jpg 12w, https:\/\/tamngocloi.com\/wp-content\/uploads\/2025\/05\/Electromechanical_axes.jpg 1200w\" sizes=\"auto, (max-width: 800px) 100vw, 800px\" \/>\t\t\t\t\t\t\n\t\t\t\t\t<\/div>\n\t\t\t\t\t\t<\/a>\t\t\n<style>\n#image_1762256550 {\n  width: 90%;\n}\n<\/style>\n\t<\/div>\n\t\n\t<div id=\"text-3177857772\" class=\"text\">\n\t\t\n<p><span style=\"font-size: 120%;\"><strong><a href=\"https:\/\/tamngocloi.com\/vi\/electromechanical-axes\/\">Tr\u1ee5c c\u01a1 \u0111i\u1ec7n<\/a><br \/>\u00a0<\/strong><\/span><\/p>\n\t\t\n<style>\n#text-3177857772 {\n  text-align: center;\n}\n<\/style>\n\t<\/div>\n\t\n\t\t<\/div>\n\t\t\t\t\n<style>\n#col-35302332 > .col-inner {\n  padding: 10px 0px 0px 0px;\n  border-radius: 8px;\n}\n<\/style>\n\t<\/div>\n\n\t\n\n\t<div id=\"col-340178813\" class=\"col medium-4 small-6 large-4\"  >\n\t\t\t\t<div class=\"col-inner text-center\" style=\"background-color:rgb(229, 229, 229);\" >\n\t\t\t\n\t<div class=\"is-border\"\n\t\tstyle=\"border-color:rgb(255, 0, 0);border-width:0px 0px 0px 0px;\">\n\t<\/div>\n\t\t\t\n\t<div class=\"img has-hover x md-x lg-x y md-y lg-y\" id=\"image_218658355\">\n\t\t<a class=\"\" href=\"https:\/\/tamngocloi.com\/vi\/drives\/\" >\t\t\t\t\t\t<div class=\"img-inner dark\" style=\"margin:0px 0px 0px 0px;\">\n\t\t\t<img loading=\"lazy\" decoding=\"async\" width=\"800\" height=\"800\" src=\"https:\/\/tamngocloi.com\/wp-content\/uploads\/2025\/05\/Drives-800x800.jpg\" class=\"attachment-large size-large\" alt=\"\" srcset=\"https:\/\/tamngocloi.com\/wp-content\/uploads\/2025\/05\/Drives-800x800.jpg 800w, https:\/\/tamngocloi.com\/wp-content\/uploads\/2025\/05\/Drives-400x400.jpg 400w, https:\/\/tamngocloi.com\/wp-content\/uploads\/2025\/05\/Drives-280x280.jpg 280w, https:\/\/tamngocloi.com\/wp-content\/uploads\/2025\/05\/Drives-768x768.jpg 768w, https:\/\/tamngocloi.com\/wp-content\/uploads\/2025\/05\/Drives-12x12.jpg 12w, https:\/\/tamngocloi.com\/wp-content\/uploads\/2025\/05\/Drives.jpg 1200w\" sizes=\"auto, (max-width: 800px) 100vw, 800px\" \/>\t\t\t\t\t\t\n\t\t\t\t\t<\/div>\n\t\t\t\t\t\t<\/a>\t\t\n<style>\n#image_218658355 {\n  width: 90%;\n}\n<\/style>\n\t<\/div>\n\t\n\t<div id=\"text-3500128794\" class=\"text\">\n\t\t\n<p><span style=\"font-size: 120%;\"><strong><a href=\"https:\/\/tamngocloi.com\/vi\/drives\/\">\u1ed4 \u0111\u0129a<\/a><br \/>\u00a0<\/strong><\/span><\/p>\n\t\t\n<style>\n#text-3500128794 {\n  text-align: center;\n}\n<\/style>\n\t<\/div>\n\t\n\t\t<\/div>\n\t\t\t\t\n<style>\n#col-340178813 > .col-inner {\n  padding: 10px 0px 0px 0px;\n  border-radius: 8px;\n}\n<\/style>\n\t<\/div>\n\n\t\n<\/div>\n\t<div id=\"gap-1877309253\" class=\"gap-element clearfix\" style=\"display:block; height:auto;\">\n\t\t\n<style>\n#gap-1877309253 {\n  padding-top: 30px;\n}\n<\/style>\n\t<\/div>\n\t\n<div class=\"row\"  id=\"row-107833788\">\n\n\t<div id=\"col-1247550869\" class=\"col medium-4 small-6 large-4\"  >\n\t\t\t\t<div class=\"col-inner text-center\" style=\"background-color:rgb(229, 229, 229);\" >\n\t\t\t\n\t<div class=\"is-border\"\n\t\tstyle=\"border-color:rgb(255, 0, 0);border-width:0px 0px 0px 0px;\">\n\t<\/div>\n\t\t\t\n\t<div class=\"img has-hover x md-x lg-x y md-y lg-y\" id=\"image_702092173\">\n\t\t<a class=\"\" href=\"https:\/\/tamngocloi.com\/vi\/motors\/\" >\t\t\t\t\t\t<div class=\"img-inner dark\" style=\"margin:0px 0px 0px 0px;\">\n\t\t\t<img loading=\"lazy\" decoding=\"async\" width=\"800\" height=\"800\" src=\"https:\/\/tamngocloi.com\/wp-content\/uploads\/2025\/05\/Motors-800x800.jpg\" class=\"attachment-large size-large\" alt=\"\" srcset=\"https:\/\/tamngocloi.com\/wp-content\/uploads\/2025\/05\/Motors-800x800.jpg 800w, https:\/\/tamngocloi.com\/wp-content\/uploads\/2025\/05\/Motors-400x400.jpg 400w, https:\/\/tamngocloi.com\/wp-content\/uploads\/2025\/05\/Motors-280x280.jpg 280w, https:\/\/tamngocloi.com\/wp-content\/uploads\/2025\/05\/Motors-768x768.jpg 768w, https:\/\/tamngocloi.com\/wp-content\/uploads\/2025\/05\/Motors-12x12.jpg 12w, https:\/\/tamngocloi.com\/wp-content\/uploads\/2025\/05\/Motors.jpg 1200w\" sizes=\"auto, (max-width: 800px) 100vw, 800px\" \/>\t\t\t\t\t\t\n\t\t\t\t\t<\/div>\n\t\t\t\t\t\t<\/a>\t\t\n<style>\n#image_702092173 {\n  width: 90%;\n}\n<\/style>\n\t<\/div>\n\t\n\t<div id=\"text-2719851784\" class=\"text\">\n\t\t\n<p><span style=\"font-size: 120%;\"><strong><a href=\"https:\/\/tamngocloi.com\/vi\/motors\/\">\u0110\u1ed9ng c\u01a1<\/a><br \/>\u00a0<\/strong><\/span><\/p>\n\t\t\n<style>\n#text-2719851784 {\n  text-align: center;\n}\n<\/style>\n\t<\/div>\n\t\n\t\t<\/div>\n\t\t\t\t\n<style>\n#col-1247550869 > .col-inner {\n  padding: 10px 0px 0px 0px;\n  border-radius: 8px;\n}\n<\/style>\n\t<\/div>\n\n\t\n\n\t<div id=\"col-1313738477\" class=\"col medium-4 small-6 large-4\"  >\n\t\t\t\t<div class=\"col-inner text-center\" style=\"background-color:rgb(229, 229, 229);\" >\n\t\t\t\n\t<div class=\"is-border\"\n\t\tstyle=\"border-color:rgb(255, 0, 0);border-width:0px 0px 0px 0px;\">\n\t<\/div>\n\t\t\t\n\t<div class=\"img has-hover x md-x lg-x y md-y lg-y\" id=\"image_1950399731\">\n\t\t<a class=\"\" href=\"https:\/\/tamngocloi.com\/vi\/gearboxes-and-coupling\/\" >\t\t\t\t\t\t<div class=\"img-inner dark\" style=\"margin:0px 0px 0px 0px;\">\n\t\t\t<img loading=\"lazy\" decoding=\"async\" width=\"800\" height=\"800\" src=\"https:\/\/tamngocloi.com\/wp-content\/uploads\/2025\/05\/Gearboxes-800x800.jpg\" class=\"attachment-large size-large\" alt=\"\" srcset=\"https:\/\/tamngocloi.com\/wp-content\/uploads\/2025\/05\/Gearboxes-800x800.jpg 800w, https:\/\/tamngocloi.com\/wp-content\/uploads\/2025\/05\/Gearboxes-400x400.jpg 400w, https:\/\/tamngocloi.com\/wp-content\/uploads\/2025\/05\/Gearboxes-280x280.jpg 280w, https:\/\/tamngocloi.com\/wp-content\/uploads\/2025\/05\/Gearboxes-768x768.jpg 768w, https:\/\/tamngocloi.com\/wp-content\/uploads\/2025\/05\/Gearboxes-12x12.jpg 12w, https:\/\/tamngocloi.com\/wp-content\/uploads\/2025\/05\/Gearboxes.jpg 1200w\" sizes=\"auto, (max-width: 800px) 100vw, 800px\" \/>\t\t\t\t\t\t\n\t\t\t\t\t<\/div>\n\t\t\t\t\t\t<\/a>\t\t\n<style>\n#image_1950399731 {\n  width: 90%;\n}\n<\/style>\n\t<\/div>\n\t\n\t<div id=\"text-1678488541\" class=\"text\">\n\t\t\n<p><span style=\"font-size: 120%;\"><strong><a href=\"https:\/\/tamngocloi.com\/vi\/gearboxes-and-coupling\/\">H\u1ed9p s\u1ed1 v\u00e0 kh\u1edbp n\u1ed1i<\/a><br \/>\u00a0<\/strong><\/span><\/p>\n\t\t\n<style>\n#text-1678488541 {\n  text-align: center;\n}\n<\/style>\n\t<\/div>\n\t\n\t\t<\/div>\n\t\t\t\t\n<style>\n#col-1313738477 > .col-inner {\n  padding: 10px 0px 0px 0px;\n  border-radius: 8px;\n}\n<\/style>\n\t<\/div>\n\n\t\n<\/div>\n\t<div id=\"gap-782644909\" class=\"gap-element clearfix\" style=\"display:block; height:auto;\">\n\t\t\n<style>\n#gap-782644909 {\n  padding-top: 30px;\n}\n<\/style>\n\t<\/div>","protected":false},"excerpt":{"rendered":"<p>Electric Actuation This technology refers to the controlled movement of loads through electromechanical devices, known as electric actuators, which convert electrical energy into mechanical energy.They consist of an electric motor that rotates a mechanical system, typically a ball screw, sliding screw, belt, or pinion.Depending on the number of revolutions and the speed of the motor, [&#8230;]","protected":false},"author":1,"featured_media":0,"parent":0,"menu_order":0,"comment_status":"closed","ping_status":"closed","template":"","meta":{"footnotes":""},"class_list":["post-4326","page","type-page","status-publish","hentry"],"yoast_head":"<!-- This site is optimized with the Yoast SEO plugin v25.3 - https:\/\/yoast.com\/wordpress\/plugins\/seo\/ -->\n<title>Electric Actuation - TNL Company Limited<\/title>\n<meta name=\"robots\" content=\"index, follow, max-snippet:-1, max-image-preview:large, max-video-preview:-1\" \/>\n<link rel=\"canonical\" href=\"https:\/\/tamngocloi.com\/vi\/electric-actuation\/\" \/>\n<meta property=\"og:locale\" content=\"vi_VN\" \/>\n<meta property=\"og:type\" content=\"article\" \/>\n<meta property=\"og:title\" content=\"Electric Actuation - TNL Company Limited\" \/>\n<meta property=\"og:description\" content=\"Electric Actuation This technology refers to the controlled movement of loads through electromechanical devices, known as electric actuators, which convert electrical energy into mechanical energy.They consist of an electric motor that rotates a mechanical system, typically a ball screw, sliding screw, belt, or pinion.Depending on the number of revolutions and the speed of the motor, [...]\" \/>\n<meta property=\"og:url\" content=\"https:\/\/tamngocloi.com\/vi\/electric-actuation\/\" \/>\n<meta property=\"og:site_name\" content=\"TNL Company Limited\" \/>\n<meta property=\"article:modified_time\" content=\"2025-05-24T14:54:39+00:00\" \/>\n<meta name=\"twitter:card\" content=\"summary_large_image\" \/>\n<script type=\"application\/ld+json\" class=\"yoast-schema-graph\">{\"@context\":\"https:\/\/schema.org\",\"@graph\":[{\"@type\":\"WebPage\",\"@id\":\"https:\/\/tamngocloi.com\/electric-actuation\/\",\"url\":\"https:\/\/tamngocloi.com\/electric-actuation\/\",\"name\":\"Electric Actuation - TNL Company Limited\",\"isPartOf\":{\"@id\":\"https:\/\/tamngocloi.com\/#website\"},\"datePublished\":\"2025-05-17T16:44:47+00:00\",\"dateModified\":\"2025-05-24T14:54:39+00:00\",\"breadcrumb\":{\"@id\":\"https:\/\/tamngocloi.com\/electric-actuation\/#breadcrumb\"},\"inLanguage\":\"vi\",\"potentialAction\":[{\"@type\":\"ReadAction\",\"target\":[\"https:\/\/tamngocloi.com\/electric-actuation\/\"]}]},{\"@type\":\"BreadcrumbList\",\"@id\":\"https:\/\/tamngocloi.com\/electric-actuation\/#breadcrumb\",\"itemListElement\":[{\"@type\":\"ListItem\",\"position\":1,\"name\":\"Home\",\"item\":\"https:\/\/tamngocloi.com\/\"},{\"@type\":\"ListItem\",\"position\":2,\"name\":\"Electric Actuation\"}]},{\"@type\":\"WebSite\",\"@id\":\"https:\/\/tamngocloi.com\/#website\",\"url\":\"https:\/\/tamngocloi.com\/\",\"name\":\"TNL Company Limited\",\"description\":\"\",\"publisher\":{\"@id\":\"https:\/\/tamngocloi.com\/#organization\"},\"potentialAction\":[{\"@type\":\"SearchAction\",\"target\":{\"@type\":\"EntryPoint\",\"urlTemplate\":\"https:\/\/tamngocloi.com\/?s={search_term_string}\"},\"query-input\":{\"@type\":\"PropertyValueSpecification\",\"valueRequired\":true,\"valueName\":\"search_term_string\"}}],\"inLanguage\":\"vi\"},{\"@type\":\"Organization\",\"@id\":\"https:\/\/tamngocloi.com\/#organization\",\"name\":\"TNL Company Limited\",\"url\":\"https:\/\/tamngocloi.com\/\",\"logo\":{\"@type\":\"ImageObject\",\"inLanguage\":\"vi\",\"@id\":\"https:\/\/tamngocloi.com\/#\/schema\/logo\/image\/\",\"url\":\"https:\/\/tamngocloi.com\/wp-content\/uploads\/2024\/09\/download-removebg-preview.png\",\"contentUrl\":\"https:\/\/tamngocloi.com\/wp-content\/uploads\/2024\/09\/download-removebg-preview.png\",\"width\":570,\"height\":438,\"caption\":\"TNL Company Limited\"},\"image\":{\"@id\":\"https:\/\/tamngocloi.com\/#\/schema\/logo\/image\/\"}}]}<\/script>\n<!-- \/ Yoast SEO plugin. -->","yoast_head_json":{"title":"Electric Actuation - TNL Company Limited","robots":{"index":"index","follow":"follow","max-snippet":"max-snippet:-1","max-image-preview":"max-image-preview:large","max-video-preview":"max-video-preview:-1"},"canonical":"https:\/\/tamngocloi.com\/vi\/electric-actuation\/","og_locale":"vi_VN","og_type":"article","og_title":"Electric Actuation - TNL Company Limited","og_description":"Electric Actuation This technology refers to the controlled movement of loads through electromechanical devices, known as electric actuators, which convert electrical energy into mechanical energy.They consist of an electric motor that rotates a mechanical system, typically a ball screw, sliding screw, belt, or pinion.Depending on the number of revolutions and the speed of the motor, [...]","og_url":"https:\/\/tamngocloi.com\/vi\/electric-actuation\/","og_site_name":"TNL Company Limited","article_modified_time":"2025-05-24T14:54:39+00:00","twitter_card":"summary_large_image","schema":{"@context":"https:\/\/schema.org","@graph":[{"@type":"WebPage","@id":"https:\/\/tamngocloi.com\/electric-actuation\/","url":"https:\/\/tamngocloi.com\/electric-actuation\/","name":"Electric Actuation - TNL Company Limited","isPartOf":{"@id":"https:\/\/tamngocloi.com\/#website"},"datePublished":"2025-05-17T16:44:47+00:00","dateModified":"2025-05-24T14:54:39+00:00","breadcrumb":{"@id":"https:\/\/tamngocloi.com\/electric-actuation\/#breadcrumb"},"inLanguage":"vi","potentialAction":[{"@type":"ReadAction","target":["https:\/\/tamngocloi.com\/electric-actuation\/"]}]},{"@type":"BreadcrumbList","@id":"https:\/\/tamngocloi.com\/electric-actuation\/#breadcrumb","itemListElement":[{"@type":"ListItem","position":1,"name":"Home","item":"https:\/\/tamngocloi.com\/"},{"@type":"ListItem","position":2,"name":"Electric Actuation"}]},{"@type":"WebSite","@id":"https:\/\/tamngocloi.com\/#website","url":"https:\/\/tamngocloi.com\/","name":"TNL Company Limited","description":"","publisher":{"@id":"https:\/\/tamngocloi.com\/#organization"},"potentialAction":[{"@type":"SearchAction","target":{"@type":"EntryPoint","urlTemplate":"https:\/\/tamngocloi.com\/?s={search_term_string}"},"query-input":{"@type":"PropertyValueSpecification","valueRequired":true,"valueName":"search_term_string"}}],"inLanguage":"vi"},{"@type":"Organization","@id":"https:\/\/tamngocloi.com\/#organization","name":"TNL Company Limited","url":"https:\/\/tamngocloi.com\/","logo":{"@type":"ImageObject","inLanguage":"vi","@id":"https:\/\/tamngocloi.com\/#\/schema\/logo\/image\/","url":"https:\/\/tamngocloi.com\/wp-content\/uploads\/2024\/09\/download-removebg-preview.png","contentUrl":"https:\/\/tamngocloi.com\/wp-content\/uploads\/2024\/09\/download-removebg-preview.png","width":570,"height":438,"caption":"TNL Company Limited"},"image":{"@id":"https:\/\/tamngocloi.com\/#\/schema\/logo\/image\/"}}]}},"_links":{"self":[{"href":"https:\/\/tamngocloi.com\/vi\/wp-json\/wp\/v2\/pages\/4326","targetHints":{"allow":["GET"]}}],"collection":[{"href":"https:\/\/tamngocloi.com\/vi\/wp-json\/wp\/v2\/pages"}],"about":[{"href":"https:\/\/tamngocloi.com\/vi\/wp-json\/wp\/v2\/types\/page"}],"author":[{"embeddable":true,"href":"https:\/\/tamngocloi.com\/vi\/wp-json\/wp\/v2\/users\/1"}],"replies":[{"embeddable":true,"href":"https:\/\/tamngocloi.com\/vi\/wp-json\/wp\/v2\/comments?post=4326"}],"version-history":[{"count":15,"href":"https:\/\/tamngocloi.com\/vi\/wp-json\/wp\/v2\/pages\/4326\/revisions"}],"predecessor-version":[{"id":5194,"href":"https:\/\/tamngocloi.com\/vi\/wp-json\/wp\/v2\/pages\/4326\/revisions\/5194"}],"wp:attachment":[{"href":"https:\/\/tamngocloi.com\/vi\/wp-json\/wp\/v2\/media?parent=4326"}],"curies":[{"name":"wp","href":"https:\/\/api.w.org\/{rel}","templated":true}]}}