{"id":3267,"date":"2024-09-25T15:33:34","date_gmt":"2024-09-25T08:33:34","guid":{"rendered":"https:\/\/tamngocloi.com\/?page_id=3267"},"modified":"2024-10-06T22:53:29","modified_gmt":"2024-10-06T15:53:29","slug":"aerospace-industry","status":"publish","type":"page","link":"https:\/\/tamngocloi.com\/vi\/industries\/aerospace-industry\/","title":{"rendered":"Ng\u00e0nh h\u00e0ng kh\u00f4ng"},"content":{"rendered":"<div class=\"row\"  id=\"row-1947588778\">\n\n\t<div id=\"col-1188884342\" class=\"col small-12 large-12\"  >\n\t\t\t\t<div class=\"col-inner\"  >\n\t\t\t\n\t\t\t\n\t<div id=\"gap-1409927668\" class=\"gap-element clearfix\" style=\"display:block; height:auto;\">\n\t\t\n<style>\n#gap-1409927668 {\n  padding-top: 30px;\n}\n<\/style>\n\t<\/div>\n\t\n<div class=\"underline-solid\">\n<div class=\"industrieHeadline\">\n<h1>Gi\u1ea3i ph\u00e1p qu\u1ea3n l\u00fd c\u00e1p cho ng\u00e0nh h\u00e0ng kh\u00f4ng v\u0169 tr\u1ee5<\/h1>\n<\/div>\n<\/div>\n\t<div id=\"gap-720130565\" class=\"gap-element clearfix\" style=\"display:block; height:auto;\">\n\t\t\n<style>\n#gap-720130565 {\n  padding-top: 90px;\n}\n<\/style>\n\t<\/div>\n\t\n<h2>Nhi\u1ec7m v\u1ee5 n\u1eb7ng c\u1ee7a vi\u1ec7c bay nh\u1eb9<\/h2>\n\t<div id=\"gap-1775358923\" class=\"gap-element clearfix\" style=\"display:block; height:auto;\">\n\t\t\n<style>\n#gap-1775358923 {\n  padding-top: 30px;\n}\n<\/style>\n\t<\/div>\n\t\n<h3 id=\"\">CH\u1ebe T\u1ea0O RA S\u1ef0 NH\u1eb8 NH\u00c0NG<\/h3>\n\t<div id=\"gap-500049676\" class=\"gap-element clearfix\" style=\"display:block; height:auto;\">\n\t\t\n<style>\n#gap-500049676 {\n  padding-top: 30px;\n}\n<\/style>\n\t<\/div>\n\t\n\t<div class=\"img has-hover x md-x lg-x y md-y lg-y\" id=\"image_1273173430\">\n\t\t\t\t\t\t\t\t<div class=\"img-inner dark\" >\n\t\t\t<img loading=\"lazy\" decoding=\"async\" width=\"1\" height=\"1\" src=\"https:\/\/tamngocloi.com\/wp-content\/uploads\/2024\/09\/ht3AemotionalDesktop.svg\" class=\"attachment-large size-large\" alt=\"\" \/>\t\t\t\t\t\t\n\t\t\t\t\t<\/div>\n\t\t\t\t\t\t\t\t\n<style>\n#image_1273173430 {\n  width: 100%;\n}\n<\/style>\n\t<\/div>\n\t\n\t<div id=\"gap-1117632771\" class=\"gap-element clearfix\" style=\"display:block; height:auto;\">\n\t\t\n<style>\n#gap-1117632771 {\n  padding-top: 30px;\n}\n<\/style>\n\t<\/div>\n\t\n<p>L\u00e0 m\u1ed9t nh\u00e0 s\u1ea3n xu\u1ea5t h\u00e0ng \u0111\u1ea7u, TNL cung c\u1ea5p c\u00e1c gi\u1ea3i ph\u00e1p hi\u1ec7u su\u1ea5t cao \u0111\u1ec3 bu\u1ed9c ch\u1eb7t, k\u1ebft n\u1ed1i, \u0111\u1ecbnh tuy\u1ebfn, b\u1ea3o v\u1ec7 v\u00e0 nh\u1eadn d\u1ea1ng trong nhi\u1ec1u ng\u00e0nh c\u00f4ng nghi\u1ec7p. Ch\u00fang t\u00f4i xu\u1ea5t s\u1eafc trong vi\u1ec7c t\u1ea1o ra c\u00e1c gi\u1ea3i ph\u00e1p d\u00e0nh ri\u00eang cho th\u1ecb tr\u01b0\u1eddng \u0111\u00e1p \u1ee9ng c\u00e1c nhu c\u1ea7u ri\u00eang bi\u1ec7t c\u1ee7a ng\u00e0nh c\u00f4ng nghi\u1ec7p - t\u1ed1i \u01b0u h\u00f3a hi\u1ec7u qu\u1ea3 \u1ee9ng d\u1ee5ng, gi\u1ea3m thi\u1ec3u chi ph\u00ed l\u1eafp \u0111\u1eb7t v\u00e0 th\u00e0nh ph\u1ea7n, v\u00e0 n\u00e2ng cao ch\u1ea5t l\u01b0\u1ee3ng c\u1ee7a s\u1ea3n ph\u1ea9m cu\u1ed1i c\u00f9ng, b\u1ea5t k\u1ec3 l\u0129nh v\u1ef1c c\u1ee7a b\u1ea1n<\/p>\n\t<div id=\"gap-1036607261\" class=\"gap-element clearfix\" style=\"display:block; height:auto;\">\n\t\t\n<style>\n#gap-1036607261 {\n  padding-top: 30px;\n}\n<\/style>\n\t<\/div>\n\t\n<h3 id=\"\">CH\u1ebe T\u1ea0O \u0110\u1ec2 GI\u1ea2M TR\u1eccNG L\u01af\u1ee2NG<\/h3>\n\t<div id=\"gap-1024516449\" class=\"gap-element clearfix\" style=\"display:block; height:auto;\">\n\t\t\n<style>\n#gap-1024516449 {\n  padding-top: 30px;\n}\n<\/style>\n\t<\/div>\n\t\n\t<div class=\"img has-hover x md-x lg-x y md-y lg-y\" id=\"image_9722300\">\n\t\t\t\t\t\t\t\t<div class=\"img-inner dark\" >\n\t\t\t<img loading=\"lazy\" decoding=\"async\" width=\"1\" height=\"1\" src=\"https:\/\/tamngocloi.com\/wp-content\/uploads\/2024\/09\/ht3AemotionalDesktop-1.svg\" class=\"attachment-large size-large\" alt=\"\" \/>\t\t\t\t\t\t\n\t\t\t\t\t<\/div>\n\t\t\t\t\t\t\t\t\n<style>\n#image_9722300 {\n  width: 100%;\n}\n<\/style>\n\t<\/div>\n\t\n\t<div id=\"gap-1937582098\" class=\"gap-element clearfix\" style=\"display:block; height:auto;\">\n\t\t\n<style>\n#gap-1937582098 {\n  padding-top: 30px;\n}\n<\/style>\n\t<\/div>\n\t\n<p>T\u1ea1i TNL, ch\u00fang t\u00f4i t\u1ef1 h\u00e0o v\u1ec1 chuy\u00ean m\u00f4n c\u1ee7a m\u00ecnh trong vi\u1ec7c \u0111\u1ea1t \u0111\u01b0\u1ee3c nhi\u1ec1u h\u01a1n v\u1edbi \u00edt h\u01a1n. C\u00e1c gi\u1ea3i ph\u00e1p h\u1ee3p l\u00fd c\u1ee7a ch\u00fang t\u00f4i \u0111\u01b0\u1ee3c thi\u1ebft k\u1ebf \u0111\u1ec3 gi\u1ea3m \u0111\u00e1ng k\u1ec3 tr\u1ecdng l\u01b0\u1ee3ng v\u00e0 gi\u1ea3i quy\u1ebft m\u1ed1i quan t\u00e2m c\u1ee7a b\u1ea1n.<\/p>\n\t<div id=\"gap-1648684226\" class=\"gap-element clearfix\" style=\"display:block; height:auto;\">\n\t\t\n<style>\n#gap-1648684226 {\n  padding-top: 60px;\n}\n<\/style>\n\t<\/div>\n\t\n<div class=\"col-12\">\n<h2>\u0110\u01a1n gi\u1ea3n v\u00e0 nh\u1eb9 \u2013 sau \u0111\u00e2y l\u00e0 c\u00e1i nh\u00ecn t\u1ed5ng quan v\u1ec1 c\u00e1c s\u1ea3n ph\u1ea9m v\u00e0 gi\u1ea3i ph\u00e1p h\u00e0ng kh\u00f4ng v\u0169 tr\u1ee5 \u0111\u00e3 \u0111\u01b0\u1ee3c th\u1eed nghi\u1ec7m, ki\u1ec3m tra v\u00e0 \u0111\u00e1ng tin c\u1eady:<\/h2>\n<\/div>\n\t<div id=\"gap-1710151709\" class=\"gap-element clearfix\" style=\"display:block; height:auto;\">\n\t\t\n<style>\n#gap-1710151709 {\n  padding-top: 20px;\n}\n<\/style>\n\t<\/div>\n\t\n<div class=\"row\"  id=\"row-1047312386\">\n\n\t<div id=\"col-906003528\" class=\"col medium-4 small-12 large-4\"  >\n\t\t\t\t<div class=\"col-inner\"  >\n\t\t\t\n\t\t\t\n\t<div class=\"img has-hover x md-x lg-x y md-y lg-y\" id=\"image_1080754163\">\n\t\t\t\t\t\t\t\t<div class=\"img-inner dark\" >\n\t\t\t<img loading=\"lazy\" decoding=\"async\" width=\"1\" height=\"1\" src=\"https:\/\/tamngocloi.com\/wp-content\/uploads\/2024\/09\/ht3Amedium-2024-09-25T154107.144.svg\" class=\"attachment-large size-large\" alt=\"\" \/>\t\t\t\t\t\t\n\t\t\t\t\t<\/div>\n\t\t\t\t\t\t\t\t\n<style>\n#image_1080754163 {\n  width: 99%;\n}\n<\/style>\n\t<\/div>\n\t\n<h4 class=\"productteaser__headline\" style=\"text-align: center;\"><b>\u0110\u01af\u1ee2C L\u00c0M \u0110\u1ec2 CH\u1eaeC CH\u1eaeN:<\/b>\u00a0Gi\u00e1 \u0111\u1ee1 \u0111inh t\u00e1n<\/h4>\n\t\t<\/div>\n\t\t\t\t\t<\/div>\n\n\t\n\n\t<div id=\"col-455433241\" class=\"col medium-4 small-12 large-4\"  >\n\t\t\t\t<div class=\"col-inner\"  >\n\t\t\t\n\t\t\t\n\t<div class=\"img has-hover x md-x lg-x y md-y lg-y\" id=\"image_751717931\">\n\t\t\t\t\t\t\t\t<div class=\"img-inner dark\" >\n\t\t\t<img loading=\"lazy\" decoding=\"async\" width=\"1\" height=\"1\" src=\"https:\/\/tamngocloi.com\/wp-content\/uploads\/2024\/09\/ht3Amedium-2024-09-25T154113.979.svg\" class=\"attachment-large size-large\" alt=\"\" \/>\t\t\t\t\t\t\n\t\t\t\t\t<\/div>\n\t\t\t\t\t\t\t\t\n<style>\n#image_751717931 {\n  width: 100%;\n}\n<\/style>\n\t<\/div>\n\t\n<h4 class=\"productteaser__headline\" style=\"text-align: center;\"><b>D\u00c0NH CHO C\u00c1C C\u1ea0NH:<\/b>\u00a0D\u00e2y bu\u1ed9c c\u1ed1 \u0111\u1ecbnh 2 m\u1ea3nh<\/h4>\n\t\t<\/div>\n\t\t\t\t\t<\/div>\n\n\t\n\n\t<div id=\"col-292435227\" class=\"col medium-4 small-12 large-4\"  >\n\t\t\t\t<div class=\"col-inner\"  >\n\t\t\t\n\t\t\t\n\t<div class=\"img has-hover x md-x lg-x y md-y lg-y\" id=\"image_1583751650\">\n\t\t\t\t\t\t\t\t<div class=\"img-inner dark\" >\n\t\t\t<img loading=\"lazy\" decoding=\"async\" width=\"1\" height=\"1\" src=\"https:\/\/tamngocloi.com\/wp-content\/uploads\/2024\/09\/ht3Amedium-2024-09-25T154120.965.svg\" class=\"attachment-large size-large\" alt=\"\" \/>\t\t\t\t\t\t\n\t\t\t\t\t<\/div>\n\t\t\t\t\t\t\t\t\n<style>\n#image_1583751650 {\n  width: 100%;\n}\n<\/style>\n\t<\/div>\n\t\n<h4 class=\"productteaser__headline\" style=\"text-align: center;\"><b>\u0110\u01af\u1ee2C L\u00c0M \u0110\u1ec2 B\u1ea2O V\u1ec6:<\/b>\u00a0\u1ed0ng b\u1ecdc b\u1ec7n Meta-aramid<\/h4>\n\t\t<\/div>\n\t\t\t\t\t<\/div>\n\n\t\n<\/div>\n<div class=\"row\"  id=\"row-1761497461\">\n\n\t<div id=\"col-2070920846\" class=\"col medium-4 small-12 large-4\"  >\n\t\t\t\t<div class=\"col-inner\"  >\n\t\t\t\n\t\t\t\n\t<div class=\"img has-hover x md-x lg-x y md-y lg-y\" id=\"image_39025897\">\n\t\t\t\t\t\t\t\t<div class=\"img-inner dark\" >\n\t\t\t<img loading=\"lazy\" decoding=\"async\" width=\"1\" height=\"1\" src=\"https:\/\/tamngocloi.com\/wp-content\/uploads\/2024\/09\/ht3Amedium-2024-09-25T154129.013.svg\" class=\"attachment-large size-large\" alt=\"\" \/>\t\t\t\t\t\t\n\t\t\t\t\t<\/div>\n\t\t\t\t\t\t\t\t\n<style>\n#image_39025897 {\n  width: 99%;\n}\n<\/style>\n\t<\/div>\n\t\n<h4 class=\"productteaser__headline\" style=\"text-align: center;\"><b>\u0110\u01af\u1ee2C L\u00c0M \u0110\u1ec2 NH\u1eacN D\u1ea0NG:<\/b>\u00a0B\u00fat \u0111\u00e1nh d\u1ea5u c\u00f3 th\u1ec3 co l\u1ea1i<\/h4>\n\t\t<\/div>\n\t\t\t\t\t<\/div>\n\n\t\n\n\t<div id=\"col-2009602591\" class=\"col medium-4 small-12 large-4\"  >\n\t\t\t\t<div class=\"col-inner\"  >\n\t\t\t\n\t\t\t\n\t<div class=\"img has-hover x md-x lg-x y md-y lg-y\" id=\"image_809670827\">\n\t\t\t\t\t\t\t\t<div class=\"img-inner dark\" >\n\t\t\t<img loading=\"lazy\" decoding=\"async\" width=\"1\" height=\"1\" src=\"https:\/\/tamngocloi.com\/wp-content\/uploads\/2024\/09\/ht3Amedium-2024-09-25T154135.554.svg\" class=\"attachment-large size-large\" alt=\"\" \/>\t\t\t\t\t\t\n\t\t\t\t\t<\/div>\n\t\t\t\t\t\t\t\t\n<style>\n#image_809670827 {\n  width: 100%;\n}\n<\/style>\n\t<\/div>\n\t\n<h4 class=\"productteaser__headline\" style=\"text-align: center;\"><b>\u0110\u01af\u1ee2C L\u00c0M \u0110\u1ec2 NH\u1eacN D\u1ea0NG:<\/b>\u00a0T\u1ea5m \u0111\u00e1nh d\u1ea5u b\u00f3 c\u00e1p<\/h4>\n\t\t<\/div>\n\t\t\t\t\t<\/div>\n\n\t\n\n\t<div id=\"col-1399279509\" class=\"col medium-4 small-12 large-4\"  >\n\t\t\t\t<div class=\"col-inner\"  >\n\t\t\t\n\t\t\t\n\t<div class=\"img has-hover x md-x lg-x y md-y lg-y\" id=\"image_1517424303\">\n\t\t\t\t\t\t\t\t<div class=\"img-inner dark\" >\n\t\t\t<img loading=\"lazy\" decoding=\"async\" width=\"1\" height=\"1\" src=\"https:\/\/tamngocloi.com\/wp-content\/uploads\/2024\/09\/ht3Amedium-2024-09-25T154142.309.svg\" class=\"attachment-large size-large\" alt=\"\" \/>\t\t\t\t\t\t\n\t\t\t\t\t<\/div>\n\t\t\t\t\t\t\t\t\n<style>\n#image_1517424303 {\n  width: 100%;\n}\n<\/style>\n\t<\/div>\n\t\n<h4 class=\"productteaser__headline\" style=\"text-align: center;\"><b>\u0110\u01af\u1ee2C L\u00c0M \u0110\u1ec2 \u00c1P D\u1ee4NG:<\/b>\u00a0D\u1ee5ng c\u1ee5 c\u0103ng th\u1ee7 c\u00f4ng c\u00f3 v\u1ecf nh\u1ef1a<\/h4>\n\t\t<\/div>\n\t\t\t\t\t<\/div>\n\n\t\n<\/div>\n\t\t<\/div>\n\t\t\t\t\t<\/div>\n\n\t\n<\/div>","protected":false},"excerpt":{"rendered":"","protected":false},"author":1,"featured_media":0,"parent":3256,"menu_order":0,"comment_status":"closed","ping_status":"closed","template":"","meta":{"footnotes":""},"class_list":["post-3267","page","type-page","status-publish","hentry"],"yoast_head":"<!-- This site is optimized with the Yoast SEO plugin v25.3 - https:\/\/yoast.com\/wordpress\/plugins\/seo\/ -->\n<title>Aerospace industry - TNL Company Limited<\/title>\n<meta name=\"robots\" content=\"index, follow, max-snippet:-1, max-image-preview:large, max-video-preview:-1\" \/>\n<link rel=\"canonical\" href=\"https:\/\/tamngocloi.com\/vi\/industries\/aerospace-industry\/\" \/>\n<meta property=\"og:locale\" content=\"vi_VN\" \/>\n<meta property=\"og:type\" content=\"article\" \/>\n<meta property=\"og:title\" content=\"Aerospace industry - TNL Company Limited\" \/>\n<meta property=\"og:url\" content=\"https:\/\/tamngocloi.com\/vi\/industries\/aerospace-industry\/\" \/>\n<meta property=\"og:site_name\" content=\"TNL Company Limited\" \/>\n<meta property=\"article:modified_time\" content=\"2024-10-06T15:53:29+00:00\" \/>\n<meta name=\"twitter:card\" content=\"summary_large_image\" \/>\n<meta name=\"twitter:label1\" content=\"\u01af\u1edbc t\u00ednh th\u1eddi gian \u0111\u1ecdc\" \/>\n\t<meta name=\"twitter:data1\" content=\"1 ph\u00fat\" \/>\n<script type=\"application\/ld+json\" class=\"yoast-schema-graph\">{\"@context\":\"https:\/\/schema.org\",\"@graph\":[{\"@type\":\"WebPage\",\"@id\":\"https:\/\/tamngocloi.com\/industries\/aerospace-industry\/\",\"url\":\"https:\/\/tamngocloi.com\/industries\/aerospace-industry\/\",\"name\":\"Aerospace industry - TNL Company Limited\",\"isPartOf\":{\"@id\":\"https:\/\/tamngocloi.com\/#website\"},\"datePublished\":\"2024-09-25T08:33:34+00:00\",\"dateModified\":\"2024-10-06T15:53:29+00:00\",\"breadcrumb\":{\"@id\":\"https:\/\/tamngocloi.com\/industries\/aerospace-industry\/#breadcrumb\"},\"inLanguage\":\"vi\",\"potentialAction\":[{\"@type\":\"ReadAction\",\"target\":[\"https:\/\/tamngocloi.com\/industries\/aerospace-industry\/\"]}]},{\"@type\":\"BreadcrumbList\",\"@id\":\"https:\/\/tamngocloi.com\/industries\/aerospace-industry\/#breadcrumb\",\"itemListElement\":[{\"@type\":\"ListItem\",\"position\":1,\"name\":\"Home\",\"item\":\"https:\/\/tamngocloi.com\/\"},{\"@type\":\"ListItem\",\"position\":2,\"name\":\"Industries\",\"item\":\"https:\/\/tamngocloi.com\/industries\/\"},{\"@type\":\"ListItem\",\"position\":3,\"name\":\"Aerospace industry\"}]},{\"@type\":\"WebSite\",\"@id\":\"https:\/\/tamngocloi.com\/#website\",\"url\":\"https:\/\/tamngocloi.com\/\",\"name\":\"TNL Company Limited\",\"description\":\"\",\"publisher\":{\"@id\":\"https:\/\/tamngocloi.com\/#organization\"},\"potentialAction\":[{\"@type\":\"SearchAction\",\"target\":{\"@type\":\"EntryPoint\",\"urlTemplate\":\"https:\/\/tamngocloi.com\/?s={search_term_string}\"},\"query-input\":{\"@type\":\"PropertyValueSpecification\",\"valueRequired\":true,\"valueName\":\"search_term_string\"}}],\"inLanguage\":\"vi\"},{\"@type\":\"Organization\",\"@id\":\"https:\/\/tamngocloi.com\/#organization\",\"name\":\"TNL Company Limited\",\"url\":\"https:\/\/tamngocloi.com\/\",\"logo\":{\"@type\":\"ImageObject\",\"inLanguage\":\"vi\",\"@id\":\"https:\/\/tamngocloi.com\/#\/schema\/logo\/image\/\",\"url\":\"https:\/\/tamngocloi.com\/wp-content\/uploads\/2024\/09\/download-removebg-preview.png\",\"contentUrl\":\"https:\/\/tamngocloi.com\/wp-content\/uploads\/2024\/09\/download-removebg-preview.png\",\"width\":570,\"height\":438,\"caption\":\"TNL Company Limited\"},\"image\":{\"@id\":\"https:\/\/tamngocloi.com\/#\/schema\/logo\/image\/\"}}]}<\/script>\n<!-- \/ Yoast SEO plugin. -->","yoast_head_json":{"title":"Aerospace industry - TNL Company Limited","robots":{"index":"index","follow":"follow","max-snippet":"max-snippet:-1","max-image-preview":"max-image-preview:large","max-video-preview":"max-video-preview:-1"},"canonical":"https:\/\/tamngocloi.com\/vi\/industries\/aerospace-industry\/","og_locale":"vi_VN","og_type":"article","og_title":"Aerospace industry - TNL Company Limited","og_url":"https:\/\/tamngocloi.com\/vi\/industries\/aerospace-industry\/","og_site_name":"TNL Company Limited","article_modified_time":"2024-10-06T15:53:29+00:00","twitter_card":"summary_large_image","twitter_misc":{"\u01af\u1edbc t\u00ednh th\u1eddi gian \u0111\u1ecdc":"1 ph\u00fat"},"schema":{"@context":"https:\/\/schema.org","@graph":[{"@type":"WebPage","@id":"https:\/\/tamngocloi.com\/industries\/aerospace-industry\/","url":"https:\/\/tamngocloi.com\/industries\/aerospace-industry\/","name":"Aerospace industry - TNL Company Limited","isPartOf":{"@id":"https:\/\/tamngocloi.com\/#website"},"datePublished":"2024-09-25T08:33:34+00:00","dateModified":"2024-10-06T15:53:29+00:00","breadcrumb":{"@id":"https:\/\/tamngocloi.com\/industries\/aerospace-industry\/#breadcrumb"},"inLanguage":"vi","potentialAction":[{"@type":"ReadAction","target":["https:\/\/tamngocloi.com\/industries\/aerospace-industry\/"]}]},{"@type":"BreadcrumbList","@id":"https:\/\/tamngocloi.com\/industries\/aerospace-industry\/#breadcrumb","itemListElement":[{"@type":"ListItem","position":1,"name":"Home","item":"https:\/\/tamngocloi.com\/"},{"@type":"ListItem","position":2,"name":"Industries","item":"https:\/\/tamngocloi.com\/industries\/"},{"@type":"ListItem","position":3,"name":"Aerospace industry"}]},{"@type":"WebSite","@id":"https:\/\/tamngocloi.com\/#website","url":"https:\/\/tamngocloi.com\/","name":"TNL Company Limited","description":"","publisher":{"@id":"https:\/\/tamngocloi.com\/#organization"},"potentialAction":[{"@type":"SearchAction","target":{"@type":"EntryPoint","urlTemplate":"https:\/\/tamngocloi.com\/?s={search_term_string}"},"query-input":{"@type":"PropertyValueSpecification","valueRequired":true,"valueName":"search_term_string"}}],"inLanguage":"vi"},{"@type":"Organization","@id":"https:\/\/tamngocloi.com\/#organization","name":"TNL Company Limited","url":"https:\/\/tamngocloi.com\/","logo":{"@type":"ImageObject","inLanguage":"vi","@id":"https:\/\/tamngocloi.com\/#\/schema\/logo\/image\/","url":"https:\/\/tamngocloi.com\/wp-content\/uploads\/2024\/09\/download-removebg-preview.png","contentUrl":"https:\/\/tamngocloi.com\/wp-content\/uploads\/2024\/09\/download-removebg-preview.png","width":570,"height":438,"caption":"TNL Company Limited"},"image":{"@id":"https:\/\/tamngocloi.com\/#\/schema\/logo\/image\/"}}]}},"_links":{"self":[{"href":"https:\/\/tamngocloi.com\/vi\/wp-json\/wp\/v2\/pages\/3267","targetHints":{"allow":["GET"]}}],"collection":[{"href":"https:\/\/tamngocloi.com\/vi\/wp-json\/wp\/v2\/pages"}],"about":[{"href":"https:\/\/tamngocloi.com\/vi\/wp-json\/wp\/v2\/types\/page"}],"author":[{"embeddable":true,"href":"https:\/\/tamngocloi.com\/vi\/wp-json\/wp\/v2\/users\/1"}],"replies":[{"embeddable":true,"href":"https:\/\/tamngocloi.com\/vi\/wp-json\/wp\/v2\/comments?post=3267"}],"version-history":[{"count":10,"href":"https:\/\/tamngocloi.com\/vi\/wp-json\/wp\/v2\/pages\/3267\/revisions"}],"predecessor-version":[{"id":3965,"href":"https:\/\/tamngocloi.com\/vi\/wp-json\/wp\/v2\/pages\/3267\/revisions\/3965"}],"up":[{"embeddable":true,"href":"https:\/\/tamngocloi.com\/vi\/wp-json\/wp\/v2\/pages\/3256"}],"wp:attachment":[{"href":"https:\/\/tamngocloi.com\/vi\/wp-json\/wp\/v2\/media?parent=3267"}],"curies":[{"name":"wp","href":"https:\/\/api.w.org\/{rel}","templated":true}]}}