{"id":3141,"date":"2024-09-25T13:28:49","date_gmt":"2024-09-25T06:28:49","guid":{"rendered":"https:\/\/tamngocloi.com\/?page_id=3141"},"modified":"2024-10-08T11:09:46","modified_gmt":"2024-10-08T04:09:46","slug":"cable-labels-for-industrial-identification","status":"publish","type":"page","link":"https:\/\/tamngocloi.com\/vi\/hellermantyton\/cable-labels-for-industrial-identification\/","title":{"rendered":"Nh\u00e3n c\u00e1p \u0111\u1ec3 nh\u1eadn d\u1ea1ng trong c\u00f4ng nghi\u1ec7p"},"content":{"rendered":"<div class=\"row\"  id=\"row-856344227\">\n\n\t<div id=\"col-1864393065\" class=\"col small-12 large-12\"  >\n\t\t\t\t<div class=\"col-inner\"  >\n\t\t\t\n\t\t\t\n\t<div id=\"gap-1506045662\" class=\"gap-element clearfix\" style=\"display:block; height:auto;\">\n\t\t\n<style>\n#gap-1506045662 {\n  padding-top: 30px;\n}\n<\/style>\n\t<\/div>\n\t\n<div class=\"underline-solid\">\n<h1>Nh\u00e3n c\u00e1p cho c\u00e1c quy tr\u00ecnh hi\u1ec7u qu\u1ea3 trong nh\u1eadn d\u1ea1ng c\u00f4ng nghi\u1ec7p<\/h1>\n<\/div>\n\t<div id=\"gap-1870841698\" class=\"gap-element clearfix\" style=\"display:block; height:auto;\">\n\t\t\n<style>\n#gap-1870841698 {\n  padding-top: 30px;\n}\n<\/style>\n\t<\/div>\n\t\n\t<div id=\"gap-838850997\" class=\"gap-element clearfix\" style=\"display:block; height:auto;\">\n\t\t\n<style>\n#gap-838850997 {\n  padding-top: 30px;\n}\n<\/style>\n\t<\/div>\n\t\n\t<div id=\"gap-1919839470\" class=\"gap-element clearfix\" style=\"display:block; height:auto;\">\n\t\t\n<style>\n#gap-1919839470 {\n  padding-top: 30px;\n}\n<\/style>\n\t<\/div>\n\t\n<div class=\"col-12\">\n<div class=\"col-12\">\n<div class=\"col-12\">\n<h2>Nh\u00e3n v\u00e0 \u0111\u00e1nh d\u1ea5u c\u00e1p: t\u1eeb kh\u1ea3 n\u0103ng truy xu\u1ea5t li\u1ec1n m\u1ea1ch \u0111\u1ebfn t\u00ednh minh b\u1ea1ch t\u1ed1i \u0111a<\/h2>\n<\/div>\n<\/div>\n<\/div>\n\t<div id=\"gap-2075839769\" class=\"gap-element clearfix\" style=\"display:block; height:auto;\">\n\t\t\n<style>\n#gap-2075839769 {\n  padding-top: 30px;\n}\n<\/style>\n\t<\/div>\n\t\n<h3 id=\"\">Gi\u1ea3i ph\u00e1p nh\u00e3n c\u00e1p ph\u00f9 h\u1ee3p v\u1edbi y\u00eau c\u1ea7u c\u1ee7a b\u1ea1n<\/h3>\n\t<div id=\"gap-1087943204\" class=\"gap-element clearfix\" style=\"display:block; height:auto;\">\n\t\t\n<style>\n#gap-1087943204 {\n  padding-top: 10px;\n}\n<\/style>\n\t<\/div>\n\t\n<div class=\"row\"  id=\"row-1592149574\">\n\n\t<div id=\"col-1565780770\" class=\"col medium-4 small-12 large-4\"  >\n\t\t\t\t<div class=\"col-inner\"  >\n\t\t\t\n\t\t\t\n\t<div class=\"img has-hover x md-x lg-x y md-y lg-y\" id=\"image_1516358911\">\n\t\t\t\t\t\t\t\t<div class=\"img-inner dark\" >\n\t\t\t<img loading=\"lazy\" decoding=\"async\" width=\"1\" height=\"1\" src=\"https:\/\/tamngocloi.com\/wp-content\/uploads\/2024\/09\/ht3Amedium-2024-09-25T133542.727.svg\" class=\"attachment-large size-large\" alt=\"\" \/>\t\t\t\t\t\t\n\t\t\t\t\t<\/div>\n\t\t\t\t\t\t\t\t\n<style>\n#image_1516358911 {\n  width: 100%;\n}\n<\/style>\n\t<\/div>\n\t\n\t\t<\/div>\n\t\t\t\t\t<\/div>\n\n\t\n\n\t<div id=\"col-347847637\" class=\"col medium-8 small-12 large-8\"  >\n\t\t\t\t<div class=\"col-inner\"  >\n\t\t\t\n\t\t\t\n<p>Cho d\u00f9 l\u00e0 \u0111\u00e1nh d\u1ea5u c\u00e1p v\u00e0 d\u00e2y \u0111i\u1ec7n, gi\u1ea3i ph\u00e1p d\u00e1n nh\u00e3n c\u00f4ng nghi\u1ec7p \u1edf khu v\u1ef1c nguy hi\u1ec3m hay d\u00e1n nh\u00e3n an ninh c\u00f3 b\u1eb1ng ch\u1ee9ng ch\u1ed1ng ph\u00e1 ho\u1ea1i: Ch\u00fang t\u00f4i cung c\u1ea5p danh m\u1ee5c to\u00e0n di\u1ec7n c\u00e1c nh\u00e3n c\u00e1p v\u00e0 c\u00e1c gi\u1ea3i ph\u00e1p \u0111\u00e1nh d\u1ea5u kh\u00e1c cho nhi\u1ec1u \u1ee9ng d\u1ee5ng, t\u1eeb ng\u00e0nh h\u00e0ng kh\u00f4ng v\u0169 tr\u1ee5 v\u00e0 \u0111\u01b0\u1eddng s\u1eaft \u0111\u1ebfn kho b\u00e3i.<\/p>\n<p>C\u00e1c gi\u1ea3i ph\u00e1p nh\u1eadn d\u1ea1ng c\u00f4ng nghi\u1ec7p c\u1ee7a ch\u00fang t\u00f4i \u0111a d\u1ea1ng t\u1eeb c\u00e1c nh\u00e3n in s\u1eb5n \u0111\u01a1n gi\u1ea3n \u0111\u1ebfn nh\u00e3n d\u00e1n c\u00f3 th\u1ec3 ghi v\u00e0 h\u1ec7 th\u1ed1ng in ho\u00e0n ch\u1ec9nh \u0111\u01b0\u1ee3c thi\u1ebft k\u1ebf \u0111\u1ec3 x\u1eed l\u00fd h\u00e0ng ngh\u00ecn nh\u00e3n, \u1ed1ng co nhi\u1ec7t ho\u1eb7c nh\u00e3n.\u00a0<\/p>\n\t\t<\/div>\n\t\t\t\t\t<\/div>\n\n\t\n<\/div>\n\t<div id=\"gap-1582100801\" class=\"gap-element clearfix\" style=\"display:block; height:auto;\">\n\t\t\n<style>\n#gap-1582100801 {\n  padding-top: 60px;\n}\n<\/style>\n\t<\/div>\n\t\n<h2>T\u1ed5ng quan s\u1ea3n ph\u1ea9m<\/h2>\n\t<div id=\"gap-1869326185\" class=\"gap-element clearfix\" style=\"display:block; height:auto;\">\n\t\t\n<style>\n#gap-1869326185 {\n  padding-top: 20px;\n}\n<\/style>\n\t<\/div>\n\t\n<div class=\"row\"  id=\"row-1350473803\">\n\n\t<div id=\"col-356818471\" class=\"col medium-4 small-12 large-4\"  >\n\t\t\t\t<div class=\"col-inner\"  >\n\t\t\t\n\t\t\t\n\t<div class=\"img has-hover x md-x lg-x y md-y lg-y\" id=\"image_1796267244\">\n\t\t\t\t\t\t\t\t<div class=\"img-inner dark\" >\n\t\t\t<img loading=\"lazy\" decoding=\"async\" width=\"1\" height=\"1\" src=\"https:\/\/tamngocloi.com\/wp-content\/uploads\/2024\/09\/ht3Amedium-2024-09-25T133554.600.svg\" class=\"attachment-large size-large\" alt=\"\" \/>\t\t\t\t\t\t\n\t\t\t\t\t<\/div>\n\t\t\t\t\t\t\t\t\n<style>\n#image_1796267244 {\n  width: 99%;\n}\n<\/style>\n\t<\/div>\n\t\n<h4 class=\"productteaser__headline\" style=\"text-align: center;\">Nh\u00e3n co nhi\u1ec7t c\u00f3 th\u1ec3 in<\/h4>\n\t\t<\/div>\n\t\t\t\t\t<\/div>\n\n\t\n\n\t<div id=\"col-230951478\" class=\"col medium-4 small-12 large-4\"  >\n\t\t\t\t<div class=\"col-inner\"  >\n\t\t\t\n\t\t\t\n\t<div class=\"img has-hover x md-x lg-x y md-y lg-y\" id=\"image_2026745053\">\n\t\t\t\t\t\t\t\t<div class=\"img-inner dark\" >\n\t\t\t<img loading=\"lazy\" decoding=\"async\" width=\"1\" height=\"1\" src=\"https:\/\/tamngocloi.com\/wp-content\/uploads\/2024\/09\/ht3Amedium-2024-09-25T133601.148.svg\" class=\"attachment-large size-large\" alt=\"\" \/>\t\t\t\t\t\t\n\t\t\t\t\t<\/div>\n\t\t\t\t\t\t\t\t\n<style>\n#image_2026745053 {\n  width: 100%;\n}\n<\/style>\n\t<\/div>\n\t\n<h4 class=\"productteaser__headline\" style=\"text-align: center;\">Nh\u00e3n c\u00e1p \u0111\u1ec3 \u0111\u00e1nh d\u1ea5u th\u1ee7 c\u00f4ng<\/h4>\n\t\t<\/div>\n\t\t\t\t\t<\/div>\n\n\t\n\n\t<div id=\"col-1081742205\" class=\"col medium-4 small-12 large-4\"  >\n\t\t\t\t<div class=\"col-inner\"  >\n\t\t\t\n\t\t\t\n\t<div class=\"img has-hover x md-x lg-x y md-y lg-y\" id=\"image_1437083512\">\n\t\t\t\t\t\t\t\t<div class=\"img-inner dark\" >\n\t\t\t<img loading=\"lazy\" decoding=\"async\" width=\"1\" height=\"1\" src=\"https:\/\/tamngocloi.com\/wp-content\/uploads\/2024\/09\/ht3Amedium-2024-09-25T133608.164.svg\" class=\"attachment-large size-large\" alt=\"\" \/>\t\t\t\t\t\t\n\t\t\t\t\t<\/div>\n\t\t\t\t\t\t\t\t\n<style>\n#image_1437083512 {\n  width: 100%;\n}\n<\/style>\n\t<\/div>\n\t\n<h4 class=\"productteaser__headline\" style=\"text-align: center;\">K\u1eb9p c\u00e1p \u0111\u01b0\u1ee3c in s\u1eb5n<\/h4>\n\t\t<\/div>\n\t\t\t\t\t<\/div>\n\n\t\n<\/div>\n<div class=\"row\"  id=\"row-1348152597\">\n\n\t<div id=\"col-689249675\" class=\"col medium-4 small-12 large-4\"  >\n\t\t\t\t<div class=\"col-inner\"  >\n\t\t\t\n\t\t\t\n\t<div class=\"img has-hover x md-x lg-x y md-y lg-y\" id=\"image_1637188858\">\n\t\t\t\t\t\t\t\t<div class=\"img-inner dark\" >\n\t\t\t<img loading=\"lazy\" decoding=\"async\" width=\"1\" height=\"1\" src=\"https:\/\/tamngocloi.com\/wp-content\/uploads\/2024\/09\/ht3Amedium-2024-09-25T133614.607.svg\" class=\"attachment-large size-large\" alt=\"\" \/>\t\t\t\t\t\t\n\t\t\t\t\t<\/div>\n\t\t\t\t\t\t\t\t\n<style>\n#image_1637188858 {\n  width: 99%;\n}\n<\/style>\n\t<\/div>\n\t\n<h4 class=\"productteaser__headline\" style=\"text-align: center;\">Nh\u00e3n co nhi\u1ec7t c\u00f3 th\u1ec3 in<\/h4>\n\t\t<\/div>\n\t\t\t\t\t<\/div>\n\n\t\n\n\t<div id=\"col-3751347\" class=\"col medium-4 small-12 large-4\"  >\n\t\t\t\t<div class=\"col-inner\"  >\n\t\t\t\n\t\t\t\n\t<div class=\"img has-hover x md-x lg-x y md-y lg-y\" id=\"image_1730968800\">\n\t\t\t\t\t\t\t\t<div class=\"img-inner dark\" >\n\t\t\t<img loading=\"lazy\" decoding=\"async\" width=\"1\" height=\"1\" src=\"https:\/\/tamngocloi.com\/wp-content\/uploads\/2024\/09\/ht3Amedium-2024-09-25T134827.329.svg\" class=\"attachment-large size-large\" alt=\"\" \/>\t\t\t\t\t\t\n\t\t\t\t\t<\/div>\n\t\t\t\t\t\t\t\t\n<style>\n#image_1730968800 {\n  width: 100%;\n}\n<\/style>\n\t<\/div>\n\t\n<h4 class=\"productteaser__headline\" style=\"text-align: center;\">Th\u1ebb c\u00e1p<\/h4>\n\t\t<\/div>\n\t\t\t\t\t<\/div>\n\n\t\n\n\t<div id=\"col-335057396\" class=\"col medium-4 small-12 large-4\"  >\n\t\t\t\t<div class=\"col-inner\"  >\n\t\t\t\n\t\t\t\n\t<div class=\"img has-hover x md-x lg-x y md-y lg-y\" id=\"image_1053040645\">\n\t\t\t\t\t\t\t\t<div class=\"img-inner dark\" >\n\t\t\t<img loading=\"lazy\" decoding=\"async\" width=\"1\" height=\"1\" src=\"https:\/\/tamngocloi.com\/wp-content\/uploads\/2024\/09\/ht3Amedium-2024-09-25T133752.492.svg\" class=\"attachment-large size-large\" alt=\"\" \/>\t\t\t\t\t\t\n\t\t\t\t\t<\/div>\n\t\t\t\t\t\t\t\t\n<style>\n#image_1053040645 {\n  width: 100%;\n}\n<\/style>\n\t<\/div>\n\t\n<h4 class=\"productteaser__headline\" style=\"text-align: center;\">\u0110\u00e1nh d\u1ea5u c\u00e1p b\u1eb1ng th\u00e9p kh\u00f4ng g\u1ec9<\/h4>\n\t\t<\/div>\n\t\t\t\t\t<\/div>\n\n\t\n<\/div>\n<div class=\"row\"  id=\"row-1481206300\">\n\n\t<div id=\"col-2143233955\" class=\"col medium-4 small-12 large-4\"  >\n\t\t\t\t<div class=\"col-inner\"  >\n\t\t\t\n\t\t\t\n\t<div class=\"img has-hover x md-x lg-x y md-y lg-y\" id=\"image_620339606\">\n\t\t\t\t\t\t\t\t<div class=\"img-inner dark\" >\n\t\t\t<img loading=\"lazy\" decoding=\"async\" width=\"1\" height=\"1\" src=\"https:\/\/tamngocloi.com\/wp-content\/uploads\/2024\/09\/A\u0309nh-ma\u0300n-hi\u0300nh-2024-08-27-lu\u0301c-00.15.38-1.svg\" class=\"attachment-large size-large\" alt=\"\" \/>\t\t\t\t\t\t\n\t\t\t\t\t<\/div>\n\t\t\t\t\t\t\t\t\n<style>\n#image_620339606 {\n  width: 99%;\n}\n<\/style>\n\t<\/div>\n\t\n<h4 class=\"productteaser__headline\" style=\"text-align: center;\">Gi\u1ea3i ph\u00e1p RFID<\/h4>\n\t\t<\/div>\n\t\t\t\t\t<\/div>\n\n\t\n\n\t<div id=\"col-1899297061\" class=\"col medium-4 small-12 large-4\"  >\n\t\t\t\t<div class=\"col-inner\"  >\n\t\t\t\n\t\t\t\n\t<div class=\"img has-hover x md-x lg-x y md-y lg-y\" id=\"image_180713814\">\n\t\t\t\t\t\t\t\t<div class=\"img-inner dark\" >\n\t\t\t<img loading=\"lazy\" decoding=\"async\" width=\"1\" height=\"1\" src=\"https:\/\/tamngocloi.com\/wp-content\/uploads\/2024\/09\/ht3Amedium-2024-09-25T133706.759.svg\" class=\"attachment-large size-large\" alt=\"\" \/>\t\t\t\t\t\t\n\t\t\t\t\t<\/div>\n\t\t\t\t\t\t\t\t\n<style>\n#image_180713814 {\n  width: 100%;\n}\n<\/style>\n\t<\/div>\n\t\n<h4 class=\"productteaser__headline\" style=\"text-align: center;\">M\u00e1y in chuy\u1ec3n nhi\u1ec7t<\/h4>\n\t\t<\/div>\n\t\t\t\t\t<\/div>\n\n\t\n\n\t<div id=\"col-354075797\" class=\"col medium-4 small-12 large-4\"  >\n\t\t\t\t<div class=\"col-inner\"  >\n\t\t\t\n\t\t\t\n\t<div class=\"img has-hover x md-x lg-x y md-y lg-y\" id=\"image_1047612237\">\n\t\t\t\t\t\t\t\t<div class=\"img-inner dark\" >\n\t\t\t<img loading=\"lazy\" decoding=\"async\" width=\"1\" height=\"1\" src=\"https:\/\/tamngocloi.com\/wp-content\/uploads\/2024\/09\/ht3Amedium-2024-09-25T133712.829.svg\" class=\"attachment-large size-large\" alt=\"\" \/>\t\t\t\t\t\t\n\t\t\t\t\t<\/div>\n\t\t\t\t\t\t\t\t\n<style>\n#image_1047612237 {\n  width: 100%;\n}\n<\/style>\n\t<\/div>\n\t\n<h4 class=\"productteaser__headline\" style=\"text-align: center;\">M\u00e1y in n\u1ed5i kim lo\u1ea1i<\/h4>\n\t\t<\/div>\n\t\t\t\t\t<\/div>\n\n\t\n<\/div>\n\t\t<\/div>\n\t\t\t\t\t<\/div>\n\n\t\n<\/div>","protected":false},"excerpt":{"rendered":"","protected":false},"author":1,"featured_media":0,"parent":1785,"menu_order":0,"comment_status":"closed","ping_status":"closed","template":"","meta":{"footnotes":""},"class_list":["post-3141","page","type-page","status-publish","hentry"],"yoast_head":"<!-- This site is optimized with the Yoast SEO plugin v25.3 - https:\/\/yoast.com\/wordpress\/plugins\/seo\/ -->\n<title>Cable labels for industrial identification - TNL Company Limited<\/title>\n<meta name=\"robots\" content=\"index, follow, max-snippet:-1, max-image-preview:large, max-video-preview:-1\" \/>\n<link rel=\"canonical\" href=\"https:\/\/tamngocloi.com\/vi\/hellermantyton\/cable-labels-for-industrial-identification\/\" \/>\n<meta property=\"og:locale\" content=\"vi_VN\" \/>\n<meta property=\"og:type\" content=\"article\" \/>\n<meta property=\"og:title\" content=\"Cable labels for industrial identification - TNL Company Limited\" \/>\n<meta property=\"og:url\" content=\"https:\/\/tamngocloi.com\/vi\/hellermantyton\/cable-labels-for-industrial-identification\/\" \/>\n<meta property=\"og:site_name\" content=\"TNL Company Limited\" \/>\n<meta property=\"article:modified_time\" content=\"2024-10-08T04:09:46+00:00\" \/>\n<meta name=\"twitter:card\" content=\"summary_large_image\" \/>\n<meta name=\"twitter:label1\" content=\"\u01af\u1edbc t\u00ednh th\u1eddi gian \u0111\u1ecdc\" \/>\n\t<meta name=\"twitter:data1\" content=\"1 ph\u00fat\" \/>\n<script type=\"application\/ld+json\" class=\"yoast-schema-graph\">{\"@context\":\"https:\/\/schema.org\",\"@graph\":[{\"@type\":\"WebPage\",\"@id\":\"https:\/\/tamngocloi.com\/hellermantyton\/cable-labels-for-industrial-identification\/\",\"url\":\"https:\/\/tamngocloi.com\/hellermantyton\/cable-labels-for-industrial-identification\/\",\"name\":\"Cable labels for industrial identification - TNL Company Limited\",\"isPartOf\":{\"@id\":\"https:\/\/tamngocloi.com\/#website\"},\"datePublished\":\"2024-09-25T06:28:49+00:00\",\"dateModified\":\"2024-10-08T04:09:46+00:00\",\"breadcrumb\":{\"@id\":\"https:\/\/tamngocloi.com\/hellermantyton\/cable-labels-for-industrial-identification\/#breadcrumb\"},\"inLanguage\":\"vi\",\"potentialAction\":[{\"@type\":\"ReadAction\",\"target\":[\"https:\/\/tamngocloi.com\/hellermantyton\/cable-labels-for-industrial-identification\/\"]}]},{\"@type\":\"BreadcrumbList\",\"@id\":\"https:\/\/tamngocloi.com\/hellermantyton\/cable-labels-for-industrial-identification\/#breadcrumb\",\"itemListElement\":[{\"@type\":\"ListItem\",\"position\":1,\"name\":\"Home\",\"item\":\"https:\/\/tamngocloi.com\/\"},{\"@type\":\"ListItem\",\"position\":2,\"name\":\"Hellermantyton\",\"item\":\"https:\/\/tamngocloi.com\/hellermantyton\/\"},{\"@type\":\"ListItem\",\"position\":3,\"name\":\"Cable labels for industrial identification\"}]},{\"@type\":\"WebSite\",\"@id\":\"https:\/\/tamngocloi.com\/#website\",\"url\":\"https:\/\/tamngocloi.com\/\",\"name\":\"TNL Company Limited\",\"description\":\"\",\"publisher\":{\"@id\":\"https:\/\/tamngocloi.com\/#organization\"},\"potentialAction\":[{\"@type\":\"SearchAction\",\"target\":{\"@type\":\"EntryPoint\",\"urlTemplate\":\"https:\/\/tamngocloi.com\/?s={search_term_string}\"},\"query-input\":{\"@type\":\"PropertyValueSpecification\",\"valueRequired\":true,\"valueName\":\"search_term_string\"}}],\"inLanguage\":\"vi\"},{\"@type\":\"Organization\",\"@id\":\"https:\/\/tamngocloi.com\/#organization\",\"name\":\"TNL Company Limited\",\"url\":\"https:\/\/tamngocloi.com\/\",\"logo\":{\"@type\":\"ImageObject\",\"inLanguage\":\"vi\",\"@id\":\"https:\/\/tamngocloi.com\/#\/schema\/logo\/image\/\",\"url\":\"https:\/\/tamngocloi.com\/wp-content\/uploads\/2024\/09\/download-removebg-preview.png\",\"contentUrl\":\"https:\/\/tamngocloi.com\/wp-content\/uploads\/2024\/09\/download-removebg-preview.png\",\"width\":570,\"height\":438,\"caption\":\"TNL Company Limited\"},\"image\":{\"@id\":\"https:\/\/tamngocloi.com\/#\/schema\/logo\/image\/\"}}]}<\/script>\n<!-- \/ Yoast SEO plugin. -->","yoast_head_json":{"title":"Cable labels for industrial identification - TNL Company Limited","robots":{"index":"index","follow":"follow","max-snippet":"max-snippet:-1","max-image-preview":"max-image-preview:large","max-video-preview":"max-video-preview:-1"},"canonical":"https:\/\/tamngocloi.com\/vi\/hellermantyton\/cable-labels-for-industrial-identification\/","og_locale":"vi_VN","og_type":"article","og_title":"Cable labels for industrial identification - TNL Company Limited","og_url":"https:\/\/tamngocloi.com\/vi\/hellermantyton\/cable-labels-for-industrial-identification\/","og_site_name":"TNL Company Limited","article_modified_time":"2024-10-08T04:09:46+00:00","twitter_card":"summary_large_image","twitter_misc":{"\u01af\u1edbc t\u00ednh th\u1eddi gian \u0111\u1ecdc":"1 ph\u00fat"},"schema":{"@context":"https:\/\/schema.org","@graph":[{"@type":"WebPage","@id":"https:\/\/tamngocloi.com\/hellermantyton\/cable-labels-for-industrial-identification\/","url":"https:\/\/tamngocloi.com\/hellermantyton\/cable-labels-for-industrial-identification\/","name":"Cable labels for industrial identification - TNL Company Limited","isPartOf":{"@id":"https:\/\/tamngocloi.com\/#website"},"datePublished":"2024-09-25T06:28:49+00:00","dateModified":"2024-10-08T04:09:46+00:00","breadcrumb":{"@id":"https:\/\/tamngocloi.com\/hellermantyton\/cable-labels-for-industrial-identification\/#breadcrumb"},"inLanguage":"vi","potentialAction":[{"@type":"ReadAction","target":["https:\/\/tamngocloi.com\/hellermantyton\/cable-labels-for-industrial-identification\/"]}]},{"@type":"BreadcrumbList","@id":"https:\/\/tamngocloi.com\/hellermantyton\/cable-labels-for-industrial-identification\/#breadcrumb","itemListElement":[{"@type":"ListItem","position":1,"name":"Home","item":"https:\/\/tamngocloi.com\/"},{"@type":"ListItem","position":2,"name":"Hellermantyton","item":"https:\/\/tamngocloi.com\/hellermantyton\/"},{"@type":"ListItem","position":3,"name":"Cable labels for industrial identification"}]},{"@type":"WebSite","@id":"https:\/\/tamngocloi.com\/#website","url":"https:\/\/tamngocloi.com\/","name":"TNL Company Limited","description":"","publisher":{"@id":"https:\/\/tamngocloi.com\/#organization"},"potentialAction":[{"@type":"SearchAction","target":{"@type":"EntryPoint","urlTemplate":"https:\/\/tamngocloi.com\/?s={search_term_string}"},"query-input":{"@type":"PropertyValueSpecification","valueRequired":true,"valueName":"search_term_string"}}],"inLanguage":"vi"},{"@type":"Organization","@id":"https:\/\/tamngocloi.com\/#organization","name":"TNL Company Limited","url":"https:\/\/tamngocloi.com\/","logo":{"@type":"ImageObject","inLanguage":"vi","@id":"https:\/\/tamngocloi.com\/#\/schema\/logo\/image\/","url":"https:\/\/tamngocloi.com\/wp-content\/uploads\/2024\/09\/download-removebg-preview.png","contentUrl":"https:\/\/tamngocloi.com\/wp-content\/uploads\/2024\/09\/download-removebg-preview.png","width":570,"height":438,"caption":"TNL Company Limited"},"image":{"@id":"https:\/\/tamngocloi.com\/#\/schema\/logo\/image\/"}}]}},"_links":{"self":[{"href":"https:\/\/tamngocloi.com\/vi\/wp-json\/wp\/v2\/pages\/3141","targetHints":{"allow":["GET"]}}],"collection":[{"href":"https:\/\/tamngocloi.com\/vi\/wp-json\/wp\/v2\/pages"}],"about":[{"href":"https:\/\/tamngocloi.com\/vi\/wp-json\/wp\/v2\/types\/page"}],"author":[{"embeddable":true,"href":"https:\/\/tamngocloi.com\/vi\/wp-json\/wp\/v2\/users\/1"}],"replies":[{"embeddable":true,"href":"https:\/\/tamngocloi.com\/vi\/wp-json\/wp\/v2\/comments?post=3141"}],"version-history":[{"count":38,"href":"https:\/\/tamngocloi.com\/vi\/wp-json\/wp\/v2\/pages\/3141\/revisions"}],"predecessor-version":[{"id":4239,"href":"https:\/\/tamngocloi.com\/vi\/wp-json\/wp\/v2\/pages\/3141\/revisions\/4239"}],"up":[{"embeddable":true,"href":"https:\/\/tamngocloi.com\/vi\/wp-json\/wp\/v2\/pages\/1785"}],"wp:attachment":[{"href":"https:\/\/tamngocloi.com\/vi\/wp-json\/wp\/v2\/media?parent=3141"}],"curies":[{"name":"wp","href":"https:\/\/api.w.org\/{rel}","templated":true}]}}