{"id":1899,"date":"2024-09-09T09:24:20","date_gmt":"2024-09-09T09:24:20","guid":{"rendered":"https:\/\/tamngocloi.com\/?page_id=1899"},"modified":"2024-10-04T22:03:38","modified_gmt":"2024-10-04T15:03:38","slug":"watson-marlow","status":"publish","type":"page","link":"https:\/\/tamngocloi.com\/vi\/watson-marlow\/","title":{"rendered":"Watson Marlow"},"content":{"rendered":"<section class=\"section\" id=\"section_1678614368\">\n\t\t<div class=\"section-bg fill\" >\n\t\t\t\t\t\t\t\t\t<div class=\"section-bg-overlay absolute fill\"><\/div>\n\t\t\t\n\n\t\t<\/div>\n\n\t\t\n\n\t\t<div class=\"section-content relative\">\n\t\t\t\n<div class=\"row align-center\"  id=\"row-2030746837\">\n\n\t<div id=\"col-1896538979\" class=\"col medium-10 small-12 large-10\"  >\n\t\t\t\t<div class=\"col-inner text-center\"  >\n\t\t\t\n\t\t\t\n\t<div class=\"img has-hover x md-x lg-x y md-y lg-y\" id=\"image_971683988\">\n\t\t\t\t\t\t\t\t<div class=\"img-inner dark\" >\n\t\t\t<img loading=\"lazy\" decoding=\"async\" width=\"1\" height=\"1\" src=\"https:\/\/tamngocloi.com\/wp-content\/uploads\/2024\/09\/A\u0309nh-ma\u0300n-hi\u0300nh-2024-08-17-lu\u0301c-18.04.27-1-1.svg\" class=\"attachment-large size-large\" alt=\"\" \/>\t\t\t\t\t\t\n\t\t\t\t\t<\/div>\n\t\t\t\t\t\t\t\t\n<style>\n#image_971683988 {\n  width: 60%;\n}\n<\/style>\n\t<\/div>\n\t\n\t\t<\/div>\n\t\t\t\t\t<\/div>\n\n\t\n\n<style>\n#row-2030746837 > .col > .col-inner {\n  padding: 0px 0px 0px 0px;\n}\n<\/style>\n<\/div>\n\t\t<\/div>\n\n\t\t\n<style>\n#section_1678614368 {\n  padding-top: 80px;\n  padding-bottom: 80px;\n  background-color: rgb(245, 245, 245);\n}\n#section_1678614368 .section-bg-overlay {\n  background-color: rgb(255, 255, 255);\n}\n<\/style>\n\t<\/section>\n\t\n<div class=\"row\"  id=\"row-1518362674\">\n\n\t<div id=\"col-78966191\" class=\"col small-12 large-12\"  >\n\t\t\t\t<div class=\"col-inner text-left\"  >\n\t\t\t\n\t\t\t\n<h2><span style=\"font-size: 100%;\"><strong>\u1ed0ng m\u1ec1m l\u00f3t PTFE linh ho\u1ea1t t\u1eeb Aflex Hose<\/strong><\/span><\/h2>\n\t<div id=\"gap-1415274926\" class=\"gap-element clearfix\" style=\"display:block; height:auto;\">\n\t\t\n<style>\n#gap-1415274926 {\n  padding-top: 10px;\n}\n<\/style>\n\t<\/div>\n\t\n<p><span style=\"font-size: 110%;\"><strong>Chuy\u00ean gia thi\u1ebft k\u1ebf v\u00e0 s\u1ea3n xu\u1ea5t \u1ed1ng m\u1ec1m l\u00f3t PTFE<\/strong><\/span><\/p>\n\t<div id=\"gap-1103234339\" class=\"gap-element clearfix\" style=\"display:block; height:auto;\">\n\t\t\n<style>\n#gap-1103234339 {\n  padding-top: 30px;\n}\n<\/style>\n\t<\/div>\n\t\n<h2><span style=\"font-size: 100%;\"><strong>Aflex Hose - \u1ed1ng m\u1ec1m l\u00f3t PTFE linh ho\u1ea1t<\/strong><\/span><\/h2>\n\t<div id=\"gap-1665322848\" class=\"gap-element clearfix\" style=\"display:block; height:auto;\">\n\t\t\n<style>\n#gap-1665322848 {\n  padding-top: 20px;\n}\n<\/style>\n\t<\/div>\n\t\n<p>V\u1edbi h\u01a1n 40 n\u0103m kinh nghi\u1ec7m, Aflex \u0111\u00e3 s\u1ea3n xu\u1ea5t d\u00f2ng s\u1ea3n ph\u1ea9m \u1ed1ng m\u1ec1m l\u00f3t PTFE ti\u00ean ti\u1ebfn nh\u1ea5t tr\u00ean th\u1ebf gi\u1edbi. T\u1ea1i c\u00e1c nh\u00e0 m\u00e1y \u1edf Anh v\u00e0 Hoa K\u1ef3, Aflex thi\u1ebft k\u1ebf, ph\u00e1t tri\u1ec3n v\u00e0 s\u1ea3n xu\u1ea5t \u1ed1ng t\u1eeb nguy\u00ean li\u1ec7u th\u00f4 \u0111\u1ebfn s\u1ea3n ph\u1ea9m ho\u00e0n thi\u1ec7n. C\u00e1ch ti\u1ebfp c\u1eadn to\u00e0n di\u1ec7n n\u00e0y mang \u0111\u1ebfn kh\u1ea3 n\u0103ng \u0111\u00e1p \u1ee9ng nhu c\u1ea7u c\u1ee5 th\u1ec3, b\u1ea5t k\u1ec3 \u1ee9ng d\u1ee5ng.<\/p>\n\t\t<\/div>\n\t\t\t\t\t<\/div>\n\n\t\n<\/div>\n<div class=\"row\" style=\"max-width:85%\" id=\"row-329618357\">\n\n\t<div id=\"col-1141861803\" class=\"col medium-6 small-12 large-6\"  >\n\t\t\t\t<div class=\"col-inner\"  >\n\t\t\t\n\t\t\t\n<div class=\"row\"  id=\"row-883184608\">\n\n\t<div id=\"col-1747244107\" class=\"col medium-6 small-12 large-6\"  >\n\t\t\t\t<div class=\"col-inner\"  >\n\t\t\t\n\t\t\t\n\t<div class=\"img has-hover x md-x lg-x y md-y lg-y\" id=\"image_2128725829\">\n\t\t<a class=\"\" href=\"https:\/\/tamngocloi.com\/vi\/watson-marlow\/fabline-hose\/\" >\t\t\t\t\t\t<div class=\"img-inner dark\" >\n\t\t\t<img loading=\"lazy\" decoding=\"async\" width=\"1\" height=\"1\" src=\"https:\/\/tamngocloi.com\/wp-content\/uploads\/2024\/09\/image-161.svg\" class=\"attachment-large size-large\" alt=\"\" \/>\t\t\t\t\t\t\n\t\t\t\t\t<\/div>\n\t\t\t\t\t\t<\/a>\t\t\n<style>\n#image_2128725829 {\n  width: 100%;\n}\n<\/style>\n\t<\/div>\n\t\n<h4><a href=\"https:\/\/tamngocloi.com\/vi\/watson-marlow\/fabline-hose\/\" rel=\"noopener\">\u1ed0ng FaBLINE<\/a><\/h4>\n<p>\u1ed0ng m\u1ec1m l\u00f3t PTFE tu\u1ed5i th\u1ecd cao cho gia c\u00f4ng th\u1ef1c ph\u1ea9m v\u00e0 \u0111\u1ed3 u\u1ed1ng hi\u1ec7u qu\u1ea3<\/p>\n<p>B\u1ed9 \u1ed1ng d\u1eabn linh ho\u1ea1t<\/p>\n\t\t<\/div>\n\t\t\t\t\t<\/div>\n\n\t\n\n\t<div id=\"col-297728446\" class=\"col medium-6 small-12 large-6\"  >\n\t\t\t\t<div class=\"col-inner\"  >\n\t\t\t\n\t\t\t\n\t<div class=\"img has-hover x md-x lg-x y md-y lg-y\" id=\"image_2095235817\">\n\t\t<a class=\"\" href=\"https:\/\/tamngocloi.com\/vi\/watson-marlow\/bioflex-ultra\/\" >\t\t\t\t\t\t<div class=\"img-inner dark\" >\n\t\t\t<img loading=\"lazy\" decoding=\"async\" width=\"1\" height=\"1\" src=\"https:\/\/tamngocloi.com\/wp-content\/uploads\/2024\/09\/image-162.svg\" class=\"attachment-large size-large\" alt=\"\" \/>\t\t\t\t\t\t\n\t\t\t\t\t<\/div>\n\t\t\t\t\t\t<\/a>\t\t\n<style>\n#image_2095235817 {\n  width: 100%;\n}\n<\/style>\n\t<\/div>\n\t\n<h4><a href=\"https:\/\/tamngocloi.com\/vi\/watson-marlow\/bioflex-ultra\/\"><strong>Bioflex Ultra<\/strong><\/a><\/h4>\n<p>\u1ed0ng l\u00f2ng tr\u01a1n cho sinh d\u01b0\u1ee3c v\u00e0 h\u00f3a ch\u1ea5t tinh khi\u1ebft cho d\u00f2ng ch\u1ea3y s\u1ea1ch, nhanh c\u1ee7a ch\u1ea5t l\u1ecfng si\u00eau tinh khi\u1ebft.<\/p>\n<p>B\u1ed9 \u1ed1ng d\u1eabn linh ho\u1ea1t<\/p>\n\t\t<\/div>\n\t\t\t\t\t<\/div>\n\n\t\n<\/div>\n\t\t<\/div>\n\t\t\t\t\t<\/div>\n\n\t\n\n\t<div id=\"col-2126221426\" class=\"col medium-6 small-12 large-6\"  >\n\t\t\t\t<div class=\"col-inner\"  >\n\t\t\t\n\t\t\t\n<div class=\"row\"  id=\"row-1170324597\">\n\n\t<div id=\"col-1029958326\" class=\"col medium-6 small-12 large-6\"  >\n\t\t\t\t<div class=\"col-inner\"  >\n\t\t\t\n\t\t\t\n\t<div class=\"img has-hover x md-x lg-x y md-y lg-y\" id=\"image_1289379747\">\n\t\t<a class=\"\" href=\"https:\/\/tamngocloi.com\/vi\/watson-marlow\/pharmaline-n-and-x\/\" >\t\t\t\t\t\t<div class=\"img-inner dark\" >\n\t\t\t<img loading=\"lazy\" decoding=\"async\" width=\"1\" height=\"1\" src=\"https:\/\/tamngocloi.com\/wp-content\/uploads\/2024\/09\/image-163.svg\" class=\"attachment-large size-large\" alt=\"\" \/>\t\t\t\t\t\t\n\t\t\t\t\t<\/div>\n\t\t\t\t\t\t<\/a>\t\t\n<style>\n#image_1289379747 {\n  width: 100%;\n}\n<\/style>\n\t<\/div>\n\t\n<h4><a href=\"https:\/\/tamngocloi.com\/vi\/watson-marlow\/pharmaline-n-and-x\/\"><strong>\u1ed0ng Pharmaline N v\u00e0 X<\/strong><\/a><\/h4>\n<p>\u1ed0ng l\u00f2ng tr\u01a1n \u0111\u1ec3 thay th\u1ebf \u1ed1ng cao su silicone cho t\u00ednh t\u01b0\u01a1ng th\u00edch v\u00e0 kh\u1ea3 n\u0103ng l\u00e0m s\u1ea1ch t\u1ed1t h\u01a1n.<\/p>\n<p>B\u1ed9 \u1ed1ng d\u1eabn linh ho\u1ea1t<\/p>\n\t\t<\/div>\n\t\t\t\t\t<\/div>\n\n\t\n\n\t<div id=\"col-1903509920\" class=\"col medium-6 small-12 large-6\"  >\n\t\t\t\t<div class=\"col-inner\"  >\n\t\t\t\n\t\t\t\n\t<div class=\"img has-hover x md-x lg-x y md-y lg-y\" id=\"image_896404018\">\n\t\t<a class=\"\" href=\"https:\/\/tamngocloi.com\/vi\/watson-marlow\/corroline\/\" >\t\t\t\t\t\t<div class=\"img-inner dark\" >\n\t\t\t<img loading=\"lazy\" decoding=\"async\" width=\"1\" height=\"1\" src=\"https:\/\/tamngocloi.com\/wp-content\/uploads\/2024\/09\/image-164.svg\" class=\"attachment-large size-large\" alt=\"\" \/>\t\t\t\t\t\t\n\t\t\t\t\t<\/div>\n\t\t\t\t\t\t<\/a>\t\t\n<style>\n#image_896404018 {\n  width: 100%;\n}\n<\/style>\n\t<\/div>\n\t\n<h4><a href=\"https:\/\/tamngocloi.com\/vi\/watson-marlow\/corroline\/\" data-wplink-url-error=\"true\"><strong>\u1ed0ng Corroline+<\/strong><\/a><\/h4>\n<p>\u1ed0ng l\u00f2ng tr\u01a1n cho \u1ee9ng d\u1ee5ng l\u01b0u ch\u1ea5t h\u00f3a ch\u1ea5t v\u00e0 c\u00e1c \u1ee9ng d\u1ee5ng kh\u00e1c, n\u01a1i c\u00f3 th\u1ec3 x\u1ea3y ra s\u1eed d\u1ee5ng th\u00f4.<\/p>\n<p>B\u1ed9 \u1ed1ng d\u1eabn linh ho\u1ea1t<\/p>\n\t\t<\/div>\n\t\t\t\t\t<\/div>\n\n\t\n<\/div>\n\t\t<\/div>\n\t\t\t\t\t<\/div>\n\n\t\n\n<style>\n#row-329618357 > .col > .col-inner {\n  border-radius: 71px;\n}\n<\/style>\n<\/div>\n<div class=\"row\" style=\"max-width:85%\" id=\"row-1786664922\">\n\n\t<div id=\"col-1442512437\" class=\"col medium-6 small-12 large-6\"  >\n\t\t\t\t<div class=\"col-inner\"  >\n\t\t\t\n\t\t\t\n<div class=\"row\"  id=\"row-659967515\">\n\n\t<div id=\"col-778429244\" class=\"col medium-6 small-12 large-6\"  >\n\t\t\t\t<div class=\"col-inner\"  >\n\t\t\t\n\t\t\t\n\t<div class=\"img has-hover x md-x lg-x y md-y lg-y\" id=\"image_937074744\">\n\t\t<a class=\"\" href=\"https:\/\/tamngocloi.com\/vi\/watson-marlow\/corroflon\/\" >\t\t\t\t\t\t<div class=\"img-inner dark\" >\n\t\t\t<img loading=\"lazy\" decoding=\"async\" width=\"1\" height=\"1\" src=\"https:\/\/tamngocloi.com\/wp-content\/uploads\/2024\/09\/image-161-1.svg\" class=\"attachment-large size-large\" alt=\"\" \/>\t\t\t\t\t\t\n\t\t\t\t\t<\/div>\n\t\t\t\t\t\t<\/a>\t\t\n<style>\n#image_937074744 {\n  width: 100%;\n}\n<\/style>\n\t<\/div>\n\t\n<h4><a href=\"https:\/\/tamngocloi.com\/vi\/watson-marlow\/corroflon\/\"><strong>\u1ed0ng Corroflon<\/strong><\/a><\/h4>\n<p>\u1ed0ng l\u00f2ng xo\u1eafn \u0111\u1ec3 chuy\u1ec3n ch\u1ea5t l\u1ecfng qu\u00e1 tr\u00ecnh khi kh\u00f4ng y\u00eau c\u1ea7u l\u00f2ng tr\u01a1n c\u1ee5 th\u1ec3.<\/p>\n<p>B\u1ed9 \u1ed1ng d\u1eabn linh ho\u1ea1t<\/p>\n\t\t<\/div>\n\t\t\t\t\t<\/div>\n\n\t\n\n\t<div id=\"col-1457725574\" class=\"col medium-6 small-12 large-6\"  >\n\t\t\t\t<div class=\"col-inner\"  >\n\t\t\t\n\t\t\t\n\t<div class=\"img has-hover x md-x lg-x y md-y lg-y\" id=\"image_663015795\">\n\t\t<a class=\"\" href=\"https:\/\/tamngocloi.com\/vi\/watson-marlow\/smoothbore-ptfe-hose\/\" >\t\t\t\t\t\t<div class=\"img-inner dark\" >\n\t\t\t<img loading=\"lazy\" decoding=\"async\" width=\"1\" height=\"1\" src=\"https:\/\/tamngocloi.com\/wp-content\/uploads\/2024\/09\/image-162-1.svg\" class=\"attachment-large size-large\" alt=\"\" \/>\t\t\t\t\t\t\n\t\t\t\t\t<\/div>\n\t\t\t\t\t\t<\/a>\t\t\n<style>\n#image_663015795 {\n  width: 100%;\n}\n<\/style>\n\t<\/div>\n\t\n<h4><a href=\"https:\/\/tamngocloi.com\/vi\/watson-marlow\/smoothbore-ptfe-hose\/\"><strong>\u1ed0ng Smoothbore<\/strong><\/a><\/h4>\n<p>\u1ed0ng l\u00f2ng tr\u01a1n cho h\u1ea7u h\u1ebft c\u00e1c \u1ee9ng d\u1ee5ng \u00f4 t\u00f4 v\u00e0 m\u1ee5c \u0111\u00edch chung. C\u00f3 th\u1ec3 s\u1eed d\u1ee5ng \u1edf \u00e1p su\u1ea5t cao.<\/p>\n<p>B\u1ed9 \u1ed1ng d\u1eabn linh ho\u1ea1t<\/p>\n\t\t<\/div>\n\t\t\t\t\t<\/div>\n\n\t\n<\/div>\n\t\t<\/div>\n\t\t\t\t\t<\/div>\n\n\t\n\n\t<div id=\"col-80787621\" class=\"col medium-6 small-12 large-6\"  >\n\t\t\t\t<div class=\"col-inner\"  >\n\t\t\t\n\t\t\t\n<div class=\"row\"  id=\"row-97396141\">\n\n\t<div id=\"col-1684311628\" class=\"col medium-6 small-12 large-6\"  >\n\t\t\t\t<div class=\"col-inner\"  >\n\t\t\t\n\t\t\t\n\t<div class=\"img has-hover x md-x lg-x y md-y lg-y\" id=\"image_2032713316\">\n\t\t<a class=\"\" href=\"https:\/\/tamngocloi.com\/vi\/watson-marlow\/hyperline-fx\/\" >\t\t\t\t\t\t<div class=\"img-inner dark\" >\n\t\t\t<img loading=\"lazy\" decoding=\"async\" width=\"1\" height=\"1\" src=\"https:\/\/tamngocloi.com\/wp-content\/uploads\/2024\/09\/image-163-1.svg\" class=\"attachment-large size-large\" alt=\"\" \/>\t\t\t\t\t\t\n\t\t\t\t\t<\/div>\n\t\t\t\t\t\t<\/a>\t\t\n<style>\n#image_2032713316 {\n  width: 100%;\n}\n<\/style>\n\t<\/div>\n\t\n<h4><a href=\"https:\/\/tamngocloi.com\/vi\/watson-marlow\/hyperline-fx\/\" data-wplink-url-error=\"true\" data-wplink-edit=\"true\"><strong>\u1ed0ng Hyperline FX<\/strong><\/a><\/h4>\n<p>\u1ed0ng l\u00f2ng tr\u01a1n cho t\u1ea5t c\u1ea3 c\u00e1c \u1ee9ng d\u1ee5ng y\u00eau c\u1ea7u \u0111\u1ed9 linh ho\u1ea1t v\u00e0 kh\u1ea3 n\u0103ng ch\u1ed1ng kink c\u1ea3i ti\u1ebfn.<\/p>\n<p>B\u1ed9 \u1ed1ng d\u1eabn linh ho\u1ea1t<\/p>\n\t\t<\/div>\n\t\t\t\t\t<\/div>\n\n\t\n\n\t<div id=\"col-647411741\" class=\"col medium-6 small-12 large-6\"  >\n\t\t\t\t<div class=\"col-inner\"  >\n\t\t\t\n\t\t\t\n\t<div class=\"img has-hover x md-x lg-x y md-y lg-y\" id=\"image_416931944\">\n\t\t<a class=\"\" href=\"https:\/\/tamngocloi.com\/vi\/watson-marlow\/visiflon\/\" >\t\t\t\t\t\t<div class=\"img-inner dark\" >\n\t\t\t<img loading=\"lazy\" decoding=\"async\" width=\"1\" height=\"1\" src=\"https:\/\/tamngocloi.com\/wp-content\/uploads\/2024\/09\/image-164-1.svg\" class=\"attachment-large size-large\" alt=\"\" \/>\t\t\t\t\t\t\n\t\t\t\t\t<\/div>\n\t\t\t\t\t\t<\/a>\t\t\n<style>\n#image_416931944 {\n  width: 100%;\n}\n<\/style>\n\t<\/div>\n\t\n<h4><a href=\"https:\/\/tamngocloi.com\/vi\/watson-marlow\/visiflon\/\"><strong>\u1ed0ng Visiflon<\/strong><\/a><\/h4>\n<p>\u1ed0ng l\u00f2ng xo\u1eafn cho t\u1ea5t c\u1ea3 c\u00e1c \u1ee9ng d\u1ee5ng kh\u00f4ng y\u00eau c\u1ea7u l\u00f2ng tr\u01a1n v\u00e0\/ho\u1eb7c \u00e1p su\u1ea5t cao.<\/p>\n<p>B\u1ed9 \u1ed1ng d\u1eabn linh ho\u1ea1t<\/p>\n\t\t<\/div>\n\t\t\t\t\t<\/div>\n\n\t\n<\/div>\n\t\t<\/div>\n\t\t\t\t\t<\/div>\n\n\t\n<\/div>\n<div class=\"row\"  id=\"row-573896465\">\n\n\t<div id=\"col-815239332\" class=\"col small-12 large-12\"  >\n\t\t\t\t<div class=\"col-inner\"  >\n\t\t\t\n\t\t\t\n<h2><span style=\"font-size: 100%;\"><strong>C\u00e1c s\u1ea3n ph\u1ea9m \u1ed1ng Aflex \u0111\u01b0\u1ee3c t\u1ea1o ra th\u00f4ng qua s\u1ef1 k\u1ebft h\u1ee3p gi\u1eefa ki\u1ebfn \u200b\u200bth\u1ee9c chuy\u00ean m\u00f4n v\u1ec1 k\u1ef9 thu\u1eadt v\u00e0 v\u1eadt li\u1ec7u<\/strong><\/span><\/h2>\n\t<div id=\"gap-780290777\" class=\"gap-element clearfix\" style=\"display:block; height:auto;\">\n\t\t\n<style>\n#gap-780290777 {\n  padding-top: 20px;\n}\n<\/style>\n\t<\/div>\n\t\n<div class=\"row align-middle\"  id=\"row-1320723642\">\n\n\t<div id=\"col-543581737\" class=\"col medium-6 small-12 large-6\"  >\n\t\t\t\t<div class=\"col-inner\"  >\n\t\t\t\n\t\t\t\n<p>\u0110\u01b0\u1ee3c l\u00f3t b\u1eb1ng polytetrafluorethylene (PTFE), \u1ed1ng Aflex c\u00f3 kh\u1ea3 n\u0103ng kh\u00e1ng h\u00f3a ch\u1ea5t tuy\u1ec7t v\u1eddi. C\u1ea5u tr\u00fac c\u1ee7a ch\u00fang mang l\u1ea1i l\u1ed7 khoan tr\u01a1n tru \u0111\u1ec3 \u0111\u1ea3m b\u1ea3o hi\u1ec7u su\u1ea5t nhanh, s\u1ea1ch, ch\u1ecbu \u0111\u01b0\u1ee3c \u00e1p su\u1ea5t cao v\u00e0 nhi\u1ec7t \u0111\u1ed9 l\u00ean t\u1edbi 260C.<\/p>\n<p>PTFE \u0111\u01b0\u1ee3c ch\u1ee9ng minh l\u00e0 t\u1ed1t h\u01a1n cao su, silicone v\u00e0 PVC trong c\u00e1c \u1ee9ng d\u1ee5ng t\u01b0\u01a1ng t\u1ef1. Kh\u1ea3 n\u0103ng l\u00e0m s\u1ea1ch v\u00e0 ch\u1ed1ng h\u01a1i n\u01b0\u1edbc \u0111\u1ea3m b\u1ea3o tu\u00e2n th\u1ee7 c\u00e1c ti\u00eau chu\u1ea9n v\u1ec7 sinh cao nh\u1ea5t. \u1ed0ng \u0111\u01b0\u1ee3c thi\u1ebft k\u1ebf kh\u00f4ng s\u1eed d\u1ee5ng ch\u1ea5t k\u1ebft d\u00ednh, lo\u1ea1i b\u1ecf nguy c\u01a1 \u00f4 nhi\u1ec5m.<\/p>\n\t\t<\/div>\n\t\t\t\t\t<\/div>\n\n\t\n\n\t<div id=\"col-179901207\" class=\"col medium-6 small-12 large-6\"  >\n\t\t\t\t<div class=\"col-inner text-left\"  >\n\t\t\t\n\t\t\t\n<ul>\n<li>C\u00f3 t\u00ednh linh ho\u1ea1t cao v\u00e0 ch\u1ed1ng xo\u1eafn.<\/li>\n<li>C\u00f3 s\u1eb5n v\u1edbi l\u1edbp l\u00f3t PTFE \u0111\u01b0\u1ee3c c\u1ea5p b\u1eb1ng s\u00e1ng ch\u1ebf t\u1ef1 nhi\u00ean ho\u1eb7c ch\u1ed1ng t\u0129nh \u0111i\u1ec7n<\/li>\n<li>B\u1ea3o h\u00e0nh 24 th\u00e1ng d\u1eabn \u0111\u1ea7u ng\u00e0nh<\/li>\n<li>Kh\u00f4ng c\u00f3 ch\u1ea5t k\u1ebft d\u00ednh trong s\u1ea3n xu\u1ea5t \u1ed1ng lo\u1ea1i b\u1ecf nguy c\u01a1 \u00f4 nhi\u1ec5m<\/li>\n<li>L\u1ed7 khoan l\u00ean t\u1edbi 80mm v\u00e0 chi\u1ec1u d\u00e0i \u1ed1ng l\u00ean t\u1edbi 30 m\u00e9t<\/li>\n<\/ul>\n\t\t<\/div>\n\t\t\t\t\t<\/div>\n\n\t\n<\/div>\n<div class=\"row row-small\"  id=\"row-1731928099\">\n\n\t<div id=\"col-1075990709\" class=\"col medium-6 small-12 large-6\"  >\n\t\t\t\t<div class=\"col-inner\"  >\n\t\t\t\n\t\t\t\n\t<div class=\"img has-hover x md-x lg-x y md-y lg-y\" id=\"image_1831104777\">\n\t\t\t\t\t\t\t\t<div class=\"img-inner dark\" >\n\t\t\t<img loading=\"lazy\" decoding=\"async\" width=\"1\" height=\"1\" src=\"https:\/\/tamngocloi.com\/wp-content\/uploads\/2024\/09\/image-165.svg\" class=\"attachment-large size-large\" alt=\"\" \/>\t\t\t\t\t\t\n\t\t\t\t\t<\/div>\n\t\t\t\t\t\t\t\t\n<style>\n#image_1831104777 {\n  width: 100%;\n}\n<\/style>\n\t<\/div>\n\t\n\t\t<\/div>\n\t\t\t\t\t<\/div>\n\n\t\n\n\t<div id=\"col-500564268\" class=\"col medium-6 small-12 large-6\"  >\n\t\t\t\t<div class=\"col-inner\"  >\n\t\t\t\n\t\t\t\n\t<div class=\"img has-hover x md-x lg-x y md-y lg-y\" id=\"image_485131409\">\n\t\t\t\t\t\t\t\t<div class=\"img-inner dark\" >\n\t\t\t<img loading=\"lazy\" decoding=\"async\" width=\"1\" height=\"1\" src=\"https:\/\/tamngocloi.com\/wp-content\/uploads\/2024\/09\/image-166.svg\" class=\"attachment-large size-large\" alt=\"\" \/>\t\t\t\t\t\t\n\t\t\t\t\t<\/div>\n\t\t\t\t\t\t\t\t\n<style>\n#image_485131409 {\n  width: 100%;\n}\n<\/style>\n\t<\/div>\n\t\n\t\t<\/div>\n\t\t\t\t\t<\/div>\n\n\t\n<\/div>\n\t<div id=\"gap-174430024\" class=\"gap-element clearfix\" style=\"display:block; height:auto;\">\n\t\t\n<style>\n#gap-174430024 {\n  padding-top: 30px;\n}\n<\/style>\n\t<\/div>\n\t\n<h3>\u1ed0ng Aflex: L\u1edbp l\u00f3t PTFE \u0111\u1ed9c \u0111\u00e1o<\/h3>\n\t<div id=\"gap-1186774284\" class=\"gap-element clearfix\" style=\"display:block; height:auto;\">\n\t\t\n<style>\n#gap-1186774284 {\n  padding-top: 20px;\n}\n<\/style>\n\t<\/div>\n\t\n<div class=\"row\"  id=\"row-1073245274\">\n\n\t<div id=\"col-772926148\" class=\"col medium-6 small-12 large-6\"  >\n\t\t\t\t<div class=\"col-inner\"  >\n\t\t\t\n\t\t\t\n<p>Thi\u1ebft k\u1ebf b\u1eb1ng s\u00e1ng ch\u1ebf c\u1ee7a l\u1edbp l\u00f3t PTFE \u0111\u01b0\u1ee3c s\u1eed d\u1ee5ng trong \u1ed1ng Aflex cho ph\u00e9p l\u1edbp l\u00f3t gi\u00e3n ra b\u00ean ngo\u00e0i v\u00e0 n\u00e9n xung quanh b\u00ean trong ch\u1ed7 u\u1ed1n cong. \u0110i\u1ec1u n\u00e0y gi\u00fap gi\u1eef l\u1ea1i l\u1ed7 tr\u00f2n nh\u1eb5n xuy\u00ean su\u1ed1t \u1ed1ng m\u00e0 kh\u00f4ng b\u1ecb bi\u1ebfn d\u1ea1ng.<\/p>\n<ul>\n<li>M\u1ee5c \u0111\u00edch chung ho\u1eb7c ch\u1ed1ng t\u0129nh \u0111i\u1ec7n<\/li>\n<li>Kh\u00f4ng c\u00f3 v\u00f9ng b\u1eaby<\/li>\n<li>\u0110\u1ed9 nhi\u1ec5u lo\u1ea1n t\u1ed1i thi\u1ec3u c\u00f3 ngh\u0129a l\u00e0 t\u1ed1c \u0111\u1ed9 d\u00f2ng ch\u1ea3y nhanh h\u01a1n<\/li>\n<li>Kh\u1ea3 n\u0103ng l\u00e0m s\u1ea1ch b\u00ean trong tuy\u1ec7t v\u1eddi<\/li>\n<li>Tu\u1ed5i th\u1ecd d\u00e0i h\u01a1n<\/li>\n<\/ul>\n\t\t<\/div>\n\t\t\t\t\t<\/div>\n\n\t\n\n\t<div id=\"col-1211637580\" class=\"col medium-6 small-12 large-6\"  >\n\t\t\t\t<div class=\"col-inner text-center\"  >\n\t\t\t\n\t\t\t\n\t<div class=\"img has-hover x md-x lg-x y md-y lg-y\" id=\"image_324753458\">\n\t\t\t\t\t\t\t\t<div class=\"img-inner dark\" >\n\t\t\t<img loading=\"lazy\" decoding=\"async\" width=\"1\" height=\"1\" src=\"https:\/\/tamngocloi.com\/wp-content\/uploads\/2024\/09\/image-167.svg\" class=\"attachment-large size-large\" alt=\"\" \/>\t\t\t\t\t\t\n\t\t\t\t\t<\/div>\n\t\t\t\t\t\t\t\t\n<style>\n#image_324753458 {\n  width: 80%;\n}\n<\/style>\n\t<\/div>\n\t\n\t\t<\/div>\n\t\t\t\t\t<\/div>\n\n\t\n<\/div>\n\t<div id=\"gap-2104512731\" class=\"gap-element clearfix\" style=\"display:block; height:auto;\">\n\t\t\n<style>\n#gap-2104512731 {\n  padding-top: 30px;\n}\n<\/style>\n\t<\/div>\n\t\n\n\n\n\t\t<\/div>\n\t\t\t\t\t<\/div>\n\n\t\n<\/div>","protected":false},"excerpt":{"rendered":"","protected":false},"author":1,"featured_media":0,"parent":0,"menu_order":0,"comment_status":"closed","ping_status":"closed","template":"page-blank.php","meta":{"footnotes":""},"class_list":["post-1899","page","type-page","status-publish","hentry"],"yoast_head":"<!-- This site is optimized with the Yoast SEO plugin v25.3 - https:\/\/yoast.com\/wordpress\/plugins\/seo\/ -->\n<title>Watson Marlow - TNL Company Limited<\/title>\n<meta name=\"robots\" content=\"index, follow, max-snippet:-1, max-image-preview:large, max-video-preview:-1\" \/>\n<link rel=\"canonical\" href=\"https:\/\/tamngocloi.com\/vi\/watson-marlow\/\" \/>\n<meta property=\"og:locale\" content=\"vi_VN\" \/>\n<meta property=\"og:type\" content=\"article\" \/>\n<meta property=\"og:title\" content=\"Watson Marlow - TNL Company Limited\" \/>\n<meta property=\"og:url\" content=\"https:\/\/tamngocloi.com\/vi\/watson-marlow\/\" \/>\n<meta property=\"og:site_name\" content=\"TNL Company Limited\" \/>\n<meta property=\"article:modified_time\" content=\"2024-10-04T15:03:38+00:00\" \/>\n<meta name=\"twitter:card\" content=\"summary_large_image\" \/>\n<meta name=\"twitter:label1\" content=\"\u01af\u1edbc t\u00ednh th\u1eddi gian \u0111\u1ecdc\" \/>\n\t<meta name=\"twitter:data1\" content=\"5 ph\u00fat\" \/>\n<script type=\"application\/ld+json\" class=\"yoast-schema-graph\">{\"@context\":\"https:\/\/schema.org\",\"@graph\":[{\"@type\":\"WebPage\",\"@id\":\"https:\/\/tamngocloi.com\/watson-marlow\/\",\"url\":\"https:\/\/tamngocloi.com\/watson-marlow\/\",\"name\":\"Watson Marlow - TNL Company Limited\",\"isPartOf\":{\"@id\":\"https:\/\/tamngocloi.com\/#website\"},\"datePublished\":\"2024-09-09T09:24:20+00:00\",\"dateModified\":\"2024-10-04T15:03:38+00:00\",\"breadcrumb\":{\"@id\":\"https:\/\/tamngocloi.com\/watson-marlow\/#breadcrumb\"},\"inLanguage\":\"vi\",\"potentialAction\":[{\"@type\":\"ReadAction\",\"target\":[\"https:\/\/tamngocloi.com\/watson-marlow\/\"]}]},{\"@type\":\"BreadcrumbList\",\"@id\":\"https:\/\/tamngocloi.com\/watson-marlow\/#breadcrumb\",\"itemListElement\":[{\"@type\":\"ListItem\",\"position\":1,\"name\":\"Home\",\"item\":\"https:\/\/tamngocloi.com\/\"},{\"@type\":\"ListItem\",\"position\":2,\"name\":\"Watson Marlow\"}]},{\"@type\":\"WebSite\",\"@id\":\"https:\/\/tamngocloi.com\/#website\",\"url\":\"https:\/\/tamngocloi.com\/\",\"name\":\"TNL Company Limited\",\"description\":\"\",\"publisher\":{\"@id\":\"https:\/\/tamngocloi.com\/#organization\"},\"potentialAction\":[{\"@type\":\"SearchAction\",\"target\":{\"@type\":\"EntryPoint\",\"urlTemplate\":\"https:\/\/tamngocloi.com\/?s={search_term_string}\"},\"query-input\":{\"@type\":\"PropertyValueSpecification\",\"valueRequired\":true,\"valueName\":\"search_term_string\"}}],\"inLanguage\":\"vi\"},{\"@type\":\"Organization\",\"@id\":\"https:\/\/tamngocloi.com\/#organization\",\"name\":\"TNL Company Limited\",\"url\":\"https:\/\/tamngocloi.com\/\",\"logo\":{\"@type\":\"ImageObject\",\"inLanguage\":\"vi\",\"@id\":\"https:\/\/tamngocloi.com\/#\/schema\/logo\/image\/\",\"url\":\"https:\/\/tamngocloi.com\/wp-content\/uploads\/2024\/09\/download-removebg-preview.png\",\"contentUrl\":\"https:\/\/tamngocloi.com\/wp-content\/uploads\/2024\/09\/download-removebg-preview.png\",\"width\":570,\"height\":438,\"caption\":\"TNL Company Limited\"},\"image\":{\"@id\":\"https:\/\/tamngocloi.com\/#\/schema\/logo\/image\/\"}}]}<\/script>\n<!-- \/ Yoast SEO plugin. -->","yoast_head_json":{"title":"Watson Marlow - TNL Company Limited","robots":{"index":"index","follow":"follow","max-snippet":"max-snippet:-1","max-image-preview":"max-image-preview:large","max-video-preview":"max-video-preview:-1"},"canonical":"https:\/\/tamngocloi.com\/vi\/watson-marlow\/","og_locale":"vi_VN","og_type":"article","og_title":"Watson Marlow - TNL Company Limited","og_url":"https:\/\/tamngocloi.com\/vi\/watson-marlow\/","og_site_name":"TNL Company Limited","article_modified_time":"2024-10-04T15:03:38+00:00","twitter_card":"summary_large_image","twitter_misc":{"\u01af\u1edbc t\u00ednh th\u1eddi gian \u0111\u1ecdc":"5 ph\u00fat"},"schema":{"@context":"https:\/\/schema.org","@graph":[{"@type":"WebPage","@id":"https:\/\/tamngocloi.com\/watson-marlow\/","url":"https:\/\/tamngocloi.com\/watson-marlow\/","name":"Watson Marlow - TNL Company Limited","isPartOf":{"@id":"https:\/\/tamngocloi.com\/#website"},"datePublished":"2024-09-09T09:24:20+00:00","dateModified":"2024-10-04T15:03:38+00:00","breadcrumb":{"@id":"https:\/\/tamngocloi.com\/watson-marlow\/#breadcrumb"},"inLanguage":"vi","potentialAction":[{"@type":"ReadAction","target":["https:\/\/tamngocloi.com\/watson-marlow\/"]}]},{"@type":"BreadcrumbList","@id":"https:\/\/tamngocloi.com\/watson-marlow\/#breadcrumb","itemListElement":[{"@type":"ListItem","position":1,"name":"Home","item":"https:\/\/tamngocloi.com\/"},{"@type":"ListItem","position":2,"name":"Watson Marlow"}]},{"@type":"WebSite","@id":"https:\/\/tamngocloi.com\/#website","url":"https:\/\/tamngocloi.com\/","name":"TNL Company Limited","description":"","publisher":{"@id":"https:\/\/tamngocloi.com\/#organization"},"potentialAction":[{"@type":"SearchAction","target":{"@type":"EntryPoint","urlTemplate":"https:\/\/tamngocloi.com\/?s={search_term_string}"},"query-input":{"@type":"PropertyValueSpecification","valueRequired":true,"valueName":"search_term_string"}}],"inLanguage":"vi"},{"@type":"Organization","@id":"https:\/\/tamngocloi.com\/#organization","name":"TNL Company Limited","url":"https:\/\/tamngocloi.com\/","logo":{"@type":"ImageObject","inLanguage":"vi","@id":"https:\/\/tamngocloi.com\/#\/schema\/logo\/image\/","url":"https:\/\/tamngocloi.com\/wp-content\/uploads\/2024\/09\/download-removebg-preview.png","contentUrl":"https:\/\/tamngocloi.com\/wp-content\/uploads\/2024\/09\/download-removebg-preview.png","width":570,"height":438,"caption":"TNL Company Limited"},"image":{"@id":"https:\/\/tamngocloi.com\/#\/schema\/logo\/image\/"}}]}},"_links":{"self":[{"href":"https:\/\/tamngocloi.com\/vi\/wp-json\/wp\/v2\/pages\/1899","targetHints":{"allow":["GET"]}}],"collection":[{"href":"https:\/\/tamngocloi.com\/vi\/wp-json\/wp\/v2\/pages"}],"about":[{"href":"https:\/\/tamngocloi.com\/vi\/wp-json\/wp\/v2\/types\/page"}],"author":[{"embeddable":true,"href":"https:\/\/tamngocloi.com\/vi\/wp-json\/wp\/v2\/users\/1"}],"replies":[{"embeddable":true,"href":"https:\/\/tamngocloi.com\/vi\/wp-json\/wp\/v2\/comments?post=1899"}],"version-history":[{"count":72,"href":"https:\/\/tamngocloi.com\/vi\/wp-json\/wp\/v2\/pages\/1899\/revisions"}],"predecessor-version":[{"id":3950,"href":"https:\/\/tamngocloi.com\/vi\/wp-json\/wp\/v2\/pages\/1899\/revisions\/3950"}],"wp:attachment":[{"href":"https:\/\/tamngocloi.com\/vi\/wp-json\/wp\/v2\/media?parent=1899"}],"curies":[{"name":"wp","href":"https:\/\/api.w.org\/{rel}","templated":true}]}}