{"id":1730,"date":"2024-09-07T09:43:59","date_gmt":"2024-09-07T09:43:59","guid":{"rendered":"https:\/\/tamngocloi.com\/?page_id=1730"},"modified":"2024-10-04T21:46:02","modified_gmt":"2024-10-04T14:46:02","slug":"smc","status":"publish","type":"page","link":"https:\/\/tamngocloi.com\/vi\/smc\/","title":{"rendered":"SMC"},"content":{"rendered":"<section class=\"section\" id=\"section_729031944\">\n\t\t<div class=\"section-bg fill\" >\n\t\t\t\t\t\t\t\t\t<div class=\"section-bg-overlay absolute fill\"><\/div>\n\t\t\t\n\n\t\t<\/div>\n\n\t\t\n\n\t\t<div class=\"section-content relative\">\n\t\t\t\n<div class=\"row align-center\"  id=\"row-351453494\">\n\n\t<div id=\"col-857516622\" class=\"col medium-10 small-12 large-10\"  >\n\t\t\t\t<div class=\"col-inner text-center\"  >\n\t\t\t\n\t\t\t\n\t<div class=\"img has-hover x md-x lg-x y md-y lg-y\" id=\"image_66465894\">\n\t\t\t\t\t\t\t\t<div class=\"img-inner dark\" >\n\t\t\t<img loading=\"lazy\" decoding=\"async\" width=\"1\" height=\"1\" src=\"https:\/\/tamngocloi.com\/wp-content\/uploads\/2024\/09\/image-37.svg\" class=\"attachment-large size-large\" alt=\"\" \/>\t\t\t\t\t\t\n\t\t\t\t\t<\/div>\n\t\t\t\t\t\t\t\t\n<style>\n#image_66465894 {\n  width: 50%;\n}\n<\/style>\n\t<\/div>\n\t\n\t\t<\/div>\n\t\t\t\t\t<\/div>\n\n\t\n\n<style>\n#row-351453494 > .col > .col-inner {\n  padding: 0px 0px 0px 0px;\n}\n<\/style>\n<\/div>\n\t\t<\/div>\n\n\t\t\n<style>\n#section_729031944 {\n  padding-top: 60px;\n  padding-bottom: 60px;\n  background-color: rgb(245, 245, 245);\n}\n#section_729031944 .section-bg-overlay {\n  background-color: rgb(255, 255, 255);\n}\n<\/style>\n\t<\/section>\n\t\n<div class=\"row\"  id=\"row-1585068130\">\n\n\t<div id=\"col-1285198044\" class=\"col small-12 large-12\"  >\n\t\t\t\t<div class=\"col-inner text-left\"  >\n\t\t\t\n\t\t\t\n<h1 class=\"lead\" data-padding=\"400px\"><strong>Main products SMC<\/strong><\/h1>\n\t<div id=\"gap-351779132\" class=\"gap-element clearfix\" style=\"display:block; height:auto;\">\n\t\t\n<style>\n#gap-351779132 {\n  padding-top: 80px;\n}\n<\/style>\n\t<\/div>\n\t\n<div class=\"row align-center\"  id=\"row-1859445263\">\n\n\t<div id=\"col-1739704308\" class=\"col medium-4 small-12 large-4\"  >\n\t\t\t\t<div class=\"col-inner text-center\"  >\n\t\t\t\n\t<div class=\"is-border\"\n\t\tstyle=\"border-width:2px 2px 2px 2px;margin:0px 0px 0px 0px;\">\n\t<\/div>\n\t\t\t\n\t<div id=\"gap-1159451093\" class=\"gap-element clearfix\" style=\"display:block; height:auto;\">\n\t\t\n<style>\n#gap-1159451093 {\n  padding-top: 5px;\n}\n<\/style>\n\t<\/div>\n\t\n\t<div class=\"img has-hover remove_bottom_margin x md-x lg-x y md-y lg-y\" id=\"image_1246702344\">\n\t\t\t\t\t\t\t\t<div class=\"img-inner dark\" style=\"margin:0px 0px 0px 0px;\">\n\t\t\t<img loading=\"lazy\" decoding=\"async\" width=\"1\" height=\"1\" src=\"https:\/\/tamngocloi.com\/wp-content\/uploads\/2024\/10\/image-39-2.svg\" class=\"attachment-large size-large\" alt=\"\" \/>\t\t\t\t\t\t\n\t\t\t\t\t<\/div>\n\t\t\t\t\t\t\t\t\n<style>\n#image_1246702344 {\n  width: 95%;\n}\n<\/style>\n\t<\/div>\n\t\n\t<div id=\"text-3675401711\" class=\"text title_image_color\">\n\t\t\n<p style=\"text-align: center;\"><span style=\"color: #000000; background-color: #f9f9f9;\"><strong><span style=\"font-size: 100%; background-color: #f9f9f9;\">Xi Lanh Kh\u00ed N\u00e9n SMC<\/span><\/strong><\/span><\/p>\n\t\t\t<\/div>\n\t\n\t\t<\/div>\n\t\t\t\t\n<style>\n#col-1739704308 > .col-inner {\n  padding: 0px 0px 0px 0px;\n  margin: 0px 0px 0px 0px;\n}\n<\/style>\n\t<\/div>\n\n\t\n\n\t<div id=\"col-781265741\" class=\"col medium-4 small-12 large-4\"  >\n\t\t\t\t<div class=\"col-inner text-center\"  >\n\t\t\t\n\t<div class=\"is-border\"\n\t\tstyle=\"border-width:2px 2px 2px 2px;margin:0px 0px 0px 0px;\">\n\t<\/div>\n\t\t\t\n\t<div id=\"gap-382440503\" class=\"gap-element clearfix\" style=\"display:block; height:auto;\">\n\t\t\n<style>\n#gap-382440503 {\n  padding-top: 5px;\n}\n<\/style>\n\t<\/div>\n\t\n\t<div class=\"img has-hover remove_bottom_margin x md-x lg-x y md-y lg-y\" id=\"image_682629352\">\n\t\t\t\t\t\t\t\t<div class=\"img-inner dark\" style=\"margin:0px 0px 0px 0px;\">\n\t\t\t<img loading=\"lazy\" decoding=\"async\" width=\"1\" height=\"1\" src=\"https:\/\/tamngocloi.com\/wp-content\/uploads\/2024\/10\/image-160-2.svg\" class=\"attachment-large size-large\" alt=\"\" \/>\t\t\t\t\t\t\n\t\t\t\t\t<\/div>\n\t\t\t\t\t\t\t\t\n<style>\n#image_682629352 {\n  width: 95%;\n}\n<\/style>\n\t<\/div>\n\t\n\t<div id=\"text-1877141519\" class=\"text title_image_color\">\n\t\t\n<p style=\"text-align: center;\"><span style=\"color: #000000; background-color: #f9f9f9;\"><strong><span style=\"font-size: 100%; background-color: #f9f9f9;\">Xi Lanh Kh\u00ed N\u00e9n SMC<\/span><\/strong><\/span><\/p>\n\t\t\t<\/div>\n\t\n\t\t<\/div>\n\t\t\t\t\n<style>\n#col-781265741 > .col-inner {\n  padding: 0px 0px 0px 0px;\n  margin: 0px 0px 0px 0px;\n}\n<\/style>\n\t<\/div>\n\n\t\n\n\t<div id=\"col-912624969\" class=\"col medium-4 small-12 large-4\"  >\n\t\t\t\t<div class=\"col-inner text-center\"  >\n\t\t\t\n\t<div class=\"is-border\"\n\t\tstyle=\"border-width:2px 2px 2px 2px;margin:0px 0px 0px 0px;\">\n\t<\/div>\n\t\t\t\n\t<div id=\"gap-223325812\" class=\"gap-element clearfix\" style=\"display:block; height:auto;\">\n\t\t\n<style>\n#gap-223325812 {\n  padding-top: 5px;\n}\n<\/style>\n\t<\/div>\n\t\n\t<div class=\"img has-hover remove_bottom_margin x md-x lg-x y md-y lg-y\" id=\"image_653839949\">\n\t\t\t\t\t\t\t\t<div class=\"img-inner dark\" style=\"margin:0px 0px 0px 0px;\">\n\t\t\t<img loading=\"lazy\" decoding=\"async\" width=\"1\" height=\"1\" src=\"https:\/\/tamngocloi.com\/wp-content\/uploads\/2024\/10\/image-42-1-1.svg\" class=\"attachment-large size-large\" alt=\"\" \/>\t\t\t\t\t\t\n\t\t\t\t\t<\/div>\n\t\t\t\t\t\t\t\t\n<style>\n#image_653839949 {\n  width: 95%;\n}\n<\/style>\n\t<\/div>\n\t\n\t<div id=\"text-3325019538\" class=\"text title_image_color\">\n\t\t\n<p style=\"text-align: center;\"><span style=\"color: #000000; background-color: #f9f9f9;\"><strong><span style=\"font-size: 100%; background-color: #f9f9f9;\">Kh\u1edbp N\u1ed1i Nhanh<\/span><\/strong><\/span><\/p>\n\t\t\t<\/div>\n\t\n\t\t<\/div>\n\t\t\t\t\n<style>\n#col-912624969 > .col-inner {\n  padding: 0px 0px 0px 0px;\n  margin: 0px 0px 0px 0px;\n}\n<\/style>\n\t<\/div>\n\n\t\n\n<style>\n#row-1859445263 > .col > .col-inner {\n  padding: 0px 0px 0px 0px;\n}\n<\/style>\n<\/div>\n\t<div id=\"gap-1171233609\" class=\"gap-element clearfix\" style=\"display:block; height:auto;\">\n\t\t\n<style>\n#gap-1171233609 {\n  padding-top: 0px;\n}\n@media (min-width:550px) {\n  #gap-1171233609 {\n    padding-top: 60px;\n  }\n}\n<\/style>\n\t<\/div>\n\t\n<div class=\"row align-center\"  id=\"row-1234183899\">\n\n\t<div id=\"col-1549805074\" class=\"col medium-4 small-12 large-4\"  >\n\t\t\t\t<div class=\"col-inner text-center\"  >\n\t\t\t\n\t<div class=\"is-border\"\n\t\tstyle=\"border-width:2px 2px 2px 2px;margin:0px 0px 0px 0px;\">\n\t<\/div>\n\t\t\t\n\t<div id=\"gap-1291811503\" class=\"gap-element clearfix\" style=\"display:block; height:auto;\">\n\t\t\n<style>\n#gap-1291811503 {\n  padding-top: 5px;\n}\n<\/style>\n\t<\/div>\n\t\n\t<div class=\"img has-hover remove_bottom_margin x md-x lg-x y md-y lg-y\" id=\"image_62844972\">\n\t\t\t\t\t\t\t\t<div class=\"img-inner dark\" style=\"margin:0px 0px 0px 0px;\">\n\t\t\t<img loading=\"lazy\" decoding=\"async\" width=\"1\" height=\"1\" src=\"https:\/\/tamngocloi.com\/wp-content\/uploads\/2024\/10\/image-40-2.svg\" class=\"attachment-large size-large\" alt=\"\" \/>\t\t\t\t\t\t\n\t\t\t\t\t<\/div>\n\t\t\t\t\t\t\t\t\n<style>\n#image_62844972 {\n  width: 95%;\n}\n<\/style>\n\t<\/div>\n\t\n\t<div id=\"text-2110245962\" class=\"text title_image_color\">\n\t\t\n<p style=\"text-align: center;\"><span style=\"color: #000000; background-color: #f9f9f9;\"><strong><span style=\"font-size: 100%; background-color: #f9f9f9;\">B\u1ed9 L\u1ecdc Kh\u00ed SMC<\/span><\/strong><\/span><\/p>\n\t\t\t<\/div>\n\t\n\t\t<\/div>\n\t\t\t\t\n<style>\n#col-1549805074 > .col-inner {\n  padding: 0px 0px 0px 0px;\n  margin: 0px 0px 0px 0px;\n}\n<\/style>\n\t<\/div>\n\n\t\n\n\t<div id=\"col-632505603\" class=\"col medium-4 small-12 large-4\"  >\n\t\t\t\t<div class=\"col-inner text-center\"  >\n\t\t\t\n\t<div class=\"is-border\"\n\t\tstyle=\"border-width:2px 2px 2px 2px;margin:0px 0px 0px 0px;\">\n\t<\/div>\n\t\t\t\n\t<div id=\"gap-1039097498\" class=\"gap-element clearfix\" style=\"display:block; height:auto;\">\n\t\t\n<style>\n#gap-1039097498 {\n  padding-top: 5px;\n}\n<\/style>\n\t<\/div>\n\t\n\t<div class=\"img has-hover remove_bottom_margin x md-x lg-x y md-y lg-y\" id=\"image_34272192\">\n\t\t\t\t\t\t\t\t<div class=\"img-inner dark\" style=\"margin:0px 0px 0px 0px;\">\n\t\t\t<img loading=\"lazy\" decoding=\"async\" width=\"1\" height=\"1\" src=\"https:\/\/tamngocloi.com\/wp-content\/uploads\/2024\/10\/image-41-2.svg\" class=\"attachment-large size-large\" alt=\"\" \/>\t\t\t\t\t\t\n\t\t\t\t\t<\/div>\n\t\t\t\t\t\t\t\t\n<style>\n#image_34272192 {\n  width: 95%;\n}\n<\/style>\n\t<\/div>\n\t\n\t<div id=\"text-1171886179\" class=\"text title_image_color\">\n\t\t\n<p style=\"text-align: center;\"><span style=\"color: #000000; background-color: #f9f9f9;\"><strong><span style=\"font-size: 100%; background-color: #f9f9f9;\">B\u1ed9 L\u1ecdc Kh\u00ed SMC<\/span><\/strong><\/span><\/p>\n\t\t\t<\/div>\n\t\n\t\t<\/div>\n\t\t\t\t\n<style>\n#col-632505603 > .col-inner {\n  padding: 0px 0px 0px 0px;\n  margin: 0px 0px 0px 0px;\n}\n<\/style>\n\t<\/div>\n\n\t\n\n\t<div id=\"col-229292774\" class=\"col medium-4 small-12 large-4\"  >\n\t\t\t\t<div class=\"col-inner text-center\"  >\n\t\t\t\n\t<div class=\"is-border\"\n\t\tstyle=\"border-width:2px 2px 2px 2px;margin:0px 0px 0px 0px;\">\n\t<\/div>\n\t\t\t\n\t<div id=\"gap-1691463516\" class=\"gap-element clearfix\" style=\"display:block; height:auto;\">\n\t\t\n<style>\n#gap-1691463516 {\n  padding-top: 5px;\n}\n<\/style>\n\t<\/div>\n\t\n\t<div class=\"img has-hover remove_bottom_margin x md-x lg-x y md-y lg-y\" id=\"image_606725481\">\n\t\t\t\t\t\t\t\t<div class=\"img-inner dark\" style=\"margin:0px 0px 0px 0px;\">\n\t\t\t<img loading=\"lazy\" decoding=\"async\" width=\"1\" height=\"1\" src=\"https:\/\/tamngocloi.com\/wp-content\/uploads\/2024\/10\/image-43-1.svg\" class=\"attachment-large size-large\" alt=\"\" \/>\t\t\t\t\t\t\n\t\t\t\t\t<\/div>\n\t\t\t\t\t\t\t\t\n<style>\n#image_606725481 {\n  width: 95%;\n}\n<\/style>\n\t<\/div>\n\t\n\t<div id=\"text-2172566654\" class=\"text title_image_color\">\n\t\t\n<p style=\"text-align: center;\"><span style=\"color: #000000; background-color: #f9f9f9;\"><strong><span style=\"font-size: 100%; background-color: #f9f9f9;\">\u1ed0ng Kh\u00ed<\/span><\/strong><\/span><\/p>\n\t\t\t<\/div>\n\t\n\t\t<\/div>\n\t\t\t\t\n<style>\n#col-229292774 > .col-inner {\n  padding: 0px 0px 0px 0px;\n  margin: 0px 0px 0px 0px;\n}\n<\/style>\n\t<\/div>\n\n\t\n\n<style>\n#row-1234183899 > .col > .col-inner {\n  padding: 0px 0px 0px 0px;\n}\n<\/style>\n<\/div>\n\t<div id=\"gap-1495003376\" class=\"gap-element clearfix\" style=\"display:block; height:auto;\">\n\t\t\n<style>\n#gap-1495003376 {\n  padding-top: 0px;\n}\n@media (min-width:550px) {\n  #gap-1495003376 {\n    padding-top: 60px;\n  }\n}\n<\/style>\n\t<\/div>\n\t\n<div class=\"row align-center\"  id=\"row-1254719448\">\n\n\t<div id=\"col-1595313657\" class=\"col medium-4 small-12 large-4\"  >\n\t\t\t\t<div class=\"col-inner text-center\"  >\n\t\t\t\n\t<div class=\"is-border\"\n\t\tstyle=\"border-width:2px 2px 2px 2px;margin:0px 0px 0px 0px;\">\n\t<\/div>\n\t\t\t\n\t<div id=\"gap-562286112\" class=\"gap-element clearfix\" style=\"display:block; height:auto;\">\n\t\t\n<style>\n#gap-562286112 {\n  padding-top: 5px;\n}\n<\/style>\n\t<\/div>\n\t\n\t<div class=\"img has-hover remove_bottom_margin x md-x lg-x y md-y lg-y\" id=\"image_429974515\">\n\t\t\t\t\t\t\t\t<div class=\"img-inner dark\" style=\"margin:0px 0px 0px 0px;\">\n\t\t\t<img loading=\"lazy\" decoding=\"async\" width=\"1\" height=\"1\" src=\"https:\/\/tamngocloi.com\/wp-content\/uploads\/2024\/10\/image-44-1.svg\" class=\"attachment-large size-large\" alt=\"\" \/>\t\t\t\t\t\t\n\t\t\t\t\t<\/div>\n\t\t\t\t\t\t\t\t\n<style>\n#image_429974515 {\n  width: 95%;\n}\n<\/style>\n\t<\/div>\n\t\n\t<div id=\"text-4044368552\" class=\"text title_image_color\">\n\t\t\n<p style=\"text-align: center;\"><span style=\"color: #000000; background-color: #f9f9f9;\"><strong><span style=\"font-size: 100%; background-color: #f9f9f9;\">Van \u0111i\u1ec7n t\u1eeb<\/span><\/strong><\/span><\/p>\n\t\t\t<\/div>\n\t\n\t\t<\/div>\n\t\t\t\t\n<style>\n#col-1595313657 > .col-inner {\n  padding: 0px 0px 0px 0px;\n  margin: 0px 0px 0px 0px;\n}\n<\/style>\n\t<\/div>\n\n\t\n\n\t<div id=\"col-987989490\" class=\"col medium-4 small-12 large-4\"  >\n\t\t\t\t<div class=\"col-inner text-center\"  >\n\t\t\t\n\t<div class=\"is-border\"\n\t\tstyle=\"border-width:2px 2px 2px 2px;margin:0px 0px 0px 0px;\">\n\t<\/div>\n\t\t\t\n\t<div id=\"gap-1917717695\" class=\"gap-element clearfix\" style=\"display:block; height:auto;\">\n\t\t\n<style>\n#gap-1917717695 {\n  padding-top: 5px;\n}\n<\/style>\n\t<\/div>\n\t\n\t<div class=\"img has-hover remove_bottom_margin x md-x lg-x y md-y lg-y\" id=\"image_1861475290\">\n\t\t\t\t\t\t\t\t<div class=\"img-inner dark\" style=\"margin:0px 0px 0px 0px;\">\n\t\t\t<img loading=\"lazy\" decoding=\"async\" width=\"517\" height=\"416\" src=\"https:\/\/tamngocloi.com\/wp-content\/uploads\/2024\/10\/image-45-1-1.png\" class=\"attachment-large size-large\" alt=\"\" srcset=\"https:\/\/tamngocloi.com\/wp-content\/uploads\/2024\/10\/image-45-1-1.png 517w, https:\/\/tamngocloi.com\/wp-content\/uploads\/2024\/10\/image-45-1-1-497x400.png 497w, https:\/\/tamngocloi.com\/wp-content\/uploads\/2024\/10\/image-45-1-1-15x12.png 15w\" sizes=\"auto, (max-width: 517px) 100vw, 517px\" \/>\t\t\t\t\t\t\n\t\t\t\t\t<\/div>\n\t\t\t\t\t\t\t\t\n<style>\n#image_1861475290 {\n  width: 95%;\n}\n<\/style>\n\t<\/div>\n\t\n\t<div id=\"text-412048408\" class=\"text title_image_color\">\n\t\t\n<p style=\"text-align: center;\"><span style=\"color: #000000; background-color: #f9f9f9;\"><strong><span style=\"font-size: 100%; background-color: #f9f9f9;\">\u0110\u1ed3ng h\u1ed3 \u00e1p su\u1ea5t<\/span><\/strong><\/span><\/p>\n\t\t\t<\/div>\n\t\n\t\t<\/div>\n\t\t\t\t\n<style>\n#col-987989490 > .col-inner {\n  padding: 0px 0px 0px 0px;\n  margin: 0px 0px 0px 0px;\n}\n<\/style>\n\t<\/div>\n\n\t\n\n\t<div id=\"col-1813676638\" class=\"col medium-4 small-12 large-4\"  >\n\t\t\t\t<div class=\"col-inner text-center\"  >\n\t\t\t\n\t<div class=\"is-border\"\n\t\tstyle=\"border-width:2px 2px 2px 2px;margin:0px 0px 0px 0px;\">\n\t<\/div>\n\t\t\t\n\t<div id=\"gap-1549598271\" class=\"gap-element clearfix\" style=\"display:block; height:auto;\">\n\t\t\n<style>\n#gap-1549598271 {\n  padding-top: 5px;\n}\n<\/style>\n\t<\/div>\n\t\n\t<div class=\"img has-hover remove_bottom_margin x md-x lg-x y md-y lg-y\" id=\"image_68012614\">\n\t\t\t\t\t\t\t\t<div class=\"img-inner dark\" style=\"margin:0px 0px 0px 0px;\">\n\t\t\t<img loading=\"lazy\" decoding=\"async\" width=\"1\" height=\"1\" src=\"https:\/\/tamngocloi.com\/wp-content\/uploads\/2024\/10\/image-46-1.svg\" class=\"attachment-large size-large\" alt=\"\" \/>\t\t\t\t\t\t\n\t\t\t\t\t<\/div>\n\t\t\t\t\t\t\t\t\n<style>\n#image_68012614 {\n  width: 95%;\n}\n<\/style>\n\t<\/div>\n\t\n\t<div id=\"text-3237919914\" class=\"text title_image_color\">\n\t\t\n<p style=\"text-align: center;\"><span style=\"color: #000000; background-color: #f9f9f9;\"><strong><span style=\"font-size: 100%; background-color: #f9f9f9;\">B\u1ed9 h\u00fat ch\u00e2n kh\u00f4ng (Gi\u00e1c h\u00fat ch\u00e2n kh\u00f4ng)<\/span><\/strong><\/span><\/p>\n\t\t\t<\/div>\n\t\n\t\t<\/div>\n\t\t\t\t\n<style>\n#col-1813676638 > .col-inner {\n  padding: 0px 0px 0px 0px;\n  margin: 0px 0px 0px 0px;\n}\n<\/style>\n\t<\/div>\n\n\t\n\n<style>\n#row-1254719448 > .col > .col-inner {\n  padding: 0px 0px 0px 0px;\n}\n<\/style>\n<\/div>\n\t<div id=\"gap-354382444\" class=\"gap-element clearfix\" style=\"display:block; height:auto;\">\n\t\t\n<style>\n#gap-354382444 {\n  padding-top: 0px;\n}\n@media (min-width:550px) {\n  #gap-354382444 {\n    padding-top: 60px;\n  }\n}\n<\/style>\n\t<\/div>\n\t\n<div class=\"row\"  id=\"row-1904543877\">\n\n\t<div id=\"col-1292157228\" class=\"col medium-4 small-12 large-4\"  >\n\t\t\t\t<div class=\"col-inner text-center\"  >\n\t\t\t\n\t<div class=\"is-border\"\n\t\tstyle=\"border-width:2px 2px 2px 2px;margin:0px 0px 0px 0px;\">\n\t<\/div>\n\t\t\t\n\t<div id=\"gap-1818537289\" class=\"gap-element clearfix\" style=\"display:block; height:auto;\">\n\t\t\n<style>\n#gap-1818537289 {\n  padding-top: 5px;\n}\n<\/style>\n\t<\/div>\n\t\n\t<div class=\"img has-hover remove_bottom_margin x md-x lg-x y md-y lg-y\" id=\"image_791433345\">\n\t\t\t\t\t\t\t\t<div class=\"img-inner dark\" style=\"margin:0px 0px 0px 0px;\">\n\t\t\t<img loading=\"lazy\" decoding=\"async\" width=\"1\" height=\"1\" src=\"https:\/\/tamngocloi.com\/wp-content\/uploads\/2024\/10\/image-47-1.svg\" class=\"attachment-large size-large\" alt=\"\" \/>\t\t\t\t\t\t\n\t\t\t\t\t<\/div>\n\t\t\t\t\t\t\t\t\n<style>\n#image_791433345 {\n  width: 95%;\n}\n<\/style>\n\t<\/div>\n\t\n\t<div id=\"text-338530804\" class=\"text title_image_color\">\n\t\t\n<p style=\"text-align: center;\"><span style=\"color: #000000; background-color: #f9f9f9;\"><strong><span style=\"font-size: 100%; background-color: #f9f9f9;\">C\u1ea3m bi\u1ebfn<\/span><\/strong><\/span><\/p>\n\t\t\t<\/div>\n\t\n\t\t<\/div>\n\t\t\t\t\n<style>\n#col-1292157228 > .col-inner {\n  padding: 0px 0px 0px 0px;\n  margin: 0px 0px 0px 0px;\n}\n<\/style>\n\t<\/div>\n\n\t\n\n\t<div id=\"col-1735349992\" class=\"col medium-4 small-12 large-4\"  >\n\t\t\t\t<div class=\"col-inner text-center\"  >\n\t\t\t\n\t<div class=\"is-border\"\n\t\tstyle=\"border-width:2px 2px 2px 2px;margin:0px 0px 0px 0px;\">\n\t<\/div>\n\t\t\t\n\t<div id=\"gap-734531825\" class=\"gap-element clearfix\" style=\"display:block; height:auto;\">\n\t\t\n<style>\n#gap-734531825 {\n  padding-top: 5px;\n}\n<\/style>\n\t<\/div>\n\t\n\t<div class=\"img has-hover remove_bottom_margin x md-x lg-x y md-y lg-y\" id=\"image_350701072\">\n\t\t\t\t\t\t\t\t<div class=\"img-inner dark\" style=\"margin:0px 0px 0px 0px;\">\n\t\t\t<img loading=\"lazy\" decoding=\"async\" width=\"1\" height=\"1\" src=\"https:\/\/tamngocloi.com\/wp-content\/uploads\/2024\/10\/image-48-1.svg\" class=\"attachment-large size-large\" alt=\"\" \/>\t\t\t\t\t\t\n\t\t\t\t\t<\/div>\n\t\t\t\t\t\t\t\t\n<style>\n#image_350701072 {\n  width: 95%;\n}\n<\/style>\n\t<\/div>\n\t\n\t<div id=\"text-2294163619\" class=\"text title_image_color\">\n\t\t\n<p style=\"text-align: center;\"><span style=\"color: #000000; background-color: #f9f9f9;\"><strong><span style=\"font-size: 100%; background-color: #f9f9f9;\">M\u00e1y s\u1ea5y kh\u00ed<\/span><\/strong><\/span><\/p>\n\t\t\t<\/div>\n\t\n\t\t<\/div>\n\t\t\t\t\n<style>\n#col-1735349992 > .col-inner {\n  padding: 0px 0px 0px 0px;\n  margin: 0px 0px 0px 0px;\n}\n<\/style>\n\t<\/div>\n\n\t\n\n<style>\n#row-1904543877 > .col > .col-inner {\n  padding: 0px 0px 0px 0px;\n}\n<\/style>\n<\/div>\n\t\t<\/div>\n\t\t\t\t\t<\/div>\n\n\t\n<\/div>","protected":false},"excerpt":{"rendered":"","protected":false},"author":1,"featured_media":0,"parent":0,"menu_order":0,"comment_status":"closed","ping_status":"closed","template":"","meta":{"footnotes":""},"class_list":["post-1730","page","type-page","status-publish","hentry"],"yoast_head":"<!-- This site is optimized with the Yoast SEO plugin v25.3 - https:\/\/yoast.com\/wordpress\/plugins\/seo\/ -->\n<title>SMC - TNL Company Limited<\/title>\n<meta name=\"robots\" content=\"index, follow, max-snippet:-1, max-image-preview:large, max-video-preview:-1\" \/>\n<link rel=\"canonical\" href=\"https:\/\/tamngocloi.com\/vi\/smc\/\" \/>\n<meta property=\"og:locale\" content=\"vi_VN\" \/>\n<meta property=\"og:type\" content=\"article\" \/>\n<meta property=\"og:title\" content=\"SMC - TNL Company Limited\" \/>\n<meta property=\"og:url\" content=\"https:\/\/tamngocloi.com\/vi\/smc\/\" \/>\n<meta property=\"og:site_name\" content=\"TNL Company Limited\" \/>\n<meta property=\"article:modified_time\" content=\"2024-10-04T14:46:02+00:00\" \/>\n<meta name=\"twitter:card\" content=\"summary_large_image\" \/>\n<meta name=\"twitter:label1\" content=\"\u01af\u1edbc t\u00ednh th\u1eddi gian \u0111\u1ecdc\" \/>\n\t<meta name=\"twitter:data1\" content=\"4 ph\u00fat\" \/>\n<script type=\"application\/ld+json\" class=\"yoast-schema-graph\">{\"@context\":\"https:\/\/schema.org\",\"@graph\":[{\"@type\":\"WebPage\",\"@id\":\"https:\/\/tamngocloi.com\/smc\/\",\"url\":\"https:\/\/tamngocloi.com\/smc\/\",\"name\":\"SMC - TNL Company Limited\",\"isPartOf\":{\"@id\":\"https:\/\/tamngocloi.com\/#website\"},\"datePublished\":\"2024-09-07T09:43:59+00:00\",\"dateModified\":\"2024-10-04T14:46:02+00:00\",\"breadcrumb\":{\"@id\":\"https:\/\/tamngocloi.com\/smc\/#breadcrumb\"},\"inLanguage\":\"vi\",\"potentialAction\":[{\"@type\":\"ReadAction\",\"target\":[\"https:\/\/tamngocloi.com\/smc\/\"]}]},{\"@type\":\"BreadcrumbList\",\"@id\":\"https:\/\/tamngocloi.com\/smc\/#breadcrumb\",\"itemListElement\":[{\"@type\":\"ListItem\",\"position\":1,\"name\":\"Home\",\"item\":\"https:\/\/tamngocloi.com\/\"},{\"@type\":\"ListItem\",\"position\":2,\"name\":\"SMC\"}]},{\"@type\":\"WebSite\",\"@id\":\"https:\/\/tamngocloi.com\/#website\",\"url\":\"https:\/\/tamngocloi.com\/\",\"name\":\"TNL Company Limited\",\"description\":\"\",\"publisher\":{\"@id\":\"https:\/\/tamngocloi.com\/#organization\"},\"potentialAction\":[{\"@type\":\"SearchAction\",\"target\":{\"@type\":\"EntryPoint\",\"urlTemplate\":\"https:\/\/tamngocloi.com\/?s={search_term_string}\"},\"query-input\":{\"@type\":\"PropertyValueSpecification\",\"valueRequired\":true,\"valueName\":\"search_term_string\"}}],\"inLanguage\":\"vi\"},{\"@type\":\"Organization\",\"@id\":\"https:\/\/tamngocloi.com\/#organization\",\"name\":\"TNL Company Limited\",\"url\":\"https:\/\/tamngocloi.com\/\",\"logo\":{\"@type\":\"ImageObject\",\"inLanguage\":\"vi\",\"@id\":\"https:\/\/tamngocloi.com\/#\/schema\/logo\/image\/\",\"url\":\"https:\/\/tamngocloi.com\/wp-content\/uploads\/2024\/09\/download-removebg-preview.png\",\"contentUrl\":\"https:\/\/tamngocloi.com\/wp-content\/uploads\/2024\/09\/download-removebg-preview.png\",\"width\":570,\"height\":438,\"caption\":\"TNL Company Limited\"},\"image\":{\"@id\":\"https:\/\/tamngocloi.com\/#\/schema\/logo\/image\/\"}}]}<\/script>\n<!-- \/ Yoast SEO plugin. -->","yoast_head_json":{"title":"SMC - TNL Company Limited","robots":{"index":"index","follow":"follow","max-snippet":"max-snippet:-1","max-image-preview":"max-image-preview:large","max-video-preview":"max-video-preview:-1"},"canonical":"https:\/\/tamngocloi.com\/vi\/smc\/","og_locale":"vi_VN","og_type":"article","og_title":"SMC - TNL Company Limited","og_url":"https:\/\/tamngocloi.com\/vi\/smc\/","og_site_name":"TNL Company Limited","article_modified_time":"2024-10-04T14:46:02+00:00","twitter_card":"summary_large_image","twitter_misc":{"\u01af\u1edbc t\u00ednh th\u1eddi gian \u0111\u1ecdc":"4 ph\u00fat"},"schema":{"@context":"https:\/\/schema.org","@graph":[{"@type":"WebPage","@id":"https:\/\/tamngocloi.com\/smc\/","url":"https:\/\/tamngocloi.com\/smc\/","name":"SMC - TNL Company Limited","isPartOf":{"@id":"https:\/\/tamngocloi.com\/#website"},"datePublished":"2024-09-07T09:43:59+00:00","dateModified":"2024-10-04T14:46:02+00:00","breadcrumb":{"@id":"https:\/\/tamngocloi.com\/smc\/#breadcrumb"},"inLanguage":"vi","potentialAction":[{"@type":"ReadAction","target":["https:\/\/tamngocloi.com\/smc\/"]}]},{"@type":"BreadcrumbList","@id":"https:\/\/tamngocloi.com\/smc\/#breadcrumb","itemListElement":[{"@type":"ListItem","position":1,"name":"Home","item":"https:\/\/tamngocloi.com\/"},{"@type":"ListItem","position":2,"name":"SMC"}]},{"@type":"WebSite","@id":"https:\/\/tamngocloi.com\/#website","url":"https:\/\/tamngocloi.com\/","name":"TNL Company Limited","description":"","publisher":{"@id":"https:\/\/tamngocloi.com\/#organization"},"potentialAction":[{"@type":"SearchAction","target":{"@type":"EntryPoint","urlTemplate":"https:\/\/tamngocloi.com\/?s={search_term_string}"},"query-input":{"@type":"PropertyValueSpecification","valueRequired":true,"valueName":"search_term_string"}}],"inLanguage":"vi"},{"@type":"Organization","@id":"https:\/\/tamngocloi.com\/#organization","name":"TNL Company Limited","url":"https:\/\/tamngocloi.com\/","logo":{"@type":"ImageObject","inLanguage":"vi","@id":"https:\/\/tamngocloi.com\/#\/schema\/logo\/image\/","url":"https:\/\/tamngocloi.com\/wp-content\/uploads\/2024\/09\/download-removebg-preview.png","contentUrl":"https:\/\/tamngocloi.com\/wp-content\/uploads\/2024\/09\/download-removebg-preview.png","width":570,"height":438,"caption":"TNL Company Limited"},"image":{"@id":"https:\/\/tamngocloi.com\/#\/schema\/logo\/image\/"}}]}},"_links":{"self":[{"href":"https:\/\/tamngocloi.com\/vi\/wp-json\/wp\/v2\/pages\/1730","targetHints":{"allow":["GET"]}}],"collection":[{"href":"https:\/\/tamngocloi.com\/vi\/wp-json\/wp\/v2\/pages"}],"about":[{"href":"https:\/\/tamngocloi.com\/vi\/wp-json\/wp\/v2\/types\/page"}],"author":[{"embeddable":true,"href":"https:\/\/tamngocloi.com\/vi\/wp-json\/wp\/v2\/users\/1"}],"replies":[{"embeddable":true,"href":"https:\/\/tamngocloi.com\/vi\/wp-json\/wp\/v2\/comments?post=1730"}],"version-history":[{"count":40,"href":"https:\/\/tamngocloi.com\/vi\/wp-json\/wp\/v2\/pages\/1730\/revisions"}],"predecessor-version":[{"id":3947,"href":"https:\/\/tamngocloi.com\/vi\/wp-json\/wp\/v2\/pages\/1730\/revisions\/3947"}],"wp:attachment":[{"href":"https:\/\/tamngocloi.com\/vi\/wp-json\/wp\/v2\/media?parent=1730"}],"curies":[{"name":"wp","href":"https:\/\/api.w.org\/{rel}","templated":true}]}}