{"id":1641,"date":"2024-09-06T08:03:23","date_gmt":"2024-09-06T08:03:23","guid":{"rendered":"https:\/\/tamngocloi.com\/?page_id=1641"},"modified":"2024-10-04T17:07:48","modified_gmt":"2024-10-04T10:07:48","slug":"hawe","status":"publish","type":"page","link":"https:\/\/tamngocloi.com\/vi\/hawe\/","title":{"rendered":"Hawe"},"content":{"rendered":"<section class=\"section\" id=\"section_986539206\">\n\t\t<div class=\"section-bg fill\" >\n\t\t\t\t\t\t\t\t\t<div class=\"section-bg-overlay absolute fill\"><\/div>\n\t\t\t\n\n\t\t<\/div>\n\n\t\t\n\n\t\t<div class=\"section-content relative\">\n\t\t\t\n<div class=\"row align-center\"  id=\"row-684471997\">\n\n\t<div id=\"col-1026041872\" class=\"col medium-10 small-12 large-10\"  >\n\t\t\t\t<div class=\"col-inner text-center\"  >\n\t\t\t\n\t\t\t\n\t<div class=\"img has-hover x md-x lg-x y md-y lg-y\" id=\"image_1760627659\">\n\t\t\t\t\t\t\t\t<div class=\"img-inner dark\" >\n\t\t\t<img loading=\"lazy\" decoding=\"async\" width=\"1\" height=\"1\" src=\"https:\/\/tamngocloi.com\/wp-content\/uploads\/2024\/09\/image-19-2.svg\" class=\"attachment-large size-large\" alt=\"\" \/>\t\t\t\t\t\t\n\t\t\t\t\t<\/div>\n\t\t\t\t\t\t\t\t\n<style>\n#image_1760627659 {\n  width: 41%;\n}\n<\/style>\n\t<\/div>\n\t\n\t\t<\/div>\n\t\t\t\t\t<\/div>\n\n\t\n\n<style>\n#row-684471997 > .col > .col-inner {\n  padding: 0px 0px 0px 0px;\n}\n<\/style>\n<\/div>\n\t\t<\/div>\n\n\t\t\n<style>\n#section_986539206 {\n  padding-top: 80px;\n  padding-bottom: 80px;\n  background-color: rgb(245, 245, 245);\n}\n#section_986539206 .section-bg-overlay {\n  background-color: rgb(255, 255, 255);\n}\n<\/style>\n\t<\/section>\n\t\n<div class=\"row\"  id=\"row-179136972\">\n\n\t<div id=\"col-1581978709\" class=\"col small-12 large-12\"  >\n\t\t\t\t<div class=\"col-inner text-left\"  >\n\t\t\t\n\t\t\t\n<h1 class=\"lead\" data-padding=\"400px\"><span style=\"font-size: 100%;\"><strong>C\u00e1c s\u1ea3n ph\u1ea9m ch\u00ednh Hawe<\/strong><\/span><\/h1>\n<div class=\"row\"  id=\"row-2098076818\">\n\n\t<div id=\"col-310576045\" class=\"col small-12 large-12\"  >\n\t\t\t\t<div class=\"col-inner\"  >\n\t\t\t\n\t\t\t\n<p><span style=\"font-size: 120%;\">B\u01a1m Th\u1ee7y L\u1ef1c Hawe: \u0110\u01b0\u1ee3c thi\u1ebft k\u1ebf v\u1edbi \u0111\u1ed9 b\u1ec1n cao, hi\u1ec7u su\u1ea5t \u1ed5n \u0111\u1ecbnh v\u00e0 d\u1ec5 d\u00e0ng b\u1ea3o tr\u00ec, b\u01a1m th\u1ee7y l\u1ef1c Hawe l\u00e0 l\u1ef1a ch\u1ecdn h\u00e0ng \u0111\u1ea7u cho c\u00e1c h\u1ec7 th\u1ed1ng th\u1ee7y l\u1ef1c hi\u1ec7n \u0111\u1ea1i.<\/span><\/p>\n\t\t<\/div>\n\t\t\t\t\t<\/div>\n\n\t\n\n<style>\n#row-2098076818 > .col > .col-inner {\n  padding: 20px 0px 0px 40px;\n}\n<\/style>\n<\/div>\n<div class=\"row align-center\"  id=\"row-494718436\">\n\n\t<div id=\"col-1182567499\" class=\"col medium-10 small-12 large-10\"  >\n\t\t\t\t<div class=\"col-inner text-center\"  >\n\t\t\t\n\t\t\t\n\t<div class=\"img has-hover x md-x lg-x y md-y lg-y\" id=\"image_845459688\">\n\t\t\t\t\t\t\t\t<div class=\"img-inner dark\" >\n\t\t\t<img loading=\"lazy\" decoding=\"async\" width=\"1\" height=\"1\" src=\"https:\/\/tamngocloi.com\/wp-content\/uploads\/2024\/09\/image-8.svg\" class=\"attachment-large size-large\" alt=\"\" \/>\t\t\t\t\t\t\n\t\t\t\t\t<\/div>\n\t\t\t\t\t\t\t\t\n<style>\n#image_845459688 {\n  width: 64%;\n}\n<\/style>\n\t<\/div>\n\t\n<h5><strong><span style=\"font-size: 100%;\">Cung c\u1ea5p Hawe ch\u00ednh h\u00e3ng<\/span><\/strong><\/h5>\n\t\t<\/div>\n\t\t\t\t\t<\/div>\n\n\t\n\n<style>\n#row-494718436 > .col > .col-inner {\n  padding: 40px 0px 50px 0px;\n}\n<\/style>\n<\/div>\n<h2><span style=\"font-size: 90%;\"><strong>1. B\u01a1m piston h\u01b0\u1edbng t\u00e2m<\/strong><\/span><\/h2>\n<div class=\"row\"  id=\"row-1913627230\">\n\n\t<div id=\"col-521139659\" class=\"col small-12 large-12\"  >\n\t\t\t\t<div class=\"col-inner\"  >\n\t\t\t\n\t\t\t\n<p><span style=\"font-size: 120%;\">M\u00e1y b\u01a1m piston h\u01b0\u1edbng t\u00e2m thu\u1ed9c h\u1ecd m\u00e1y b\u01a1m th\u1ee7y l\u1ef1c. Ch\u00fang bao g\u1ed3m c\u00e1c xi lanh b\u01a1m \u0111\u01b0\u1ee3c d\u1eabn \u0111\u1ed9ng b\u1eb1ng van \u0111\u01b0\u1ee3c s\u1eafp x\u1ebfp theo h\u00ecnh sao.<\/span><\/p>\n\t\t<\/div>\n\t\t\t\t\t<\/div>\n\n\t\n\n<style>\n#row-1913627230 > .col > .col-inner {\n  padding: 20px 0px 0px 40px;\n}\n<\/style>\n<\/div>\n<h2><span style=\"font-size: 90%;\"><strong>2. Tr\u1ee5c b\u01a1m p\u00edt-t\u00f4ng<\/strong><\/span><\/h2>\n<div class=\"row\"  id=\"row-1066634093\">\n\n\t<div id=\"col-1487362713\" class=\"col small-12 large-12\"  >\n\t\t\t\t<div class=\"col-inner\"  >\n\t\t\t\n\t\t\t\n<p><span style=\"font-size: 120%;\">B\u01a1m piston h\u01b0\u1edbng tr\u1ee5c c\u00f3 m\u1ed9t s\u1ed1 piston b\u1ed1 tr\u00ed song song v\u1edbi tr\u1ee5c truy\u1ec1n \u0111\u1ed9ng. Ch\u00fang t\u00f4i cung c\u1ea5p ch\u00fang \u1edf d\u1ea1ng d\u1ecbch chuy\u1ec3n thay \u0111\u1ed5i ho\u1eb7c phi\u00ean b\u1ea3n d\u00f2ng ch\u1ea3y kh\u00f4ng \u0111\u1ed5i.<\/span><\/p>\n\t\t<\/div>\n\t\t\t\t\t<\/div>\n\n\t\n\n<style>\n#row-1066634093 > .col > .col-inner {\n  padding: 20px 0px 0px 40px;\n}\n<\/style>\n<\/div>\n<h2><span style=\"font-size: 90%;\"><strong>3. B\u01a1m th\u1ee7y l\u1ef1c kh\u00ed n\u00e9n<\/strong><\/span><\/h2>\n<div class=\"row\"  id=\"row-1819008000\">\n\n\t<div id=\"col-1380217438\" class=\"col small-12 large-12\"  >\n\t\t\t\t<div class=\"col-inner\"  >\n\t\t\t\n\t\t\t\n<p><span style=\"font-size: 120%;\">C\u00e1c \u0111\u01a1n v\u1ecb kh\u00ed n\u00e9n-th\u1ee7y l\u1ef1c l\u00e0 m\u00e1y b\u01a1m p\u00edt-t\u00f4ng v\u1edbi truy\u1ec1n \u0111\u1ed9ng kh\u00ed n\u00e9n v\u00e0 d\u00f2ng ch\u1ea3y lu\u00e2n phi\u00ean. Ch\u00fang ho\u1ea1t \u0111\u1ed9ng d\u1ef1a tr\u00ean nguy\u00ean l\u00fd c\u1ee7a b\u1ed9 nh\u00e2n \u00e1p su\u1ea5t kh\u00ed n\u00e9n chuy\u1ec3n \u0111\u1ed9ng qua l\u1ea1i v\u1edbi \u0111i\u1ec1u khi\u1ec3n \u0111\u1ea3o chi\u1ec1u h\u00e0nh tr\u00ecnh t\u1ef1 \u0111\u1ed9ng.<\/span><\/p>\n\t\t<\/div>\n\t\t\t\t\t<\/div>\n\n\t\n\n<style>\n#row-1819008000 > .col > .col-inner {\n  padding: 20px 0px 0px 40px;\n}\n<\/style>\n<\/div>\n<h2><span style=\"font-size: 90%;\"><strong>4. B\u01a1m tay<\/strong><\/span><\/h2>\n<div class=\"row\"  id=\"row-896729675\">\n\n\t<div id=\"col-1781626368\" class=\"col small-12 large-12\"  >\n\t\t\t\t<div class=\"col-inner\"  >\n\t\t\t\n\t\t\t\n<p><span style=\"font-size: 120%;\">M\u00e1y b\u01a1m tay thu\u1ed9c h\u1ecd m\u00e1y b\u01a1m th\u1ee7y l\u1ef1c. Ch\u00fang cho ph\u00e9p b\u1ea1n t\u1ea1o lu\u1ed3ng theo c\u00e1ch th\u1ee7 c\u00f4ng.<\/span><\/p>\n\t\t<\/div>\n\t\t\t\t\t<\/div>\n\n\t\n\n<style>\n#row-896729675 > .col > .col-inner {\n  padding: 20px 0px 0px 40px;\n}\n<\/style>\n<\/div>\n<h2><span style=\"font-size: 90%;\"><strong>5. Van Th\u1ee7y L\u1ef1c<\/strong><\/span><\/h2>\n<div class=\"row\"  id=\"row-1983933167\">\n\n\t<div id=\"col-288608421\" class=\"col small-12 large-12\"  >\n\t\t\t\t<div class=\"col-inner\"  >\n\t\t\t\n\t\t\t\n<p><span style=\"font-size: 120%;\">Van Hawe n\u1ed5i ti\u1ebfng v\u1edbi kh\u1ea3 n\u0103ng ki\u1ec3m so\u00e1t d\u00f2ng ch\u1ea3y ch\u00ednh x\u00e1c, tu\u1ed5i th\u1ecd cao v\u00e0 hi\u1ec7u su\u1ea5t v\u01b0\u1ee3t tr\u1ed9i.<\/span><\/p>\n\t\t<\/div>\n\t\t\t\t\t<\/div>\n\n\t\n\n<style>\n#row-1983933167 > .col > .col-inner {\n  padding: 20px 0px 0px 40px;\n}\n<\/style>\n<\/div>\n<h2><span style=\"font-size: 90%;\"><strong>6. Xi Lanh Th\u1ee7y L\u1ef1c<\/strong><\/span><\/h2>\n<div class=\"row\"  id=\"row-825739386\">\n\n\t<div id=\"col-431584743\" class=\"col small-12 large-12\"  >\n\t\t\t\t<div class=\"col-inner\"  >\n\t\t\t\n\t\t\t\n<p><span style=\"font-size: 120%;\">\u0110\u01b0\u1ee3c ch\u1ebf t\u1ea1o t\u1eeb v\u1eadt li\u1ec7u ch\u1ea5t l\u01b0\u1ee3ng, xi lanh th\u1ee7y l\u1ef1c Hawe \u0111\u1ea3m b\u1ea3o \u0111\u1ed9 b\u1ec1n v\u00e0 kh\u1ea3 n\u0103ng ho\u1ea1t \u0111\u1ed9ng trong c\u00e1c \u0111i\u1ec1u ki\u1ec7n kh\u1eafc nghi\u1ec7t.<\/span><\/p>\n\t\t<\/div>\n\t\t\t\t\t<\/div>\n\n\t\n\n<style>\n#row-825739386 > .col > .col-inner {\n  padding: 20px 0px 0px 40px;\n}\n<\/style>\n<\/div>\n<h2><span style=\"font-size: 90%;\"><strong>7. Ph\u1ee5 Ki\u1ec7n Th\u1ee7y L\u1ef1c Hawe<\/strong><\/span><\/h2>\n<div class=\"row\"  id=\"row-892261514\">\n\n\t<div id=\"col-2084754307\" class=\"col small-12 large-12\"  >\n\t\t\t\t<div class=\"col-inner\"  >\n\t\t\t\n\t\t\t\n<p><span style=\"font-size: 120%;\">Bao g\u1ed3m c\u00e1c ph\u1ee5 ki\u1ec7n nh\u01b0 b\u1ed9 l\u1ecdc, b\u1ed9 chia, \u1ed1ng th\u1ee7y l\u1ef1c v\u00e0 c\u00e1c thi\u1ebft b\u1ecb ph\u1ee5 tr\u1ee3 kh\u00e1c, \u0111\u1ea3m b\u1ea3o h\u1ec7 th\u1ed1ng th\u1ee7y l\u1ef1c ho\u1ea1t \u0111\u1ed9ng hi\u1ec7u qu\u1ea3 v\u00e0 an to\u00e0n.<\/span><\/p>\n\t\t<\/div>\n\t\t\t\t\t<\/div>\n\n\t\n\n<style>\n#row-892261514 > .col > .col-inner {\n  padding: 20px 0px 0px 40px;\n}\n<\/style>\n<\/div>\n<div class=\"row align-center\"  id=\"row-1381556737\">\n\n\t<div id=\"col-1049619454\" class=\"col medium-10 small-12 large-10\"  >\n\t\t\t\t<div class=\"col-inner text-center\"  >\n\t\t\t\n\t\t\t\n\t<div class=\"img has-hover x md-x lg-x y md-y lg-y\" id=\"image_1871161116\">\n\t\t\t\t\t\t\t\t<div class=\"img-inner dark\" >\n\t\t\t<img loading=\"lazy\" decoding=\"async\" width=\"1\" height=\"1\" src=\"https:\/\/tamngocloi.com\/wp-content\/uploads\/2024\/09\/image-157.svg\" class=\"attachment-medium_large size-medium_large\" alt=\"\" \/>\t\t\t\t\t\t\n\t\t\t\t\t<\/div>\n\t\t\t\t\t\t\t\t\n<style>\n#image_1871161116 {\n  width: 50%;\n}\n<\/style>\n\t<\/div>\n\t\n<h5><strong>Cung c\u1ea5p Hawe ch\u00ednh h\u00e3ng<\/strong><\/h5>\n\t\t<\/div>\n\t\t\t\t\t<\/div>\n\n\t\n\n<style>\n#row-1381556737 > .col > .col-inner {\n  padding: 40px 0px 50px 0px;\n}\n<\/style>\n<\/div>\n\t\t<\/div>\n\t\t\t\t\t<\/div>\n\n\t\n<\/div>","protected":false},"excerpt":{"rendered":"","protected":false},"author":1,"featured_media":0,"parent":0,"menu_order":0,"comment_status":"closed","ping_status":"closed","template":"","meta":{"footnotes":""},"class_list":["post-1641","page","type-page","status-publish","hentry"],"yoast_head":"<!-- This site is optimized with the Yoast SEO plugin v25.3 - https:\/\/yoast.com\/wordpress\/plugins\/seo\/ -->\n<title>Hawe - TNL Company Limited<\/title>\n<meta name=\"robots\" content=\"index, follow, max-snippet:-1, max-image-preview:large, max-video-preview:-1\" \/>\n<link rel=\"canonical\" href=\"https:\/\/tamngocloi.com\/vi\/hawe\/\" \/>\n<meta property=\"og:locale\" content=\"vi_VN\" \/>\n<meta property=\"og:type\" content=\"article\" \/>\n<meta property=\"og:title\" content=\"Hawe - TNL Company Limited\" \/>\n<meta property=\"og:url\" content=\"https:\/\/tamngocloi.com\/vi\/hawe\/\" \/>\n<meta property=\"og:site_name\" content=\"TNL Company Limited\" \/>\n<meta property=\"article:modified_time\" content=\"2024-10-04T10:07:48+00:00\" \/>\n<meta name=\"twitter:card\" content=\"summary_large_image\" \/>\n<meta name=\"twitter:label1\" content=\"\u01af\u1edbc t\u00ednh th\u1eddi gian \u0111\u1ecdc\" \/>\n\t<meta name=\"twitter:data1\" content=\"2 ph\u00fat\" \/>\n<script type=\"application\/ld+json\" class=\"yoast-schema-graph\">{\"@context\":\"https:\/\/schema.org\",\"@graph\":[{\"@type\":\"WebPage\",\"@id\":\"https:\/\/tamngocloi.com\/hawe\/\",\"url\":\"https:\/\/tamngocloi.com\/hawe\/\",\"name\":\"Hawe - TNL Company Limited\",\"isPartOf\":{\"@id\":\"https:\/\/tamngocloi.com\/#website\"},\"datePublished\":\"2024-09-06T08:03:23+00:00\",\"dateModified\":\"2024-10-04T10:07:48+00:00\",\"breadcrumb\":{\"@id\":\"https:\/\/tamngocloi.com\/hawe\/#breadcrumb\"},\"inLanguage\":\"vi\",\"potentialAction\":[{\"@type\":\"ReadAction\",\"target\":[\"https:\/\/tamngocloi.com\/hawe\/\"]}]},{\"@type\":\"BreadcrumbList\",\"@id\":\"https:\/\/tamngocloi.com\/hawe\/#breadcrumb\",\"itemListElement\":[{\"@type\":\"ListItem\",\"position\":1,\"name\":\"Home\",\"item\":\"https:\/\/tamngocloi.com\/\"},{\"@type\":\"ListItem\",\"position\":2,\"name\":\"Hawe\"}]},{\"@type\":\"WebSite\",\"@id\":\"https:\/\/tamngocloi.com\/#website\",\"url\":\"https:\/\/tamngocloi.com\/\",\"name\":\"TNL Company Limited\",\"description\":\"\",\"publisher\":{\"@id\":\"https:\/\/tamngocloi.com\/#organization\"},\"potentialAction\":[{\"@type\":\"SearchAction\",\"target\":{\"@type\":\"EntryPoint\",\"urlTemplate\":\"https:\/\/tamngocloi.com\/?s={search_term_string}\"},\"query-input\":{\"@type\":\"PropertyValueSpecification\",\"valueRequired\":true,\"valueName\":\"search_term_string\"}}],\"inLanguage\":\"vi\"},{\"@type\":\"Organization\",\"@id\":\"https:\/\/tamngocloi.com\/#organization\",\"name\":\"TNL Company Limited\",\"url\":\"https:\/\/tamngocloi.com\/\",\"logo\":{\"@type\":\"ImageObject\",\"inLanguage\":\"vi\",\"@id\":\"https:\/\/tamngocloi.com\/#\/schema\/logo\/image\/\",\"url\":\"https:\/\/tamngocloi.com\/wp-content\/uploads\/2024\/09\/download-removebg-preview.png\",\"contentUrl\":\"https:\/\/tamngocloi.com\/wp-content\/uploads\/2024\/09\/download-removebg-preview.png\",\"width\":570,\"height\":438,\"caption\":\"TNL Company Limited\"},\"image\":{\"@id\":\"https:\/\/tamngocloi.com\/#\/schema\/logo\/image\/\"}}]}<\/script>\n<!-- \/ Yoast SEO plugin. -->","yoast_head_json":{"title":"Hawe - TNL Company Limited","robots":{"index":"index","follow":"follow","max-snippet":"max-snippet:-1","max-image-preview":"max-image-preview:large","max-video-preview":"max-video-preview:-1"},"canonical":"https:\/\/tamngocloi.com\/vi\/hawe\/","og_locale":"vi_VN","og_type":"article","og_title":"Hawe - TNL Company Limited","og_url":"https:\/\/tamngocloi.com\/vi\/hawe\/","og_site_name":"TNL Company Limited","article_modified_time":"2024-10-04T10:07:48+00:00","twitter_card":"summary_large_image","twitter_misc":{"\u01af\u1edbc t\u00ednh th\u1eddi gian \u0111\u1ecdc":"2 ph\u00fat"},"schema":{"@context":"https:\/\/schema.org","@graph":[{"@type":"WebPage","@id":"https:\/\/tamngocloi.com\/hawe\/","url":"https:\/\/tamngocloi.com\/hawe\/","name":"Hawe - TNL Company Limited","isPartOf":{"@id":"https:\/\/tamngocloi.com\/#website"},"datePublished":"2024-09-06T08:03:23+00:00","dateModified":"2024-10-04T10:07:48+00:00","breadcrumb":{"@id":"https:\/\/tamngocloi.com\/hawe\/#breadcrumb"},"inLanguage":"vi","potentialAction":[{"@type":"ReadAction","target":["https:\/\/tamngocloi.com\/hawe\/"]}]},{"@type":"BreadcrumbList","@id":"https:\/\/tamngocloi.com\/hawe\/#breadcrumb","itemListElement":[{"@type":"ListItem","position":1,"name":"Home","item":"https:\/\/tamngocloi.com\/"},{"@type":"ListItem","position":2,"name":"Hawe"}]},{"@type":"WebSite","@id":"https:\/\/tamngocloi.com\/#website","url":"https:\/\/tamngocloi.com\/","name":"TNL Company Limited","description":"","publisher":{"@id":"https:\/\/tamngocloi.com\/#organization"},"potentialAction":[{"@type":"SearchAction","target":{"@type":"EntryPoint","urlTemplate":"https:\/\/tamngocloi.com\/?s={search_term_string}"},"query-input":{"@type":"PropertyValueSpecification","valueRequired":true,"valueName":"search_term_string"}}],"inLanguage":"vi"},{"@type":"Organization","@id":"https:\/\/tamngocloi.com\/#organization","name":"TNL Company Limited","url":"https:\/\/tamngocloi.com\/","logo":{"@type":"ImageObject","inLanguage":"vi","@id":"https:\/\/tamngocloi.com\/#\/schema\/logo\/image\/","url":"https:\/\/tamngocloi.com\/wp-content\/uploads\/2024\/09\/download-removebg-preview.png","contentUrl":"https:\/\/tamngocloi.com\/wp-content\/uploads\/2024\/09\/download-removebg-preview.png","width":570,"height":438,"caption":"TNL Company Limited"},"image":{"@id":"https:\/\/tamngocloi.com\/#\/schema\/logo\/image\/"}}]}},"_links":{"self":[{"href":"https:\/\/tamngocloi.com\/vi\/wp-json\/wp\/v2\/pages\/1641","targetHints":{"allow":["GET"]}}],"collection":[{"href":"https:\/\/tamngocloi.com\/vi\/wp-json\/wp\/v2\/pages"}],"about":[{"href":"https:\/\/tamngocloi.com\/vi\/wp-json\/wp\/v2\/types\/page"}],"author":[{"embeddable":true,"href":"https:\/\/tamngocloi.com\/vi\/wp-json\/wp\/v2\/users\/1"}],"replies":[{"embeddable":true,"href":"https:\/\/tamngocloi.com\/vi\/wp-json\/wp\/v2\/comments?post=1641"}],"version-history":[{"count":27,"href":"https:\/\/tamngocloi.com\/vi\/wp-json\/wp\/v2\/pages\/1641\/revisions"}],"predecessor-version":[{"id":3943,"href":"https:\/\/tamngocloi.com\/vi\/wp-json\/wp\/v2\/pages\/1641\/revisions\/3943"}],"wp:attachment":[{"href":"https:\/\/tamngocloi.com\/vi\/wp-json\/wp\/v2\/media?parent=1641"}],"curies":[{"name":"wp","href":"https:\/\/api.w.org\/{rel}","templated":true}]}}