{"id":1420,"date":"2024-09-03T05:44:36","date_gmt":"2024-09-03T05:44:36","guid":{"rendered":"https:\/\/tamngocloi.com\/?page_id=1420"},"modified":"2024-10-04T16:04:27","modified_gmt":"2024-10-04T09:04:27","slug":"hydro-tek","status":"publish","type":"page","link":"https:\/\/tamngocloi.com\/vi\/hydro-tek\/","title":{"rendered":"Hydro-tek"},"content":{"rendered":"<div id=\"text-2205778364\" class=\"text hidden\">\n\t\t\n<span><span><a href=\"https:\/\/tamngocloi.com\/vi\/\">Trang ch\u1ee7<\/a><\/span><\/span>\n\t\t\t<\/div>\n\t\n\n\t<section class=\"section\" id=\"section_1038369787\">\n\t\t<div class=\"section-bg fill\" >\n\t\t\t\t\t\t\t\t\t<div class=\"section-bg-overlay absolute fill\"><\/div>\n\t\t\t\n\n\t\t<\/div>\n\n\t\t\n\n\t\t<div class=\"section-content relative\">\n\t\t\t\n<div class=\"row align-center\"  id=\"row-1092686419\">\n\n\t<div id=\"col-1859685032\" class=\"col medium-10 small-12 large-10\"  >\n\t\t\t\t<div class=\"col-inner text-center\"  >\n\t\t\t\n\t\t\t\n\t<div class=\"img has-hover x md-x lg-x y md-y lg-y\" id=\"image_1168384938\">\n\t\t\t\t\t\t\t\t<div class=\"img-inner dark\" >\n\t\t\t<img loading=\"lazy\" decoding=\"async\" width=\"1\" height=\"1\" src=\"https:\/\/tamngocloi.com\/wp-content\/uploads\/2024\/08\/image-11.svg\" class=\"attachment-large size-large\" alt=\"\" \/>\t\t\t\t\t\t\n\t\t\t\t\t<\/div>\n\t\t\t\t\t\t\t\t\n<style>\n#image_1168384938 {\n  width: 41%;\n}\n<\/style>\n\t<\/div>\n\t\n\t\t<\/div>\n\t\t\t\t\t<\/div>\n\n\t\n\n<style>\n#row-1092686419 > .col > .col-inner {\n  padding: 0px 0px 0px 0px;\n}\n<\/style>\n<\/div>\n\t\t<\/div>\n\n\t\t\n<style>\n#section_1038369787 {\n  padding-top: 80px;\n  padding-bottom: 80px;\n  background-color: rgb(245, 245, 245);\n}\n#section_1038369787 .section-bg-overlay {\n  background-color: rgb(255, 255, 255);\n}\n<\/style>\n\t<\/section>\n\t\n<div class=\"row\"  id=\"row-1289308323\">\n\n\t<div id=\"col-1511527749\" class=\"col small-12 large-12\"  >\n\t\t\t\t<div class=\"col-inner text-left\"  >\n\t\t\t\n\t\t\t\n<h1 class=\"lead\" data-padding=\"400px\"><strong>C\u00e1c S\u1ea3n Ph\u1ea9m Ch\u00ednh c\u1ee7a Hydro-Tek<\/strong><\/h1>\n<div class=\"row\"  id=\"row-1309682878\">\n\n\t<div id=\"col-966131642\" class=\"col small-12 large-12\"  >\n\t\t\t\t<div class=\"col-inner\"  >\n\t\t\t\n\t\t\t\n<p><span style=\"font-size: 120%;\">Hydro-Tek bao g\u1ed3m thi\u1ebft b\u1ecb v\u00e0 linh ki\u1ec7n th\u1ee7y l\u1ef1c nh\u01b0: B\u01a1m, \u0111\u1ed9ng c\u01a1, van, kh\u1ed1i trung t\u00e2m, b\u00ecnh d\u1ea7u, xi lanh \u2026<\/span><\/p>\n<ul>\n<li><span style=\"font-size: 120%;\">Xu\u1ea5t x\u1ee9: H\u00e0n Qu\u1ed1c.<\/span><\/li>\n<li><span style=\"font-size: 120%;\">V\u1edbi thi\u1ebft k\u1ebf nh\u1ecf, g\u1ecdn, hi\u1ec7n \u0111\u1ea1i.<\/span><\/li>\n<li><span style=\"font-size: 120%;\">Hi\u1ec7u qu\u1ea3 cao.<\/span><\/li>\n<li><span style=\"font-size: 120%;\">M\u1ee9c gi\u00e1 c\u1ea1nh tranh.<\/span><\/li>\n<li><span style=\"font-size: 120%;\">Th\u1eddi gian giao h\u00e0ng nhanh.<\/span><\/li>\n<li><span style=\"font-size: 120%;\">Ch\u00ednh s\u00e1ch b\u1ea3o h\u00e0nh chu \u0111\u00e1o.<\/span><\/li>\n<\/ul>\n\t\t<\/div>\n\t\t\t\t\t<\/div>\n\n\t\n\n<style>\n#row-1309682878 > .col > .col-inner {\n  padding: 20px 0px 0px 40px;\n}\n<\/style>\n<\/div>\n<h2><span style=\"font-size: 90%;\"><strong>1. B\u1ed9 ngu\u1ed3n thu\u1ef7 l\u1ef1c<\/strong><\/span><\/h2>\n<div class=\"row\"  id=\"row-153512108\">\n\n\t<div id=\"col-395359815\" class=\"col small-12 large-12\"  >\n\t\t\t\t<div class=\"col-inner\"  >\n\t\t\t\n\t\t\t\n<p><span style=\"font-size: 120%;\">V\u1edbi c\u00f4ng ngh\u1ec7 ti\u00ean ti\u1ebfn v\u00e0 \u0111\u1ed9 tin c\u1eady cao, c\u00e1c b\u1ed9 ngu\u1ed3n thu\u1ef7 l\u1ef1c c\u1ee7a Hydro-Tek cung c\u1ea5p hi\u1ec7u su\u1ea5t v\u01b0\u1ee3t tr\u1ed9i v\u00e0 \u0111\u00e1ng tin c\u1eady trong m\u1ecdi \u1ee9ng d\u1ee5ng.<\/span><\/p>\n\t\t<\/div>\n\t\t\t\t\t<\/div>\n\n\t\n\n<style>\n#row-153512108 > .col > .col-inner {\n  padding: 20px 0px 0px 40px;\n}\n<\/style>\n<\/div>\n<div class=\"row row-collapse align-center\"  id=\"row-43195210\">\n\n\t<div id=\"col-1395029569\" class=\"col medium-6 small-12 large-6\"  >\n\t\t\t\t<div class=\"col-inner text-center\"  >\n\t\t\t\n\t\t\t\n\t<div class=\"img has-hover x md-x lg-x y md-y lg-y\" id=\"image_1771542507\">\n\t\t\t\t\t\t\t\t<div class=\"img-inner dark\" >\n\t\t\t<img loading=\"lazy\" decoding=\"async\" width=\"1\" height=\"1\" src=\"https:\/\/tamngocloi.com\/wp-content\/uploads\/2024\/09\/image-12.svg\" class=\"attachment-large size-large\" alt=\"\" \/>\t\t\t\t\t\t\n\t\t\t\t\t<\/div>\n\t\t\t\t\t\t\t\t\n<style>\n#image_1771542507 {\n  width: 75%;\n}\n<\/style>\n\t<\/div>\n\t\n\t\t<\/div>\n\t\t\t\t\t<\/div>\n\n\t\n\n\t<div id=\"col-1614764426\" class=\"col medium-6 small-12 large-6\"  >\n\t\t\t\t<div class=\"col-inner text-center\"  >\n\t\t\t\n\t\t\t\n\t<div class=\"img has-hover x md-x lg-x y md-y lg-y\" id=\"image_1463597067\">\n\t\t\t\t\t\t\t\t<div class=\"img-inner dark\" style=\"margin:0px 0px 0px 0px;\">\n\t\t\t<img loading=\"lazy\" decoding=\"async\" width=\"1\" height=\"1\" src=\"https:\/\/tamngocloi.com\/wp-content\/uploads\/2024\/09\/image-13.svg\" class=\"attachment-large size-large\" alt=\"\" \/>\t\t\t\t\t\t\n\t\t\t\t\t<\/div>\n\t\t\t\t\t\t\t\t\n<style>\n#image_1463597067 {\n  width: 75%;\n}\n<\/style>\n\t<\/div>\n\t\n\t\t<\/div>\n\t\t\t\t\t<\/div>\n\n\t\n<\/div>\n\t<div id=\"gap-291439329\" class=\"gap-element clearfix\" style=\"display:block; height:auto;\">\n\t\t\n<style>\n#gap-291439329 {\n  padding-top: 30px;\n}\n<\/style>\n\t<\/div>\n\t\n\t<div id=\"text-4009156958\" class=\"text\">\n\t\t\n<h4><span style=\"font-size: 100%;\"><strong>B\u1ed9 ngu\u1ed3n Hydro-Tek \u2013 M\u1eabu tham kh\u1ea3o<\/strong><\/span><\/h4>\n\t\t\n<style>\n#text-4009156958 {\n  text-align: center;\n}\n<\/style>\n\t<\/div>\n\t\n\t<div id=\"gap-1952712605\" class=\"gap-element clearfix\" style=\"display:block; height:auto;\">\n\t\t\n<style>\n#gap-1952712605 {\n  padding-top: 60px;\n}\n<\/style>\n\t<\/div>\n\t\n<h2><span style=\"font-size: 90%;\"><strong>2. Tr\u1ea1m ngu\u1ed3n thu\u1ef7 l\u1ef1c<\/strong><\/span><\/h2>\n<div class=\"row\"  id=\"row-1750842941\">\n\n\t<div id=\"col-384247196\" class=\"col small-12 large-12\"  >\n\t\t\t\t<div class=\"col-inner\"  >\n\t\t\t\n\t\t\t\n<p><span style=\"font-size: 120%;\">Thi\u1ebft k\u1ebf linh ho\u1ea1t v\u00e0 t\u00ednh \u1ed5n \u0111\u1ecbnh cao, tr\u1ea1m ngu\u1ed3n thu\u1ef7 l\u1ef1c Hydro-Tek l\u00e0 l\u1ef1a ch\u1ecdn l\u00fd t\u01b0\u1edfng cho c\u00e1c d\u1ef1 \u00e1n c\u00f4ng nghi\u1ec7p.<\/span><\/p>\n\n\t<section class=\"section\" id=\"section_196662992\">\n\t\t<div class=\"section-bg fill\" >\n\t\t\t\t\t\t\t\t\t<div class=\"section-bg-overlay absolute fill\"><\/div>\n\t\t\t\n\n\t\t<\/div>\n\n\t\t\n\n\t\t<div class=\"section-content relative\">\n\t\t\t\n<div class=\"row align-center\"  id=\"row-1337062114\">\n\n\t<div id=\"col-1256287022\" class=\"col medium-10 small-12 large-10\"  >\n\t\t\t\t<div class=\"col-inner text-center\"  >\n\t\t\t\n\t\t\t\n\t<div class=\"img has-hover x md-x lg-x y md-y lg-y\" id=\"image_503115033\">\n\t\t\t\t\t\t\t\t<div class=\"img-inner dark\" >\n\t\t\t<img loading=\"lazy\" decoding=\"async\" width=\"1\" height=\"1\" src=\"https:\/\/tamngocloi.com\/wp-content\/uploads\/2024\/09\/image-154.svg\" class=\"attachment-large size-large\" alt=\"\" \/>\t\t\t\t\t\t\n\t\t\t\t\t<\/div>\n\t\t\t\t\t\t\t\t\n<style>\n#image_503115033 {\n  width: 50%;\n}\n<\/style>\n\t<\/div>\n\t\n<h4><span style=\"font-size: 100%;\"><strong>Tr\u1ea1m ngu\u1ed3n Hydro-Tek<\/strong><\/span><\/h4>\n\t\t<\/div>\n\t\t\t\t\t<\/div>\n\n\t\n<\/div>\n\t\t<\/div>\n\n\t\t\n<style>\n#section_196662992 {\n  padding-top: 60px;\n  padding-bottom: 60px;\n  min-height: 300px;\n  background-color: rgb(245, 245, 245);\n}\n#section_196662992 .section-bg-overlay {\n  background-color: rgb(255, 255, 255);\n}\n<\/style>\n\t<\/section>\n\t\n\t\t<\/div>\n\t\t\t\t\t<\/div>\n\n\t\n\n<style>\n#row-1750842941 > .col > .col-inner {\n  padding: 20px 0px 0px 40px;\n}\n<\/style>\n<\/div>\n<h1 class=\"lead\" data-padding=\"400px\"><strong>M\u1ed9t s\u1ed1 \u1ee9ng d\u1ee5ng c\u01a1 b\u1ea3n<\/strong><\/h1>\n<div class=\"row\"  id=\"row-2034096880\">\n\n\t<div id=\"col-1828472013\" class=\"col small-12 large-12\"  >\n\t\t\t\t<div class=\"col-inner\"  >\n\t\t\t\n\t\t\t\n<h3><span style=\"font-size: 100%;\"><strong>\u1ee8ng d\u1ee5ng trong b\u00e0n n\u00e2ng xe m\u00e1y, c\u1ea7u n\u00e2ng \u00f4 t\u00f4:<\/strong><\/span><\/h3>\n<div class=\"row align-center\"  id=\"row-596049732\">\n\n\t<div id=\"col-311404146\" class=\"col medium-10 small-12 large-10\"  >\n\t\t\t\t<div class=\"col-inner text-center\"  >\n\t\t\t\n\t\t\t\n\t<div class=\"img has-hover x md-x lg-x y md-y lg-y\" id=\"image_1378180608\">\n\t\t\t\t\t\t\t\t<div class=\"img-inner dark\" >\n\t\t\t<img loading=\"lazy\" decoding=\"async\" width=\"1\" height=\"1\" src=\"https:\/\/tamngocloi.com\/wp-content\/uploads\/2024\/09\/image-155.svg\" class=\"attachment-large size-large\" alt=\"\" \/>\t\t\t\t\t\t\n\t\t\t\t\t<\/div>\n\t\t\t\t\t\t\t\t\n<style>\n#image_1378180608 {\n  width: 64%;\n}\n<\/style>\n\t<\/div>\n\t\n<h5><strong><span style=\"font-size: 100%;\">\u1ee8ng d\u1ee5ng c\u1ee7a b\u1ed9 ngu\u1ed3n Hydro-tek trong b\u00e0n n\u00e2ng xe m\u00e1y, c\u1ea7u n\u00e2ng \u00f4 t\u00f4<\/span><\/strong><\/h5>\n\t\t<\/div>\n\t\t\t\t\t<\/div>\n\n\t\n\n<style>\n#row-596049732 > .col > .col-inner {\n  padding: 40px 0px 50px 0px;\n}\n<\/style>\n<\/div>\n<h3><span style=\"font-size: 100%;\"><strong>D\u00f9ng cho \u00f4 t\u00f4 c\u00e1nh d\u01a1i, c\u1ea7u n\u00e2ng c\u1eaft k\u00e9o:<\/strong><\/span><\/h3>\n<div class=\"row align-center\"  id=\"row-548227812\">\n\n\t<div id=\"col-894957007\" class=\"col medium-10 small-12 large-10\"  >\n\t\t\t\t<div class=\"col-inner text-center\"  >\n\t\t\t\n\t\t\t\n\t<div class=\"img has-hover x md-x lg-x y md-y lg-y\" id=\"image_1417937025\">\n\t\t\t\t\t\t\t\t<div class=\"img-inner dark\" >\n\t\t\t<img loading=\"lazy\" decoding=\"async\" width=\"1\" height=\"1\" src=\"https:\/\/tamngocloi.com\/wp-content\/uploads\/2024\/09\/image-156.svg\" class=\"attachment-large size-large\" alt=\"\" \/>\t\t\t\t\t\t\n\t\t\t\t\t<\/div>\n\t\t\t\t\t\t\t\t\n<style>\n#image_1417937025 {\n  width: 64%;\n}\n<\/style>\n\t<\/div>\n\t\n<h5><strong><span style=\"font-size: 100%;\">B\u1ed9 ngu\u1ed3n Hydro-Tek d\u00f9ng cho \u00f4 t\u00f4 c\u00e1nh d\u01a1i, c\u1ea7u n\u00e2ng c\u1eaft k\u00e9o<\/span><\/strong><\/h5>\n\t\t<\/div>\n\t\t\t\t\t<\/div>\n\n\t\n\n<style>\n#row-548227812 > .col > .col-inner {\n  padding: 40px 0px 50px 0px;\n}\n<\/style>\n<\/div>\n<h3><span style=\"font-size: 100%;\"><strong>D\u00f9ng cho m\u00e1y \u00e1p l\u1ef1c th\u1ee7y l\u1ef1c:<\/strong><\/span><\/h3>\n<div class=\"row align-center\"  id=\"row-954454431\">\n\n\t<div id=\"col-2002066863\" class=\"col medium-10 small-12 large-10\"  >\n\t\t\t\t<div class=\"col-inner text-center\"  >\n\t\t\t\n\t\t\t\n\t<div class=\"img has-hover x md-x lg-x y md-y lg-y\" id=\"image_1810258710\">\n\t\t\t\t\t\t\t\t<div class=\"img-inner dark\" >\n\t\t\t<img loading=\"lazy\" decoding=\"async\" width=\"1\" height=\"1\" src=\"https:\/\/tamngocloi.com\/wp-content\/uploads\/2024\/09\/image-17.svg\" class=\"attachment-large size-large\" alt=\"\" \/>\t\t\t\t\t\t\n\t\t\t\t\t<\/div>\n\t\t\t\t\t\t\t\t\n<style>\n#image_1810258710 {\n  width: 64%;\n}\n<\/style>\n\t<\/div>\n\t\n<h5><strong><span style=\"font-size: 100%;\">B\u1ed9 ngu\u1ed3n Hydro-Tek d\u00f9ng cho m\u00e1y \u00e1p l\u1ef1c th\u1ee7y l\u1ef1c<\/span><\/strong><\/h5>\n\t\t<\/div>\n\t\t\t\t\t<\/div>\n\n\t\n\n<style>\n#row-954454431 > .col > .col-inner {\n  padding: 40px 0px 50px 0px;\n}\n<\/style>\n<\/div>\n\t\t<\/div>\n\t\t\t\t\t<\/div>\n\n\t\n\n<style>\n#row-2034096880 > .col > .col-inner {\n  padding: 40px 0px 0px 40px;\n}\n<\/style>\n<\/div>\n\t\t<\/div>\n\t\t\t\t\t<\/div>\n\n\t\n<\/div>","protected":false},"excerpt":{"rendered":"","protected":false},"author":1,"featured_media":0,"parent":0,"menu_order":0,"comment_status":"closed","ping_status":"closed","template":"","meta":{"footnotes":""},"class_list":["post-1420","page","type-page","status-publish","hentry"],"yoast_head":"<!-- This site is optimized with the Yoast SEO plugin v25.3 - https:\/\/yoast.com\/wordpress\/plugins\/seo\/ -->\n<title>Hydro-tek - TNL Company Limited<\/title>\n<meta name=\"robots\" content=\"index, follow, max-snippet:-1, max-image-preview:large, max-video-preview:-1\" \/>\n<link rel=\"canonical\" href=\"https:\/\/tamngocloi.com\/vi\/hydro-tek\/\" \/>\n<meta property=\"og:locale\" content=\"vi_VN\" \/>\n<meta property=\"og:type\" content=\"article\" \/>\n<meta property=\"og:title\" content=\"Hydro-tek - TNL Company Limited\" \/>\n<meta property=\"og:url\" content=\"https:\/\/tamngocloi.com\/vi\/hydro-tek\/\" \/>\n<meta property=\"og:site_name\" content=\"TNL Company Limited\" \/>\n<meta property=\"article:modified_time\" content=\"2024-10-04T09:04:27+00:00\" \/>\n<meta name=\"twitter:card\" content=\"summary_large_image\" \/>\n<meta name=\"twitter:label1\" content=\"\u01af\u1edbc t\u00ednh th\u1eddi gian \u0111\u1ecdc\" \/>\n\t<meta name=\"twitter:data1\" content=\"2 ph\u00fat\" \/>\n<script type=\"application\/ld+json\" class=\"yoast-schema-graph\">{\"@context\":\"https:\/\/schema.org\",\"@graph\":[{\"@type\":\"WebPage\",\"@id\":\"https:\/\/tamngocloi.com\/hydro-tek\/\",\"url\":\"https:\/\/tamngocloi.com\/hydro-tek\/\",\"name\":\"Hydro-tek - TNL Company Limited\",\"isPartOf\":{\"@id\":\"https:\/\/tamngocloi.com\/#website\"},\"datePublished\":\"2024-09-03T05:44:36+00:00\",\"dateModified\":\"2024-10-04T09:04:27+00:00\",\"breadcrumb\":{\"@id\":\"https:\/\/tamngocloi.com\/hydro-tek\/#breadcrumb\"},\"inLanguage\":\"vi\",\"potentialAction\":[{\"@type\":\"ReadAction\",\"target\":[\"https:\/\/tamngocloi.com\/hydro-tek\/\"]}]},{\"@type\":\"BreadcrumbList\",\"@id\":\"https:\/\/tamngocloi.com\/hydro-tek\/#breadcrumb\",\"itemListElement\":[{\"@type\":\"ListItem\",\"position\":1,\"name\":\"Home\",\"item\":\"https:\/\/tamngocloi.com\/\"},{\"@type\":\"ListItem\",\"position\":2,\"name\":\"Hydro-tek\"}]},{\"@type\":\"WebSite\",\"@id\":\"https:\/\/tamngocloi.com\/#website\",\"url\":\"https:\/\/tamngocloi.com\/\",\"name\":\"TNL Company Limited\",\"description\":\"\",\"publisher\":{\"@id\":\"https:\/\/tamngocloi.com\/#organization\"},\"potentialAction\":[{\"@type\":\"SearchAction\",\"target\":{\"@type\":\"EntryPoint\",\"urlTemplate\":\"https:\/\/tamngocloi.com\/?s={search_term_string}\"},\"query-input\":{\"@type\":\"PropertyValueSpecification\",\"valueRequired\":true,\"valueName\":\"search_term_string\"}}],\"inLanguage\":\"vi\"},{\"@type\":\"Organization\",\"@id\":\"https:\/\/tamngocloi.com\/#organization\",\"name\":\"TNL Company Limited\",\"url\":\"https:\/\/tamngocloi.com\/\",\"logo\":{\"@type\":\"ImageObject\",\"inLanguage\":\"vi\",\"@id\":\"https:\/\/tamngocloi.com\/#\/schema\/logo\/image\/\",\"url\":\"https:\/\/tamngocloi.com\/wp-content\/uploads\/2024\/09\/download-removebg-preview.png\",\"contentUrl\":\"https:\/\/tamngocloi.com\/wp-content\/uploads\/2024\/09\/download-removebg-preview.png\",\"width\":570,\"height\":438,\"caption\":\"TNL Company Limited\"},\"image\":{\"@id\":\"https:\/\/tamngocloi.com\/#\/schema\/logo\/image\/\"}}]}<\/script>\n<!-- \/ Yoast SEO plugin. -->","yoast_head_json":{"title":"Hydro-tek - TNL Company Limited","robots":{"index":"index","follow":"follow","max-snippet":"max-snippet:-1","max-image-preview":"max-image-preview:large","max-video-preview":"max-video-preview:-1"},"canonical":"https:\/\/tamngocloi.com\/vi\/hydro-tek\/","og_locale":"vi_VN","og_type":"article","og_title":"Hydro-tek - TNL Company Limited","og_url":"https:\/\/tamngocloi.com\/vi\/hydro-tek\/","og_site_name":"TNL Company Limited","article_modified_time":"2024-10-04T09:04:27+00:00","twitter_card":"summary_large_image","twitter_misc":{"\u01af\u1edbc t\u00ednh th\u1eddi gian \u0111\u1ecdc":"2 ph\u00fat"},"schema":{"@context":"https:\/\/schema.org","@graph":[{"@type":"WebPage","@id":"https:\/\/tamngocloi.com\/hydro-tek\/","url":"https:\/\/tamngocloi.com\/hydro-tek\/","name":"Hydro-tek - TNL Company Limited","isPartOf":{"@id":"https:\/\/tamngocloi.com\/#website"},"datePublished":"2024-09-03T05:44:36+00:00","dateModified":"2024-10-04T09:04:27+00:00","breadcrumb":{"@id":"https:\/\/tamngocloi.com\/hydro-tek\/#breadcrumb"},"inLanguage":"vi","potentialAction":[{"@type":"ReadAction","target":["https:\/\/tamngocloi.com\/hydro-tek\/"]}]},{"@type":"BreadcrumbList","@id":"https:\/\/tamngocloi.com\/hydro-tek\/#breadcrumb","itemListElement":[{"@type":"ListItem","position":1,"name":"Home","item":"https:\/\/tamngocloi.com\/"},{"@type":"ListItem","position":2,"name":"Hydro-tek"}]},{"@type":"WebSite","@id":"https:\/\/tamngocloi.com\/#website","url":"https:\/\/tamngocloi.com\/","name":"TNL Company Limited","description":"","publisher":{"@id":"https:\/\/tamngocloi.com\/#organization"},"potentialAction":[{"@type":"SearchAction","target":{"@type":"EntryPoint","urlTemplate":"https:\/\/tamngocloi.com\/?s={search_term_string}"},"query-input":{"@type":"PropertyValueSpecification","valueRequired":true,"valueName":"search_term_string"}}],"inLanguage":"vi"},{"@type":"Organization","@id":"https:\/\/tamngocloi.com\/#organization","name":"TNL Company Limited","url":"https:\/\/tamngocloi.com\/","logo":{"@type":"ImageObject","inLanguage":"vi","@id":"https:\/\/tamngocloi.com\/#\/schema\/logo\/image\/","url":"https:\/\/tamngocloi.com\/wp-content\/uploads\/2024\/09\/download-removebg-preview.png","contentUrl":"https:\/\/tamngocloi.com\/wp-content\/uploads\/2024\/09\/download-removebg-preview.png","width":570,"height":438,"caption":"TNL Company Limited"},"image":{"@id":"https:\/\/tamngocloi.com\/#\/schema\/logo\/image\/"}}]}},"_links":{"self":[{"href":"https:\/\/tamngocloi.com\/vi\/wp-json\/wp\/v2\/pages\/1420","targetHints":{"allow":["GET"]}}],"collection":[{"href":"https:\/\/tamngocloi.com\/vi\/wp-json\/wp\/v2\/pages"}],"about":[{"href":"https:\/\/tamngocloi.com\/vi\/wp-json\/wp\/v2\/types\/page"}],"author":[{"embeddable":true,"href":"https:\/\/tamngocloi.com\/vi\/wp-json\/wp\/v2\/users\/1"}],"replies":[{"embeddable":true,"href":"https:\/\/tamngocloi.com\/vi\/wp-json\/wp\/v2\/comments?post=1420"}],"version-history":[{"count":35,"href":"https:\/\/tamngocloi.com\/vi\/wp-json\/wp\/v2\/pages\/1420\/revisions"}],"predecessor-version":[{"id":3932,"href":"https:\/\/tamngocloi.com\/vi\/wp-json\/wp\/v2\/pages\/1420\/revisions\/3932"}],"wp:attachment":[{"href":"https:\/\/tamngocloi.com\/vi\/wp-json\/wp\/v2\/media?parent=1420"}],"curies":[{"name":"wp","href":"https:\/\/api.w.org\/{rel}","templated":true}]}}